{"id":14251,"date":"2025-12-05T17:32:08","date_gmt":"2025-12-05T16:32:08","guid":{"rendered":"https:\/\/www.leaplytics.de\/?page_id=14251"},"modified":"2025-12-05T17:49:46","modified_gmt":"2025-12-05T16:49:46","slug":"is-zekasi","status":"publish","type":"page","link":"https:\/\/www.leaplytics.de\/tr\/is-zekasi\/","title":{"rendered":"\u0130\u015f Zekas\u0131"},"content":{"rendered":"<p>Sorun \u015fu: \u00c7o\u011fu \u015firketin her yerde verileri var. Elektronik tablolar. Veritabanlar\u0131. Bulut uygulamalar\u0131. Ancak veriye sahip olmak onu kullanmakla ayn\u0131 \u015fey de\u011fildir. Neyin \u00f6nemli oldu\u011funu g\u00f6rmeniz gerekir. H\u0131zl\u0131 bir \u015fekilde. Saatlerce raporlar\u0131 incelemeden. BT'nin size bir g\u00f6sterge tablosu olu\u015fturmas\u0131n\u0131 beklemeden. Projelerinizin yolunda m\u0131 yoksa ba\u015far\u0131s\u0131z olmak \u00fczere mi oldu\u011funu tahmin etmeden.<\/p>\n\n<p>\u0130\u015f zekas\u0131 do\u011fru yap\u0131ld\u0131\u011f\u0131nda i\u015fte bunu yapar. Karma\u015f\u0131k verilerinizi net cevaplara d\u00f6n\u00fc\u015ft\u00fcr\u00fcr. Bir bak\u0131\u015fta.<\/p>\n\n\n<hr class=\"wp-block-separator has-alpha-channel-opacity\"\/>\n\n\n<h2>Ne Sunuyoruz<\/h2>\n\n<p>Piyasadaki en g\u00fc\u00e7l\u00fc BI platformlar\u0131ndan ikisi i\u00e7in ara\u00e7lar geli\u015ftiriyoruz: <strong>Microsoft Power BI<\/strong> ve <strong>Qlik Sense<\/strong>. Ayr\u0131ca, \u015firketlerin eski sistemlerden modern sistemlere ge\u00e7melerine yard\u0131mc\u0131 oluyoruz. Hangi platformu kullan\u0131rsan\u0131z kullan\u0131n, amac\u0131m\u0131z basit: daha iyi kararlar\u0131 daha h\u0131zl\u0131 alman\u0131za yard\u0131mc\u0131 olmak.<\/p>\n\n\n<hr class=\"wp-block-separator has-alpha-channel-opacity\"\/>\n\n\n<!-- SECTION 1: POWER BI -->\n\n<h2>Power BI Uygulamalar\u0131 ve G\u00f6rselleri<\/h2>\n\n<p>Power BI, Microsoft'un amiral gemisi analiz arac\u0131d\u0131r. Milyonlarca ki\u015fi kullan\u0131yor. Ancak kutudan \u00e7\u0131kt\u0131\u011f\u0131 haliyle, proje y\u00f6netimi ve durum raporlamas\u0131 i\u00e7in baz\u0131 kritik g\u00f6rseller eksik.<\/p>\n\n<p>Bunu d\u00fczelttik.<\/p>\n\n<p>Power BI g\u00f6rsellerimiz <strong>Microsoft sertifikal\u0131<\/strong>. Bu, en y\u00fcksek g\u00fcvenlik standartlar\u0131n\u0131 kar\u015f\u0131lad\u0131klar\u0131 anlam\u0131na gelir. PDF ve PowerPoint'e aktar\u0131l\u0131rlar. Ve mevcut t\u00fcm raporlar\u0131n\u0131zla birlikte \u00e7al\u0131\u015f\u0131rlar.<\/p>\n\n<p><a href=\"https:\/\/www.leaplytics.de\/tr\/power-bi-uygulamalari-gorselleri\/\">T\u00fcm Power BI G\u00f6rsellerini Ke\u015ffedin<\/a><\/p>\n\n<hr class=\"wp-block-separator has-alpha-channel-opacity\"\/>\n\n\n<!-- SECTION 2: QLIK SENSE -->\n\n<h2>Qlik Sense Uzant\u0131lar\u0131 ve G\u00f6sterge Tablolar\u0131<\/h2>\n\n<p>Qlik Sense ke\u015fif i\u00e7in tasarlanm\u0131\u015ft\u0131r. Siz soru sorars\u0131n\u0131z, o yan\u0131tlar\u0131 bulur. Ancak proje y\u00f6netimi g\u00f6rselleri s\u00f6z konusu oldu\u011funda yard\u0131ma ihtiya\u00e7 duyar.<\/p>\n\n<p>Eklentilerimiz bo\u015fluklar\u0131 doldurur. Proje y\u00f6neticileri, portf\u00f6y y\u00f6neticileri ve birden fazla giri\u015fimde durumu takip etmesi gereken herkes i\u00e7in tasarlanm\u0131\u015ft\u0131r.<\/p>\n\n\n<h3 class=\"wp-block-heading\">Proje Y\u00f6netimi G\u00f6sterge Tablosu<\/h3>\n\n\n<p>Farkl\u0131 insanlar\u0131n farkl\u0131 g\u00f6r\u00fc\u015flere ihtiyac\u0131 vard\u0131r. Bir portf\u00f6y y\u00f6neticisinin b\u00fcy\u00fck resme ihtiyac\u0131 vard\u0131r. Bir proje y\u00f6neticisi ayr\u0131nt\u0131lara ihtiya\u00e7 duyar.<\/p>\n\n<p>G\u00f6sterge paneli yakla\u015f\u0131m\u0131m\u0131z, do\u011fru bilgileri do\u011fru ki\u015filere do\u011fru d\u00fczeyde g\u00f6sterir. Bir bak\u0131\u015fta nelere dikkat etmeniz gerekti\u011fini g\u00f6r\u00fcrs\u00fcn\u00fcz.<\/p>\n\n<ul>\n<li>Trafik I\u015f\u0131\u011f\u0131 ve Risk Matrisi ile Proje Durum Raporlar\u0131<\/li>\n<li>Hedef ba\u015far\u0131s\u0131n\u0131 g\u00f6steren kilometre ta\u015f\u0131 g\u00f6r\u00fcn\u00fcmleri<\/li>\n<li>Y\u00f6neticiler i\u00e7in portf\u00f6y d\u00fczeyinde g\u00f6sterge tablolar\u0131<\/li>\n<\/ul>\n\n<p><a href=\"https:\/\/www.leaplytics.de\/tr\/on-sayfa\/proje-yonetimi-gosterge-tablosu-qlik-sense\/\">Proje Y\u00f6netimi G\u00f6sterge Tablosu hakk\u0131nda daha fazla bilgi edinin<\/a><\/p>\n\n\n<h3 class=\"wp-block-heading\">Qlik Sense Uzant\u0131lar\u0131<\/h3>\n\n\n<p>Her uzant\u0131 belirli bir sorunu \u00e7\u00f6zer. Bunlar\u0131 ayr\u0131 ayr\u0131 kullan\u0131n veya eksiksiz bir proje y\u00f6netimi paketinde birle\u015ftirin.<\/p>\n\n<p><a href=\"https:\/\/www.leaplytics.de\/tr\/on-sayfa\/qlik-sense-uzantilari\/\">T\u00fcm Qlik Sense Uzant\u0131lar\u0131n\u0131 Ke\u015ffedin<\/a><\/p>\n\n\n<hr class=\"wp-block-separator has-alpha-channel-opacity\"\/>\n\n<!-- SECTION 3: MIGRATIONS -->\n\n<h2>Power BI'a QlikView Ge\u00e7i\u015fi<\/h2>\n\n<p>Hala QlikView kullan\u0131yor musunuz? Sa\u011flam bir yaz\u0131l\u0131m. Ama d\u00fcnya de\u011fi\u015fti.<\/p>\n\n<p>Power BI t\u00fcm Microsoft ara\u00e7lar\u0131n\u0131zla entegre olur. Bulutta \u00e7al\u0131\u015f\u0131r. D\u00fczenli g\u00fcncellemeler al\u0131r. Ve \u00e7o\u011fu yeni BI projesinin ger\u00e7ekle\u015fti\u011fi yerdir.<\/p>\n\n<p>G\u00f6\u00e7 kula\u011fa korkutucu geliyor. \u00d6yle olmak zorunda de\u011fil.<\/p>\n\n\n<h3 class=\"wp-block-heading\">\u015eirketler Neden Ta\u015f\u0131n\u0131r?<\/h3>\n\n\n<ul>\n<li><strong>Daha iyi g\u00f6rseller:<\/strong> Power BI modern veri g\u00f6rselle\u015ftirme se\u00e7eneklerine sahiptir<\/li>\n<li><strong>Microsoft entegrasyonu:<\/strong> Excel, Teams, SharePoint ve Azure ile sorunsuz \u00e7al\u0131\u015f\u0131r<\/li>\n<li><strong>Bulut \u00f6ncelikli:<\/strong> Raporlar\u0131n\u0131za her yerden eri\u015fin<\/li>\n<li><strong>\u00d6l\u00e7eklenebilirlik:<\/strong> Veri ihtiya\u00e7lar\u0131n\u0131zla birlikte b\u00fcy\u00fcr<\/li>\n<li><strong>D\u00fczenli g\u00fcncellemeler:<\/strong> Her ay yeni \u00f6zellikler<\/li>\n<\/ul>\n\n\n<h3 class=\"wp-block-heading\">Neler Yap\u0131yoruz<\/h3>\n\n\n<ul>\n<li><strong>Veri de\u011ferlendirmesi:<\/strong> Neye sahip oldu\u011funuzu ve neyin ta\u015f\u0131nmas\u0131 gerekti\u011fini anlay\u0131n<\/li>\n<li><strong>Haritalama:<\/strong> Eski raporlar\u0131n\u0131z\u0131 yeni g\u00f6sterge tablolar\u0131na ba\u011flay\u0131n<\/li>\n<li><strong>Veri modelleme:<\/strong> Power BI'da do\u011fru yap\u0131y\u0131 olu\u015fturun<\/li>\n<li><strong>G\u00fcvenlik:<\/strong> \u0130htiya\u00e7lar\u0131n\u0131za uygun izinleri ayarlay\u0131n<\/li>\n<li><strong>E\u011fitim:<\/strong> Ekibinizin yeni ara\u00e7lara al\u0131\u015fmas\u0131n\u0131 sa\u011flay\u0131n<\/li>\n<li><strong>Test:<\/strong> Anahtar\u0131 \u00e7evirmeden \u00f6nce her \u015feyin \u00e7al\u0131\u015ft\u0131\u011f\u0131ndan emin olun<\/li>\n<li><strong>Destek:<\/strong> Bize ihtiyac\u0131n\u0131z olursa lansmandan sonra da buraday\u0131z<\/li>\n<\/ul>\n\n<p><a href=\"https:\/\/www.leaplytics.de\/tr\/qlikviewden-power-biye-gecis\/\">QlikView Ge\u00e7i\u015fi hakk\u0131nda daha fazla bilgi edinin<\/a><\/p>\n\n\n<hr class=\"wp-block-separator has-alpha-channel-opacity\"\/>\n\n\n<h2>Neden Bizimle \u00c7al\u0131\u015fmal\u0131s\u0131n\u0131z?<\/h2>\n\n<p>Y\u0131llard\u0131r i\u015f zekas\u0131 ara\u00e7lar\u0131 geli\u015ftiriyoruz. G\u00f6rsellerimiz d\u00fcnyan\u0131n d\u00f6rt bir yan\u0131ndaki \u015firketler taraf\u0131ndan kullan\u0131l\u0131yor. \u0130\u015fte bizi farkl\u0131 k\u0131lan \u015fey:<\/p>\n\n<ul>\n<li><strong>Sertifikal\u0131:<\/strong> Power BI g\u00f6rsellerimiz Microsoft'un g\u00fcvenlik standartlar\u0131n\u0131 kar\u015f\u0131l\u0131yor<\/li>\n<li><strong>Kodlama gerekmez:<\/strong> Her \u015fey i\u015faretle ve t\u0131kla yap\u0131land\u0131rmas\u0131yla \u00e7al\u0131\u015f\u0131r<\/li>\n<li><strong>Sat\u0131n almadan \u00f6nce deneyin:<\/strong> T\u00fcm \u00fcr\u00fcnlerimizde \u00fccretsiz denemeler<\/li>\n<li><strong>Ger\u00e7ek destek:<\/strong> Sorular\u0131n\u0131z m\u0131 var? Biz cevapl\u0131yoruz<\/li>\n<\/ul>\n\n<p><a href=\"https:\/\/www.leaplytics.de\/tr\/referanslar\/\">M\u00fc\u015fterilerimizin ne dedi\u011fini g\u00f6r\u00fcn<\/a><\/p>\n\n\n<hr class=\"wp-block-separator has-alpha-channel-opacity\"\/>\n\n\n<h2>Ba\u015flamaya Haz\u0131r m\u0131s\u0131n\u0131z?<\/h2>\n\n<p>Bir platform se\u00e7in. Bir g\u00f6rsel deneyin. Sorununuzu \u00e7\u00f6z\u00fcp \u00e7\u00f6zmedi\u011fini g\u00f6r\u00fcn.<\/p>\n\n<p>Sorusu olan? <a href=\"https:\/\/www.leaplytics.de\/tr\/kontakt\/\">Bize ula\u015f\u0131n<\/a> veya bizim kontrol <a href=\"https:\/\/www.leaplytics.de\/tr\/sss\/\">SSS<\/a>.<\/p>","protected":false},"excerpt":{"rendered":"<p>Sorun \u015fu: \u00c7o\u011fu \u015firketin her yerde verileri var. Elektronik tablolar. Veritabanlar\u0131. Bulut uygulamalar\u0131. Ancak veriye sahip olmak onu kullanmakla ayn\u0131 \u015fey de\u011fildir. Neyin \u00f6nemli oldu\u011funu g\u00f6rmeniz gerekir. H\u0131zl\u0131 bir \u015fekilde. Saatlerce raporlar\u0131 incelemeden. BT'nin size bir g\u00f6sterge tablosu olu\u015fturmas\u0131n\u0131 beklemeden. Projelerinizin yolunda m\u0131 yoksa ba\u015far\u0131s\u0131z olmak \u00fczere mi oldu\u011funu tahmin etmeden. ... <\/p>","protected":false},"author":2,"featured_media":0,"parent":0,"menu_order":0,"comment_status":"closed","ping_status":"closed","template":"","meta":{"footnotes":""},"class_list":["post-14251","page","type-page","status-publish","hentry","latest_post"],"_links":{"self":[{"href":"https:\/\/www.leaplytics.de\/tr\/wp-json\/wp\/v2\/pages\/14251","targetHints":{"allow":["GET"]}}],"collection":[{"href":"https:\/\/www.leaplytics.de\/tr\/wp-json\/wp\/v2\/pages"}],"about":[{"href":"https:\/\/www.leaplytics.de\/tr\/wp-json\/wp\/v2\/types\/page"}],"author":[{"embeddable":true,"href":"https:\/\/www.leaplytics.de\/tr\/wp-json\/wp\/v2\/users\/2"}],"replies":[{"embeddable":true,"href":"https:\/\/www.leaplytics.de\/tr\/wp-json\/wp\/v2\/comments?post=14251"}],"version-history":[{"count":12,"href":"https:\/\/www.leaplytics.de\/tr\/wp-json\/wp\/v2\/pages\/14251\/revisions"}],"predecessor-version":[{"id":14272,"href":"https:\/\/www.leaplytics.de\/tr\/wp-json\/wp\/v2\/pages\/14251\/revisions\/14272"}],"wp:attachment":[{"href":"https:\/\/www.leaplytics.de\/tr\/wp-json\/wp\/v2\/media?parent=14251"}],"curies":[{"name":"wp","href":"https:\/\/api.w.org\/{rel}","templated":true}]}}