{"id":14255,"date":"2025-12-05T17:33:46","date_gmt":"2025-12-05T16:33:46","guid":{"rendered":"https:\/\/www.leaplytics.de\/?page_id=14255"},"modified":"2025-12-19T00:03:08","modified_gmt":"2025-12-18T23:03:08","slug":"yapay-zeka","status":"publish","type":"page","link":"https:\/\/www.leaplytics.de\/tr\/yapay-zeka\/","title":{"rendered":"Yapay Zeka"},"content":{"rendered":"<h2>\u0130\u015fletmeniz i\u00e7in Ger\u00e7ekten \u0130\u015fe Yarayan Yapay Zeka<\/h2>\n\n<p>Herkes yapay zeka hakk\u0131nda konu\u015fuyor. \u00c7o\u011fu abart\u0131dan ibaret. Biz ger\u00e7ekten i\u015fe yarayan \u015feylere odaklan\u0131yoruz.<\/p>\n<p>Yapay zeka belirli konularda iyidir: belgeleri okumak, kal\u0131plar\u0131 bulmak, verileri i\u015flemek, rutin g\u00f6revleri yerine getirmek. Her g\u00fcn ekibinizin zaman\u0131n\u0131 alan \u015feyler.<\/p>\n<p>Tam olarak bunu yapan yapay zeka sistemleri geli\u015ftiriyoruz. Sihir yok. Moda s\u00f6zc\u00fckler yok. Sadece ekibinizi daha etkili hale getiren pratik ara\u00e7lar.<\/p>\n\n\n<hr class=\"wp-block-separator has-alpha-channel-opacity\"\/>\n\n\n\n<h3 class=\"wp-block-heading\">\u00c7\u00f6zd\u00fc\u011f\u00fcm\u00fcz Sorun<\/h3>\n\n\n<p>Ekibiniz me\u015fgul. \u00c7ok me\u015fgul.<\/p>\n<p>Ak\u0131ll\u0131 insanlar uzmanl\u0131klar\u0131na ihtiya\u00e7 duymayan i\u015fler i\u00e7in saatlerini harcarlar. Belgeleri okumak. Veri girmek. Ayn\u0131 sorular\u0131 cevaplamak. Onay pe\u015finde ko\u015fmak. Raporlar olu\u015fturmak.<\/p>\n<p>\u00d6nemli i\u015fler s\u0131k\u0131\u015f\u0131r. Strateji zarar g\u00f6r\u00fcr. Analiz aceleye gelir. Kararlar yeterli bilgi olmadan al\u0131n\u0131r \u00e7\u00fcnk\u00fc kimsenin bilgiyi bulacak zaman\u0131 olmam\u0131\u015ft\u0131r.<\/p>\n<p>Bu bir insan sorunu de\u011fil. Bu bir hacim sorunu. \u00c7ok fazla rutin i\u015f var ve yeterli saat yok.<\/p>\n\n\n<hr class=\"wp-block-separator has-alpha-channel-opacity\"\/>\n\n\n\n<h3 class=\"wp-block-heading\">Yapay Zeka Asl\u0131nda Nas\u0131l Yard\u0131mc\u0131 Oluyor?<\/h3>\n\n\n<p>Yapay zeka rutin i\u015fleri halleder, b\u00f6ylece ekibiniz \u00f6nemli i\u015flere odaklanabilir.<\/p>\n<p>Model basit:<\/p>\n\n<p><strong>Veriler geliyor.<\/strong><br \/>\nBelgeler. E-postalar. Formlar. \u0130\u015flemler. Her g\u00fcn sistemlerinize ak\u0131n eden \u015feyler.<\/p>\n\n<p><strong>Yapay zeka bunu i\u015fler.<\/strong><br \/>\nOkunur. \u00c7\u0131kar\u0131r. S\u0131n\u0131fland\u0131r\u0131r. Kontrol eder. Herhangi bir insandan daha h\u0131zl\u0131, yorulmadan veya bir \u015feyleri ka\u00e7\u0131rmadan.<\/p>\n\n<p><strong>\u00c7\u0131kt\u0131 olu\u015fturulur.<\/strong><br \/>\n\u00d6zetler. Uyar\u0131lar. Taslaklar. \u00d6neriler. Ekibinizin ger\u00e7ekten kullanabilece\u011fi bilgiler.<\/p>\n\n<p><strong>Harekete ge\u00e7ildi.<\/strong><br \/>\nRutin g\u00f6revler otomatik olarak ger\u00e7ekle\u015fir. \u0130stisnalar insanlara gider. Do\u011fru insanlar do\u011fru zamanda do\u011fru \u015feyleri g\u00f6r\u00fcr.<\/p>\n\n<p><strong>Sonu\u00e7lar geri bildirim.<\/strong><br \/>\nSistem neyin i\u015fe yarad\u0131\u011f\u0131n\u0131 \u00f6\u011frenir. Zaman i\u00e7inde daha iyi hale gelir. S\u00fcre\u00e7leriniz geli\u015fir.<\/p>\n\n<p>Bu insanlar\u0131n yerini almakla ilgili de\u011fil. \u0130lk etapta insanlara ihtiya\u00e7 duyulmamas\u0131 gereken i\u015fleri ortadan kald\u0131rmakla ilgili.<\/p>\n\n\n<hr class=\"wp-block-separator has-alpha-channel-opacity\"\/>\n\n\n\n<h3 class=\"wp-block-heading\">Her Departman i\u00e7in Yapay Zeka<\/h3>\n\n\n<p>Farkl\u0131 ekiplerin farkl\u0131 zorluklar\u0131 vard\u0131r. Ancak kal\u0131p ayn\u0131d\u0131r: \u00e7ok fazla rutin i\u015f, \u00f6nemli olan i\u00e7in yeterli zaman yok.<\/p>\n<p>Her departman\u0131n ger\u00e7ekte nas\u0131l \u00e7al\u0131\u015ft\u0131\u011f\u0131na g\u00f6re uyarlanm\u0131\u015f yapay zeka \u00e7\u00f6z\u00fcmleri olu\u015fturuyoruz.<\/p>\n\n\n<hr class=\"wp-block-separator has-alpha-channel-opacity\"\/>\n\n\n\n<h4 class=\"wp-block-heading\">Finans<\/h4>\n\n\n<p>Finans ekipleri belge ve verilere bo\u011fulur. Faturalar. Raporlar. Mutabakatlar. Tahminler.<\/p>\n<p>Yapay zeka finansal belgeleri otomatik olarak okur. Manuel giri\u015f olmadan faturalar\u0131 i\u015fler. \u0130\u015flemlerdeki anormallikleri tespit eder. Varyans a\u00e7\u0131klamalar\u0131 haz\u0131rlar. Tahminlere de\u011fil, kal\u0131plara dayal\u0131 tahminler yapar.<\/p>\n<p>Finans ekibiniz yazmay\u0131 b\u0131rak\u0131r ve analiz etmeye ba\u015flar.<\/p>\n\n<p><a href=\"https:\/\/www.leaplytics.de\/tr\/finans-ai\/\">Finans i\u00e7in Yapay Zeka'ya bak\u0131n \u2192<\/a><\/p>\n\n\n<hr class=\"wp-block-separator has-alpha-channel-opacity\"\/>\n\n\n\n<h4 class=\"wp-block-heading\">Hukuk \/ Kanun<\/h4>\n\n\n<p>Hukuk i\u015fi metin i\u015fidir. S\u00f6zle\u015fmeler. Belgeler. Ara\u015ft\u0131rma. Uygunluk kontrolleri.<\/p>\n<p>Yapay zeka s\u00f6zle\u015fmeleri okur ve \u00f6nemli maddeleri \u00e7\u0131kar\u0131r. Riskleri ve eksik terimleri i\u015faretler. Dava a\u015famas\u0131ndaki belgeleri herhangi bir ekibin yapabilece\u011finden daha h\u0131zl\u0131 inceler. Standart belgelerin ilk versiyonlar\u0131n\u0131 haz\u0131rlar. Mevzuat de\u011fi\u015fikliklerini izler.<\/p>\n<p>Avukatlar\u0131n\u0131z her sayfay\u0131 okumaya de\u011fil, muhakeme ve stratejiye odaklan\u0131r.<\/p>\n\n<p><a href=\"https:\/\/www.leaplytics.de\/tr\/yasal-hukuk-ai\/\">Hukuk i\u00e7in AI'ya bak\u0131n\u0131z \u2192<\/a><\/p>\n\n\n<hr class=\"wp-block-separator has-alpha-channel-opacity\"\/>\n\n\n\n<h4 class=\"wp-block-heading\">Pazarlama ve Sat\u0131\u015f<\/h4>\n\n\n<p>Pazarlama ve sat\u0131\u015f ekipleri potansiyel m\u00fc\u015fterileri koval\u0131yor ve durmadan i\u00e7erik \u00fcretiyor. Daha fazla kanal. Daha fazla mesaj. Analiz edilecek daha fazla veri.<\/p>\n<p>Yapay zeka potansiyel m\u00fc\u015fterileri puanlar, b\u00f6ylece temsilciler \u00f6nce en iyileriyle \u00e7al\u0131\u015f\u0131r. Saniyeler i\u00e7inde i\u00e7erik varyasyonlar\u0131 haz\u0131rlar. M\u00fc\u015fterileri ger\u00e7ek davran\u0131\u015flar\u0131na g\u00f6re segmentlere ay\u0131r\u0131r. Boru hatt\u0131n\u0131 umutla de\u011fil verilerle tahmin eder. Kampanyalar\u0131 otomatik olarak optimize eder.<\/p>\n<p>Ekibiniz tasnif etmek ve yazmak yerine sat\u0131\u015f yap\u0131yor ve strateji geli\u015ftiriyor.<\/p>\n\n<p><a href=\"https:\/\/www.leaplytics.de\/tr\/pazarlama-satis-ai\/\">Pazarlama ve Sat\u0131\u015f i\u00e7in Yapay Zeka \u2192<\/a><\/p>\n\n\n<hr class=\"wp-block-separator has-alpha-channel-opacity\"\/>\n\n\n\n<h4 class=\"wp-block-heading\">\u0130nsan Kaynaklar\u0131<\/h4>\n\n\n<p>\u0130K ekipleri insanlarla ilgilenir ancak zamanlar\u0131n\u0131n \u00e7o\u011funu evrak i\u015fleriyle ge\u00e7irir. Uygulamalar. \u0130\u015fe al\u0131m. Politika sorular\u0131. Uyumluluk.<\/p>\n<p>Yapay zeka \u00f6zge\u00e7mi\u015fleri tarar ve en iyi adaylar\u0131 ortaya \u00e7\u0131kar\u0131r. \u00c7al\u0131\u015fanlar\u0131n sorular\u0131n\u0131 an\u0131nda yan\u0131tlar. \u0130\u015fe al\u0131m kontrol listelerini otomatikle\u015ftirir. Manuel kontrol olmadan uyumlulu\u011fu izler. \u0130nsanlar ayr\u0131lmadan \u00f6nce elde tutma risklerini tespit eder.<\/p>\n<p>\u0130K ekibiniz evrak i\u015flerine de\u011fil, insanlara odaklan\u0131r.<\/p>\n\n<p><a href=\"https:\/\/www.leaplytics.de\/tr\/i%cc%87nsan-kaynaklari-ai\/\">\u0130nsan Kaynaklar\u0131 i\u00e7in AI'ya bak\u0131n \u2192<\/a><\/p>\n\n\n<hr class=\"wp-block-separator has-alpha-channel-opacity\"\/>\n\n\n\n<h4 class=\"wp-block-heading\">Operasyonlar<\/h4>\n\n\n<p>Operasyon ekipleri her \u015feyi koordine eder. Tedarik zincirleri. Programlar. Kalite. Birlikte \u00e7al\u0131\u015fmas\u0131 gereken binlerce hareketli par\u00e7a.<\/p>\n<p>Yapay zeka talebi tahmin eder ve envanteri optimize eder. Kaynaklar\u0131 ger\u00e7ek k\u0131s\u0131tlamalara g\u00f6re planlar. Kaliteyi s\u00fcrekli olarak izler. Darbo\u011fazlar\u0131 sorun haline gelmeden \u00f6nce tespit eder. Operasyonel raporlar\u0131 otomatik olarak olu\u015fturur.<\/p>\n<p>Operasyon ekibiniz sorunlar\u0131 takip etmek yerine \u00e7\u00f6zer.<\/p>\n\n<p><a href=\"https:\/\/www.leaplytics.de\/tr\/operasyonlar-ai\/\">Operasyonlar i\u00e7in AI \u2192 b\u00f6l\u00fcm\u00fcne bak\u0131n<\/a><\/p>\n\n\n<hr class=\"wp-block-separator has-alpha-channel-opacity\"\/>\n\n\n\n<h4 class=\"wp-block-heading\">Tedarik ve Sat\u0131n Alma<\/h4>\n\n\n<p>Sat\u0131n alma ekipleri tedarik\u00e7ileri sat\u0131n al\u0131r ve y\u00f6netir. Sipari\u015fler. S\u00f6zle\u015fmeler. Harcama. Risk. Stratejik olmak i\u00e7in asla yeterli zaman yok.<\/p>\n<p>Yapay zeka tedarik\u00e7ileri de\u011ferlendirir ve riskleri tespit eder. Sat\u0131n alma sipari\u015flerini otomatik olarak i\u015fler. S\u00f6zle\u015fme \u015fartlar\u0131n\u0131 ve yenileme tarihlerini takip eder. Harcamalar\u0131 analiz eder ve tasarruflar\u0131 bulur. Tedarik\u00e7i performans\u0131n\u0131 s\u00fcrekli olarak izler.<\/p>\n<p>Sat\u0131n alma ekibiniz i\u015flem yapmak yerine m\u00fczakere eder ve strateji geli\u015ftirir.<\/p>\n\n<p><a href=\"https:\/\/www.leaplytics.de\/tr\/tedarik-tedarik-ai\/\">Kaynak Bulma ve Sat\u0131n Alma i\u00e7in Yapay Zeka \u2192<\/a><\/p>\n\n\n<hr class=\"wp-block-separator has-alpha-channel-opacity\"\/>\n\n\n\n<h3 class=\"wp-block-heading\">Yapay Zekan\u0131n Yapamayaca\u011f\u0131 \u015eeyler<\/h3>\n\n\n<p>S\u0131n\u0131rlar konusunda d\u00fcr\u00fcst\u00fcz.<\/p>\n<p>Yapay zeka ekibinizin yerini almaz. Karar verme yetkisi yoktur. \u0130nsan dokunu\u015fu gerektiren hassas durumlar\u0131 ele almaz. Strateji olu\u015fturmaz veya ili\u015fkiler kurmaz.<\/p>\n<p>Yapay zeka rutini hallediyor. Okuma. \u0130\u015fleme. Desen e\u015fle\u015ftirme. \u0130lk taslak.<\/p>\n<p>\u00c7al\u0131\u015fanlar\u0131n\u0131z d\u00fc\u015f\u00fcnme, karar verme ve uzmanl\u0131klar\u0131na ger\u00e7ekten ihtiya\u00e7 duyulan i\u015fleri yaparlar.<\/p>\n<p>Bu bir s\u0131n\u0131rlama de\u011fil, mesele de bu. Yapay zeka iyi oldu\u011fu \u015feyi yapar, b\u00f6ylece insanlar da iyi olduklar\u0131 \u015feyi yapabilirler.<\/p>\n\n\n<hr class=\"wp-block-separator has-alpha-channel-opacity\"\/>\n\n\n\n<h3 class=\"wp-block-heading\">Neden Bizimle \u00c7al\u0131\u015fmal\u0131s\u0131n\u0131z?<\/h3>\n\n\n<p>Yapay zekay\u0131 kendi iyili\u011fi i\u00e7in satm\u0131yoruz. Biz sorunlar\u0131 \u00e7\u00f6z\u00fcyoruz.<\/p>\n\n<p><strong>Ne sat\u0131yorsak onu kullan\u0131r\u0131z.<\/strong><br \/>\nKendi i\u015fimiz yapay zeka \u00fczerinde \u00e7al\u0131\u015f\u0131yor. Kur\u015fun i\u015fleme. Belge i\u015fleme. Analiz. Neyin i\u015fe yarad\u0131\u011f\u0131n\u0131 biliyoruz \u00e7\u00fcnk\u00fc her g\u00fcn buna g\u00fcveniyoruz.<\/p>\n\n<p><strong>Sonu\u00e7lara odaklan\u0131yoruz.<\/strong><br \/>\nTeknolojinin hat\u0131r\u0131 i\u00e7in teknoloji de\u011fil. Soruyoruz: Hangi i\u015f zaman\u0131n\u0131z\u0131 yiyor? \u00c7atlaklardan ne d\u00fc\u015f\u00fcyor? Sonra da bunu \u00e7\u00f6zecek yapay zekay\u0131 geli\u015ftiriyoruz.<\/p>\n\n<p><strong>\u0130\u015f ak\u0131\u015f\u0131n\u0131z i\u00e7in geli\u015ftiriyoruz.<\/strong><br \/>\nHerkese uyan tek bir \u00fcr\u00fcn yok. Ekibinizin ger\u00e7ekte nas\u0131l \u00e7al\u0131\u015ft\u0131\u011f\u0131na bak\u0131yor ve buna uygun sistemler olu\u015fturuyoruz.<\/p>\n\n<p><strong>Uyum konusunda d\u00fcr\u00fcst\u00fcz.<\/strong><br \/>\nBazen yapay zeka \u00e7\u00f6z\u00fcm de\u011fildir. Sorununuz ba\u015fka bir \u015fekilde daha iyi \u00e7\u00f6z\u00fcl\u00fcrse, size s\u00f6yleyece\u011fiz.<\/p>\n\n\n<hr class=\"wp-block-separator has-alpha-channel-opacity\"\/>\n\n\n\n<h3 class=\"wp-block-heading\">Neyin M\u00fcmk\u00fcn Oldu\u011funu G\u00f6rmeye Haz\u0131r m\u0131s\u0131n\u0131z?<\/h3>\n\n\n<p>Ekibinizin zaman\u0131n\u0131 d\u00fc\u015f\u00fcn\u00fcn.<\/p>\n<p>Hangi g\u00f6revler tekrarlan\u0131yor? Hangi i\u015fler insan uzmanl\u0131\u011f\u0131na ihtiya\u00e7 duymuyor ama yine de yap\u0131l\u0131yor? \u0130\u015fler yo\u011funla\u015ft\u0131\u011f\u0131nda neler g\u00f6zden ka\u00e7\u0131yor?<\/p>\n<p>Yapay zeka i\u015fte bu noktada yard\u0131mc\u0131 olabilir. Bir g\u00fcn de\u011fil. \u015eimdi.<\/p>\n<p>\u00d6zel zorluklar\u0131n\u0131z hakk\u0131nda konu\u015fal\u0131m ve yapay zekan\u0131n mant\u0131kl\u0131 olup olmad\u0131\u011f\u0131n\u0131 g\u00f6relim.<\/p>\n\n<p><a href=\"https:\/\/www.leaplytics.de\/tr\/kontakt\/\">Bizimle Konu\u015fun<\/a><\/p>","protected":false},"excerpt":{"rendered":"<p>\u0130\u015fletmeniz i\u00e7in Ger\u00e7ekten \u0130\u015fe Yarayan Yapay Zeka Herkes yapay zeka hakk\u0131nda konu\u015fuyor. \u00c7o\u011fu abart\u0131dan ibaret. Biz ger\u00e7ekten i\u015fe yarayanlara odaklan\u0131yoruz. Yapay zeka belirli konularda iyidir: belgeleri okumak, kal\u0131plar\u0131 bulmak, verileri i\u015flemek, rutin g\u00f6revleri yerine getirmek. Her g\u00fcn ekibinizin zaman\u0131n\u0131 alan \u015feyler. Tam olarak bunu yapan yapay zeka sistemleri geli\u015ftiriyoruz. Hay\u0131r... <\/p>","protected":false},"author":2,"featured_media":0,"parent":0,"menu_order":0,"comment_status":"closed","ping_status":"closed","template":"","meta":{"footnotes":""},"class_list":["post-14255","page","type-page","status-publish","hentry","latest_post"],"_links":{"self":[{"href":"https:\/\/www.leaplytics.de\/tr\/wp-json\/wp\/v2\/pages\/14255","targetHints":{"allow":["GET"]}}],"collection":[{"href":"https:\/\/www.leaplytics.de\/tr\/wp-json\/wp\/v2\/pages"}],"about":[{"href":"https:\/\/www.leaplytics.de\/tr\/wp-json\/wp\/v2\/types\/page"}],"author":[{"embeddable":true,"href":"https:\/\/www.leaplytics.de\/tr\/wp-json\/wp\/v2\/users\/2"}],"replies":[{"embeddable":true,"href":"https:\/\/www.leaplytics.de\/tr\/wp-json\/wp\/v2\/comments?post=14255"}],"version-history":[{"count":14,"href":"https:\/\/www.leaplytics.de\/tr\/wp-json\/wp\/v2\/pages\/14255\/revisions"}],"predecessor-version":[{"id":14420,"href":"https:\/\/www.leaplytics.de\/tr\/wp-json\/wp\/v2\/pages\/14255\/revisions\/14420"}],"wp:attachment":[{"href":"https:\/\/www.leaplytics.de\/tr\/wp-json\/wp\/v2\/media?parent=14255"}],"curies":[{"name":"wp","href":"https:\/\/api.w.org\/{rel}","templated":true}]}}