{"id":14381,"date":"2025-12-18T23:30:11","date_gmt":"2025-12-18T22:30:11","guid":{"rendered":"https:\/\/www.leaplytics.de\/?page_id=14381"},"modified":"2025-12-19T01:53:47","modified_gmt":"2025-12-19T00:53:47","slug":"yasal-hukuk-ai","status":"publish","type":"page","link":"https:\/\/www.leaplytics.de\/tr\/yasal-hukuk-ai\/","title":{"rendered":"Hukuk \/ Hukuk Yapay Zekas\u0131"},"content":{"rendered":"<h2>Hukuk Ekibinizin \u00c7ok Fazla \u0130\u015fi Var. Yapay Zeka Yard\u0131mc\u0131 Olabilir.<\/h2>\n\n<p>Hukuk i\u015fi metin i\u015fidir. S\u00f6zle\u015fmeler. Belgeler. E-postalar. Ara\u015ft\u0131rma. Uygunluk kontrolleri.<\/p>\n<p>\u00c7o\u011fu kal\u0131plar\u0131 takip eder. Maddeyi bulun. Riski kontrol edin. S\u00fcr\u00fcmleri kar\u015f\u0131la\u015ft\u0131r\u0131n. Ayn\u0131 soruyu tekrar cevaplay\u0131n.<\/p>\n<p>Yapay zeka bunun i\u00e7in yarat\u0131lm\u0131\u015ft\u0131r. Herhangi bir insandan daha h\u0131zl\u0131 okur. Asla yorulmaz. Sayfa 47'deki bir sat\u0131r\u0131 asla ka\u00e7\u0131rmaz.<\/p>\n<p>Bu avukatlar\u0131n yerini almaz. Onlar\u0131 daha h\u0131zl\u0131 hale getirir. Rutin i\u015fleri halleder, b\u00f6ylece ekibiniz ger\u00e7ekten insan beynine ihtiya\u00e7 duyan i\u015flere odaklanabilir.<\/p>\n\n\n<hr class=\"wp-block-separator has-alpha-channel-opacity\"\/>\n\n\n\n<h3 class=\"wp-block-heading\">G\u00fcn\u00fcm\u00fczde Yasal \u00c7al\u0131\u015fman\u0131n Ger\u00e7ekli\u011fi<\/h3>\n\n\n<p>Hukuk ekipleri bo\u011fuluyor. Daha fazla s\u00f6zle\u015fme. Daha fazla d\u00fczenleme. H\u0131zl\u0131 hareket etmek i\u00e7in daha fazla bask\u0131.<\/p>\n<p>Avukatlar, y\u0131llarca hukuk e\u011fitimi almalar\u0131n\u0131 gerektirmeyen i\u015fler i\u00e7in saatlerini harc\u0131yor. Ortaklar m\u00fcvekkillerine dan\u0131\u015fmanl\u0131k yapmalar\u0131 gerekirken belgeleri inceliyor. \u015eirket i\u00e7i dan\u0131\u015fmanlar s\u00f6zle\u015fmeleri aceleye getiriyor \u00e7\u00fcnk\u00fc her zaman bekleyen bir tane daha var.<\/p>\n<p>\u0130\u015fler birikir. Teslim tarihleri daral\u0131r. \u0130\u015fler g\u00f6zden ka\u00e7ar.<\/p>\n<p>\u0130nsanlar i\u015flerinde iyi olmad\u0131klar\u0131 i\u00e7in de\u011fil. \u00c7\u00fcnk\u00fc \u00e7ok fazla metin var ve yeterli zaman yok.<\/p>\n\n\n<hr class=\"wp-block-separator has-alpha-channel-opacity\"\/>\n\n\n\n<h3 class=\"wp-block-heading\">Yapay Zekan\u0131n Ger\u00e7ek Bir Fark Yaratt\u0131\u011f\u0131 Noktalar<\/h3>\n\n\n<p>Yapay zeka, \u00e7ok say\u0131da metin ve net kal\u0131plar\u0131n oldu\u011fu yerlerde en iyi \u015fekilde \u00e7al\u0131\u015f\u0131r. Yasal i\u015flerde ikisi de vard\u0131r.<\/p>\n<p>\u0130\u015fte yapay zekan\u0131n ger\u00e7ek sonu\u00e7lar sa\u011flad\u0131\u011f\u0131 be\u015f alan: abart\u0131 de\u011fil, ger\u00e7ek zaman tasarrufu ve yakalanan riskler.<\/p>\n\n\n<hr class=\"wp-block-separator has-alpha-channel-opacity\"\/>\n\n\n\n<h4 class=\"wp-block-heading\">1. S\u00f6zle\u015fme \u0130ncelemesi<\/h4>\n\n\n<p>S\u00f6zle\u015fmeler i\u015f d\u00fcnyas\u0131n\u0131n bel kemi\u011fidir. Ayn\u0131 zamanda b\u00fcy\u00fck bir zaman kayb\u0131na neden olurlar.<\/p>\n<p>Her s\u00f6zle\u015fmenin g\u00f6zden ge\u00e7irilmesi gerekir. Her maddenin kontrol edilmesi gerekir. Standarttan her sapman\u0131n i\u015faretlenmesi gerekir. Bunu y\u0131lda y\u00fczlerce s\u00f6zle\u015fmeyle \u00e7arp\u0131n.<\/p>\n\n\n<h5 class=\"wp-block-heading\">Yapay Zeka Ne Yapar<\/h5>\n\n\n<p><strong>Anahtar c\u00fcmleleri bulur ve \u00e7\u0131kar\u0131r.<\/strong><br \/>\nS\u00fcre. Fesih. Sorumluluk. Yarg\u0131 Yetkisi. Gizlilik. Yapay zeka bunlar\u0131 otomatik olarak \u00e7\u0131kar\u0131r. Art\u0131k sayfalar aras\u0131nda avlanmak yok.<\/p>\n\n<p><strong>Riskleri i\u015faretler.<\/strong><br \/>\nYapay zeka standart oyun kitab\u0131n\u0131z\u0131 biliyor. Bir \u015fey sapt\u0131\u011f\u0131nda, onu vurgular. \"Bu sorumluluk maddesi standard\u0131n\u0131zdan daha geni\u015f.\" \"Bu fesih s\u00fcresi normalden daha k\u0131sa.\"<\/p>\n\n<p><strong>Par\u00e7alar eksik.<\/strong><br \/>\nGizlilik maddesi yok mu? Sorumluluk s\u0131n\u0131rlamas\u0131 yok mu? Yapay zeka orada olmayan\u0131 fark eder.<\/p>\n\n<p><strong>S\u00fcr\u00fcmleri kar\u015f\u0131la\u015ft\u0131r\u0131r.<\/strong><br \/>\nK\u0131rm\u0131z\u0131 \u00e7izgiler kafa kar\u0131\u015ft\u0131r\u0131c\u0131. Yapay zeka, s\u00fcr\u00fcmler aras\u0131nda ger\u00e7ekte nelerin de\u011fi\u015fti\u011fini a\u00e7\u0131kl\u0131yor. Sade bir dille.<\/p>\n\n<p><strong>\u00d6zetler yazar.<\/strong><br \/>\nHer s\u00f6zle\u015fmenin bir y\u00f6netici \u00f6zeti olur. Anahtar terimler. Temel riskler. Neyin \u00f6nemli oldu\u011fu. Elli sayfa yerine bir sayfa.<\/p>\n\n\n<h5 class=\"wp-block-heading\">Bu Sizin \u0130\u00e7in Ne Anlama Geliyor?<\/h5>\n\n\n<ul>\n<li><strong>Karar vericiler i\u00e7in:<\/strong> Daha h\u0131zl\u0131 anla\u015fma d\u00f6ng\u00fcleri. Daha az darbo\u011faz. \u0130ncelenen s\u00f6zle\u015fme ba\u015f\u0131na daha d\u00fc\u015f\u00fck maliyet.<\/li>\n<li><strong>Avukatlar i\u00e7in:<\/strong> Uzmanl\u0131\u011f\u0131n\u0131za ihtiya\u00e7 duyan 10-20%'ye odaklan\u0131n. Y\u00fczlerce kez g\u00f6rd\u00fc\u011f\u00fcn\u00fcz 80%'yi atlay\u0131n.<\/li>\n<li><strong>\u0130\u015f i\u00e7in:<\/strong> Standart s\u00f6zle\u015fmeler otomatik olarak \"ilk ge\u00e7i\u015f\" incelemesine tabi tutulur. Karma\u015f\u0131k olanlar daha h\u0131zl\u0131 bir \u015fekilde daha fazla dikkat \u00e7eker.<\/li>\n<\/ul>\n\n<p><a href=\"https:\/\/www.leaplytics.de\/tr\/sozlesme-i%cc%87nceleme-ai\/\">S\u00f6zle\u015fme \u0130nceleme i\u00e7in Yapay Zeka hakk\u0131nda daha fazla bilgi edinin \u2192<\/a><\/p>\n\n\n<hr class=\"wp-block-separator has-alpha-channel-opacity\"\/>\n\n\n\n<h4 class=\"wp-block-heading\">2. Dava ve Soru\u015fturmalarda Belge \u0130nceleme<\/h4>\n\n\n<p>Davalar ve soru\u015fturmalar belge demektir. Binlerce belge. Bazen milyonlarca.<\/p>\n<p>E-postalar. PDF'ler. Sohbet kay\u0131tlar\u0131. Ekler. Hepsinin incelenmesi gerekir. Hepsinin s\u0131n\u0131fland\u0131r\u0131lmas\u0131 gerekir. Hepsi son teslim tarihi bask\u0131s\u0131 alt\u0131nda.<\/p>\n\n\n<h5 class=\"wp-block-heading\">Yapay Zeka Ne Yapar<\/h5>\n\n\n<p><strong>Alaka d\u00fczeyini otomatik olarak s\u0131n\u0131fland\u0131r\u0131r.<\/strong><br \/>\nAlakal\u0131. \u0130lgili de\u011fil. G\u00f6zden ge\u00e7irilmesi gerekiyor. Yapay zeka, insanlar daha ba\u015flamadan y\u0131\u011f\u0131n\u0131 s\u0131ral\u0131yor.<\/p>\n\n<p><strong>Temaya g\u00f6re k\u00fcmeler.<\/strong><br \/>\nHangi e-postalar birbirine ait? Hangi konu\u015fmalar ayn\u0131 konuyu tart\u0131\u015f\u0131yor? Yapay zeka bunlar\u0131 grupland\u0131r\u0131r, b\u00f6ylece g\u00f6zden ge\u00e7irenler resmin tamam\u0131n\u0131 g\u00f6r\u00fcr.<\/p>\n\n<p><strong>Hassas i\u00e7eri\u011fi bulur.<\/strong><br \/>\nPotansiyel uyumluluk sorunlar\u0131. Ki\u015fisel veriler. Ayr\u0131cal\u0131kl\u0131 ileti\u015fimler. \u00d6nemli anahtar kelimeler. Yapay zeka bunlar\u0131 insan incelemesi i\u00e7in i\u015faretler.<\/p>\n\n<p><strong>\u0130nsanlar\u0131n ilk olarak ne g\u00f6rd\u00fc\u011f\u00fcne \u00f6ncelik verir.<\/strong><br \/>\nT\u00fcm belgeler e\u015fit de\u011fildir. Yapay zeka, hangilerinin derhal ilgilenilmesi gerekti\u011fini \u00f6nerir.<\/p>\n\n<p><strong>Uzun konular\u0131 \u00f6zetler.<\/strong><br \/>\n50 e-postal\u0131k bir zincir, tek paragrafl\u0131k bir \u00f6zete d\u00f6n\u00fc\u015f\u00fcr. De\u011ferlendiriciler i\u00e7eri\u011fi h\u0131zl\u0131 bir \u015fekilde anlar.<\/p>\n\n\n<h5 class=\"wp-block-heading\">Bu Sizin \u0130\u00e7in Ne Anlama Geliyor?<\/h5>\n\n\n<ul>\n<li><strong>Karar vericiler i\u00e7in:<\/strong> Ke\u015fif maliyetleri d\u00fc\u015fer. Davalar daha h\u0131zl\u0131 sonu\u00e7lan\u0131r. B\u00fct\u00e7e kontrol alt\u0131nda kal\u0131r.<\/li>\n<li><strong>Avukatlar i\u00e7in:<\/strong> \u00d6nemli olan belgeleri inceleyin. G\u00fcr\u00fclt\u00fcy\u00fc atlay\u0131n. Samanl\u0131ktaki i\u011fneyi daha h\u0131zl\u0131 bulun.<\/li>\n<li><strong>Uygunluk i\u00e7in:<\/strong> Neyin neden incelendi\u011fine dair daha iyi dok\u00fcmantasyon. Savunulabilir s\u00fcre\u00e7.<\/li>\n<\/ul>\n\n<p><a href=\"https:\/\/www.leaplytics.de\/tr\/belge-i%cc%87nceleme-dava-sorusturmalari-ai\/\">Belge \u0130nceleme ve eDiscovery i\u00e7in Yapay Zeka hakk\u0131nda daha fazla bilgi edinin \u2192<\/a><\/p>\n\n\n<hr class=\"wp-block-separator has-alpha-channel-opacity\"\/>\n\n\n\n<h4 class=\"wp-block-heading\">3. Yasal Ara\u015ft\u0131rma ve Taslak Haz\u0131rlama<\/h4>\n\n\n<p>Ara\u015ft\u0131rma zaman al\u0131r. \u0130lgili davalar\u0131 bulmak. Y\u00f6netmelikleri anlamak. Arg\u00fcmanlar olu\u015fturmak. Sonra da t\u00fcm bunlar\u0131 do\u011fru yap\u0131da yazmak.<\/p>\n<p>Bunlar\u0131n \u00e7o\u011fu kal\u0131plar\u0131 takip eder. Yapay zeka ilk tasla\u011f\u0131 halledebilir.<\/p>\n\n\n<h5 class=\"wp-block-heading\">Yapay Zeka Ne Yapar<\/h5>\n\n\n<p><strong>\u0130lgili kaynaklar\u0131 bulur.<\/strong><br \/>\nKanunlar. Mahkeme kararlar\u0131. K\u0131lavuzlar. Emsaller. Yapay zeka size bo\u015f bir sayfa yerine bir ba\u015flang\u0131\u00e7 noktas\u0131 verir.<\/p>\n\n<p><strong>Belge yap\u0131s\u0131 \u00f6nerir.<\/strong><br \/>\nDosyalar. Notlar. G\u00f6r\u00fc\u015fler. Standart formatlar mevcuttur. Yapay zeka, ne yazd\u0131\u011f\u0131n\u0131za ba\u011fl\u0131 olarak bir taslak \u00f6nerir.<\/p>\n\n<p><strong>Standart metin taslaklar\u0131.<\/strong><br \/>\nMaddeler. Kapak mektuplar\u0131. Boilerplate b\u00f6l\u00fcmleri. Yapay zeka ilk versiyonu yaz\u0131yor. Siz d\u00fczeltiyorsunuz.<\/p>\n\n<p><strong>Hukuk dilini sade bir dile \u00e7evirir.<\/strong><br \/>\nM\u00fc\u015fterinin bir mahkeme karar\u0131n\u0131 anlamas\u0131 m\u0131 gerekiyor? Yapay zeka bunu jargon olmadan \u00f6zetler.<\/p>\n\n<p><strong>\u0130ki taraf\u0131 da g\u00f6steriyor.<\/strong><br \/>\nLehine arg\u00fcmanlar. Kar\u015f\u0131 arg\u00fcmanlar. Yapay zeka, bir pozisyon almadan \u00f6nce resmin tamam\u0131n\u0131 g\u00f6rmenize yard\u0131mc\u0131 olur.<\/p>\n\n\n<h5 class=\"wp-block-heading\">Bu Sizin \u0130\u00e7in Ne Anlama Geliyor?<\/h5>\n\n\n<ul>\n<li><strong>Karar vericiler i\u00e7in:<\/strong> Gen\u00e7 avukatlar daha h\u0131zl\u0131 \u00fcretken hale gelir. K\u0131demli avukatlar taslak haz\u0131rlamaya de\u011fil stratejiye odaklan\u0131r.<\/li>\n<li><strong>Avukatlar i\u00e7in:<\/strong> Bo\u015f bir sayfa yerine bir taslakla ba\u015flay\u0131n. Ara\u015ft\u0131rma s\u00fcresini 30-60% azalt\u0131n.<\/li>\n<li><strong>M\u00fc\u015fteriler i\u00e7in:<\/strong> Daha h\u0131zl\u0131 geri d\u00f6n\u00fc\u015f. Daha net ileti\u015fim. Paralar\u0131 i\u00e7in daha iyi de\u011fer.<\/li>\n<\/ul>\n\n<p><em>\u00d6nemli: Yapay zeka burada bir yard\u0131mc\u0131 pilottur, otomatik pilot de\u011fil. Bir insan her zaman nihai \u00e7al\u0131\u015fmay\u0131 g\u00f6zden ge\u00e7irir ve sorumlulu\u011funu al\u0131r.<\/em><\/p>\n\n<p><a href=\"https:\/\/www.leaplytics.de\/tr\/yasal-arastirma-taslak-hazirlama-ai\/\">Hukuki Ara\u015ft\u0131rma ve Taslak Haz\u0131rlama i\u00e7in Yapay Zeka hakk\u0131nda daha fazla bilgi edinin \u2192<\/a><\/p>\n\n\n<hr class=\"wp-block-separator has-alpha-channel-opacity\"\/>\n\n\n\n<h4 class=\"wp-block-heading\">4. M\u00fc\u015fteri Kabul\u00fc ve Vaka Y\u00f6netimi<\/h4>\n\n\n<p>S\u00fcrekli yeni konular geliyor. E-postalar. Telefonlar. Web formlar\u0131. Her birinin anla\u015f\u0131lmas\u0131, kategorize edilmesi ve do\u011fru ki\u015fiye y\u00f6nlendirilmesi gerekir.<\/p>\n<p>\u0130\u015fler yo\u011funla\u015ft\u0131\u011f\u0131nda bu durum bozulur. Talepler bekler. Bilgi kaybolur. Potansiyel m\u00fc\u015fteriler yoluna devam eder.<\/p>\n\n\n<h5 class=\"wp-block-heading\">Yapay Zeka Ne Yapar<\/h5>\n\n\n<p><strong>Gelen talepleri s\u0131n\u0131fland\u0131r\u0131r.<\/strong><br \/>\n\u0130\u015f hukuku. Gayrimenkul. Kurumsal. Dava. Yapay zeka mesaj\u0131 okur ve ne hakk\u0131nda oldu\u011funu bilir.<\/p>\n\n<p><strong>Aciliyeti de\u011ferlendirir.<\/strong><br \/>\nSon tarihten bahsedildi mi? Zaman a\u015f\u0131m\u0131 sorunu mu? Yapay zeka zamana duyarl\u0131 konular\u0131 i\u015faretler.<\/p>\n\n<p><strong>Standart sorular\u0131 otomatik olarak yan\u0131tlar.<\/strong><br \/>\n\"Hangi belgelere ihtiyac\u0131m var?\" \"\u0130lk toplant\u0131 nas\u0131l olacak?\" \"\u00dccretleriniz nedir?\" An\u0131nda yan\u0131tlar, 7\/24.<\/p>\n\n<p><strong>Yap\u0131lar vaka bilgileri.<\/strong><br \/>\nM\u00fc\u015fteri verileri. Kar\u015f\u0131 taraf. Zaman \u00e7izelgesi. \u00d6nemli ger\u00e7ekler. Yapay zeka, bir avukat daha bakmadan \u00f6nce her \u015feyi temiz bir formatta d\u00fczenler.<\/p>\n\n<p><strong>Birle\u015fik bir g\u00f6r\u00fcn\u00fcm olu\u015fturur.<\/strong><br \/>\nBirisi ister e-posta g\u00f6ndersin, ister aras\u0131n ya da bir form doldursun, t\u00fcm bilgiler tek bir yerde toplan\u0131r ve d\u00fczg\u00fcn bir \u015fekilde d\u00fczenlenir.<\/p>\n\n\n<h5 class=\"wp-block-heading\">Bu Sizin \u0130\u00e7in Ne Anlama Geliyor?<\/h5>\n\n\n<ul>\n<li><strong>Karar vericiler i\u00e7in:<\/strong> Sorgudan m\u00fc\u015fteriye daha y\u00fcksek d\u00f6n\u00fc\u015f\u00fcm. Daha h\u0131zl\u0131 yan\u0131t s\u00fcreleri. Daha az idari y\u00fck.<\/li>\n<li><strong>Avukatlar i\u00e7in:<\/strong> Da\u011f\u0131n\u0131k e-postalar de\u011fil, d\u00fczenli dava dosyalar\u0131 edinin. Yasal i\u015flere zaman ay\u0131r\u0131n, s\u0131ralamaya de\u011fil.<\/li>\n<li><strong>Potansiyel m\u00fc\u015fteriler i\u00e7in:<\/strong> H\u0131zl\u0131 yan\u0131tlar. Sonraki ad\u0131mlar\u0131 netle\u015ftirin. \u0130lk temastan itibaren profesyonel deneyim.<\/li>\n<\/ul>\n\n<p><a href=\"https:\/\/www.leaplytics.de\/tr\/musteri-kabul-vaka-yonetimi-ai\/\">M\u00fc\u015fteri Al\u0131m\u0131 ve Vaka Y\u00f6netimi i\u00e7in Yapay Zeka hakk\u0131nda daha fazla bilgi edinin \u2192<\/a><\/p>\n\n\n<hr class=\"wp-block-separator has-alpha-channel-opacity\"\/>\n\n\n\n<h4 class=\"wp-block-heading\">5. Uyumluluk ve Politika Kontrol\u00fc<\/h4>\n\n\n<p>Kurallar her yerde. Kanunlar. End\u00fcstri d\u00fczenlemeleri. \u0130\u00e7 politikalar. GDPR. End\u00fcstri standartlar\u0131. \u015eirket y\u00f6nergeleri.<\/p>\n<p>Ayak uydurmak tam zamanl\u0131 bir i\u015ftir. Bir \u015feyi ka\u00e7\u0131rmak pahal\u0131ya mal olabilir.<\/p>\n\n\n<h5 class=\"wp-block-heading\">Yapay Zeka Ne Yapar<\/h5>\n\n\n<p><strong>Belgeleri kurallara g\u00f6re kontrol eder.<\/strong><br \/>\n\"Bu s\u00f6zle\u015fme X y\u00f6netmeli\u011fine uygun mu?\" \"Bu politika Y gereklili\u011fini kar\u015f\u0131l\u0131yor mu?\" Yapay zeka metni kurallarla kar\u015f\u0131la\u015ft\u0131r\u0131r ve bo\u015fluklar\u0131 bulur.<\/p>\n\n<p><strong>Gerekli i\u00e7eri\u011fi do\u011frular.<\/strong><br \/>\nGizlilik bildiriminde GDPR unsurlar\u0131 eksik mi? Hizmet \u015fartlar\u0131nda zorunlu a\u00e7\u0131klamalar eksik mi? Yapay zeka eksik olan\u0131 yakalar.<\/p>\n\n<p><strong>Mevzuat de\u011fi\u015fikliklerini izler.<\/strong><br \/>\nYeni yasa m\u0131 \u00e7\u0131kt\u0131? Y\u00f6netmelik g\u00fcncellendi mi? Yapay zeka de\u011fi\u015fiklikleri takip eder ve i\u015fletmenizi etkileyenleri i\u015faretler.<\/p>\n\n<p><strong>G\u00fcncellemeler \u00f6nerir.<\/strong><br \/>\nKurallar de\u011fi\u015fti\u011finde, YZ yeni bir dil \u00f6nerir. Siz g\u00f6zden ge\u00e7irir ve onaylars\u0131n\u0131z.<\/p>\n\n\n<h5 class=\"wp-block-heading\">Bu Sizin \u0130\u00e7in Ne Anlama Geliyor?<\/h5>\n\n\n<ul>\n<li><strong>Karar vericiler i\u00e7in:<\/strong> Daha d\u00fc\u015f\u00fck uyumluluk riski. Belgelenmi\u015f kontroller. Denetime haz\u0131r s\u00fcre\u00e7ler.<\/li>\n<li><strong>Avukatlar ve uyum ekipleri i\u00e7in:<\/strong> Bir \u015feyi ka\u00e7\u0131rmad\u0131\u011f\u0131n\u0131z\u0131 ummak yerine sistematik kontrol. \u0130nceledi\u011finize dair kan\u0131tlar.<\/li>\n<li><strong>\u0130\u015f i\u00e7in:<\/strong> Manuel incelemelerde bo\u011fulmadan uyumlulu\u011funuzu koruyun.<\/li>\n<\/ul>\n\n<p><a href=\"https:\/\/www.leaplytics.de\/tr\/uyumluluk-poli%cc%87ti%cc%87kasi-kontrolu-ai\/\">Uyumluluk ve Politika Kontrol\u00fc i\u00e7in Yapay Zeka hakk\u0131nda daha fazla bilgi edinin \u2192<\/a><\/p>\n\n\n<hr class=\"wp-block-separator has-alpha-channel-opacity\"\/>\n\n\n\n<h3 class=\"wp-block-heading\">Yapay Zekan\u0131n Yapamayaca\u011f\u0131 \u015eeyler<\/h3>\n\n\n<p>S\u0131n\u0131rlar konusunda a\u00e7\u0131k olal\u0131m.<\/p>\n<p>Yapay zeka avukatlar\u0131n yerini almaz. Yarg\u0131 kararlar\u0131 vermez. Tavsiye \u00fczerine imza atmaz. Hassas m\u00fcvekkil g\u00f6r\u00fc\u015fmelerini veya yarat\u0131c\u0131 hukuki arg\u00fcmanlar\u0131 ele almaz.<\/p>\n<p>Rutin i\u015fleri halleder. Okuma. S\u0131ralama. \u0130lk taslak. Kar\u015f\u0131la\u015ft\u0131rma.<\/p>\n<p>Avukatlar\u0131n\u0131z hala d\u00fc\u015f\u00fcnmeye devam ediyor. Sadece daha h\u0131zl\u0131 yap\u0131yorlar \u00e7\u00fcnk\u00fc zemin haz\u0131rl\u0131\u011f\u0131 zaten yap\u0131lm\u0131\u015f durumda.<\/p>\n\n\n<hr class=\"wp-block-separator has-alpha-channel-opacity\"\/>\n\n\n\n<h3 class=\"wp-block-heading\">Alt Sat\u0131r<\/h3>\n\n\n<p>Yapay zekay\u0131 iyi kullanan hukuk ekipleri daha az \u00e7al\u0131\u015fmaz. Farkl\u0131 \u00e7al\u0131\u015f\u0131rlar.<\/p>\n<p>Her sayfay\u0131 okumak yerine, \u00f6nemli olanlar\u0131 g\u00f6zden ge\u00e7irirler. S\u0131f\u0131rdan taslak haz\u0131rlamak yerine, bir ba\u015flang\u0131\u00e7 noktas\u0131n\u0131 geli\u015ftirirler. Manuel s\u0131ralama yerine analize odaklan\u0131rlar.<\/p>\n<p>Sonu\u00e7:<\/p>\n<ul>\n<li>S\u00f6zle\u015fmelerde ve konularda daha h\u0131zl\u0131 geri d\u00f6n\u00fc\u015f<\/li>\n<li>Daha az ka\u00e7\u0131r\u0131lan risk ve son teslim tarihi<\/li>\n<li>Madde ba\u015f\u0131na daha d\u00fc\u015f\u00fck maliyet<\/li>\n<li>Ger\u00e7ekten uzmanl\u0131klar\u0131na ihtiya\u00e7 duyulan i\u015fleri yapan avukatlar<\/li>\n<li>Daha iyi m\u00fc\u015fteri hizmeti<\/li>\n<\/ul>\n<p>Bu, ekibinizi de\u011fi\u015ftirmekle ilgili de\u011fil. Onlar\u0131 daha etkili hale getirmekle ilgili.<\/p>\n\n\n<hr class=\"wp-block-separator has-alpha-channel-opacity\"\/>\n\n\n\n<h3 class=\"wp-block-heading\">Neyin M\u00fcmk\u00fcn Oldu\u011funu G\u00f6rmeye Haz\u0131r m\u0131s\u0131n\u0131z?<\/h3>\n\n\n<p>Her hukuk ekibi farkl\u0131d\u0131r. S\u00f6zle\u015fmeleriniz herkesinki gibi de\u011fildir. S\u00fcre\u00e7lerinizin kendine has tuhafl\u0131klar\u0131 vard\u0131r. \u00d6ncelikleriniz i\u015finize ba\u011fl\u0131d\u0131r.<\/p>\n<p>Herkese uyan tek bir \u00e7\u00f6z\u00fcm satm\u0131yoruz. Sizin \u00f6zel \u00e7al\u0131\u015fmalar\u0131n\u0131za bak\u0131yoruz. Yapay zekan\u0131n ger\u00e7ekten nerede yard\u0131mc\u0131 olabilece\u011fini belirliyoruz. \u0130\u015f ak\u0131\u015f\u0131n\u0131za uygun sistemler kuruyoruz.<\/p>\n<p>Abart\u0131 yok. Tutamayaca\u011f\u0131m\u0131z s\u00f6zler yok. Sadece ekibinizi daha etkili hale getiren pratik yapay zeka.<p>\n\n<p><a href=\"https:\/\/www.leaplytics.de\/tr\/kontakt\/\">Yasal \u00c7al\u0131\u015fmalar\u0131n\u0131z Hakk\u0131nda Konu\u015fal\u0131m<\/a><p>\n\n<p><a href=\"https:\/\/www.leaplytics.de\/tr\/yapay-zeka\/\">T\u00fcm Yapay Zeka Hizmetlerini G\u00f6r<\/a><p>","protected":false},"excerpt":{"rendered":"<p>Your Legal Team Has Too Much Work. AI Can Help. Legal work is text work. Contracts. Documents. Emails. Research. Compliance checks. Most of it follows patterns. Find the clause. Check the risk. Compare the versions. Answer the same question again. AI is built for this. It reads faster than any human. It never gets tired. &hellip; <\/p>","protected":false},"author":2,"featured_media":0,"parent":0,"menu_order":0,"comment_status":"closed","ping_status":"closed","template":"","meta":{"footnotes":""},"class_list":["post-14381","page","type-page","status-publish","hentry","latest_post"],"_links":{"self":[{"href":"https:\/\/www.leaplytics.de\/tr\/wp-json\/wp\/v2\/pages\/14381","targetHints":{"allow":["GET"]}}],"collection":[{"href":"https:\/\/www.leaplytics.de\/tr\/wp-json\/wp\/v2\/pages"}],"about":[{"href":"https:\/\/www.leaplytics.de\/tr\/wp-json\/wp\/v2\/types\/page"}],"author":[{"embeddable":true,"href":"https:\/\/www.leaplytics.de\/tr\/wp-json\/wp\/v2\/users\/2"}],"replies":[{"embeddable":true,"href":"https:\/\/www.leaplytics.de\/tr\/wp-json\/wp\/v2\/comments?post=14381"}],"version-history":[{"count":7,"href":"https:\/\/www.leaplytics.de\/tr\/wp-json\/wp\/v2\/pages\/14381\/revisions"}],"predecessor-version":[{"id":14475,"href":"https:\/\/www.leaplytics.de\/tr\/wp-json\/wp\/v2\/pages\/14381\/revisions\/14475"}],"wp:attachment":[{"href":"https:\/\/www.leaplytics.de\/tr\/wp-json\/wp\/v2\/media?parent=14381"}],"curies":[{"name":"wp","href":"https:\/\/api.w.org\/{rel}","templated":true}]}}