{"id":14409,"date":"2025-12-18T23:54:54","date_gmt":"2025-12-18T22:54:54","guid":{"rendered":"https:\/\/www.leaplytics.de\/?page_id=14409"},"modified":"2025-12-19T01:47:36","modified_gmt":"2025-12-19T00:47:36","slug":"i%cc%87nsan-kaynaklari-ai","status":"publish","type":"page","link":"https:\/\/www.leaplytics.de\/tr\/i%cc%87nsan-kaynaklari-ai\/","title":{"rendered":"\u0130nsan Kaynaklar\u0131 Yapay Zeka"},"content":{"rendered":"<h2>\u0130K Ekibinizin \u00c7ok Fazla \u0130\u015fi Var. Yapay Zeka Yard\u0131mc\u0131 Olabilir.<\/h2>\n\n<p>\u0130K i\u015fi insan i\u015fidir. Ama ayn\u0131 zamanda evrak i\u015fidir. Ba\u015fvurular. \u0130\u015fe al\u0131m belgeleri. Politika sorular\u0131. \u0130zin talepleri. Performans de\u011ferlendirmeleri. Yan haklar formlar\u0131.<\/p>\n<p>\u00c7o\u011fu kal\u0131plar\u0131 takip eder. \u00d6zge\u00e7mi\u015fi taray\u0131n. Politika sorusunu yan\u0131tlay\u0131n. Talebi i\u015fleme al\u0131n. Hat\u0131rlatma g\u00f6nder. Tekrar.<\/p>\n<p>Yapay zeka bunun i\u00e7in geli\u015ftirilmi\u015ftir. Ba\u015fvurular\u0131 herhangi bir insandan daha h\u0131zl\u0131 okur. Bir takibi asla unutmaz. Ayn\u0131 soruya her seferinde m\u00fckemmel cevap verir.<\/p>\n<p>Bu, \u0130K ekibinizin yerini almaz. Onlar\u0131 daha h\u0131zl\u0131 hale getirir. Rutin i\u015fleri halleder, b\u00f6ylece \u00e7al\u0131\u015fanlar\u0131n\u0131z \u00f6nemli olana, yani \u00e7al\u0131\u015fanlar\u0131n\u0131za odaklanabilir.<\/p>\n\n\n<hr class=\"wp-block-separator has-alpha-channel-opacity\"\/>\n\n\n\n<h3 class=\"wp-block-heading\">G\u00fcn\u00fcm\u00fczde \u0130K \u00c7al\u0131\u015fmalar\u0131n\u0131n Ger\u00e7ekli\u011fi<\/h3>\n\n\n<p>\u0130K ekipleri bunalm\u0131\u015f durumda. Daha fazla i\u015fe al\u0131m. Daha fazla uyumluluk. Daha fazla \u00e7al\u0131\u015fan beklentisi. Daha az kaynak.<\/p>\n<p>\u0130\u015fe al\u0131m uzmanlar\u0131 her a\u00e7\u0131k pozisyon i\u00e7in \u00f6zge\u00e7mi\u015flere bo\u011fuluyor. \u0130K y\u00f6neticileri ayn\u0131 politika sorular\u0131n\u0131 tekrar tekrar yan\u0131tl\u0131yor. \u0130\u015fe al\u0131m bir kontrol listesi kabusu. Performans de\u011ferlendirmeleri y\u0131\u011f\u0131l\u0131r.<\/p>\n<p>Stratejik \u00e7al\u0131\u015fmalar bir kenara itilir. \u00c7al\u0131\u015fan deneyimi zarar g\u00f6r\u00fcr. S\u00fcre\u00e7 \u00e7ok uzun s\u00fcrd\u00fc\u011f\u00fc i\u00e7in iyi adaylar elden ka\u00e7ar.<\/p>\n<p>\u0130nsanlar i\u015flerinde iyi olmad\u0131klar\u0131 i\u00e7in de\u011fil. \u00c7\u00fcnk\u00fc \u00e7ok fazla idari i\u015f var ve insanlar i\u00e7in yeterli zaman yok.<\/p>\n\n\n<hr class=\"wp-block-separator has-alpha-channel-opacity\"\/>\n\n\n\n<h3 class=\"wp-block-heading\">Yapay Zekan\u0131n Ger\u00e7ek Bir Fark Yaratt\u0131\u011f\u0131 Noktalar<\/h3>\n\n\n<p>Yapay zeka, tekrar eden i\u015flerin ve net kal\u0131plar\u0131n oldu\u011fu yerlerde en iyi \u015fekilde \u00e7al\u0131\u015f\u0131r. \u0130K'da ikisi de var.<\/p>\n<p>\u0130\u015fte yapay zekan\u0131n ger\u00e7ek sonu\u00e7lar sa\u011flad\u0131\u011f\u0131 be\u015f alan: abart\u0131 de\u011fil, ger\u00e7ek zaman tasarrufu ve daha iyi sonu\u00e7lar.<\/p>\n\n\n<hr class=\"wp-block-separator has-alpha-channel-opacity\"\/>\n\n\n\n<h4 class=\"wp-block-heading\">1. \u0130\u015fe Al\u0131m ve Yetenek Kazan\u0131m\u0131<\/h4>\n\n\n<p>Her a\u00e7\u0131k pozisyon y\u00fczlerce ba\u015fvuru getirir. Birinin hepsini okumas\u0131 gerekir. Nitelikleri taramal\u0131. M\u00fclakatlar\u0131 planlamak. Adaylar\u0131 takip etmek.<\/p>\n<p>\u0130yi adaylar beklemez. Siz hala eleme yaparken, onlar ba\u015fka bir teklifi kabul etmi\u015flerdir.<\/p>\n\n\n<h5 class=\"wp-block-heading\">Yapay Zeka Ne Yapar<\/h5>\n\n\n<p><strong>Ekranlar otomatik olarak devam eder.<\/strong><br \/>\nBeceriler. Deneyim. Nitelikler. Yapay zeka her ba\u015fvuruyu okur ve adaylar\u0131 uygunluklar\u0131na g\u00f6re s\u0131ralar. En iyi e\u015fle\u015fmeler hemen ortaya \u00e7\u0131kar.<\/p>\n\n<p><strong>Adaylar\u0131 rollerle e\u015fle\u015ftirir.<\/strong><br \/>\nSadece anahtar kelimeler de\u011fil-ger\u00e7ek uyum. Yapay zeka, i\u015f gereksinimlerini anlar ve deneyimleri ger\u00e7ekten e\u015fle\u015fen adaylar\u0131 bulur.<\/p>\n\n<p><strong>G\u00f6r\u00fc\u015fmeleri otomatik olarak planlar.<\/strong><br \/>\nAday bir zaman se\u00e7er. Takvim uygunlu\u011fu kontrol eder. G\u00f6r\u00fc\u015fme ayarlan\u0131r. \u0130leri geri e-posta yok.<\/p>\n\n<p><strong>Aday sorular\u0131n\u0131 yan\u0131tlar.<\/strong><br \/>\n\"M\u00fclakat s\u00fcreci nas\u0131l?\" \"Ne gibi avantajlar sunuyorsunuz?\" Yapay zeka 7\/24 an\u0131nda yan\u0131t verir. Adaylar kendilerini ilgili hissediyor.<\/p>\n\n<p><strong>\u0130\u015f ilanlar\u0131n\u0131 optimize eder.<\/strong><br \/>\nYapay zeka, nitelikli ba\u015fvuru sahiplerini cezbeden unsurlara dayanarak i\u015f tan\u0131mlar\u0131n\u0131zda iyile\u015ftirmeler \u00f6nerir.<\/p>\n\n\n<h5 class=\"wp-block-heading\">Bu Sizin \u0130\u00e7in Ne Anlama Geliyor?<\/h5>\n\n\n<ul>\n<li><strong>\u0130K direkt\u00f6rleri i\u00e7in:<\/strong> Daha h\u0131zl\u0131 i\u015fe al\u0131m s\u00fcresi. \u0130\u015fe al\u0131m ba\u015f\u0131na daha d\u00fc\u015f\u00fck maliyet. Daha iyi aday deneyimi. Daha az i\u015fe al\u0131m g\u00f6revlisi t\u00fckenmi\u015fli\u011fi.<\/li>\n<li><strong>\u0130\u015fverenler i\u00e7in:<\/strong> Y\u00fczlerce niteliksiz \u00f6zge\u00e7mi\u015fi okumay\u0131 b\u0131rak\u0131n. Harika adaylarla g\u00f6r\u00fc\u015fmeye ve onlar\u0131 kapatmaya odaklan\u0131n.<\/li>\n<li><strong>\u0130\u015fe alma m\u00fcd\u00fcrleri i\u00e7in:<\/strong> Nitelikli adaylarla daha h\u0131zl\u0131 g\u00f6r\u00fc\u015f\u00fcn. Projeler durmadan \u00f6nce rolleri doldurun.<\/li>\n<\/ul>\n\n<p><a href=\"https:\/\/www.leaplytics.de\/tr\/ise-alim-yetenek-kazanimi-ai\/\">\u0130\u015fe Al\u0131m ve Yetenek Kazan\u0131m\u0131 i\u00e7in Yapay Zeka hakk\u0131nda daha fazla bilgi edinin \u2192<\/a><\/p>\n\n\n<hr class=\"wp-block-separator has-alpha-channel-opacity\"\/>\n\n\n\n<h4 class=\"wp-block-heading\">2. \u00c7al\u0131\u015fan \u0130\u015fe Al\u0131m\u0131<\/h4>\n\n\n<p>Yeni i\u015fe al\u0131mlar evrak i\u015fi demektir. Vergi formlar\u0131. Sosyal yard\u0131m kay\u0131tlar\u0131. Ekipman talepleri. E\u011fitim atamalar\u0131. Politika onaylar\u0131.<\/p>\n<p>\u0130\u015fe al\u0131m s\u00fcreci da\u011f\u0131n\u0131k oldu\u011funda, yeni \u00e7al\u0131\u015fanlar kendilerini kaybolmu\u015f hisseder. \u0130lk izlenimler \u00f6nemlidir ve genellikle k\u00f6t\u00fcd\u00fcr.<\/p>\n\n\n<h5 class=\"wp-block-heading\">Yapay Zeka Ne Yapar<\/h5>\n\n\n<p><strong>Belgeleri otomatik olarak i\u015fler.<\/strong><br \/>\nFormlar g\u00f6nderildi. Veriler \u00e7\u0131kar\u0131ld\u0131. Bilgiler do\u011fru sistemlere y\u00f6nlendirilir. Manuel veri giri\u015fi yok.<\/p>\n\n<p><strong>E\u011fitimi otomatik olarak atar.<\/strong><br \/>\nYapay zeka; rol, konum ve gereksinimlere g\u00f6re ki\u015fiselle\u015ftirilmi\u015f i\u015fe al\u0131m planlar\u0131 olu\u015fturur. Hi\u00e7bir \u015fey ka\u00e7\u0131r\u0131lmaz.<\/p>\n\n<p><strong>Par\u00e7a tamamlama.<\/strong><br \/>\nHangi g\u00f6revler tamamland\u0131? Neler beklemede? Yapay zeka ilerlemeyi izler ve otomatik olarak hat\u0131rlat\u0131c\u0131lar g\u00f6nderir.<\/p>\n\n<p><strong>Yeni i\u015fe al\u0131nanlar\u0131n sorular\u0131n\u0131 yan\u0131tlar.<\/strong><br \/>\n\"Nereye park edebilirim?\" \"E-postay\u0131 nas\u0131l kurar\u0131m?\" \"Sosyal yard\u0131mlar ne zaman ba\u015fl\u0131yor?\" Yapay zeka an\u0131nda do\u011fru bilgilerle yan\u0131t veriyor.<\/p>\n\n<p><strong>Tutarl\u0131 deneyimler yarat\u0131r.<\/strong><br \/>\nHer yeni i\u015fe al\u0131m ayn\u0131 kalitede olur. Art\u0131k \"size kimin yard\u0131m etti\u011fine ba\u011fl\u0131\" yok.<\/p>\n\n\n<h5 class=\"wp-block-heading\">Bu Sizin \u0130\u00e7in Ne Anlama Geliyor?<\/h5>\n\n\n<ul>\n<li><strong>\u0130K direkt\u00f6rleri i\u00e7in:<\/strong> Geni\u015f \u00f6l\u00e7ekte tutarl\u0131 i\u015fe al\u0131m. Daha h\u0131zl\u0131 \u00fcretkenlik s\u00fcresi. Yeni i\u015fe al\u0131nanlar\u0131n daha iyi elde tutulmas\u0131.<\/li>\n<li><strong>\u0130K y\u00f6neticileri i\u00e7in:<\/strong> Evrak i\u015flerini takip etmeyi b\u0131rak\u0131n. Yeni \u00e7al\u0131\u015fanlara ho\u015f kar\u015f\u0131land\u0131klar\u0131n\u0131 hissettirmeye odaklan\u0131n.<\/li>\n<li><strong>Yeni \u00e7al\u0131\u015fanlar i\u00e7in:<\/strong> Net s\u00fcre\u00e7. H\u0131zl\u0131 cevaplar. \u0130lk g\u00fcnden itibaren profesyonel deneyim.<\/li>\n<\/ul>\n\n<p><a href=\"https:\/\/www.leaplytics.de\/tr\/calisan-ise-alim-yapay-zekasi\/\">\u00c7al\u0131\u015fan Al\u0131\u015ft\u0131rma i\u00e7in Yapay Zeka hakk\u0131nda daha fazla bilgi edinin \u2192<\/a><\/p>\n\n\n<hr class=\"wp-block-separator has-alpha-channel-opacity\"\/>\n\n\n\n<h4 class=\"wp-block-heading\">3. \u00c7al\u0131\u015fan Self Servis &amp; Destek<\/h4>\n\n\n<p>\u00c7al\u0131\u015fanlar\u0131n sorular\u0131 var. Politikalar hakk\u0131nda. Sosyal haklar hakk\u0131nda. \u0130zinler hakk\u0131nda. Harcamalar hakk\u0131nda. Her \u015fey hakk\u0131nda.<\/p>\n<p>\u0130K ayn\u0131 sorular\u0131 y\u00fczlerce kez yan\u0131tl\u0131yor. Bu arada \u00e7al\u0131\u015fanlar basit konularda yan\u0131t bekliyor.<\/p>\n\n\n<h5 class=\"wp-block-heading\">Yapay Zeka Ne Yapar<\/h5>\n\n\n<p><strong>Poli\u00e7e sorular\u0131n\u0131 an\u0131nda yan\u0131tlar.<\/strong><br \/>\n\"Ka\u00e7 tatil g\u00fcn\u00fcm var?\" \"Harcama limiti nedir?\" \"Ebeveyn iznini nas\u0131l talep edebilirim?\" Yapay zeka politikalar\u0131n\u0131z\u0131 bilir ve do\u011fru yan\u0131t verir.<\/p>\n\n<p><strong>Rutin talepleri i\u015fler.<\/strong><br \/>\n\u0130zin talepleri. Adres de\u011fi\u015fiklikleri. Belge talepleri. Yapay zeka, \u0130K'n\u0131n m\u00fcdahalesi olmadan standart talepleri ele al\u0131r.<\/p>\n\n<p><strong>\u00c7al\u0131\u015fanlara s\u00fcre\u00e7ler boyunca rehberlik eder.<\/strong><br \/>\nSosyal yard\u0131m kayd\u0131, gider g\u00f6nderimi veya herhangi bir \u0130K s\u00fcreci i\u00e7in ad\u0131m ad\u0131m yard\u0131m. Kar\u0131\u015f\u0131kl\u0131k yok.<\/p>\n\n<p><strong>Gerekti\u011finde y\u00fckselir.<\/strong><br \/>\nKarma\u015f\u0131k bir durum mu? Hassas bir konu mu? Yapay zeka s\u0131n\u0131rlar\u0131 tan\u0131r ve ba\u011flam\u0131 olan bir insana y\u00f6nlendirir.<\/p>\n\n<p><strong>7\/24 ula\u015f\u0131labilir.<\/strong><br \/>\nFarkl\u0131 zaman dilimlerinde \u00e7al\u0131\u015fanlar. Geceleri sorular. Yapay zeka her zaman orada.<\/p>\n\n\n<h5 class=\"wp-block-heading\">Bu Sizin \u0130\u00e7in Ne Anlama Geliyor?<\/h5>\n\n\n<ul>\n<li><strong>\u0130K direkt\u00f6rleri i\u00e7in:<\/strong> Azalt\u0131lm\u0131\u015f \u0130K bilet hacmi. Daha iyi \u00e7al\u0131\u015fan memnuniyeti. \u0130K ekibi stratejik \u00e7al\u0131\u015fmalara odakland\u0131.<\/li>\n<li><strong>\u0130K y\u00f6neticileri i\u00e7in:<\/strong> Ayn\u0131 sorular\u0131 yan\u0131tlamay\u0131 b\u0131rak\u0131n. Rutin sorular\u0131 de\u011fil, istisnalar\u0131 ele al\u0131n.<\/li>\n<li><strong>\u00c7al\u0131\u015fanlar i\u00e7in:<\/strong> An\u0131nda cevaplar. Beklemek yok. \u0130htiya\u00e7 duyduklar\u0131nda net rehberlik.<\/li>\n<\/ul>\n\n<p><a href=\"https:\/\/www.leaplytics.de\/tr\/calisan-self-servis-destegi-ai\/\">\u00c7al\u0131\u015fan Self-Servisi i\u00e7in Yapay Zeka hakk\u0131nda daha fazla bilgi edinin \u2192<\/a><\/p>\n\n\n<hr class=\"wp-block-separator has-alpha-channel-opacity\"\/>\n\n\n\n<h4 class=\"wp-block-heading\">4. Performans Y\u00f6netimi ve Analiti\u011fi<\/h4>\n\n\n<p>Performans de\u011ferlendirmeleri sonsuza kadar s\u00fcrer. Geri bildirim toplamak. Kal\u0131plar\u0131 analiz etmek. Sorunlar\u0131 tan\u0131mlamak. \u00d6zetler yazmak.<\/p>\n<p>Ve incelemeler ger\u00e7ekle\u015fti\u011finde, sorunlar aylarca s\u00fcrm\u00fc\u015f oluyor.<\/p>\n\n\n<h5 class=\"wp-block-heading\">Yapay Zeka Ne Yapar<\/h5>\n\n\n<p><strong>Geri bildirim modellerini analiz eder.<\/strong><br \/>\n360 de\u011ferlendirme. Anket yan\u0131tlar\u0131. Y\u00f6netici notlar\u0131. Yapay zeka, geri bildirimlerdeki temalar\u0131 ve e\u011filimleri tan\u0131mlar.<\/p>\n\n<p><strong>Beceri eksikliklerini belirler.<\/strong><br \/>\nPerformans verilerine ve rol gereksinimlerine dayanarak, yapay zeka geli\u015fimin gerekli oldu\u011fu noktalar\u0131 tespit eder.<\/p>\n\n<p><strong>Elde tutma risklerini tahmin eder.<\/strong><br \/>\nBa\u011fl\u0131l\u0131k d\u00fc\u015f\u00fcyor mu? Performans modelleri de\u011fi\u015fiyor mu? Yapay zeka, \u00e7al\u0131\u015fanlar ayr\u0131lmadan \u00f6nce uyar\u0131 i\u015faretlerini tespit eder.<\/p>\n\n<p><strong>\u0130nceleme \u00f6zetleri olu\u015fturur.<\/strong><br \/>\nYapay zeka, toplanan verilere dayanarak performans \u00f6zetleri haz\u0131rlar. Y\u00f6neticiler g\u00f6zden ge\u00e7irir ve ki\u015fiselle\u015ftirir.<\/p>\n\n<p><strong>Hedefleri ve ilerlemeyi takip eder.<\/strong><br \/>\nHedef takibi. Kilometre ta\u015f\u0131 hat\u0131rlat\u0131c\u0131lar\u0131. \u0130lerleme g\u00f6r\u00fcn\u00fcrl\u00fc\u011f\u00fc. Yapay zeka, performans y\u00f6netimini ray\u0131nda tutar.<\/p>\n\n\n<h5 class=\"wp-block-heading\">Bu Sizin \u0130\u00e7in Ne Anlama Geliyor?<\/h5>\n\n\n<ul>\n<li><strong>\u0130K direkt\u00f6rleri i\u00e7in:<\/strong> Veriye dayal\u0131 yetenek kararlar\u0131. Elde tutma konusunda erken uyar\u0131. Ger\u00e7ek bo\u015fluklar\u0131 ele alan geli\u015fim programlar\u0131.<\/li>\n<li><strong>Y\u00f6neticiler i\u00e7in:<\/strong> \u0130nceleme evraklar\u0131 i\u00e7in daha az zaman. Ekip performans\u0131 hakk\u0131nda daha iyi i\u00e7g\u00f6r\u00fcler. Sorunlar\u0131 daha erken yakalay\u0131n.<\/li>\n<li><strong>\u00c7al\u0131\u015fanlar i\u00e7in:<\/strong> Daha net geri bildirim. Ger\u00e7ek ihtiya\u00e7larla uyumlu geli\u015fim. G\u00f6r\u00fcn\u00fcr kalan hedefler.<\/li>\n<\/ul>\n\n<p><a href=\"https:\/\/www.leaplytics.de\/tr\/performans-yoneti%cc%87mi%cc%87-anali%cc%87ti%cc%87k-yapay-zeka\/\">Performans Y\u00f6netimi i\u00e7in Yapay Zeka hakk\u0131nda daha fazla bilgi edinin \u2192<\/a><\/p>\n\n\n<hr class=\"wp-block-separator has-alpha-channel-opacity\"\/>\n\n\n\n<h4 class=\"wp-block-heading\">5. \u0130K Y\u00f6netimi ve Uyum<\/h4>\n\n\n<p>\u0130K, belgeler ve kurallar \u00fczerinde \u00e7al\u0131\u015f\u0131r. \u00c7al\u0131\u015fan dosyalar\u0131. Uyumluluk gereksinimleri. Politika g\u00fcncellemeleri. Raporlama y\u00fck\u00fcml\u00fcl\u00fckleri.<\/p>\n<p>Bir \u015feyi ka\u00e7\u0131rmak pahal\u0131ya mal olabilir. Denetimler streslidir. D\u00fczenlemeleri takip etmek tam zamanl\u0131 bir i\u015ftir.<\/p>\n\n\n<h5 class=\"wp-block-heading\">Yapay Zeka Ne Yapar<\/h5>\n\n\n<p><strong>\u00c7al\u0131\u015fan belgelerini d\u00fczenler.<\/strong><br \/>\nS\u00f6zle\u015fmeler. Sertifikalar. E\u011fitim kay\u0131tlar\u0131. Yapay zeka her \u015feyi do\u011fru \u015fekilde dosyalar ve bulunabilir hale getirir.<\/p>\n\n<p><strong>Uyumluluk gereksinimlerini takip eder.<\/strong><br \/>\nSertifikalar\u0131n s\u00fcresi mi doluyor? E\u011fitim gecikti mi? Gerekli belgeler eksik mi? Yapay zeka izler ve uyar\u0131r.<\/p>\n\n<p><strong>Mevzuat de\u011fi\u015fikliklerini izler.<\/strong><br \/>\n\u0130\u015f kanunu g\u00fcncellemesi mi? Yeni uyumluluk gereklili\u011fi mi? Yapay zeka, politikalar\u0131n\u0131z\u0131 etkileyen de\u011fi\u015fiklikleri takip eder.<\/p>\n\n<p><strong>\u0130K raporlar\u0131 olu\u015fturur.<\/strong><br \/>\nPersonel say\u0131s\u0131. Ciro. \u00c7e\u015fitlilik \u00f6l\u00e7\u00fcmleri. Uyumluluk durumu. Yapay zeka otomatik olarak raporlar olu\u015fturur.<\/p>\n\n<p><strong>Belgeleri denetler.<\/strong><br \/>\n\u00c7al\u0131\u015fan dosyalar\u0131 eksiksiz mi? Gerekli onaylar imzaland\u0131 m\u0131? AI bo\u015fluklar\u0131 kontrol eder ve i\u015faretler.<\/p>\n\n\n<h5 class=\"wp-block-heading\">Bu Sizin \u0130\u00e7in Ne Anlama Geliyor?<\/h5>\n\n\n<ul>\n<li><strong>\u0130K direkt\u00f6rleri i\u00e7in:<\/strong> Denetime haz\u0131r kay\u0131tlar. Daha d\u00fc\u015f\u00fck uyumluluk riski. \u0130K metriklerine net g\u00f6r\u00fcn\u00fcrl\u00fck.<\/li>\n<li><strong>\u0130K y\u00f6neticileri i\u00e7in:<\/strong> Belge aramaya son verin. Uyumlulu\u011fun takip edildi\u011fine g\u00fcvenin. \u0130nsanlara odaklan\u0131n, evrak i\u015flerine de\u011fil.<\/li>\n<li><strong>\u0130\u015f i\u00e7in:<\/strong> Azalt\u0131lm\u0131\u015f yasal risk. Uygun dok\u00fcmantasyon. \u0130\u015fleri do\u011fru yapt\u0131\u011f\u0131n\u0131z\u0131n kan\u0131t\u0131.<\/li>\n<\/ul>\n\n<p><em>\u00d6nemli: Yapay zeka y\u00f6netimi ele al\u0131r, ancak insanlarla ilgili konularda \u0130K muhakemesi esast\u0131r. Hassas kararlar her zaman insan m\u00fcdahalesine ihtiya\u00e7 duyar.<\/em><\/p>\n\n<p><a href=\"https:\/\/www.leaplytics.de\/tr\/i%cc%87k-yoneti%cc%87mi%cc%87-uyumluluk-ai\/\">\u0130K Y\u00f6netimi ve Uyumluluk i\u00e7in Yapay Zeka hakk\u0131nda daha fazla bilgi edinin \u2192<\/a><\/p>\n\n\n<hr class=\"wp-block-separator has-alpha-channel-opacity\"\/>\n\n\n\n<h3 class=\"wp-block-heading\">Yapay Zekan\u0131n Yapamayaca\u011f\u0131 \u015eeyler<\/h3>\n\n\n<p>S\u0131n\u0131rlar konusunda a\u00e7\u0131k olal\u0131m.<\/p>\n<p>Yapay zeka \u0130K uzmanlar\u0131n\u0131n yerini almaz. Zor konu\u015fmalar\u0131 yapamaz. Hassas \u00e7al\u0131\u015fan durumlar\u0131n\u0131 ele almaz. \u0130nsanlar\u0131n kariyerleri hakk\u0131nda yarg\u0131da bulunmaz.<\/p>\n<p>Rutin i\u015fleri hallediyor. Tarama. Programlama. Politika sorular\u0131. Belge takibi.<\/p>\n<p>\u0130K ekibiniz hala insan i\u015fi yap\u0131yor. Sadece daha iyi yap\u0131yorlar \u00e7\u00fcnk\u00fc idari y\u00fck ortadan kalk\u0131yor.<\/p>\n\n\n<hr class=\"wp-block-separator has-alpha-channel-opacity\"\/>\n\n\n\n<h3 class=\"wp-block-heading\">Alt Sat\u0131r<\/h3>\n\n\n<p>Yapay zekay\u0131 iyi kullanan \u0130K ekipleri daha az \u00e7al\u0131\u015fmaz. Farkl\u0131 \u00e7al\u0131\u015f\u0131rlar.<\/p>\n<p>Y\u00fczlerce \u00f6zge\u00e7mi\u015fi taramak yerine, harika adaylarla m\u00fclakat yaparlar. Tekrarlayan sorular\u0131 yan\u0131tlamak yerine, \u00e7al\u0131\u015fanlar\u0131n ger\u00e7ek sorunlar\u0131n\u0131 \u00e7\u00f6zerler. Evrak i\u015flerini takip etmek yerine insanlara odaklan\u0131rlar.<\/p>\n<p>Sonu\u00e7:<\/p>\n<ul>\n<li>Daha iyi adaylar\u0131n daha h\u0131zl\u0131 i\u015fe al\u0131nmas\u0131<\/li>\n<li>Daha iyi \u00e7al\u0131\u015fan deneyimi<\/li>\n<li>Daha d\u00fc\u015f\u00fck idari maliyetler<\/li>\n<li>\u0130K profesyonelleri ger\u00e7ekten uzmanl\u0131klar\u0131na ihtiya\u00e7 duyan i\u015fler yap\u0131yor<\/li>\n<li>S\u00fcrekli stres olmadan uyumluluk<\/li>\n<\/ul>\n<p>Bu, ekibinizi de\u011fi\u015ftirmekle ilgili de\u011fil. Onlar\u0131 daha etkili hale getirmekle ilgili.<\/p>\n\n\n<hr class=\"wp-block-separator has-alpha-channel-opacity\"\/>\n\n\n\n<h3 class=\"wp-block-heading\">Neyin M\u00fcmk\u00fcn Oldu\u011funu G\u00f6rmeye Haz\u0131r m\u0131s\u0131n\u0131z?<\/h3>\n\n\n<p>Her \u0130K ekibi farkl\u0131d\u0131r. Sizin s\u00fcre\u00e7leriniz herkesinki gibi de\u011fildir. Politikalar\u0131n\u0131z\u0131n kendine has tuhafl\u0131klar\u0131 vard\u0131r. \u00d6ncelikleriniz i\u015finize ba\u011fl\u0131d\u0131r.<\/p>\n<p>Herkese uyan tek tip \u00e7\u00f6z\u00fcmler satm\u0131yoruz. Sizin \u00f6zel \u0130K zorluklar\u0131n\u0131za bak\u0131yoruz. Yapay zekan\u0131n ger\u00e7ekten nerede yard\u0131mc\u0131 olabilece\u011fini belirliyoruz. \u00c7al\u0131\u015fma \u015feklinize uygun sistemler kuruyoruz.<\/p>\n<p>Abart\u0131 yok. Tutamayaca\u011f\u0131m\u0131z s\u00f6zler yok. Sadece \u0130K ekibinizi daha etkili hale getiren pratik yapay zeka.<\/p>\n\n<p><a href=\"https:\/\/www.leaplytics.de\/tr\/kontakt\/\">\u0130K Operasyonlar\u0131n\u0131z Hakk\u0131nda Konu\u015fal\u0131m<\/a><\/p>\n\n<p><a href=\"https:\/\/www.leaplytics.de\/tr\/yapay-zeka\/\">T\u00fcm Yapay Zeka Hizmetlerini G\u00f6r<\/a><\/p>","protected":false},"excerpt":{"rendered":"<p>Your HR Team Has Too Much Work. AI Can Help. HR work is people work. But it&#8217;s also paperwork. Applications. Onboarding documents. Policy questions. Leave requests. Performance reviews. Benefits forms. Most of it follows patterns. Screen the resume. Answer the policy question. Process the request. Send the reminder. Again. AI is built for this. It &hellip; <\/p>","protected":false},"author":2,"featured_media":0,"parent":0,"menu_order":0,"comment_status":"closed","ping_status":"closed","template":"","meta":{"footnotes":""},"class_list":["post-14409","page","type-page","status-publish","hentry","latest_post"],"_links":{"self":[{"href":"https:\/\/www.leaplytics.de\/tr\/wp-json\/wp\/v2\/pages\/14409","targetHints":{"allow":["GET"]}}],"collection":[{"href":"https:\/\/www.leaplytics.de\/tr\/wp-json\/wp\/v2\/pages"}],"about":[{"href":"https:\/\/www.leaplytics.de\/tr\/wp-json\/wp\/v2\/types\/page"}],"author":[{"embeddable":true,"href":"https:\/\/www.leaplytics.de\/tr\/wp-json\/wp\/v2\/users\/2"}],"replies":[{"embeddable":true,"href":"https:\/\/www.leaplytics.de\/tr\/wp-json\/wp\/v2\/comments?post=14409"}],"version-history":[{"count":3,"href":"https:\/\/www.leaplytics.de\/tr\/wp-json\/wp\/v2\/pages\/14409\/revisions"}],"predecessor-version":[{"id":14458,"href":"https:\/\/www.leaplytics.de\/tr\/wp-json\/wp\/v2\/pages\/14409\/revisions\/14458"}],"wp:attachment":[{"href":"https:\/\/www.leaplytics.de\/tr\/wp-json\/wp\/v2\/media?parent=14409"}],"curies":[{"name":"wp","href":"https:\/\/api.w.org\/{rel}","templated":true}]}}