{"id":14429,"date":"2025-12-19T01:30:35","date_gmt":"2025-12-19T00:30:35","guid":{"rendered":"https:\/\/www.leaplytics.de\/?page_id=14429"},"modified":"2025-12-19T01:30:36","modified_gmt":"2025-12-19T00:30:36","slug":"finansal-belge-isleme-ai","status":"publish","type":"page","link":"https:\/\/www.leaplytics.de\/tr\/finansal-belge-isleme-ai\/","title":{"rendered":"Finansal Belge \u0130\u015fleme Yapay Zekas\u0131"},"content":{"rendered":"<h2>Finansal Belge \u0130\u015fleme i\u00e7in Yapay Zeka: Yazmay\u0131 B\u0131rak\u0131n. Analize Ba\u015flay\u0131n.<\/h2>\n\n<p>Finans ekibiniz her ay y\u00fczlerce veya binlerce belgeyi i\u015fler. Faturalar. Makbuzlar. Banka ekstreleri. Gider raporlar\u0131. Sat\u0131n alma sipari\u015fleri. S\u00f6zle\u015fmeler.<\/p>\n<p>Birinin her birini okumas\u0131 gerekiyor. Verileri ay\u0131kla. Sisteminize yaz\u0131n. Do\u011fru olup olmad\u0131\u011f\u0131n\u0131 kontrol edin. Di\u011fer belgelerle e\u015fle\u015ftirin. D\u00fczg\u00fcn bir \u015fekilde dosyalay\u0131n.<\/p>\n<p>Bu finans i\u015fi de\u011fil. Bu veri giri\u015fi. Ama her g\u00fcn saatler s\u00fcr\u00fcyor.<\/p>\n<p>Yapay zeka belgeleri herhangi bir insandan daha h\u0131zl\u0131 okur. Yaz\u0131m hatas\u0131 olmadan veri \u00e7\u0131kar\u0131r. Belge 473 \u00fczerinde asla yorulmaz. Ve 7\/24 \u00e7al\u0131\u015f\u0131yor.<\/p>\n<p>Bu, ekibinizin yerini almakla ilgili de\u011fil. Ger\u00e7ek muhasebe i\u015flerini yapabilmeleri i\u00e7in onlar\u0131 belge i\u015flemeden kurtarmakla ilgilidir.<\/p>\n\n\n<hr class=\"wp-block-separator has-alpha-channel-opacity\"\/>\n\n\n\n<h3 class=\"wp-block-heading\">Finans Alan\u0131nda Belge Sorunu<\/h3>\n\n\n<p>Belgeler akla gelebilecek her formatta geliyor:<\/p>\n<ul>\n<li>Y\u00fczlerce farkl\u0131 sat\u0131c\u0131dan gelen e-posta ekleri<\/li>\n<li>Posta odan\u0131zdan taranm\u0131\u015f ka\u011f\u0131t belgeler<\/li>\n<li>\u00c7al\u0131\u015fanlardan gelen makbuzlar\u0131n foto\u011fraflar\u0131<\/li>\n<li>Asl\u0131nda aranabilir metin de\u011fil g\u00f6r\u00fcnt\u00fc olan PDF'ler<\/li>\n<li>Tablolar ve sat\u0131r \u00f6\u011feleri i\u00e7eren \u00e7ok sayfal\u0131 beyanlar<\/li>\n<li>Teslimat fi\u015fleri \u00fczerine elle yaz\u0131lm\u0131\u015f notlar<\/li>\n<\/ul>\n\n<p>Her sat\u0131c\u0131 faturalar\u0131 farkl\u0131 bi\u00e7imlendirir. Her bankan\u0131n kendi ekstre d\u00fczeni vard\u0131r. Her \u00e7al\u0131\u015fan makbuzlar\u0131 farkl\u0131 bir a\u00e7\u0131dan foto\u011frafl\u0131yor.<\/p>\n<p>Ekibiniz bunlar\u0131n hepsini ele almal\u0131. \u00d6nemli bilgileri ay\u0131klay\u0131n. ERP veya muhasebe sisteminize aktar\u0131n. Hi\u00e7bir \u015feyin g\u00f6zden ka\u00e7mad\u0131\u011f\u0131ndan emin olun.<\/p>\n<p>Zor bir i\u015f de\u011fil. Sadece zaman al\u0131c\u0131. Ve hacim artt\u0131\u011f\u0131nda, daha fazla insana ihtiyac\u0131n\u0131z olur veya daha uzun saatler \u00e7al\u0131\u015f\u0131rs\u0131n\u0131z.<\/p>\n\n\n<hr class=\"wp-block-separator has-alpha-channel-opacity\"\/>\n\n\n\n<h3 class=\"wp-block-heading\">Yapay Zeka Belge \u0130\u015fleme \u0130\u00e7in Ne Yapar?<\/h3>\n\n\n\n<h4 class=\"wp-block-heading\">T\u00fcm Belge Formatlar\u0131n\u0131 Okur<\/h4>\n\n\n<p>Yapay zekan\u0131n \u015fablonlara ihtiyac\u0131 yoktur. Yap\u0131land\u0131r\u0131lm\u0131\u015f veriye ihtiya\u00e7 duymaz. Okur:<\/p>\n<ul>\n<li><strong>PDF'ler:<\/strong> Hem metin tabanl\u0131 hem de taranm\u0131\u015f g\u00f6r\u00fcnt\u00fcler<\/li>\n<li><strong>G\u00f6r\u00fcnt\u00fcler:<\/strong> Herhangi bir kaynaktan JPEG, PNG, TIFF<\/li>\n<li><strong>E-postalar:<\/strong> G\u00f6vde metni, ekler, imzalar<\/li>\n<li><strong>Foto\u011fraflar:<\/strong> Telefonlardan gelen bulan\u0131k makbuzlar bile<\/li>\n<li><strong>\u00c7ok sayfal\u0131 belgeler:<\/strong> D\u00fczinelerce sayfal\u0131k ifadeler<\/li>\n<\/ul>\n\n<p>Farkl\u0131 dilleri idare eder. Farkl\u0131 para birimleri. Farkl\u0131 tarih formatlar\u0131. Farkl\u0131 belge d\u00fczenleri.<\/p>\n<p>Sat\u0131c\u0131n\u0131z fatura \u015fablonunu mu de\u011fi\u015ftiriyor? Yapay zeka otomatik olarak adapte olur. Yeniden programlamaya gerek yok.<\/p>\n\n\n<h4 class=\"wp-block-heading\">Tam Olarak \u0130htiyac\u0131n\u0131z Olan\u0131 \u00c7\u0131kar\u0131r<\/h4>\n\n\n<p>Faturalar i\u00e7in AI \u00e7eker:<\/p>\n<ul>\n<li>Sat\u0131c\u0131 ad\u0131 ve adresi<\/li>\n<li>Fatura numaras\u0131 ve tarihi<\/li>\n<li>Son \u00f6deme tarihi ve \u00f6deme ko\u015fullar\u0131<\/li>\n<li>A\u00e7\u0131klamalar\u0131 ve tutarlar\u0131 ile birlikte sat\u0131r kalemleri<\/li>\n<li>Ara toplamlar, vergi, toplam tutar<\/li>\n<li>Referans verildiyse PO numaralar\u0131<\/li>\n<li>\u00d6deme i\u00e7in banka hesap bilgileri<\/li>\n<\/ul>\n\n<p>Makbuzlar i\u00e7in, \u00e7\u0131kar\u0131r:<\/p>\n<ul>\n<li>Sat\u0131c\u0131 ad\u0131 ve konumu<\/li>\n<li>Tarih ve saat<\/li>\n<li>Toplam tutar<\/li>\n<li>Vergi tutar\u0131<\/li>\n<li>\u00d6deme y\u00f6ntemi<\/li>\n<li>Kalem kalem al\u0131mlar<\/li>\n<\/ul>\n\n<p>Banka hesap \u00f6zetleri i\u00e7in:<\/p>\n<ul>\n<li>Hesap numaras\u0131<\/li>\n<li>Beyan d\u00f6nemi<\/li>\n<li>A\u00e7\u0131l\u0131\u015f ve kapan\u0131\u015f bakiyeleri<\/li>\n<li>Tarih, a\u00e7\u0131klama, tutar i\u00e7eren her i\u015flem<\/li>\n<li>\u00dccretler ve faiz \u00fccretleri<\/li>\n<\/ul>\n\n<p>Yapay zeka sadece metin bulmakla kalm\u0131yor. Verilerin ne anlama geldi\u011fini anlar. Fatura numaras\u0131 ile PO numaras\u0131 aras\u0131ndaki fark\u0131 bilir. Ara toplam ile toplam aras\u0131ndaki fark\u0131. Bor\u00e7 ve alacak aras\u0131ndaki fark\u0131.<\/p>\n\n\n<h4 class=\"wp-block-heading\">Verileri Otomatik Olarak Do\u011frular<\/h4>\n\n\n<p>Yapay zeka sadece ay\u0131klay\u0131p yoluna devam etmez. Kontrol eder:<\/p>\n\n<p><strong>Matematik do\u011frulu\u011fu:<\/strong><br \/>\nSat\u0131r kalemleri alt toplam\u0131 olu\u015fturuyor mu? Ara toplam art\u0131 vergi toplam\u0131 e\u015fit mi? De\u011filse, belgeyi i\u015faretler.<\/p>\n\n<p><strong>Ana veri e\u015fle\u015ftirme:<\/strong><br \/>\nBu sat\u0131c\u0131 sisteminizde var m\u0131? Adres e\u015fle\u015fiyor mu? Hesap numaras\u0131 do\u011fru mu? Bilinmeyen sat\u0131c\u0131lar inceleme i\u00e7in i\u015faretlenir.<\/p>\n\n<p><strong>Referans do\u011frulama:<\/strong><br \/>\nBu PO numaras\u0131 var m\u0131? Bu sat\u0131c\u0131 i\u00e7in mi? Tutar e\u015fle\u015fiyor mu? Uyu\u015fmazl\u0131klar uyar\u0131lar\u0131 tetikler.<\/p>\n\n<p><strong>\u00c7ift alg\u0131lama:<\/strong><br \/>\nBu fatura daha \u00f6nce g\u00f6nderildi mi? Ayn\u0131 sat\u0131c\u0131, ayn\u0131 tutar, ayn\u0131 tarih? AI, m\u00fckerrer \u00f6deme giri\u015fimlerini yakalar.<\/p>\n\n<p><strong>Makuliyet kontrolleri:<\/strong><br \/>\nBu tutar bu sat\u0131c\u0131 i\u00e7in normalden \u00e7ok daha m\u0131 y\u00fcksek? Son \u00f6deme tarihi ge\u00e7mi\u015fte mi? Ola\u011fand\u0131\u015f\u0131 g\u00f6r\u00fcnen bir \u015fey var m\u0131? Yapay zeka ayk\u0131r\u0131 de\u011ferleri i\u015faretler.<\/p>\n\n<p>Do\u011frulama olmadan hi\u00e7bir \u015fey ge\u00e7emez. Ekibiniz yaln\u0131zca t\u00fcm kontrolleri ge\u00e7en veya belirli bir insan de\u011ferlendirmesine ihtiya\u00e7 duyan belgeleri g\u00f6r\u00fcr.<\/p>\n\n\n<h4 class=\"wp-block-heading\">Belgeleri Ak\u0131ll\u0131ca Y\u00f6nlendirir<\/h4>\n\n\n<p>\u0130\u015flendikten sonra belgelerin do\u011fru yere gitmesi gerekir:<\/p>\n\n<p><strong>Onay y\u00f6nlendirmesi:<\/strong><br \/>\nPazarlama masraf\u0131 m\u0131? Pazarlama m\u00fcd\u00fcr\u00fcne gider. $5,000'den fazla m\u0131? M\u00fcd\u00fcre gider. Sermaye harcamas\u0131? CFO'ya gider. Yapay zeka onay matrisinizi biliyor.<\/p>\n\n<p><strong>Departman tahsisi:<\/strong><br \/>\nGL kodlar\u0131na, maliyet merkezlerine veya belge i\u00e7eri\u011fine ba\u011fl\u0131 olarak, AI kodlama ve onay i\u00e7in do\u011fru departmana y\u00f6nlendirir.<\/p>\n\n<p><strong>\u0130stisna i\u015fleme:<\/strong><br \/>\nDo\u011frulama ba\u015far\u0131s\u0131z m\u0131 oldu? AP uzman kuyru\u011funa gider. Yeni sat\u0131c\u0131 m\u0131? Sat\u0131n almaya gider. Ola\u011fand\u0131\u015f\u0131 tutar? Kontrol\u00f6re gider. Her istisna t\u00fcr\u00fcn\u00fcn kendi yolu vard\u0131r.<\/p>\n\n<p><strong>\u00d6ncelik s\u0131ralamas\u0131:<\/strong><br \/>\nErken \u00f6deme indirimi mevcut mu? Y\u00fcksek \u00f6ncelikli. Gecikmi\u015f fatura? Y\u00fcksek \u00f6ncelikli. Standart 30 g\u00fcnl\u00fck vadeler? Normal s\u0131ra. Yapay zeka \u00f6nemli olana \u00f6ncelik verir.<\/p>\n\n<p>Art\u0131k bir ki\u015finin e-postas\u0131nda manuel s\u0131ralama i\u00e7in bekleyen belgeler yok. Her \u015fey otomatik olarak gitmesi gereken yere ak\u0131yor.<\/p>\n\n\n<h4 class=\"wp-block-heading\">Denetim \u0130zlerini Otomatik Olarak Olu\u015fturur<\/h4>\n\n\n<p>Her belge i\u00e7in AI kay\u0131tlar\u0131:<\/p>\n<ul>\n<li>Elimize ula\u015ft\u0131\u011f\u0131nda<\/li>\n<li>Hangi veriler \u00e7\u0131kar\u0131ld\u0131<\/li>\n<li>Hangi do\u011frulamalar ger\u00e7ekle\u015ftirildi<\/li>\n<li>Ne ge\u00e7ti veya ba\u015far\u0131s\u0131z oldu<\/li>\n<li>\u0130stisnalar\u0131 kim inceledi<\/li>\n<li>Hangi kararlar al\u0131nd\u0131<\/li>\n<li>Sisteme g\u00f6nderildi\u011finde<\/li>\n<\/ul>\n\n<p>Eksiksiz dok\u00fcmantasyon. Manuel kay\u0131t gerekmez. Denetim incelemesi i\u00e7in her \u015fey haz\u0131r.<\/p>\n\n\n<hr class=\"wp-block-separator has-alpha-channel-opacity\"\/>\n\n\n\n<h3 class=\"wp-block-heading\">Bu Sizin \u0130\u00e7in Ne Anlama Geliyor?<\/h3>\n\n\n\n<h4 class=\"wp-block-heading\">CFO'lar ve Finans Liderleri i\u00e7in<\/h4>\n\n\n<p><strong>\u0130\u015flem ba\u015f\u0131na daha d\u00fc\u015f\u00fck maliyet:<\/strong><br \/>\nBir faturan\u0131n manuel olarak i\u015flenmesi, karma\u015f\u0131kl\u0131\u011fa ba\u011fl\u0131 olarak $10-$30'a mal olur. Yapay zeka ile bu maliyet $2-$5'e d\u00fc\u015fer. \u00d6l\u00e7ek b\u00fcy\u00fct\u00fcld\u00fc\u011f\u00fcnde bu maliyet h\u0131zla artar.<\/p>\n\n<p><strong>Personel say\u0131s\u0131 b\u00fcy\u00fcmeden b\u00fcy\u00fcmeyi idare edin:<\/strong><br \/>\n\u0130\u015fletmenizin i\u015flem hacmi iki kat\u0131na m\u0131 \u00e7\u0131k\u0131yor? Yapay zeka an\u0131nda \u00f6l\u00e7eklenir. \u0130\u015fe al\u0131m yok. E\u011fitim yok. \u0130\u015fe al\u0131m s\u00fcresi yok.<\/p>\n\n<p><strong>Daha h\u0131zl\u0131 d\u00f6ng\u00fc s\u00fcreleri:<\/strong><br \/>\nBelgeler g\u00fcnlerce kuyrukta beklemek yerine ayn\u0131 g\u00fcn i\u015fleme al\u0131nd\u0131. Daha erken yakalanan \u00f6deme indirimleri. Daha iyi nakit ak\u0131\u015f\u0131 g\u00f6r\u00fcn\u00fcrl\u00fc\u011f\u00fc.<\/p>\n\n<p><strong>Daha iyi veri kalitesi:<\/strong><br \/>\nYaz\u0131m hatas\u0131 yok. Eksik alan yok. Devrik say\u0131lar yok. Daha temiz veriler, daha iyi raporlama ve daha az d\u00fczeltme anlam\u0131na gelir.<\/p>\n\n<p><strong>Ger\u00e7ek zamanl\u0131 g\u00f6r\u00fcn\u00fcrl\u00fck:<\/strong><br \/>\nTam olarak neyin s\u0131rada oldu\u011funu g\u00f6r\u00fcn. Onay bekleyen ka\u00e7 fatura var? Toplam y\u00fck\u00fcml\u00fcl\u00fck ne kadar? Art\u0131k elektronik tablo takibi yok.<\/p>\n\n\n<h4 class=\"wp-block-heading\">AP\/AR Ekipleri i\u00e7in<\/h4>\n\n\n<p><strong>Veri giri\u015fi yapmay\u0131 b\u0131rak\u0131n:<\/strong><br \/>\nArt\u0131k PDF'lerden yazmak yok. Say\u0131lar\u0131 iki kez kontrol etmek yok. Yapay zeka \u00e7\u0131karma i\u015flemini hallediyor. \u0130stisnalar\u0131 ve kararlar\u0131 siz halledersiniz.<\/p>\n\n<p><strong>Problem \u00e7\u00f6zmeye odaklan\u0131n:<\/strong><br \/>\n50 standart faturay\u0131 i\u015flemek yerine, karar verilmesi gereken 5 faturayla ilgilenirsiniz. Sat\u0131c\u0131 anla\u015fmazl\u0131klar\u0131. Eksik PO'lar. Fiyatland\u0131rma sorular\u0131. \u0130lgin\u00e7 \u015feyler.<\/p>\n\n<p><strong>Daha az tekrarlayan stres:<\/strong><br \/>\nY\u00fczlerce fatura yazmak ger\u00e7ek bir fiziksel zorlanmaya neden olur. Yapay zeka karpal t\u00fcnele yakalanmaz. Ekibiniz daha sa\u011fl\u0131kl\u0131 kal\u0131r.<\/p>\n\n<p><strong>Yo\u011fun d\u00f6nemleri kolayca idare edin:<\/strong><br \/>\nAy sonu dalgalanmas\u0131 m\u0131? \u00c7eyrek sonu h\u00fccumu? Yapay zeka yava\u015flam\u0131yor. Fazla mesaiye gerek yok. Y\u0131\u011f\u0131n\u0131 a\u015fma konusunda stres yok.<\/p>\n\n<p><strong>Daha h\u0131zl\u0131 sat\u0131c\u0131 yan\u0131tlar\u0131:<\/strong><br \/>\n\"\u00d6demem nerede?\" An\u0131nda cevap verebilirsiniz \u00e7\u00fcnk\u00fc her \u015fey sistemde. E-posta veya ka\u011f\u0131t y\u0131\u011f\u0131nlar\u0131 aras\u0131nda arama yapmak yok.<\/p>\n\n\n<h4 class=\"wp-block-heading\">T\u00fcm \u0130\u015fletme \u0130\u00e7in<\/h4>\n\n\n<p><strong>Daha az ge\u00e7 \u00f6deme cezas\u0131:<\/strong><br \/>\nBelgelerin daha h\u0131zl\u0131 i\u015flenmesi, \u00f6demelerin zaman\u0131nda yap\u0131lmas\u0131 anlam\u0131na gelir. Bir fatura bir hafta boyunca e-postada bekledi\u011fi i\u00e7in art\u0131k $50 gecikme \u00fccreti yok.<\/p>\n\n<p><strong>Daha fazla erken \u00f6deme indirimi:<\/strong><br \/>\n\"2\/10 net 30\" terimleri ger\u00e7ek tasarruf anlam\u0131na gelir. Yapay zeka, bu indirimleri ger\u00e7ekten yakalayacak kadar h\u0131zl\u0131 i\u015fler.<\/p>\n\n<p><strong>Daha iyi sat\u0131c\u0131 ili\u015fkileri:<\/strong><br \/>\nTutarl\u0131, zaman\u0131nda i\u015flem sizi daha iyi bir m\u00fc\u015fteri yapar. Sat\u0131c\u0131lar \u00f6ng\u00f6r\u00fclebilirli\u011fi takdir eder.<\/p>\n\n<p><strong>Daha h\u0131zl\u0131 \u00e7al\u0131\u015fan geri \u00f6demeleri:<\/strong><br \/>\nHaftalar de\u011fil g\u00fcnler i\u00e7inde i\u015flenen gider raporlar\u0131. Paralar\u0131n\u0131 beklemeyen daha mutlu \u00e7al\u0131\u015fanlar.<\/p>\n\n\n<hr class=\"wp-block-separator has-alpha-channel-opacity\"\/>\n\n\n\n<h3 class=\"wp-block-heading\">Yayg\u0131n Belge \u0130\u015fleme Senaryolar\u0131<\/h3>\n\n\n\n<h4 class=\"wp-block-heading\">Fatura \u0130\u015fleme<\/h4>\n\n\n<p>Fatura e-posta ile gelir. Yapay zeka:<\/p>\n<ol>\n<li>T\u00fcm fatura verilerini saniyeler i\u00e7inde \u00e7\u0131kar\u0131r<\/li>\n<li>Sat\u0131c\u0131y\u0131 ana listeye g\u00f6re kontrol eder<\/li>\n<li>E\u011fer varsa PO ile e\u015fle\u015fir<\/li>\n<li>Tutarlar\u0131 ve hesaplamalar\u0131 do\u011frular<\/li>\n<li>Tutar ve departman baz\u0131nda onay i\u00e7in y\u00f6nlendirmeler<\/li>\n<li>Sisteminizde AP giri\u015fi olu\u015fturur<\/li>\n<li>Onaylayan\u0131 tercih etti\u011fi y\u00f6ntemle bilgilendirir<\/li>\n<\/ol>\n\n<p>Toplam s\u00fcre: Bir dakikadan az. \u0130nsan m\u00fcdahalesi: Sadece onay karar\u0131.<\/p>\n\n\n<h4 class=\"wp-block-heading\">Gider Raporu \u0130\u015fleme<\/h4>\n\n\n<p>\u00c7al\u0131\u015fan 12 makbuzla birlikte harcama raporu g\u00f6nderir. AI:<\/p>\n<ol>\n<li>Buru\u015fturulmu\u015f ka\u011f\u0131tlar\u0131n foto\u011fraflar\u0131 da dahil olmak \u00fczere t\u00fcm makbuzlar\u0131 okur<\/li>\n<li>Her bir sat\u0131c\u0131dan sat\u0131c\u0131, tarih ve tutar\u0131 \u00e7\u0131kar\u0131r<\/li>\n<li>\u015eirket politikas\u0131na kar\u015f\u0131 kontroller (miktar limitleri, izin verilen kategoriler)<\/li>\n<li>Poli\u00e7e d\u0131\u015f\u0131 kalemleri i\u015faretler<\/li>\n<li>Gider raporunu otomatik olarak doldurur<\/li>\n<li>Onay i\u00e7in y\u00f6neticiye y\u00f6nlendirir<\/li>\n<li>Geri \u00f6deme i\u00e7in kuyruklar<\/li>\n<\/ol>\n\n<p>\u00c7al\u0131\u015fan hi\u00e7bir \u015fey yazmaz. Y\u00f6netici, t\u00fcm makbuzlar\u0131n eklendi\u011fi temiz bir \u00f6zet g\u00f6r\u00fcr. Geri \u00f6deme daha h\u0131zl\u0131 ger\u00e7ekle\u015fir.<\/p>\n\n\n<h4 class=\"wp-block-heading\">Ekstre Mutabakat\u0131<\/h4>\n\n\n<p>Ayl\u0131k banka ekstresi geldi. Yapay zeka:<\/p>\n<ol>\n<li>Ekstredeki her i\u015flemi \u00e7\u0131kar\u0131r<\/li>\n<li>Sisteminizdeki i\u015flemlerle e\u015fle\u015fir<\/li>\n<li>Her iki taraftaki e\u015fle\u015fmeyen \u00f6\u011feleri tan\u0131mlar<\/li>\n<li>Ola\u011fand\u0131\u015f\u0131 i\u015flemleri i\u015faretler (b\u00fcy\u00fck tutarlar, tan\u0131d\u0131k olmayan alacakl\u0131lar)<\/li>\n<li>Neyin e\u015fle\u015fip neyin e\u015fle\u015fmedi\u011fini g\u00f6steren mutabakat raporu olu\u015fturur<\/li>\n<li>\u0130nsan incelemesi i\u00e7in istisnalar sunar<\/li>\n<\/ol>\n\n<p>Eskiden saatler s\u00fcren i\u015flemler art\u0131k dakikalar al\u0131yor. Ekibiniz yaln\u0131zca otomatik olarak e\u015fle\u015fmeyen \u00f6\u011felere odaklan\u0131yor.<\/p>\n\n\n<hr class=\"wp-block-separator has-alpha-channel-opacity\"\/>\n\n\n\n<h3 class=\"wp-block-heading\">Yapay Zekan\u0131n Yapamad\u0131klar\u0131<\/h3>\n\n\n<p>S\u0131n\u0131rlamalar konusunda d\u00fcr\u00fcst olal\u0131m:<\/p>\n\n<p><strong>Ger\u00e7ekten benzersiz durumlarla ba\u015fa \u00e7\u0131kamaz:<\/strong><br \/>\nStandart faturalar m\u0131? M\u00fckemmel. Ama al\u0131\u015f\u0131lmad\u0131k \u00f6deme ko\u015fullar\u0131na sahip tek seferlik lisans anla\u015fmas\u0131? Hala insan incelemesi gerekiyor.<\/p>\n\n<p><strong>Karar veremez:<\/strong><br \/>\nBu ihtilafl\u0131 faturay\u0131 \u00f6demeli miyiz? Bu sat\u0131c\u0131 ili\u015fkisi s\u00fcrd\u00fcr\u00fclmeye de\u011fer mi? Bunlar i\u015f kararlar\u0131d\u0131r, i\u015flem kararlar\u0131 de\u011fil.<\/p>\n\n<p><strong>Tamamen yok edilmi\u015f belgeleri okuyamaz:<\/strong><br \/>\nE\u011fer bir insan say\u0131lar\u0131 anlayam\u0131yorsa, yapay zeka da anlayamaz. A\u011f\u0131r hasar g\u00f6rm\u00fc\u015f belgelerin hala insan m\u00fcdahalesine ihtiyac\u0131 vard\u0131r.<\/p>\n\n<p><strong>S\u00f6zl\u00fc anla\u015fmalarla ba\u015fa \u00e7\u0131kamaz:<\/strong><br \/>\n\"Onlara Cuma g\u00fcn\u00fcne kadar \u00f6deme yapaca\u011f\u0131m\u0131z\u0131 s\u00f6yledim\" sadece belgelenmi\u015fse \u00f6nemlidir. Yapay zeka yaz\u0131l\u0131 olanla \u00e7al\u0131\u015f\u0131r, s\u00f6ylenenle de\u011fil.<\/p>\n\n<p><strong>\u00c7\u0131karmak i\u00e7in net verilere ihtiya\u00e7 duyar:<\/strong><br \/>\nBelgede kritik bilgiler eksikse, yapay zeka bunu i\u015faretler ancak verileri icat edemez. Yine de birinin eksik fatura numaras\u0131n\u0131 bulmas\u0131 gerekir.<\/p>\n\n<p>Yapay zeka rutin i\u015flemleri m\u00fckemmel bir \u015fekilde halleder. Geri kalan her \u015fey i\u00e7in ekibinizin uzmanl\u0131\u011f\u0131na ihtiya\u00e7 var.<\/p>\n\n\n<hr class=\"wp-block-separator has-alpha-channel-opacity\"\/>\n\n\n\n<h3 class=\"wp-block-heading\">Ba\u015flarken<\/h3>\n\n\n<p>Belge i\u015fleme yapay zekas\u0131, odaklanmaya ba\u015flad\u0131\u011f\u0131n\u0131zda en iyi \u015fekilde \u00e7al\u0131\u015f\u0131r:<\/p>\n\n<p><strong>\u00d6nce bir belge t\u00fcr\u00fc se\u00e7in:<\/strong><br \/>\nHer \u015feyi ayn\u0131 anda otomatikle\u015ftirmeye \u00e7al\u0131\u015fmay\u0131n. En y\u00fcksek hacimli belge t\u00fcr\u00fcn\u00fczle ba\u015flay\u0131n. Genellikle faturalar veya gider makbuzlar\u0131.<\/p>\n\n<p><strong>En temiz verilerinizle ba\u015flay\u0131n:<\/strong><br \/>\nTutarl\u0131 bi\u00e7imlendirmeye sahip b\u00fcy\u00fck tedarik\u00e7iler en kolay\u0131d\u0131r. \u00d6nce orada kazan\u0131n, sonra daha de\u011fi\u015fken belgelere ge\u00e7in.<\/p>\n\n<p><strong>Ba\u015flang\u0131\u00e7ta insanlar\u0131 d\u00f6ng\u00fc i\u00e7inde tutun:<\/strong><br \/>\nYapay zekan\u0131n i\u015flemesine izin verin, ancak \u00f6nce ekibinizin her \u015feyi g\u00f6zden ge\u00e7irmesini sa\u011flay\u0131n. Sisteme g\u00fcven olu\u015fturun. Do\u011frulama kurallar\u0131n\u0131 ayarlay\u0131n.<\/p>\n\n<p><strong>Zaman tasarrufunu \u00f6l\u00e7\u00fcn:<\/strong><br \/>\n\u0130\u015flemin \u00f6ncesinde ve sonras\u0131nda ne kadar s\u00fcrd\u00fc\u011f\u00fcn\u00fc takip edin. Hata oranlar\u0131n\u0131 \u00f6l\u00e7\u00fcn. \u0130yile\u015fmeyi belgeleyin. Bu, de\u011feri kan\u0131tlar.<\/p>\n\n<p><strong>Yava\u015f yava\u015f geni\u015fletin:<\/strong><br \/>\nBir belge t\u00fcr\u00fc iyi \u00e7al\u0131\u015ft\u0131\u011f\u0131nda, di\u011ferini ekleyin. Otomatik i\u015fleme yeteneklerinizi zaman i\u00e7inde olu\u015fturun.<\/p>\n\n<p>Bu ya hep ya hi\u00e7 de\u011fildir. K\u00fc\u00e7\u00fck ba\u015flayabilir, de\u011ferini kan\u0131tlayabilir ve ard\u0131ndan \u00f6l\u00e7e\u011fi b\u00fcy\u00fctebilirsiniz.<\/p>\n\n\n<hr class=\"wp-block-separator has-alpha-channel-opacity\"\/>\n\n\n\n<h3 class=\"wp-block-heading\">Belgeleri Manuel Olarak \u0130\u015flemeyi B\u0131rakmaya Haz\u0131r m\u0131s\u0131n\u0131z?<\/h3>\n\n\n<p>Her finans departman\u0131 farkl\u0131 belge hacimlerine, formatlar\u0131na ve i\u015f ak\u0131\u015flar\u0131na sahiptir. \u00c7erez kesici \u00e7\u00f6z\u00fcmler i\u015fe yaramaz.<\/p>\n<p>Ger\u00e7ek belgelerinize bak\u0131yoruz. Sistemlerinize. Onay s\u00fcre\u00e7lerinize. \u0130stisna i\u015fleme ihtiya\u00e7lar\u0131n\u0131z.<\/p>\n<p>Ard\u0131ndan, ger\u00e7ekte nas\u0131l \u00e7al\u0131\u015ft\u0131\u011f\u0131n\u0131za uyan yapay zeka belge i\u015fleme olu\u015fturuyoruz. Teori de\u011fil. Genel \u015fablonlar de\u011fil. Size \u00f6zel i\u015f ak\u0131\u015flar\u0131.<\/p>\n<p>K\u00fc\u00e7\u00fckten ba\u015flayaca\u011f\u0131z. \u0130\u015fe yarad\u0131\u011f\u0131n\u0131 kan\u0131tlayaca\u011f\u0131z. Sonra geni\u015fletiyoruz. B\u00fcy\u00fck bir \u00f6n yat\u0131r\u0131m yok. Devam eden operasyonlarda kesinti yok.<\/p>\n\n<p><strong><a href=\"https:\/\/www.leaplytics.de\/tr\/kontakt\/\">Belge \u0130\u015flemleriniz Hakk\u0131nda Bizimle Konu\u015fun<\/a><\/strong><\/p>\n\n<p><a href=\"https:\/\/www.leaplytics.de\/tr\/finans-ai\/\">Finans Yapay Zekas\u0131na Genel Bak\u0131\u015f'a geri d\u00f6n\u00fcn<\/a><\/p>","protected":false},"excerpt":{"rendered":"<p>AI for Financial Document Processing: Stop Typing. Start Analyzing. Your finance team processes hundreds or thousands of documents every month. Invoices. Receipts. Bank statements. Expense reports. Purchase orders. Contracts. Someone has to read every one. Extract the data. Type it into your system. Check it&#8217;s correct. Match it to other documents. File it properly. That&#8217;s &hellip; <\/p>","protected":false},"author":2,"featured_media":0,"parent":0,"menu_order":0,"comment_status":"closed","ping_status":"closed","template":"","meta":{"footnotes":""},"class_list":["post-14429","page","type-page","status-publish","hentry","latest_post"],"_links":{"self":[{"href":"https:\/\/www.leaplytics.de\/tr\/wp-json\/wp\/v2\/pages\/14429","targetHints":{"allow":["GET"]}}],"collection":[{"href":"https:\/\/www.leaplytics.de\/tr\/wp-json\/wp\/v2\/pages"}],"about":[{"href":"https:\/\/www.leaplytics.de\/tr\/wp-json\/wp\/v2\/types\/page"}],"author":[{"embeddable":true,"href":"https:\/\/www.leaplytics.de\/tr\/wp-json\/wp\/v2\/users\/2"}],"replies":[{"embeddable":true,"href":"https:\/\/www.leaplytics.de\/tr\/wp-json\/wp\/v2\/comments?post=14429"}],"version-history":[{"count":1,"href":"https:\/\/www.leaplytics.de\/tr\/wp-json\/wp\/v2\/pages\/14429\/revisions"}],"predecessor-version":[{"id":14430,"href":"https:\/\/www.leaplytics.de\/tr\/wp-json\/wp\/v2\/pages\/14429\/revisions\/14430"}],"wp:attachment":[{"href":"https:\/\/www.leaplytics.de\/tr\/wp-json\/wp\/v2\/media?parent=14429"}],"curies":[{"name":"wp","href":"https:\/\/api.w.org\/{rel}","templated":true}]}}