{"id":14440,"date":"2025-12-19T01:44:28","date_gmt":"2025-12-19T00:44:28","guid":{"rendered":"https:\/\/www.leaplytics.de\/?page_id=14440"},"modified":"2025-12-19T01:44:29","modified_gmt":"2025-12-19T00:44:29","slug":"calisan-ise-alim-yapay-zekasi","status":"publish","type":"page","link":"https:\/\/www.leaplytics.de\/tr\/calisan-ise-alim-yapay-zekasi\/","title":{"rendered":"\u00c7al\u0131\u015fan Al\u0131\u015ft\u0131rma Yapay Zekas\u0131"},"content":{"rendered":"<h2>\u00c7al\u0131\u015fan \u0130\u015fe Al\u0131m\u0131nda Yapay Zeka: B\u00fcy\u00fck \u00d6l\u00e7ekte Harika \u0130lk \u0130zlenimler Yarat\u0131n<\/h2>\n\n<p>\u0130lk izlenimler \u00f6nemlidir. Yeni bir \u00e7al\u0131\u015fan i\u015fe ba\u015flad\u0131\u011f\u0131nda, ilk hafta ona \u015firketiniz hakk\u0131nda her \u015feyi anlat\u0131r.<\/p>\n<p>Sorunsuz i\u015fe al\u0131m m\u0131? Profesyonel. D\u00fczenli. Do\u011fru se\u00e7imi yapt\u0131klar\u0131ndan emin hissediyorlar.<\/p>\n<p>Da\u011f\u0131n\u0131k i\u015fe al\u0131m m\u0131? Kay\u0131p. Kafas\u0131 kar\u0131\u015fm\u0131\u015f. Kendilerini neyin i\u00e7ine soktuklar\u0131n\u0131 merak ediyorlar. Baz\u0131lar\u0131 ger\u00e7ekten ba\u015flamadan b\u0131rak\u0131yor.<\/p>\n<p>Sorun: i\u015fe al\u0131\u015ft\u0131rma tekrarl\u0131 ama ayr\u0131nt\u0131l\u0131d\u0131r. Her i\u015fe al\u0131m i\u00e7in ayn\u0131 s\u00fcre\u00e7. Ancak her birinin evrak i\u015fleri, sistemlere eri\u015fimi, ekipman\u0131, e\u011fitimi, tan\u0131t\u0131mlar\u0131 vard\u0131r. Bir \u015feyi g\u00f6zden ka\u00e7\u0131r\u0131rsan\u0131z sorun yarat\u0131rs\u0131n\u0131z.<\/p>\n<p>Yapay zeka bunu m\u00fckemmel bir \u015fekilde halleder. Her seferinde ayn\u0131 s\u00fcreci takip eder. Hi\u00e7bir ad\u0131m\u0131 unutmaz. Neyin yap\u0131ld\u0131\u011f\u0131n\u0131 ve neyin beklemede oldu\u011funu takip eder. Yeni i\u015fe al\u0131nanlar\u0131n sorular\u0131n\u0131 an\u0131nda yan\u0131tlar.<\/p>\n<p>Ekibiniz evrak i\u015flerini takip etmeyi b\u0131rak\u0131r ve insanlar\u0131 kar\u015f\u0131lamaya ba\u015flar.<\/p>\n\n\n<hr class=\"wp-block-separator has-alpha-channel-opacity\"\/>\n\n\n\n<h3 class=\"wp-block-heading\">\u0130\u015fe Al\u0131\u015ft\u0131rma Neden Olmas\u0131 Gerekti\u011finden Daha Zor<\/h3>\n\n\n<p>\u0130\u015fe al\u0131m ka\u011f\u0131t \u00fczerinde basit g\u00f6r\u00fcn\u00fcyor. Yeni i\u015fe al\u0131m. Evrak i\u015fleri. E\u011fitim. Bitti.<\/p>\n<p>Ger\u00e7ek daha karma\u015f\u0131kt\u0131r.<\/p>\n<p>Formlar eksik geliyor. Birisi bileti g\u00f6ndermeyi unuttu\u011fu i\u00e7in BT eri\u015fimi gecikiyor. E\u011fitim atamalar\u0131 manueldir - birisinin her rol i\u00e7in neyin gerekli oldu\u011funa bakmas\u0131 gerekir. Ekipman sipari\u015fleri g\u00f6zden ka\u00e7\u0131yor. Yeni i\u015fe al\u0131nanlar\u0131n sorular\u0131 var ancak \u0130K di\u011fer yang\u0131nlarla me\u015fgul.<\/p>\n<p>Yeni \u00e7al\u0131\u015fan oturup bekler. Belki sistem eri\u015fimi i\u00e7in. Belki ekipman i\u00e7in. Belki de birinin onlara ne yapmalar\u0131 gerekti\u011fini s\u00f6ylemesini. \u0130yi bir ba\u015flang\u0131\u00e7 de\u011fil.<\/p>\n<p>\u0130K ekibiniz bunun k\u00f6t\u00fc oldu\u011funu biliyor. Tembel ya da beceriksiz de\u011filler. Bunalm\u0131\u015f durumdalar. Her yeni i\u015fe al\u0131m, birden fazla sistemde 20'den fazla g\u00f6rev anlam\u0131na geliyor. Bunu ayda her i\u015fe al\u0131mla \u00e7arp\u0131n ve kaos ortaya \u00e7\u0131kar.<\/p>\n<p>Baz\u0131 yeni i\u015fe al\u0131nanlar, do\u011fru ki\u015fi onlara yard\u0131mc\u0131 oldu\u011fu i\u00e7in harika bir i\u015fe al\u0131m s\u00fcreci ge\u00e7irir. Di\u011ferleri ise yo\u011fun bir haftada ba\u015flad\u0131klar\u0131 i\u00e7in berbat bir deneyim ya\u015farlar. Her \u015fey manuel oldu\u011funda tutarl\u0131l\u0131k imkans\u0131zd\u0131r.<\/p>\n<p>Bu bir insan sorunu de\u011fil. Bu bir s\u00fcre\u00e7 sorunu. Ve yapay zeka s\u00fcre\u00e7ler i\u00e7in geli\u015ftirilmi\u015ftir.<\/p>\n\n\n<hr class=\"wp-block-separator has-alpha-channel-opacity\"\/>\n\n\n\n<h3 class=\"wp-block-heading\">Yapay Zeka \u0130\u015fe Al\u0131mda Ne \u0130\u015fe Yarar?<\/h3>\n\n\n<p>Yapay zeka, i\u015fe al\u0131mda \u0130K'n\u0131n yerini almaz. Hi\u00e7bir \u015feyin g\u00f6zden ka\u00e7mamas\u0131n\u0131 sa\u011flar. \u0130\u015fte b\u00f6yle.<\/p>\n\n\n<h4 class=\"wp-block-heading\">Ger\u00e7ekten \u0130\u015fe Yarayan Belge \u0130\u015fleme<\/h4>\n\n\n<p>Yeni i\u015fe al\u0131nanlar form g\u00f6nderir. Vergi belgeleri. Do\u011frudan para yat\u0131rma bilgileri. Acil durum ki\u015fileri. Yan haklar kayd\u0131. Poli\u00e7e onaylar\u0131.<\/p>\n<p>Birinin her formu g\u00f6zden ge\u00e7irmesi gerekiyor. Verileri ay\u0131klamal\u0131. Sistemlere girmek. Belgeleri dosyalay\u0131n. Hi\u00e7bir \u015feyin eksik olmad\u0131\u011f\u0131ndan emin olun.<\/p>\n<p>Yapay zeka bunu otomatik olarak yapar.<\/p>\n<p>Form gelir. Yapay zeka bilgileri \u00e7\u0131kar\u0131r. Gerekli alanlar\u0131n eksiksiz oldu\u011funu do\u011frular. Verileri do\u011fru sistemlere (HRIS, bordro, sosyal yard\u0131m platformu) y\u00f6nlendirir. Belgeyi \u00e7al\u0131\u015fan kayd\u0131nda dosyalar. Eksik veya yanl\u0131\u015f olan her \u015feyi i\u015faretler.<\/p>\n<p>Manuel veri giri\u015fi yok. Transkripsiyon hatas\u0131 yok. Birinin gelen kutusunda kaybolan formlar yok. Sadece i\u015flenir ve biter.<\/p>\n<p>Formlar eksik oldu\u011funda, YZ yeni i\u015fe al\u0131nan ki\u015fiyi derhal bilgilendirir: \"Do\u011frudan para yat\u0131rma formunuzda hesap numaras\u0131 eksik. L\u00fctfen yeniden g\u00f6nderin.\" \u00dc\u00e7 g\u00fcn sonra \u0130K nihayet inceledi\u011finde de\u011fil, hemen.<\/p>\n<p>Bu tek ba\u015f\u0131na yeni i\u015fe al\u0131nan ki\u015fi ba\u015f\u0131na saat tasarrufu sa\u011flar. Y\u0131lda d\u00fczinelerce veya y\u00fczlerce i\u015fe al\u0131m yap\u0131ld\u0131\u011f\u0131nda, bu tasarruf h\u0131zla artar.<\/p>\n\n\n<h4 class=\"wp-block-heading\">Asl\u0131nda Ki\u015fiselle\u015ftirilmi\u015f E\u011fitim G\u00f6revi<\/h4>\n\n\n<p>Her rol i\u00e7in gerekli e\u011fitimler vard\u0131r. Uyum e\u011fitimi. Sistem e\u011fitimi. Role \u00f6zel e\u011fitim. Departman oryantasyonu.<\/p>\n<p>Bunu manuel olarak atamak s\u0131k\u0131c\u0131d\u0131r. Bu rol i\u00e7in nelerin gerekli oldu\u011funa bak\u0131n. Konuma \u00f6zg\u00fc gereksinimleri kontrol edin. Departmana \u00f6zel i\u00e7erik ekleyin. E\u011fitim plan\u0131n\u0131 olu\u015fturun. Ki\u015fiyi kaydedin. Tamamlanmas\u0131n\u0131 takip edin.<\/p>\n<p>Yapay zeka bunu halleder.<\/p>\n<p>Yeni i\u015fe al\u0131m verileri sisteme girer-rol, departman, konum. Yapay zeka, her kombinasyon i\u00e7in hangi e\u011fitimin gerekli oldu\u011funu bilir. Otomatik olarak ki\u015fiselle\u015ftirilmi\u015f bir i\u015fe al\u0131m plan\u0131 olu\u015fturur. Yeni i\u015fe al\u0131nan ki\u015fiyi do\u011fru kurslara kaydeder. \u00d6nceli\u011fe g\u00f6re son tarihleri belirler.<\/p>\n<p>Kaliforniya'da sat\u0131\u015f temsilcisi mi? Sat\u0131\u015f e\u011fitimi, Kaliforniya'ya \u00f6zg\u00fc uyumluluk, \u015firket oryantasyonu ve CRM e\u011fitimi al\u0131rlar. Almanya'daki yaz\u0131l\u0131m m\u00fchendisi? Farkl\u0131 uyumluluk, farkl\u0131 ara\u00e7lar, farkl\u0131 i\u015fe al\u0131m yolu.<\/p>\n<p>Herkes i\u00e7in ayn\u0131 kalite. Hi\u00e7bir \u015fey atlanmad\u0131. Manuel arama yok.<\/p>\n\n\n<h4 class=\"wp-block-heading\">\u0130\u015flerin Devam Etmesini Sa\u011flayan Tamamlama Takibi<\/h4>\n\n\n<p>\u0130\u015fe al\u0131\u015ft\u0131rma tek bir g\u00f6rev de\u011fil, 30 g\u00f6revdir. Baz\u0131lar\u0131 h\u0131zl\u0131d\u0131r. Baz\u0131lar\u0131 g\u00fcnler s\u00fcrer. Baz\u0131lar\u0131 \u00f6nce di\u011fer g\u00f6revlerin yap\u0131lmas\u0131na ba\u011fl\u0131d\u0131r.<\/p>\n<p>T\u00fcm bunlar\u0131 kim takip ediyor? Genellikle elektronik tablosu olan bir \u0130K koordinat\u00f6r\u00fc. \"BT hesaplar\u0131n\u0131 ayarlad\u0131 m\u0131? Uyum e\u011fitimini tamamlad\u0131lar m\u0131? I-9'lar\u0131n\u0131 g\u00f6nderdiler mi? M\u00fcd\u00fcrleri bir check-in planlad\u0131 m\u0131?\"<\/p>\n<p>Yapay zeka her \u015feyi otomatik olarak izler.<\/p>\n<p>Her g\u00f6revin bir durumu vard\u0131r. Ba\u015flamad\u0131. Devam ediyor. Tamamland\u0131. Gecikmi\u015f. Yapay zeka bunlar\u0131n hepsini ger\u00e7ek zamanl\u0131 olarak izler.<\/p>\n<p>Bir \u015feyin s\u00fcresi ge\u00e7ti\u011finde, yapay zeka hat\u0131rlat\u0131c\u0131lar g\u00f6nderir. Bir \u015fey yapmalar\u0131 gerekiyorsa yeni i\u015fe al\u0131nan ki\u015fiye. Bir \u015fey tak\u0131ld\u0131ysa \u0130K'ya. Harekete ge\u00e7meleri gerekiyorsa y\u00f6neticilere.<\/p>\n<p>Hi\u00e7bir \u015fey g\u00f6zden ka\u00e7maz. Kimse 10 yeni i\u015fe al\u0131mdaki 30 g\u00f6revi manuel olarak takip etmek zorunda de\u011fil. Sistem bunu hallediyor.<\/p>\n<p>\u0130K bir g\u00f6sterge tablosu g\u00f6r\u00fcr: bir bak\u0131\u015fta her yeni i\u015fe al\u0131m i\u00e7in i\u015fe al\u0131m durumu. Kim yolda. Kim engellenmi\u015f. Dikkat edilmesi gerekenler. \u0130\u015fte bu kadar.<\/p>\n\n\n<h4 class=\"wp-block-heading\">Her Zaman Kullan\u0131labilir Yeni \u0130\u015fe Al\u0131m Deste\u011fi<\/h4>\n\n\n<p>Yeni i\u015fe al\u0131nanlar\u0131n sorular\u0131 vard\u0131r. Bir s\u00fcr\u00fc.<\/p>\n<p>\"Nereye park edebilirim?\" \"E-posta adresimi nas\u0131l ayarlar\u0131m?\" \"Sosyal haklar ne zaman ba\u015flar?\" \"\u00c7al\u0131\u015fan el kitab\u0131n\u0131 nerede bulabilirim?\" \"K\u0131yafet y\u00f6netmeli\u011fi nedir?\" \"Harcamalar\u0131m\u0131 nas\u0131l g\u00f6nderirim?\"<\/p>\n<p>Bunlar basit sorular. Ancak birilerinin bunlara cevap vermesi gerekir. Ve yeni i\u015fe ba\u015flayanlar genellikle mesai saatleri d\u0131\u015f\u0131nda - \u00f6rne\u011fin Pazartesi g\u00fcn\u00fc i\u015fe ba\u015flamadan \u00f6nceki Pazar gecesi - bu sorularla kar\u015f\u0131la\u015f\u0131rlar.<\/p>\n<p>Yapay zeka sohbet robotu bunu halleder. 24\/7. An\u0131nda.<\/p>\n<p>Politikalar\u0131n\u0131z\u0131 biliyor. Prosed\u00fcrlerinizi biliyor. Yayg\u0131n yeni i\u015fe al\u0131m sorular\u0131n\u0131 bilir. Do\u011fru ve an\u0131nda cevap verir.<\/p>\n<p>Karma\u015f\u0131k veya hassas sorular i\u00e7in ba\u011flam\u0131 olan bir insana y\u00f6nlendirir. Ancak rutin olan 80% i\u00e7in bunlar\u0131 \u0130K'y\u0131 dahil etmeden ele al\u0131r.<\/p>\n<p>Yeni i\u015fe al\u0131nanlar desteklendiklerini hissediyor. \u0130K s\u00fcrekli ayn\u0131 sorularla u\u011fra\u015fm\u0131yor. Herkes daha mutlu.<\/p>\n\n\n<h4 class=\"wp-block-heading\">Hacim Ne Olursa Olsun Tutarl\u0131 Deneyim<\/h4>\n\n\n<p>Manuel i\u015fe al\u0131mda as\u0131l sorun \u015fu: kalite de\u011fi\u015fkenlik g\u00f6steriyor.<\/p>\n<p>\u0130K sessizken yeni biri i\u015fe ba\u015flar. Beyaz eldiven hizmeti al\u0131rlar. Her \u015fey m\u00fckemmeldir. Bir sonraki i\u015fe al\u0131m yo\u011fun bir haftada ba\u015flar. Acele i\u015fe al\u0131m. Baz\u0131 \u015feyler g\u00f6zden ka\u00e7ar. Daha k\u00f6t\u00fc bir deneyim.<\/p>\n<p>Yapay zeka ile her yeni i\u015fe al\u0131m ayn\u0131 kalitede olur. Ayn\u0131 s\u00fcre\u00e7. Ayn\u0131 b\u00fct\u00fcnl\u00fck. Ayn\u0131 duyarl\u0131l\u0131k.<\/p>\n<p>O hafta 1 ki\u015fiyi ya da 20 ki\u015fiyi i\u015fe alman\u0131z fark etmez. Yapay zeka bunu ayn\u0131 kalitede halleder.<\/p>\n<p>Bu, \u00f6zellikle mevsimsel art\u0131\u015flar, b\u00fcy\u00fcme a\u015famalar\u0131, i\u015fe al\u0131mlar\u0131n donduruldu\u011fu de\u011fi\u015fken i\u015fe al\u0131mlara sahip \u015firketler i\u00e7in kritik \u00f6neme sahiptir. Yapay zeka an\u0131nda \u00f6l\u00e7eklenir.<\/p>\n\n\n<hr class=\"wp-block-separator has-alpha-channel-opacity\"\/>\n\n\n\n<h3 class=\"wp-block-heading\">Bu Sizin \u0130\u00e7in Ne Anlama Geliyor?<\/h3>\n\n\n\n<h4 class=\"wp-block-heading\">\u0130K Direkt\u00f6rleri ve \u0130nsan Kaynaklar\u0131 Liderleri i\u00e7in<\/h4>\n\n\n<ul>\n<li><strong>Geni\u015f \u00f6l\u00e7ekte tutarl\u0131 i\u015fe al\u0131m.<\/strong> O ay 2 ki\u015fi de i\u015fe alsan\u0131z 20 ki\u015fi de i\u015fe alsan\u0131z ayn\u0131 kalitede.<\/li>\n<li><strong>Daha h\u0131zl\u0131 \u00fcretkenlik s\u00fcresi.<\/strong> Yeni i\u015fe al\u0131nanlar ilk g\u00fcnden itibaren ihtiya\u00e7 duyduklar\u0131 \u015feylere sahip olurlar. Eri\u015fim veya bilgi i\u00e7in beklemek yok.<\/li>\n<li><strong>Daha iyi yeni i\u015fe al\u0131m.<\/strong> \u0130yi i\u015fe al\u0131m deneyimleri, elde tutma ile do\u011frudan ili\u015fkilidir. Erken desteklendi\u011fini hisseden insanlar daha uzun s\u00fcre kal\u0131rlar.<\/li>\n<li><strong>Daha d\u00fc\u015f\u00fck \u0130K idari y\u00fck\u00fc.<\/strong> Formlar\u0131 takip etmek i\u00e7in daha az zaman. Tamamlama takibi i\u00e7in daha az zaman. Rutin sorular\u0131 yan\u0131tlamak i\u00e7in daha az zaman.<\/li>\n<li><strong>\u0130\u015fe al\u0131m kalitesine ili\u015fkin g\u00f6r\u00fcn\u00fcrl\u00fck.<\/strong> Tamamlanma oranlar\u0131, darbo\u011fazlar, \u00fcretkenlik s\u00fcresine ili\u015fkin veriler. Neyin i\u015fe yaray\u0131p neyin yaramad\u0131\u011f\u0131n\u0131 g\u00f6rebilirsiniz.<\/li>\n<li><strong>Daha iyi i\u015fveren markas\u0131.<\/strong> Yeni i\u015fe al\u0131nanlar konu\u015fur. \u0130yi bir i\u015fe al\u0131m, olumlu a\u011f\u0131zdan a\u011f\u0131za ileti\u015fim yarat\u0131r. K\u00f6t\u00fc i\u015fe al\u0131m ise tam tersini yapar.<\/li>\n<\/ul>\n\n\n<h4 class=\"wp-block-heading\">\u0130K Y\u00f6neticileri ve Koordinat\u00f6rleri i\u00e7in<\/h4>\n\n\n<ul>\n<li><strong>Evrak i\u015flerini takip etmeyi b\u0131rak\u0131n.<\/strong> Yapay zeka belgeleri otomatik olarak i\u015fler. Siz yaln\u0131zca istisnalar\u0131 g\u00f6zden ge\u00e7irirsiniz.<\/li>\n<li><strong>G\u00f6revleri manuel olarak takip etmeyi b\u0131rak\u0131n.<\/strong> Sistem her \u015feyi takip ediyor. Her ayr\u0131nt\u0131y\u0131 de\u011fil, dikkat edilmesi gerekenleri g\u00f6r\u00fcrs\u00fcn\u00fcz.<\/li>\n<li><strong>Ayn\u0131 sorulara cevap vermeyi b\u0131rak\u0131n.<\/strong> Yapay zeka rutin sorgularla ilgilenir. Karma\u015f\u0131k veya hassas olanlar\u0131 siz halledersiniz.<\/li>\n<li><strong>\u0130nsani \u015feyler i\u00e7in daha fazla zaman.<\/strong> Yeni i\u015fe al\u0131nanlara ho\u015f kar\u015f\u0131land\u0131klar\u0131n\u0131 hissettirmek. Endi\u015feleri gidermek. \u0130li\u015fkiler kurmak. Ger\u00e7ekten \u00f6nemli olan \u015feyler.<\/li>\n<li><strong>Yo\u011fun d\u00f6nemlerde daha az stres.<\/strong> \u0130\u015fe al\u0131mlar artt\u0131\u011f\u0131nda, yapay zeka \u00f6l\u00e7eklenir. \u0130\u015fe al\u0131m y\u00f6neticisinde bo\u011fulmuyorsunuz.<\/li>\n<\/ul>\n\n\n<h4 class=\"wp-block-heading\">Yeni \u00c7al\u0131\u015fanlar \u0130\u00e7in<\/h4>\n\n\n<ul>\n<li><strong>\u0130lk g\u00fcnden itibaren net bir s\u00fcre\u00e7.<\/strong> Ne yapaca\u011f\u0131n\u0131z\u0131 biliyorsunuz. Ne zaman yapaca\u011f\u0131n\u0131z\u0131. Neyin gerekli oldu\u011funu. Kar\u0131\u015f\u0131kl\u0131k yok.<\/li>\n<li><strong>Sorulara h\u0131zl\u0131 cevaplar.<\/strong> Basit bilgiler i\u00e7in g\u00fcnlerce beklemeyin. Yapay zeka an\u0131nda yan\u0131t verir.<\/li>\n<li><strong>\u0130htiyac\u0131n\u0131z olan her \u015fey, ihtiyac\u0131n\u0131z oldu\u011funda.<\/strong> Sistem eri\u015fimi. Ekipman. E\u011fitim. Haz\u0131r olmas\u0131 gereken \u015feyler i\u00e7in beklemek yok.<\/li>\n<li><strong>Profesyonel deneyim.<\/strong> \u0130\u015fte kat\u0131ld\u0131\u011f\u0131n\u0131z\u0131 sand\u0131\u011f\u0131n\u0131z \u015firket bu. D\u00fczenli, verimli, profesyonel.<\/li>\n<li><strong>\u0130\u015fi \u00f6\u011frenmeye odaklan\u0131n.<\/strong> Formlar\u0131 takip etmeye veya temel lojisti\u011fi \u00e7\u00f6zmeye de\u011fil. Ger\u00e7ekten \u00fcretken olmaya odaklanabilirsiniz.<\/li>\n<\/ul>\n\n\n<hr class=\"wp-block-separator has-alpha-channel-opacity\"\/>\n\n\n\n<h3 class=\"wp-block-heading\">Yapay Zekan\u0131n Yapamayaca\u011f\u0131 \u015eeyler<\/h3>\n\n\n<p>S\u0131n\u0131rlar konusunda ger\u00e7ek\u00e7i olal\u0131m.<\/p>\n<p>Yapay zeka insan kar\u015f\u0131lamas\u0131n\u0131n yerini tutmaz. Y\u00f6netici check-in'ine sahip de\u011fildir. Ekip ili\u015fkileri kurmaz. Yeni bir i\u015fe al\u0131m\u0131n zorland\u0131\u011f\u0131n\u0131 ve deste\u011fe ihtiyac\u0131 oldu\u011funu hissetmez.<\/p>\n<p>\u0130dari s\u00fcreci y\u00f6netir. Formlar. E\u011fitim atamalar\u0131. G\u00f6rev takibi. Rutin sorular.<\/p>\n<p>\u0130nsani ba\u011flant\u0131 hala insanlardan geliyor. \"Nas\u0131ls\u0131n?\" konu\u015fmas\u0131. Tak\u0131m yeme\u011fi. Mentorluk. K\u00fclt\u00fcr aktar\u0131m\u0131.<\/p>\n<p>Yapay zeka, idari i\u015flerin insani i\u015flerin \u00f6n\u00fcne ge\u00e7memesini sa\u011flar. Yeni i\u015fe al\u0131nanlar sisteme eri\u015fim i\u00e7in beklemedi\u011finde veya formlar konusunda kafalar\u0131 kar\u0131\u015fmad\u0131\u011f\u0131nda, ekibiniz onlar\u0131 ger\u00e7ekten kar\u015f\u0131lamaya odaklanabilir.<\/p>\n<p>Ayr\u0131ca, yapay zeka k\u00f6t\u00fc bir i\u015fe al\u0131m s\u00fcrecini d\u00fczeltemez. \u0130\u015fe al\u0131m ak\u0131\u015f\u0131n\u0131z temelden bozuksa, yapay zeka sadece bozuk bir s\u00fcreci daha verimli bir \u015fekilde y\u00fcr\u00fctecektir. \u00d6nce s\u00fcreci d\u00fczeltmeniz, ard\u0131ndan tutarl\u0131 bir \u015fekilde y\u00fcr\u00fctmek i\u00e7in yapay zekay\u0131 kullanman\u0131z gerekir.<\/p>\n\n\n<hr class=\"wp-block-separator has-alpha-channel-opacity\"\/>\n\n\n\n<h3 class=\"wp-block-heading\">Ger\u00e7ek D\u00fcnya Etkisi<\/h3>\n\n\n<p>Bu pratikte nas\u0131l g\u00f6r\u00fcn\u00fcyor?<\/p>\n<p>B\u00fcy\u00fcyen bir \u015firket, i\u015fe al\u0131m i\u00e7in yapay zeka kullan\u0131yor. \u00d6ncesinde: i\u015fe al\u0131m, \u0130K koordinat\u00f6rlerinin yeni i\u015fe al\u0131nan ki\u015fi ba\u015f\u0131na 6-8 saatini al\u0131yordu. Sonra: 2 saat. Bu, ki\u015fi ba\u015f\u0131na 4-6 saat tasarruf anlam\u0131na geliyor.<\/p>\n<p>Ayda 5 ki\u015fiyi i\u015fe alan bir \u015firket i\u00e7in bu, ayda 20-30 saat demektir. Bu da sadece otomasyondan yar\u0131m FTE eder.<\/p>\n<p>Yeni i\u015fe al\u0131nanlar\u0131n verimlili\u011fe ula\u015fma s\u00fcresi d\u00fc\u015ft\u00fc. \u00d6nceden, yeni i\u015fe al\u0131nanlar\u0131n gerekli t\u00fcm eri\u015fime sahip olmas\u0131 ve zorunlu e\u011fitimi tamamlamas\u0131 ortalama 8 g\u00fcn s\u00fcr\u00fcyordu. Sonra: 3 g\u00fcn. Bu da i\u015fe al\u0131m ba\u015f\u0131na 5 g\u00fcnl\u00fck \u00fcretkenlik kazan\u0131m\u0131 demek.<\/p>\n<p>Yeni i\u015fe al\u0131m memnuniyet puanlar\u0131 artar. H\u0131zl\u0131 yan\u0131tlar. Net s\u00fcre\u00e7. Profesyonel deneyim. \u0130nsanlar kat\u0131lma kararlar\u0131 konusunda kendilerini iyi hissederler.<\/p>\n<p>90 g\u00fcnl\u00fck elde tutma oran\u0131 8% artar. \u0130\u015fe al\u0131m sorunsuz oldu\u011funda, ilk aylarda daha az ki\u015fi i\u015ften ayr\u0131l\u0131r.<\/p>\n<p>Bu teorik de\u011fil. Yapay zeka, i\u015fe al\u0131m y\u00f6netimini d\u00fczg\u00fcn bir \u015fekilde ele ald\u0131\u011f\u0131nda ortaya \u00e7\u0131kan \u015fey budur.<\/p>\n\n\n<hr class=\"wp-block-separator has-alpha-channel-opacity\"\/>\n\n\n\n<h3 class=\"wp-block-heading\">Ba\u015flarken<\/h3>\n\n\n<p>Her \u015feyi bir kerede otomatikle\u015ftirmenize gerek yok. En b\u00fcy\u00fck sorun noktas\u0131yla ba\u015flay\u0131n.<\/p>\n<p>\u00c7o\u011fu \u015firket i\u00e7in bu, belge i\u015fleme s\u00fcrecidir. Formlar eksik geliyor. Manuel veri giri\u015fi. Kaybolan \u015feyler. Oradan ba\u015flay\u0131n.<\/p>\n<p>Belki de e\u011fitim g\u00f6revidir. \u00c7ok manuel. Baz\u0131 \u015feyler g\u00f6zden ka\u00e7\u0131yor. Farkl\u0131 insanlar farkl\u0131 kalite elde ediyor. \u00d6nce bunu d\u00fczeltin.<\/p>\n<p>Ya da belki de yeni i\u015fe al\u0131nanlar\u0131n sorular\u0131d\u0131r. Ayn\u0131 sorular tekrar tekrar soruluyor. Yava\u015f yan\u0131t s\u00fcreleri. B\u0131rak\u0131n bunu yapay zeka halletsin.<\/p>\n<p>Bir darbo\u011faz se\u00e7in. Yapay zekay\u0131 uygulay\u0131n. Etkisini \u00f6l\u00e7\u00fcn. Ard\u0131ndan i\u015fe al\u0131m\u0131n di\u011fer b\u00f6l\u00fcmlerine geni\u015fletin.<\/p>\n<p>Her \u015firketin i\u015fe al\u0131m s\u00fcreci farkl\u0131d\u0131r. Formlar\u0131n\u0131z benzersizdir. Sistemlerinizin \u00f6zel gereksinimleri vard\u0131r. S\u00fcrecinizin belirli a\u015famalar\u0131 vard\u0131r.<\/p>\n<p>Bu y\u00fczden yapay zekay\u0131 i\u015fe almak tak ve \u00e7al\u0131\u015ft\u0131r de\u011fildir. Ger\u00e7ek i\u015f ak\u0131\u015f\u0131n\u0131za uymas\u0131 gerekir. Ger\u00e7ek ara\u00e7lar\u0131n\u0131za. Ger\u00e7ek gereksinimlerinize.<\/p>\n\n\n<hr class=\"wp-block-separator has-alpha-channel-opacity\"\/>\n\n\n\n<h3 class=\"wp-block-heading\">Alt Sat\u0131r<\/h3>\n\n\n<p>\u0130\u015fe al\u0131\u015ft\u0131rma \u00f6nemlidir. Elde tutmay\u0131, \u00fcretkenlik s\u00fcresini ve \u00e7al\u0131\u015fan deneyimini etkiler. K\u00f6t\u00fc i\u015fe al\u0131\u015ft\u0131rma pahal\u0131ya mal olur - insanlar i\u015ften ayr\u0131l\u0131r ya da kal\u0131r ancak \u00fcretken olmalar\u0131 daha uzun s\u00fcrer.<\/p>\n<p>Yapay zeka, i\u015fe al\u0131m\u0131n insani y\u00f6n\u00fcn\u00fcn yerini almaz. Ekibinizin insani tarafa odaklanabilmesi i\u00e7in idari taraf\u0131 ele al\u0131r.<\/p>\n<p>Sonu\u00e7: tutarl\u0131 kalite, daha h\u0131zl\u0131 \u00fcretkenlik, daha iyi elde tutma ve b\u00fcy\u00fcme d\u00f6nemlerinde evrak i\u015flerinde bo\u011fulmayan \u0130K ekipleri.<\/p>\n<p>Bu abart\u0131 de\u011fil. Do\u011fru yap\u0131ld\u0131\u011f\u0131nda yapay zekan\u0131n i\u015fe al\u0131m i\u00e7in yapt\u0131\u011f\u0131 \u015fey budur.<\/p>\n\n\n<hr class=\"wp-block-separator has-alpha-channel-opacity\"\/>\n\n\n\n<h3 class=\"wp-block-heading\">\u0130\u015fe Al\u0131m S\u00fcrecinizi \u0130yile\u015ftirmeye Haz\u0131r m\u0131s\u0131n\u0131z?<\/h3>\n\n\n<p>Genel i\u015fe al\u0131m yapay zekas\u0131 satm\u0131yoruz. Sizin \u00f6zel s\u00fcrecinize bak\u0131yoruz. Formlar\u0131n\u0131za. Sistemlerinize. Gereksinimlerinize. Hacminize.<\/p>\n<p>Sonra da insanlar\u0131 ger\u00e7ekte nas\u0131l i\u015fe ald\u0131\u011f\u0131n\u0131za uyan bir yapay zeka geli\u015ftiriyoruz. \u0130dealize edilmi\u015f bir s\u00fcre\u00e7 de\u011fil, ger\u00e7ek s\u00fcreciniz.<\/p>\n<p>Abart\u0131 yok. A\u015f\u0131r\u0131 sat\u0131\u015f yok. Sadece i\u015fe al\u0131m\u0131 herkes i\u00e7in daha iyi hale getiren pratik yapay zeka.<\/p>\n\n<p><a href=\"https:\/\/www.leaplytics.de\/tr\/kontakt\/\">\u0130\u015fe Al\u0131m S\u00fcreciniz Hakk\u0131nda Konu\u015fal\u0131m<\/a><\/p>\n\n<p><a href=\"https:\/\/www.leaplytics.de\/tr\/i%cc%87nsan-kaynaklari-ai\/\">\u0130K Yapay Zeka \u00c7\u00f6z\u00fcmlerine Geri D\u00f6n<\/a><\/p>","protected":false},"excerpt":{"rendered":"<p>AI for Employee Onboarding: Make Great First Impressions at Scale First impressions matter. When a new employee starts, the first week tells them everything about your company. Smooth onboarding? Professional. Organized. They feel confident they made the right choice. Messy onboarding? Lost. Confused. Wondering what they got themselves into. Some quit before they really start. &hellip; <\/p>","protected":false},"author":2,"featured_media":0,"parent":0,"menu_order":0,"comment_status":"closed","ping_status":"closed","template":"","meta":{"footnotes":""},"class_list":["post-14440","page","type-page","status-publish","hentry","latest_post"],"_links":{"self":[{"href":"https:\/\/www.leaplytics.de\/tr\/wp-json\/wp\/v2\/pages\/14440","targetHints":{"allow":["GET"]}}],"collection":[{"href":"https:\/\/www.leaplytics.de\/tr\/wp-json\/wp\/v2\/pages"}],"about":[{"href":"https:\/\/www.leaplytics.de\/tr\/wp-json\/wp\/v2\/types\/page"}],"author":[{"embeddable":true,"href":"https:\/\/www.leaplytics.de\/tr\/wp-json\/wp\/v2\/users\/2"}],"replies":[{"embeddable":true,"href":"https:\/\/www.leaplytics.de\/tr\/wp-json\/wp\/v2\/comments?post=14440"}],"version-history":[{"count":1,"href":"https:\/\/www.leaplytics.de\/tr\/wp-json\/wp\/v2\/pages\/14440\/revisions"}],"predecessor-version":[{"id":14449,"href":"https:\/\/www.leaplytics.de\/tr\/wp-json\/wp\/v2\/pages\/14440\/revisions\/14449"}],"wp:attachment":[{"href":"https:\/\/www.leaplytics.de\/tr\/wp-json\/wp\/v2\/media?parent=14440"}],"curies":[{"name":"wp","href":"https:\/\/api.w.org\/{rel}","templated":true}]}}