{"id":14443,"date":"2025-12-19T01:44:54","date_gmt":"2025-12-19T00:44:54","guid":{"rendered":"https:\/\/www.leaplytics.de\/?page_id=14443"},"modified":"2025-12-19T01:44:55","modified_gmt":"2025-12-19T00:44:55","slug":"performans-yoneti%cc%87mi%cc%87-anali%cc%87ti%cc%87k-yapay-zeka","status":"publish","type":"page","link":"https:\/\/www.leaplytics.de\/tr\/performans-yoneti%cc%87mi%cc%87-anali%cc%87ti%cc%87k-yapay-zeka\/","title":{"rendered":"Performans Y\u00f6netimi ve Analitik Yapay Zeka"},"content":{"rendered":"<h2>Performans Y\u00f6netimi ve Analiti\u011fi i\u00e7in Yapay Zeka: Sorunlar\u0131 Krize D\u00f6n\u00fc\u015fmeden \u00d6nce G\u00f6r\u00fcn<\/h2>\n\n<p>Performans de\u011ferlendirmeleri y\u0131lda bir ya da iki kez yap\u0131l\u0131r. O zamana kadar da sorunlar aylarca s\u00fcrm\u00fc\u015f olur. \u0130yi \u00e7al\u0131\u015fanlar zaten bir ayaklar\u0131n\u0131 kap\u0131dan d\u0131\u015far\u0131 atm\u0131\u015flard\u0131r. Beceri eksiklikleri \u00e7eyreklerdir projeleri yava\u015flat\u0131yor.<\/p>\n<p>\u0130nceleme s\u00fcrecinin kendisi ac\u0131 vericidir. Be\u015f ki\u015fiden geri bildirim toplay\u0131n. Sayfalarca yorum okuyun. Temalar\u0131 bulmaya \u00e7al\u0131\u015f\u0131n. Bir \u00f6zet yaz\u0131n. Toplant\u0131 planlay\u0131n. Her ekip \u00fcyesi i\u00e7in tekrarlay\u0131n.<\/p>\n<p>Y\u00f6neticiler nefret eder. \u00c7al\u0131\u015fanlar g\u00fcvenmiyor. \u0130K, de\u011ferlendirmeleri tamamlamalar\u0131 i\u00e7in insanlar\u0131 kovalamakla haftalar\u0131n\u0131 harc\u0131yor. Ve ger\u00e7ek de\u011fer - insanlar\u0131n geli\u015fmesine yard\u0131mc\u0131 olmak - idari y\u00fck\u00fcn i\u00e7inde kaybolur.<\/p>\n<p>Yapay zeka bunu de\u011fi\u015ftirir. Geri bildirimleri y\u0131lda bir kez de\u011fil, ger\u00e7ek zamanl\u0131 olarak analiz eder. Performans verilerindeki kal\u0131plar\u0131 tespit eder. Beceri eksikliklerini sorun haline gelmeden \u00f6nce tespit eder. \u0130nsanlar i\u015ften ayr\u0131lmadan \u00f6nce elde tutma risklerini \u00f6ng\u00f6r\u00fcr.<\/p>\n<p>Performans y\u00f6netimi s\u00fcrekli, veri odakl\u0131 ve ger\u00e7ekten faydal\u0131 hale gelir. Korkun\u00e7 bir y\u0131ll\u0131k rit\u00fcel de\u011fil.<\/p>\n\n\n<hr class=\"wp-block-separator has-alpha-channel-opacity\"\/>\n\n\n\n<h3 class=\"wp-block-heading\">Performans Y\u00f6netimi G\u00fcn\u00fcm\u00fczde Neden \u0130\u015fe Yaram\u0131yor?<\/h3>\n\n\n<p>Herkes performans de\u011ferlendirmelerinin bozuk oldu\u011funu bilir. \u015eirketler yine de bunu yap\u0131yor \u00e7\u00fcnk\u00fc bir \u015feye ihtiya\u00e7lar\u0131 var.<\/p>\n<p>Sorunlar \u00e7ok a\u00e7\u0131k. \u0130ncelemeler ge\u00e7mi\u015fe d\u00f6n\u00fckt\u00fcr-ge\u00e7en \u00e7eyre\u011fin performans\u0131n\u0131 g\u00f6zden ge\u00e7irdi\u011finizde, bu zaten eski bir haberdir. Zaman al\u0131c\u0131d\u0131rlar-y\u00f6neticiler ki\u015fi ba\u015f\u0131na saatler harcarlar, bu s\u00fcre t\u00fcm ekiple \u00e7arp\u0131l\u0131r. S\u00fcbjektiftir-farkl\u0131 y\u00f6neticiler farkl\u0131 de\u011ferlendirmeler yapar ve bu da tutars\u0131zl\u0131k yarat\u0131r.<\/p>\n<p>Ve seyrektirler. Y\u0131ll\u0131k g\u00f6zden ge\u00e7irmeler, sorunlar\u0131 6-12 ay ge\u00e7 yakalaman\u0131z anlam\u0131na gelir. M\u00fccadele eden biri mi var? \u0130ncelemeye kadar bilemezsiniz. Ba\u011flant\u0131s\u0131 kopmu\u015f biri mi? Siz fark edene kadar \u00e7oktan ba\u015fka bir yerle g\u00f6r\u00fc\u015fmeye ba\u015flam\u0131\u015ft\u0131r bile.<\/p>\n<p>Geri bildirim toplamak ac\u0131 vericidir. \"L\u00fctfen Cuma g\u00fcn\u00fcne kadar \u00fc\u00e7 meslekta\u015f\u0131n\u0131z i\u00e7in yorum g\u00f6nderebilir misiniz?\" Hat\u0131rlatmalar. Takip etmek. Son teslim tarihlerini uzatmak. Baz\u0131 insanlar d\u00fc\u015f\u00fcnceli geri bildirimler yaz\u0131yor. Di\u011ferleri telefonla konu\u015fur. Kalite \u00e7\u0131lg\u0131nca de\u011fi\u015fir.<\/p>\n<p>O zaman birileri t\u00fcm bunlara anlam vermeli. T\u00fcm yorumlar\u0131 okuyun. Temalar\u0131 belirleyin. Ger\u00e7ek sorunlar neler? Sadece g\u00fcr\u00fclt\u00fc olan ne? Hangi geri bildirimler \u00e7eli\u015fkili? Bu, \u00e7al\u0131\u015fan ba\u015f\u0131na saatler al\u0131r.<\/p>\n<p>Ger\u00e7ek g\u00f6zden ge\u00e7irme ger\u00e7ekle\u015fti\u011finde, y\u00f6neticiler yorgun d\u00fc\u015fer. \u00c7al\u0131\u015fanlar endi\u015felidir. Ve konu\u015fma genellikle anlaml\u0131 bir de\u011fi\u015fime yol a\u00e7maz \u00e7\u00fcnk\u00fc \u00e7ok ge\u00e7 verilen \u00e7ok fazla bilgi vard\u0131r.<\/p>\n<p>Bunun nedeni insanlar\u0131n umursamamas\u0131 de\u011fil. Bunun nedeni, s\u00fcrecin temelde manuel, seyrek ve geriye d\u00f6n\u00fck olmas\u0131d\u0131r. Yapay zeka bu \u00fc\u00e7 sorunu da \u00e7\u00f6z\u00fcyor.<\/p>\n\n\n<hr class=\"wp-block-separator has-alpha-channel-opacity\"\/>\n\n\n\n<h3 class=\"wp-block-heading\">Yapay Zeka Performans Y\u00f6netimi \u0130\u00e7in Ne Yapar?<\/h3>\n\n\n<p>Yapay zeka, performans y\u00f6netiminde y\u00f6neticilerin yerini almaz. Ekiplerine ger\u00e7ekten yard\u0131mc\u0131 olabilmeleri i\u00e7in onlara daha iyi bilgileri daha h\u0131zl\u0131 verir. \u0130\u015fte b\u00f6yle.<\/p>\n\n\n<h4 class=\"wp-block-heading\">Ger\u00e7ek Kal\u0131plar\u0131 Bulan Geri Bildirim Analizi<\/h4>\n\n\n<p>360 de\u011ferlendirme birden fazla ki\u015fiden geri bildirim toplar. Y\u00f6netici. Akranlar. Bazen do\u011frudan raporlar. Her ki\u015fi paragraflarca yorum yazar.<\/p>\n<p>B\u00fct\u00fcn bunlar\u0131 okumak \u00e7ok s\u0131k\u0131c\u0131. Peki ya kal\u0131plar\u0131 tespit etmek? Daha da zor. Bir ki\u015fi belli belirsiz \"ileti\u015fim sorunlar\u0131 \"ndan bahsediyor. Bir di\u011feri \"bazen ekip i\u00e7inde d\u00f6ng\u00fc olmuyor\" diyor. Bir ba\u015fkas\u0131 \"bazen baz\u0131 \u015feyleri ge\u00e7 \u00f6\u011freniyoruz\" diyor. Bunlar birbiriyle ba\u011flant\u0131l\u0131 m\u0131? Ayn\u0131 sorun mu? Farkl\u0131 sorunlar m\u0131?<\/p>\n<p>Yapay zeka t\u00fcm geri bildirimleri okur. Temalar\u0131 otomatik olarak tan\u0131mlar.<\/p>\n<p>\"\u0130leti\u015fim\" d\u00f6rt incelemede yer almaktad\u0131r. Yapay zeka bunlar\u0131 bir araya getiriyor. \u00dc\u00e7 ki\u015finin \u00f6zellikle \"g\u00fcncellemelerin zamanlamas\u0131 \"ndan ve iki ki\u015finin de \"ayr\u0131nt\u0131 d\u00fczeyi \"nden bahsetti\u011fini g\u00f6r\u00fcyor. Model a\u00e7\u0131k: bu ki\u015finin proje g\u00fcncellemelerini daha proaktif bir \u015fekilde iletmesi gerekiyor.<\/p>\n<p>Ya da yapay zeka noktalar\u0131: be\u015f ki\u015fi \"teknik becerileri\" \u00f6v\u00fcyor ancak \u00fc\u00e7 ki\u015fi \"daha i\u015fbirlik\u00e7i olabilir\" diyor. Tema: g\u00fc\u00e7l\u00fc bireysel katk\u0131, ekip \u00e7al\u0131\u015fmas\u0131 konusunda geli\u015fime ihtiya\u00e7 var.<\/p>\n<p>Yapay zeka incelemeyi sizin i\u00e7in yazmaz. Ancak size net kal\u0131plar verir, b\u00f6ylece temalar\u0131 manuel olarak bulmaya \u00e7al\u0131\u015f\u0131rken 10 sayfa yorum okumak zorunda kalmazs\u0131n\u0131z.<\/p>\n<p>Bu, t\u00fcm kurulu\u015funuzda da ge\u00e7erlidir. Baz\u0131 ekipler s\u00fcrekli olarak i\u015f y\u00fck\u00fc hakk\u0131nda geri bildirim mi al\u0131yor? Bu bir kaynak sorunudur. Yeni y\u00f6neticiler s\u00fcrekli olarak delegasyonla m\u00fccadele mi ediyor? Bu bir e\u011fitim ihtiyac\u0131d\u0131r.<\/p>\n<p>Manuel olarak tespit edilmesi haftalar s\u00fcrecek analizler mi? Yapay zeka bunlar\u0131 hemen buluyor.<\/p>\n\n\n<h4 class=\"wp-block-heading\">Beceri A\u00e7\u0131\u011f\u0131 Belirleme<\/h4>\n\n\n<p>Ekibinizin belirli becerilere ihtiyac\u0131 var. Mevcut rolleri i\u00e7in. Gelecek projeler i\u00e7in. \u015eirketin gitti\u011fi yer i\u00e7in.<\/p>\n<p>Bu becerilere kim sahip? Kimin geli\u015ftirilmeye ihtiyac\u0131 var? Genellikle bu bir tahmindir. Y\u00f6neticilerin sezgileri vard\u0131r. \u0130K baz\u0131 \u015feyleri bilir. Ama kapsaml\u0131 g\u00f6r\u00fcn\u00fcrl\u00fck? Nadiren.<\/p>\n<p>Yapay zeka, kurulu\u015funuzdaki beceri verilerini analiz eder.<\/p>\n<p>\u0130\u015f gerekliliklerine bakar. Performans geri bildirimi. E\u011fitim tamamlama. Proje \u00f6devleri. \u00d6z de\u011ferlendirmeler. Y\u00f6netici de\u011ferlendirmeleri. Zaten sahip oldu\u011funuz t\u00fcm veriler, sadece sistemlere da\u011f\u0131lm\u0131\u015f durumda.<\/p>\n<p>Bo\u015fluklar\u0131 tan\u0131mlar: \"Analitik ekibiniz g\u00fc\u00e7l\u00fc SQL becerilerine sahip ancak Python ile s\u0131n\u0131rl\u0131 deneyime sahip. Yakla\u015fan \u00fc\u00e7 proje Python gerektiriyor. Bu bir risktir.\"<\/p>\n<p>Veya: \"Be\u015f k\u0131demli m\u00fchendis y\u00f6netim rolleri i\u00e7in uygundur, ancak yaln\u0131zca ikisi herhangi bir liderlik e\u011fitimini tamamlam\u0131\u015ft\u0131r. Bu da yedekleme planlamas\u0131nda bir bo\u015fluk yarat\u0131yor.\"<\/p>\n<p>Veya: \"M\u00fc\u015fteri geri bildirimleri s\u00fcrekli olarak 'yava\u015f yan\u0131t s\u00fcrelerinden' bahsediyor. Analizler, destek ekibinizin yeni biletleme sistemi konusunda e\u011fitilmedi\u011fini g\u00f6steriyor. Bu da sorunu a\u00e7\u0131kl\u0131yor.\"<\/p>\n<p>Yapay zeka, y\u00fczlerce \u00e7al\u0131\u015fan aras\u0131nda insanlar\u0131n g\u00f6remedi\u011fi noktalar\u0131 birle\u015ftirir. Sorunlara neden olmadan \u00f6nce bo\u015fluklar\u0131 tespit eder. Ve bunu y\u0131lda bir kez de\u011fil, s\u00fcrekli olarak yapar.<\/p>\n<p>Art\u0131k geli\u015fimi \u00f6nemli oldu\u011fu yerde hedefleyebilirsiniz. Herkesin g\u00f6rmezden geldi\u011fi genel e\u011fitimler de\u011fil. Belirli ki\u015filerin i\u015flerini daha iyi yapmalar\u0131na ger\u00e7ekten yard\u0131mc\u0131 olacak belirli beceriler.<\/p>\n\n\n<h4 class=\"wp-block-heading\">Elde Tutma Risk Tahmini<\/h4>\n\n\n<p>\u0130nsanlar durup dururken i\u015fi b\u0131rakmaz. \u0130\u015faretler vard\u0131r. Genellikle ince. Genellikle sadece geriye d\u00f6n\u00fcp bak\u0131ld\u0131\u011f\u0131nda g\u00f6r\u00fclebilir.<\/p>\n<p>Ba\u011fl\u0131l\u0131k d\u00fc\u015fer. Toplant\u0131lara kat\u0131l\u0131m azal\u0131r. Geri bildirim daha az ayr\u0131nt\u0131l\u0131 hale gelir. Bire bir g\u00f6r\u00fc\u015fmeler yeniden planlan\u0131r. Performans kabul edilebilir d\u00fczeyde kal\u0131r ancak co\u015fku azal\u0131r.<\/p>\n<p>Y\u00f6neticiler fark etti\u011finde, ki\u015fi \u00e7oktan ba\u015fka bir teklif alm\u0131\u015ft\u0131r. \u00c7\u0131k\u0131\u015f m\u00fclakat\u0131nda aylard\u0131r mutsuz olduklar\u0131 ortaya \u00e7\u0131kar. \"Neden kimse benimle konu\u015fmad\u0131?\"<\/p>\n<p>Yapay zeka bu kal\u0131plar\u0131 erkenden fark eder.<\/p>\n<p>Etkile\u015fim sinyallerini izler. Anket yan\u0131tlar\u0131 d\u00fc\u015f\u00fc\u015f e\u011filiminde. Toplant\u0131larda daha az soru. Azalan kod incelemeleri veya i\u015fbirli\u011fi. Artan PTO kullan\u0131m\u0131. De\u011fi\u015fen ileti\u015fim kal\u0131plar\u0131.<\/p>\n<p>Bunlar tek tek hi\u00e7bir \u015fey ifade etmez. Birlikte bir model olu\u015ftururlar. Yapay zeka bunu fark eder ve i\u015faretler: \"Bu \u00e7al\u0131\u015fan i\u00e7in elde tutma riski artt\u0131. Y\u00f6netici kontrol\u00fcn\u00fc \u00f6nerin.\"<\/p>\n<p>Yapay zeka ki\u015finin i\u015f arad\u0131\u011f\u0131n\u0131 bildi\u011fi i\u00e7in de\u011fil. Ama desen ge\u00e7mi\u015fte i\u015ften ayr\u0131lan insanlarla e\u015fle\u015fti\u011fi i\u00e7in. Bu, \u00e7ok ge\u00e7 olmadan dikkat etmeniz i\u00e7in bir uyar\u0131.<\/p>\n<p>Y\u00f6neticiler daha sonra ger\u00e7ek konu\u015fmalar yapabilirler. \"\u0130\u015fler nas\u0131l gidiyor? Size nas\u0131l daha iyi destek olabilirim?\" Sorunlar\u0131n hala \u00e7\u00f6z\u00fclebilece\u011fi kadar erken.<\/p>\n<p>Bu t\u00fcm i\u015ften ayr\u0131lmalar\u0131 engellemez-bazen insanlar kontrol edemedi\u011finiz nedenlerle i\u015ften ayr\u0131l\u0131rlar. Ancak istifa mektubuna kadar kimse m\u00fccadele ettiklerini fark etmedi\u011fi i\u00e7in insanlar\u0131 kaybetmeyi \u00f6nler.<\/p>\n\n\n<h4 class=\"wp-block-heading\">Performans \u0130nceleme Tasla\u011f\u0131 Olu\u015fturma<\/h4>\n\n\n<p>Performans de\u011ferlendirmeleri yazmak sonsuza kadar s\u00fcrer. Y\u00f6neticiler erteliyor. \u0130K son teslim tarihlerini uzat\u0131r. \u0130nsanlar acele etti\u011fi i\u00e7in kalite d\u00fc\u015fer.<\/p>\n<p>YZ, mevcut verilere dayanarak inceleme tasla\u011f\u0131n\u0131 haz\u0131rlar. Geri bildirim toplan\u0131r. Hedefler ve ilerleme. Performans \u00f6l\u00e7\u00fctleri. Son ba\u015far\u0131lar. Belirlenen geli\u015fim alanlar\u0131.<\/p>\n<p>Yap\u0131land\u0131r\u0131lm\u0131\u015f bir taslak olu\u015fturur: \"G\u00fc\u00e7l\u00fc alanlar: [\u00f6rneklerle olumlu geri bildirimlerin \u00f6zeti]. Geli\u015ftirilmesi gereken alanlar: [\u00f6rneklerle yap\u0131c\u0131 geri bildirimlerin \u00f6zeti]. Hedeflerde ilerleme: [her bir hedefin durumu]. \u00d6nerilen odak alanlar\u0131: [geli\u015ftirme \u00f6nerileri].\"<\/p>\n<p>Y\u00f6netici g\u00f6zden ge\u00e7irir. Ki\u015fisel g\u00f6zlemlerini ekler. Tonu ayarlar. Yapay zekan\u0131n bilemeyece\u011fi bir ba\u011flam ekler. Ki\u015fiselle\u015ftirir.<\/p>\n<p>Ancak t\u00fcm geri bildirimlerin ve verilerin sentezlenmesi gibi a\u011f\u0131r i\u015fler tamamland\u0131. \u0130ki saat s\u00fcren i\u015flem art\u0131k 30 dakika s\u00fcr\u00fcyor. Ve kalite genellikle daha iyi \u00e7\u00fcnk\u00fc hi\u00e7bir \u015fey g\u00f6zden ka\u00e7m\u0131yor.<\/p>\n<p>Bu yapay zekan\u0131n de\u011ferlendirme yazmas\u0131 de\u011fil. Bu, y\u00f6neticilerin ekip \u00fcyeleriyle ger\u00e7ek konu\u015fmaya odaklanabilmeleri i\u00e7in s\u0131k\u0131c\u0131 sentezi yapan yapay zekad\u0131r.<\/p>\n\n\n<h4 class=\"wp-block-heading\">Performans\u0131 G\u00f6r\u00fcn\u00fcr K\u0131lan Hedef Takibi<\/h4>\n\n\n<p>Hedefler Ocak ay\u0131nda belirlenir. Mart ay\u0131na kadar unutulurlar. Aral\u0131k ay\u0131na gelindi\u011finde, insanlar neyi ba\u015farmalar\u0131 gerekti\u011fini hat\u0131rlamak i\u00e7in \u00e7abalarlar.<\/p>\n<p>Yapay zeka, hedefleri g\u00f6r\u00fcn\u00fcr k\u0131lar ve s\u00fcrekli olarak takip eder.<\/p>\n<p>\u00c7al\u0131\u015fanlara ve y\u00f6neticilere hedefleri hat\u0131rlat\u0131r. G\u00fcncellemelere g\u00f6re ilerlemeyi takip eder. Yolunda gitmeyen hedefleri i\u015faretler: \"Bu hedef 6 haftad\u0131r ilerleme g\u00f6stermiyor. Durum g\u00fcncellemesi gerekli mi?\"<\/p>\n<p>Hedefleri ger\u00e7ek i\u015flere ba\u011flar. Birinin hedefi \"m\u00fc\u015fteri memnuniyetini art\u0131rmak\" ise ve m\u00fc\u015fteri anket puanlar\u0131 takip ediliyorsa, yapay zeka ilerlemeyi otomatik olarak g\u00f6sterebilir.<\/p>\n<p>Ayarlamalar yap\u0131lmas\u0131n\u0131 \u00f6nerir. \"Bu hedef, kaynak k\u0131s\u0131tlamalar\u0131 nedeniyle s\u00fcrekli olarak engellenmi\u015f olarak i\u015faretleniyor. Bu revize edilmeli mi yoksa y\u00fckseltilmeli mi?\"<\/p>\n<p>Performans y\u00f6netimi s\u00fcrekli hale gelir. Y\u0131lda bir kez yap\u0131lan bir s\u00fcrpriz de\u011fil. \u0130nsanlar\u0131n nas\u0131l \u00e7al\u0131\u015ft\u0131\u011f\u0131na ve nerede deste\u011fe ihtiya\u00e7 duyduklar\u0131na dair s\u00fcrekli g\u00f6r\u00fcn\u00fcrl\u00fck.<\/p>\n\n\n<hr class=\"wp-block-separator has-alpha-channel-opacity\"\/>\n\n\n\n<h3 class=\"wp-block-heading\">Bu Sizin \u0130\u00e7in Ne Anlama Geliyor?<\/h3>\n\n\n\n<h4 class=\"wp-block-heading\">\u0130K Direkt\u00f6rleri ve \u0130nsan Kaynaklar\u0131 Liderleri i\u00e7in<\/h4>\n\n\n<ul>\n<li><strong>Veriye dayal\u0131 yetenek kararlar\u0131.<\/strong> \u0130\u00e7g\u00fcd\u00fcsel hisler de\u011fil. Performans, beceriler ve kat\u0131l\u0131m aras\u0131nda ger\u00e7ek modeller.<\/li>\n<li><strong>Elde tutma konusunda erken uyar\u0131.<\/strong> \u0130nsanlar i\u015fi b\u0131rakmadan \u00f6nce u\u00e7u\u015f risklerini tespit edin. Sorunlar\u0131 d\u00fczeltilebilir durumdayken ele alma zaman\u0131.<\/li>\n<li><strong>Ger\u00e7ek bo\u015fluklar\u0131 ele alan geli\u015ftirme programlar\u0131.<\/strong> Genel e\u011fitim de\u011fil. Ger\u00e7ekten ihtiya\u00e7 duyulan yerlere y\u00f6nelik geli\u015fim.<\/li>\n<li><strong>Kurum genelinde g\u00f6r\u00fcn\u00fcrl\u00fck.<\/strong> Hangi tak\u0131mlar ba\u015far\u0131l\u0131? Hangileri m\u00fccadele ediyor? Sistemik sorunlar nerede? A\u00e7\u0131k\u00e7a g\u00f6r\u00fcn.<\/li>\n<li><strong>Daha iyi halefiyet planlamas\u0131.<\/strong> Kimin terfiye haz\u0131r oldu\u011funu bilin. Kimin geli\u015fime ihtiyac\u0131 var. Yedek kul\u00fcbesinin zay\u0131f oldu\u011fu yerler.<\/li>\n<li><strong>\u0130nsanlar\u0131n nefret etmedi\u011fi performans s\u00fcreci.<\/strong> Daha az idari y\u00fck. Ger\u00e7ek geli\u015fime daha fazla odaklanma. Herkes i\u00e7in daha iyi bir deneyim.<\/li>\n<\/ul>\n\n\n<h4 class=\"wp-block-heading\">Y\u00f6neticiler i\u00e7in<\/h4>\n\n\n<ul>\n<li><strong>\u0130nceleme evraklar\u0131 i\u00e7in daha az zaman.<\/strong> Yapay zeka sentezi halleder. Siz konu\u015fmaya ve ko\u00e7lu\u011fa odaklan\u0131yorsunuz.<\/li>\n<li><strong>Ekip performans\u0131 hakk\u0131nda daha iyi i\u00e7g\u00f6r\u00fcler.<\/strong> Geri bildirimden net kal\u0131plar. G\u00f6r\u00fcn\u00fcr beceri bo\u015fluklar\u0131. Kat\u0131l\u0131m konusunda erken uyar\u0131lar.<\/li>\n<li><strong>Sorunlar\u0131 daha erken yakalay\u0131n.<\/strong> Sorunlar\u0131 ke\u015ffetmek i\u00e7in y\u0131ll\u0131k de\u011ferlendirmeyi beklemeyin. Onlar\u0131 hen\u00fcz k\u00fc\u00e7\u00fckken g\u00f6r\u00fcn.<\/li>\n<li><strong>Daha anlaml\u0131 geli\u015fim sohbetleri.<\/strong> Belirsiz izlenimlere de\u011fil, ger\u00e7ek verilere ve modellere dayan\u0131r.<\/li>\n<li><strong>G\u00f6r\u00fcn\u00fcr kalan hedefler.<\/strong> \u0130nceleme zaman\u0131na kadar unutulmaz. S\u00fcrekli olarak izlenir ve ayarlan\u0131r.<\/li>\n<\/ul>\n\n\n<h4 class=\"wp-block-heading\">\u00c7al\u0131\u015fanlar i\u00e7in<\/h4>\n\n\n<ul>\n<li><strong>Daha net geri bildirim.<\/strong> D\u00fczensiz yorumlar y\u0131\u011f\u0131n\u0131 de\u011fil. Net temalar ve \u00fczerinde \u00e7al\u0131\u015f\u0131lacak belirli alanlar.<\/li>\n<li><strong>Ger\u00e7ek ihtiya\u00e7larla uyumlu geli\u015fim.<\/strong> Genel kurslar de\u011fil, ger\u00e7ek beceri eksikliklerine yard\u0131mc\u0131 olan e\u011fitimler.<\/li>\n<li><strong>G\u00fcncelli\u011fini koruyan hedefler.<\/strong> Bir kez ayarlan\u0131p unutulmaz. Durumlar de\u011fi\u015ftik\u00e7e takip edilir ve ayarlan\u0131r.<\/li>\n<li><strong>\u0130ncelemelerde s\u00fcrpriz yok.<\/strong> S\u00fcrekli g\u00f6r\u00fcn\u00fcrl\u00fck, nerede durdu\u011funuzu bilmeniz anlam\u0131na gelir, y\u0131lda bir kez \u00f6\u011frenmeniz de\u011fil.<\/li>\n<li><strong>Adil bir s\u00fcre\u00e7.<\/strong> Kurum genelinde tutarl\u0131 analiz. Bireysel y\u00f6netici \u00f6nyarg\u0131lar\u0131na daha az maruz kal\u0131r.<\/li>\n<\/ul>\n\n\n<hr class=\"wp-block-separator has-alpha-channel-opacity\"\/>\n\n\n\n<h3 class=\"wp-block-heading\">Yapay Zekan\u0131n Yapamayaca\u011f\u0131 \u015eeyler<\/h3>\n\n\n<p>S\u0131n\u0131rlar konusunda \u00e7ok a\u00e7\u0131k olal\u0131m.<\/p>\n<p>Yapay zeka performans kararlar\u0131 vermez. Terfilere karar vermez. \u00dccretleri belirlemez. \u0130nsanlar\u0131 kovmaz. Performans\u0131 de\u011ferlendirmez.<\/p>\n<p>Bunlar muhakeme, ba\u011flam ve hesap verebilirlik gerektiren insani kararlard\u0131r. Bu kararlar\u0131 y\u00f6neticiler verir. Yapay zeka, daha iyi kararlar vermelerine yard\u0131mc\u0131 olacak bilgiler sa\u011flar.<\/p>\n<p>Yapay zeka ayr\u0131ca n\u00fcanslar\u0131 insanlar gibi anlayamaz. Verilerdeki kal\u0131plar\u0131 g\u00f6r\u00fcr. Birinin performans\u0131n\u0131n ki\u015fisel bir kriz nedeniyle d\u00fc\u015ft\u00fc\u011f\u00fcn\u00fc veya metriklerde g\u00f6r\u00fcnmeyen ekstra i\u015fler yapt\u0131\u011f\u0131n\u0131 anlamaz.<\/p>\n<p>Y\u00f6neticilerin hala konu\u015fmaya ihtiyac\u0131 var. Ba\u011flam\u0131 anlamak i\u00e7in. Muhakeme yetene\u011fini kullanmak. \u0130nsan y\u00f6netimi konusunda insanc\u0131l olmak.<\/p>\n<p>Yapay zeka, veri analizi ve idari i\u015fleri hallederek bunu kolayla\u015ft\u0131r\u0131r. Ancak performans y\u00f6netiminin insan unsurunun yerini almaz.<\/p>\n<p>Ayr\u0131ca, performans y\u00f6netiminde yapay zeka iyi veri gerektirir. E\u011fer geri bildirimleriniz \u00e7\u00f6p ise, yapay zeka analizi de \u00e7\u00f6p olacakt\u0131r. Hedefler takip edilmezse, yapay zeka yard\u0131mc\u0131 olamaz. Etkile\u015fim sinyalleri yakalanmazsa, elde tutma tahmini i\u015fe yaramayacakt\u0131r.<\/p>\n<p>Yapay zeka s\u00fcrecinizi g\u00fc\u00e7lendirir. S\u00fcreciniz iyiyse, yapay zeka onu daha iyi hale getirir. S\u00fcreciniz bozuksa, \u00f6nce s\u00fcreci d\u00fczeltin.<\/p>\n\n\n<hr class=\"wp-block-separator has-alpha-channel-opacity\"\/>\n\n\n\n<h3 class=\"wp-block-heading\">Ger\u00e7ek D\u00fcnya Etkisi<\/h3>\n\n\n<p>Bu pratikte nas\u0131l g\u00f6r\u00fcn\u00fcyor?<\/p>\n<p>Bir \u015firket performans y\u00f6netimi i\u00e7in yapay zeka kullan\u0131yor. \u00d6ncesinde: y\u00f6neticiler y\u0131ll\u0131k de\u011ferlendirmeler i\u00e7in \u00e7al\u0131\u015fan ba\u015f\u0131na 3-4 saat harc\u0131yordu. Sonra: 1 saat. Bu da ki\u015fi ba\u015f\u0131na 2-3 saat tasarruf anlam\u0131na geliyor. 8 do\u011frudan \u00e7al\u0131\u015fan\u0131 olan bir y\u00f6netici i\u00e7in bu, g\u00f6zden ge\u00e7irme d\u00f6ng\u00fcs\u00fc ba\u015f\u0131na 16-24 saat tasarruf anlam\u0131na geliyor.<\/p>\n<p>\u00c7al\u0131\u015fanlar\u0131n elde tutulmas\u0131 artar. Erken uyar\u0131 sistemi, potansiyel ayr\u0131lmalar\u0131n 70%'sini ele almak i\u00e7in yeterince erken yakalar. Herkes kalm\u0131yor, ancak bir\u00e7ok sorun insanlar ayr\u0131lmadan \u00f6nce \u00e7\u00f6z\u00fcl\u00fcyor.<\/p>\n<p>Geli\u015fim harcamalar\u0131 daha etkili hale gelir. E\u011fitim b\u00fct\u00e7esini genel kurslara da\u011f\u0131tmak yerine, yat\u0131r\u0131m belirlenen beceri eksikliklerine odaklan\u0131r. E\u011fitimin tamamlanma oran\u0131 artar \u00e7\u00fcnk\u00fc ger\u00e7ekten konuyla ilgilidir.<\/p>\n<p>\u00c7al\u0131\u015fanlar\u0131n performans s\u00fcrecinden memnuniyeti artar. Geri bildirim daha nettir. De\u011ferlendirmeler daha az keyfi hissedilir. Geli\u015fim daha anlaml\u0131 hissedilir.<\/p>\n<p>Bu teorik de\u011fil. Yapay zeka, performans y\u00f6netimini y\u0131ll\u0131k ve \u00f6znel yerine s\u00fcrekli ve veri odakl\u0131 hale getirdi\u011finde ortaya \u00e7\u0131kan \u015fey budur.<\/p>\n\n\n<hr class=\"wp-block-separator has-alpha-channel-opacity\"\/>\n\n\n\n<h3 class=\"wp-block-heading\">Ba\u015flarken<\/h3>\n\n\n<p>Her \u015feyi bir kerede d\u00f6n\u00fc\u015ft\u00fcrmenize gerek yok. Tek bir par\u00e7a ile ba\u015flay\u0131n.<\/p>\n<p>\u00c7o\u011fu \u015firket i\u00e7in bu, geri bildirim analizidir. Bir sonraki g\u00f6zden ge\u00e7irme d\u00f6ng\u00fcs\u00fcnde, yapay zekan\u0131n geri bildirimleri analiz etmesini ve temalar\u0131 ortaya \u00e7\u0131karmas\u0131n\u0131 sa\u011flay\u0131n. Ne kadar zaman kazand\u0131rd\u0131\u011f\u0131n\u0131 g\u00f6r\u00fcn. Y\u00f6neticilerin bunu faydal\u0131 bulup bulmad\u0131\u011f\u0131na bak\u0131n.<\/p>\n<p>Ya da beceri a\u00e7\u0131\u011f\u0131 analizi ile ba\u015flay\u0131n. Rol gereksinimlerinizi ger\u00e7ek becerilerle e\u015fle\u015ftirin. Nerede bo\u015fluklar oldu\u011funu g\u00f6r\u00fcn. Bunu geli\u015fimi hedeflemek i\u00e7in kullan\u0131n.<\/p>\n<p>Ya da hedef takibi uygulay\u0131n. Ayarla ve unut yerine performans hedeflerini g\u00f6r\u00fcn\u00fcr tutun ve s\u00fcrekli takip edin.<\/p>\n<p>Bir unsur se\u00e7in. Uygulay\u0131n. Etkisini \u00f6l\u00e7\u00fcn. Sonra geni\u015fletin.<\/p>\n<p>Her \u015firketin performans y\u00f6netimi farkl\u0131d\u0131r. G\u00f6zden ge\u00e7irme s\u00fcrecinizin belirli a\u015famalar\u0131 vard\u0131r. Geri bildirim toplama s\u00fcrecinizin belirli formatlar\u0131 vard\u0131r. Performans verileriniz belirli sistemlerde bulunur.<\/p>\n<p>Bu y\u00fczden performans y\u00f6netimi yapay zekas\u0131 tak ve \u00e7al\u0131\u015ft\u0131r de\u011fildir. Ger\u00e7ek s\u00fcrecinize uymas\u0131 gerekir. Ger\u00e7ek verilerinize. Ger\u00e7ek k\u00fclt\u00fcr\u00fcn\u00fcze.<\/p>\n\n\n<hr class=\"wp-block-separator has-alpha-channel-opacity\"\/>\n\n\n\n<h3 class=\"wp-block-heading\">Alt Sat\u0131r<\/h3>\n\n\n<p>Performans y\u00f6netimi insanlar\u0131n geli\u015fimine yard\u0131mc\u0131 olmal\u0131d\u0131r. Bunun yerine, herkesin korktu\u011fu idari bir y\u00fck haline geldi.<\/p>\n<p>Yapay zeka, performans y\u00f6netiminin insan unsurunun yerini almaz. S\u0131k\u0131c\u0131 k\u0131s\u0131mlar\u0131 ortadan kald\u0131r\u0131r, b\u00f6ylece insanlar ger\u00e7ekten \u00f6nemli olan \u015feylere odaklanabilir - insanlar\u0131n b\u00fcy\u00fcmesine ve ba\u015far\u0131l\u0131 olmas\u0131na yard\u0131mc\u0131 olur.<\/p>\n<p>Sonu\u00e7: Y\u00f6neticiler evrak i\u015flerine daha az, ko\u00e7lu\u011fa daha \u00e7ok zaman ay\u0131r\u0131yor. \u0130K, sorunlar\u0131 krize d\u00f6n\u00fc\u015fmeden \u00f6nce tespit eder. \u00c7al\u0131\u015fanlar daha net geri bildirim ve daha iyi geli\u015fim elde eder. Kurum daha ak\u0131ll\u0131 yetenek kararlar\u0131 al\u0131r.<\/p>\n<p>Bu abart\u0131 de\u011fil. Do\u011fru uyguland\u0131\u011f\u0131nda yapay zekan\u0131n performans y\u00f6netimi i\u00e7in yapt\u0131\u011f\u0131 \u015fey budur.<\/p>\n\n\n<hr class=\"wp-block-separator has-alpha-channel-opacity\"\/>\n\n\n\n<h3 class=\"wp-block-heading\">Performans Y\u00f6netimini Ger\u00e7ekten Faydal\u0131 Hale Getirmeye Haz\u0131r m\u0131s\u0131n\u0131z?<\/h3>\n\n\n<p>Genel performans y\u00f6netimi yapay zekas\u0131 satm\u0131yoruz. Sizin \u00f6zel s\u00fcrecinize bak\u0131yoruz. Geri bildirim mekanizmalar\u0131n\u0131za. Veri sistemlerinize. \u0130htiya\u00e7lar\u0131n\u0131za.<\/p>\n<p>Ard\u0131ndan, performans\u0131 ger\u00e7ekte nas\u0131l y\u00f6netti\u011finize uyan bir yapay zeka geli\u015ftiriyoruz. \u0130dealize edilmi\u015f bir s\u00fcre\u00e7 de\u011fil, ger\u00e7ek s\u00fcreciniz.<\/p>\n<p>Abart\u0131 yok. A\u015f\u0131r\u0131 sat\u0131\u015f yok. Sadece performans y\u00f6netimini daha az ac\u0131 verici ve daha etkili hale getiren pratik yapay zeka.<\/p>\n\n<p><a href=\"https:\/\/www.leaplytics.de\/tr\/kontakt\/\">Performans Y\u00f6netimi Zorluklar\u0131n\u0131z Hakk\u0131nda Konu\u015fal\u0131m<\/a><\/p>\n\n<p><a href=\"https:\/\/www.leaplytics.de\/tr\/i%cc%87nsan-kaynaklari-ai\/\">\u0130K Yapay Zeka \u00c7\u00f6z\u00fcmlerine Geri D\u00f6n<\/a><\/p>","protected":false},"excerpt":{"rendered":"<p>AI for Performance Management &#038; Analytics: See Problems Before They Become Crises Performance reviews happen once or twice a year. By then, problems have been festering for months. Good employees already have one foot out the door. Skill gaps have been slowing projects down for quarters. The review process itself is painful. Collect feedback from &hellip; <\/p>","protected":false},"author":2,"featured_media":0,"parent":0,"menu_order":0,"comment_status":"closed","ping_status":"closed","template":"","meta":{"footnotes":""},"class_list":["post-14443","page","type-page","status-publish","hentry","latest_post"],"_links":{"self":[{"href":"https:\/\/www.leaplytics.de\/tr\/wp-json\/wp\/v2\/pages\/14443","targetHints":{"allow":["GET"]}}],"collection":[{"href":"https:\/\/www.leaplytics.de\/tr\/wp-json\/wp\/v2\/pages"}],"about":[{"href":"https:\/\/www.leaplytics.de\/tr\/wp-json\/wp\/v2\/types\/page"}],"author":[{"embeddable":true,"href":"https:\/\/www.leaplytics.de\/tr\/wp-json\/wp\/v2\/users\/2"}],"replies":[{"embeddable":true,"href":"https:\/\/www.leaplytics.de\/tr\/wp-json\/wp\/v2\/comments?post=14443"}],"version-history":[{"count":1,"href":"https:\/\/www.leaplytics.de\/tr\/wp-json\/wp\/v2\/pages\/14443\/revisions"}],"predecessor-version":[{"id":14446,"href":"https:\/\/www.leaplytics.de\/tr\/wp-json\/wp\/v2\/pages\/14443\/revisions\/14446"}],"wp:attachment":[{"href":"https:\/\/www.leaplytics.de\/tr\/wp-json\/wp\/v2\/media?parent=14443"}],"curies":[{"name":"wp","href":"https:\/\/api.w.org\/{rel}","templated":true}]}}