{"id":14444,"date":"2025-12-19T01:44:55","date_gmt":"2025-12-19T00:44:55","guid":{"rendered":"https:\/\/www.leaplytics.de\/?page_id=14444"},"modified":"2025-12-19T01:46:09","modified_gmt":"2025-12-19T00:46:09","slug":"ise-alim-yetenek-kazanimi-ai","status":"publish","type":"page","link":"https:\/\/www.leaplytics.de\/tr\/ise-alim-yetenek-kazanimi-ai\/","title":{"rendered":"\u0130\u015fe Al\u0131m ve Yetenek Kazan\u0131m\u0131 Yapay Zeka"},"content":{"rendered":"<h2>\u0130\u015fe Al\u0131m ve Yetenek Kazan\u0131m\u0131 i\u00e7in Yapay Zeka: Daha \u0130yi, Daha H\u0131zl\u0131 \u0130\u015fe Al\u0131m<\/h2>\n\n<p>\u0130yi adaylar beklemez. Siz \u00f6zge\u00e7mi\u015fleri s\u0131ralarken, onlar ba\u015fka teklifleri kabul ediyor. Siz g\u00f6r\u00fc\u015fmeleri planlamak i\u00e7in e-posta kovalamacas\u0131 oynarken, onlar daha h\u0131zl\u0131 \u015firketlerle ilerliyorlar.<\/p>\n<p>\u0130\u015fe al\u0131m bir yar\u0131\u015ft\u0131r. Di\u011fer \u015firketlere kar\u015f\u0131 de\u011fil, zamana kar\u015f\u0131. Bir rol\u00fcn a\u00e7\u0131k kald\u0131\u011f\u0131 her g\u00fcn paraya mal olur. Kay\u0131p giden her nitelikli aday ka\u00e7\u0131r\u0131lm\u0131\u015f bir f\u0131rsatt\u0131r.<\/p>\n<p>Sorun i\u015fe al\u0131m ekibiniz de\u011fil. Sorun hacim. Rol ba\u015f\u0131na y\u00fczlerce ba\u015fvuru. Koordine edilmesi gereken d\u00fczinelerce g\u00f6r\u00fc\u015fme. S\u00fcrekli aday ileti\u015fimi. \u00c7ok fazla manuel i\u015f.<\/p>\n<p>Yapay zeka bunu de\u011fi\u015ftiriyor. \u00d6zge\u00e7mi\u015fleri saatler de\u011fil saniyeler i\u00e7inde okuyor. G\u00f6r\u00fc\u015fmeleri ileri geri yapmadan planlar. Siz \u00f6nemli olan ger\u00e7ek g\u00f6r\u00fc\u015fmelere odaklan\u0131rken adaylar\u0131n ilgisini canl\u0131 tutar.<\/p>\n\n\n<hr class=\"wp-block-separator has-alpha-channel-opacity\"\/>\n\n\n\n<h3 class=\"wp-block-heading\">\u0130\u015fe Al\u0131m Neden Bozuk?<\/h3>\n\n\n<p>Bug\u00fcn i\u015fe al\u0131mlar\u0131n nas\u0131l g\u00f6r\u00fcnd\u00fc\u011f\u00fc konusunda d\u00fcr\u00fcst olal\u0131m.<\/p>\n<p>Bir i\u015f ilan\u0131 veriyorsunuz. Birka\u00e7 g\u00fcn i\u00e7inde 200'den fazla ba\u015fvuru al\u0131yorsunuz. \u00c7o\u011fu a\u00e7\u0131k\u00e7a niteliksiz - yanl\u0131\u015f deneyim, eksik beceriler, yak\u0131n bile de\u011fil. Ama birinin hepsini okumas\u0131 gerekiyor \u00e7\u00fcnk\u00fc bazen harika bir aday orada g\u00f6m\u00fcl\u00fc oluyor.<\/p>\n<p>\u0130\u015fe al\u0131m uzmanlar\u0131n\u0131z saatlerce tarama yap\u0131yor. En iyi adaylar\u0131 belirlediklerinde bir hafta ge\u00e7mi\u015f oluyor. Bu adaylar zaten ba\u015fka yerlerde \u00fc\u00e7 g\u00f6r\u00fc\u015fme yapm\u0131\u015flard\u0131r.<\/p>\n<p>Sonra programlama geliyor. \"Hangi saatler sizin i\u00e7in uygun?\" \"Asl\u0131nda, bu i\u015fe yaramaz.\" \"Per\u015fembe nas\u0131l olur?\" \"B\u00fct\u00fcn g\u00fcn toplant\u0131day\u0131m.\" Be\u015f e-posta sonra, belki bir g\u00f6r\u00fc\u015fme ayarlam\u0131\u015fs\u0131n\u0131zd\u0131r. Belki de aday \u00e7oktan ba\u015fka bir teklifi kabul etmi\u015ftir.<\/p>\n<p>Adaylar\u0131n sorular\u0131 var. Rol hakk\u0131nda. S\u00fcre\u00e7 hakk\u0131nda. Avantajlar hakk\u0131nda. E-posta g\u00f6nderirler. Beklerler. Bazen g\u00fcnlerce. O zamana kadar ilgilerini kaybetmi\u015f ya da yollar\u0131na devam etmi\u015f olurlar.<\/p>\n<p>Bu arada, i\u015fe al\u0131m y\u00f6neticileri h\u00fcsrana u\u011fruyor. \u0130\u015fe al\u0131m uzmanlar\u0131 t\u00fckenmi\u015f durumda. Ve i\u015fe al\u0131m s\u00fcreniz uzamaya devam ediyor.<\/p>\n<p>Bu bir insan sorunu de\u011fil. Bu bir s\u00fcre\u00e7 sorunu. Ve yapay zeka tam da bu t\u00fcr s\u00fcre\u00e7ler i\u00e7in geli\u015ftirilmi\u015ftir.<\/p>\n\n\n<hr class=\"wp-block-separator has-alpha-channel-opacity\"\/>\n\n\n\n<h3 class=\"wp-block-heading\">Yapay Zeka \u0130\u015fe Al\u0131mda Ne \u0130\u015fe Yarar?<\/h3>\n\n\n<p>Yapay zeka i\u015fe al\u0131m uzmanlar\u0131n\u0131n yerini almaz. Onlar\u0131 yava\u015flatan darbo\u011fazlar\u0131 ortadan kald\u0131r\u0131r. \u0130\u015fte b\u00f6yle.<\/p>\n\n\n<h4 class=\"wp-block-heading\">Ger\u00e7ekten \u0130\u015fe Yarayan \u00d6zge\u00e7mi\u015f Taramas\u0131<\/h4>\n\n\n<p>Yapay zeka her \u00f6zge\u00e7mi\u015fi okur. Her ba\u015fvuruyu. Saniyeler i\u00e7inde.<\/p>\n<p>Sadece anahtar kelimeler i\u00e7in tarama yapmaz. Ba\u011flam\u0131 da anlar. \"5 ki\u015filik bir ekibe liderlik etti\", \"Ekip projelerine katk\u0131da bulundu \"dan farkl\u0131d\u0131r. \"$2M b\u00fct\u00e7eyi y\u00f6netti\", \"B\u00fct\u00e7e planlamas\u0131na yard\u0131mc\u0131 oldu \"dan farkl\u0131d\u0131r.<\/p>\n<p>Yapay zeka her aday\u0131 uygunlu\u011fa g\u00f6re puanlar. Beceri e\u015fle\u015fmesi. Deneyim seviyesi. Rol gereksinimleri. \u00d6nemli oldu\u011funda e\u011fitim. E\u011fer bu bir fakt\u00f6rse konum.<\/p>\n<p>En iyi adaylar hemen ortaya \u00e7\u0131kar. M\u00fckemmel adaylar de\u011fil - \u00f6yle bir \u015fey yok - ama g\u00f6r\u00fc\u015fmeye de\u011fer nitelikli adaylar.<\/p>\n<p>Y\u00fczlerce \u00f6zge\u00e7mi\u015fi taramak i\u00e7in saatler harcamak yerine, i\u015fe al\u0131m uzmanlar\u0131n\u0131z ilk 20 \u00f6zge\u00e7mi\u015fi incelemek i\u00e7in dakikalar harc\u0131yor. Zaman tasarrufu \u00e7ok b\u00fcy\u00fck. Kalite iyile\u015ftirmesi ger\u00e7ektir.<\/p>\n\n\n<h4 class=\"wp-block-heading\">Anahtar Kelimelerin \u00d6tesine Ge\u00e7en Aday E\u015fle\u015ftirme<\/h4>\n\n\n<p>Eski sistemler anahtar kelimeleri arar. \"Python'a sahip olmal\u0131.\" \"5+ y\u0131l gerektirir.\" E\u011fer \u00f6zge\u00e7mi\u015fte tam olarak bu kelimeler yoksa, aday filtrelenir.<\/p>\n<p>Yapay zeka, \"yaz\u0131l\u0131m m\u00fchendisli\u011fi\" ile \"yaz\u0131l\u0131m geli\u015ftirmenin\" ayn\u0131 \u015fey oldu\u011funu anlar. 4,5 y\u0131ll\u0131k m\u00fckemmel deneyime sahip birinin 6 y\u0131ll\u0131k vasat deneyime sahip birinden daha iyi olabilece\u011fini. Bu beceriler sekt\u00f6rler aras\u0131nda transfer edilebilir.<\/p>\n<p>Resmin b\u00fct\u00fcn\u00fcne bakar. Rol gereksinimleri. Aday ge\u00e7mi\u015fi. \u015eirket k\u00fclt\u00fcr\u00fcne uyum g\u00f6stergeleri. Kariyer y\u00f6r\u00fcngesi. Sadece \"anahtar kelimeler e\u015fle\u015fiyor mu?\" de\u011fil.<\/p>\n<p>Bu da daha az yanl\u0131\u015f negatif - filtrelenmi\u015f olabilecek nitelikli adaylar - anlam\u0131na geliyor. Ve daha az yanl\u0131\u015f pozitif-anahtar kelime sistemiyle oynayan niteliksiz adaylar.<\/p>\n<p>Daha iyi e\u015fle\u015fmeler, daha az bo\u015fa harcanan m\u00fclakat s\u00fcresi anlam\u0131na gelir. Daha fazla teklif kabul edilir. Daha y\u00fcksek elde tutma.<\/p>\n\n\n<h4 class=\"wp-block-heading\">On E-posta Gerektirmeyen M\u00fclakat Planlamas\u0131<\/h4>\n\n\n<p>Yapay zeka takvim sisteminizle entegre olur. M\u00fclakat\u00e7\u0131lar\u0131n ne zaman m\u00fcsait oldu\u011funu bilir. M\u00fclakat gereksinimlerini (kimin orada olmas\u0131 gerekti\u011fini, ne kadar s\u00fcrece\u011fini, hangi odan\u0131n veya video ba\u011flant\u0131s\u0131n\u0131n kullan\u0131laca\u011f\u0131n\u0131) bilir.<\/p>\n<p>Aday bir e-posta al\u0131r: \"Size uygun bir zaman se\u00e7in.\" Mevcut bo\u015fluklar aras\u0131ndan se\u00e7im yaparlar. G\u00f6r\u00fc\u015fme rezervasyonu yap\u0131l\u0131r. Takvim davetiyeleri g\u00f6nderilir. Toplant\u0131 odas\u0131 veya video ba\u011flant\u0131s\u0131 eklenir. Tamamd\u0131r.<\/p>\n<p>E-posta ping-pongu oynayan koordinat\u00f6r yok. \u00c7ifte rezervasyon yok. \"\u00dczg\u00fcn\u00fcm, o saat art\u0131k m\u00fcsait de\u011fil.\" yok.<\/p>\n<p>Aday i\u00e7in bu profesyonel bir deneyimdir. Ekibiniz i\u00e7inse haftada tasarruf edilen saatler demek. \u0130\u015fe al\u0131m s\u00fcreniz i\u00e7in, s\u00fcre\u00e7ten kazan\u0131lan g\u00fcnler.<\/p>\n\n\n<h4 class=\"wp-block-heading\">\u0130nsanlar\u0131n Kat\u0131l\u0131m\u0131n\u0131 Sa\u011flayan Aday \u0130leti\u015fimi<\/h4>\n\n\n<p>Adaylar\u0131n sorular\u0131 var. \u00c7o\u011funlukla standart sorular. \"M\u00fclakat s\u00fcreci nedir?\" \"Zaman \u00e7izelgesi nedir?\" \"Ne gibi avantajlar sunuyorsunuz?\" \"Uzaktan \u00e7al\u0131\u015fma m\u00fcmk\u00fcn m\u00fc?\"<\/p>\n<p>Yapay zekal\u0131 sohbet robotu bunlara an\u0131nda yan\u0131t verir. 24\/7. Do\u011fru bir \u015fekilde. Tutarl\u0131 bir \u015fekilde.<\/p>\n<p>Her \u015feyi halletmez - hassas konular veya karma\u015f\u0131k m\u00fczakereler yine de insanlara gider. Ancak i\u015fe al\u0131m g\u00f6revlilerinin zaman\u0131n\u0131 alan rutin sorular\u0131 ele al\u0131r.<\/p>\n<p>Adaylar kendilerini ilgili hissediyor. Basit cevaplar i\u00e7in g\u00fcnlerce beklemezler. Ekibinizin dikkati tekrarlayan sorularla da\u011f\u0131lm\u0131yor. Herkes kazan\u0131r.<\/p>\n\n\n<h4 class=\"wp-block-heading\">\u0130\u015f \u0130lan\u0131 Optimizasyonu<\/h4>\n\n\n<p>Hangi i\u015f ilanlar\u0131 nitelikli adaylar\u0131 \u00e7ekiyor? Hangileri g\u00f6z ard\u0131 ediliyor ya da yanl\u0131\u015f ki\u015fileri \u00e7ekiyor?<\/p>\n<p>Yapay zeka bunu analiz eder. Hangi i\u015f tan\u0131mlar\u0131n\u0131n kaliteli ba\u015fvurular yaratt\u0131\u011f\u0131n\u0131 izler. Hangi dil i\u015fe yar\u0131yor. Hangi gereksinimler iyi adaylar\u0131 gereksiz yere korkutuyor.<\/p>\n<p>\u0130yile\u015ftirmeler \u00f6neriyor. \"Bu beceri i\u00e7in 'gerekli' yerine 'tercih edilir' yazan pozisyonlar 40% daha fazla nitelikli ba\u015fvuru al\u0131yor.\" \"Uzaktan esneklikten bahseden i\u015f ilanlar\u0131, benzer kalitede 3 kat daha fazla ba\u015fvuru al\u0131yor.\"<\/p>\n<p>Zamanla i\u015f ilanlar\u0131n\u0131z daha iyi hale gelir. Daha alakal\u0131 trafik. Daha az g\u00fcr\u00fclt\u00fc. Daha y\u00fcksek kaliteli aday havuzlar\u0131.<\/p>\n\n\n<hr class=\"wp-block-separator has-alpha-channel-opacity\"\/>\n\n\n\n<h3 class=\"wp-block-heading\">Bu Sizin \u0130\u00e7in Ne Anlama Geliyor?<\/h3>\n\n\n\n<h4 class=\"wp-block-heading\">\u0130K Direkt\u00f6rleri ve Yetenek Liderleri i\u00e7in<\/h4>\n\n\n<ul>\n<li><strong>Daha h\u0131zl\u0131 i\u015fe al\u0131m s\u00fcresi.<\/strong> G\u00fcnler veya haftalar k\u0131sal\u0131r. Projeleri etkilemeden \u00f6nce doldurulan roller.<\/li>\n<li><strong>Daha d\u00fc\u015f\u00fck i\u015fe al\u0131m ba\u015f\u0131na maliyet.<\/strong> Talep ba\u015f\u0131na daha az zaman, ayn\u0131 ekiple daha fazla talebin ele al\u0131nmas\u0131 anlam\u0131na gelir.<\/li>\n<li><strong>Daha iyi aday deneyimi.<\/strong> H\u0131zl\u0131 yan\u0131tlar. Kolay programlama. Profesyonel s\u00fcre\u00e7. \u0130\u015fveren markan\u0131z geli\u015fir.<\/li>\n<li><strong>Ayn\u0131 ekipten daha fazla i\u015fe al\u0131m.<\/strong> \u0130\u015fe al\u0131m uzmanlar\u0131n\u0131z bo\u011fulmuyor. T\u00fckenmeden daha fazla taleple ba\u015fa \u00e7\u0131kabilirler.<\/li>\n<li><strong>Daha kaliteli i\u015fe al\u0131m.<\/strong> Uygun olmayan adaylara daha az zaman ay\u0131rmak, iyi adaylar\u0131 de\u011ferlendirmek i\u00e7in daha fazla zaman demektir.<\/li>\n<li><strong>Ger\u00e7ekten kullanabilece\u011finiz veriler.<\/strong> Adaylar nerede d\u00fc\u015f\u00fcyor? Hangi kaynaklar kalite sa\u011fl\u0131yor. S\u00fcrecinizi yava\u015flatan \u015fey nedir?<\/li>\n<\/ul>\n\n\n<h4 class=\"wp-block-heading\">\u0130\u015fe Al\u0131m Uzmanlar\u0131 ve Yetenek Kazan\u0131m\u0131 Uzmanlar\u0131 i\u00e7in<\/h4>\n\n\n<ul>\n<li><strong>Y\u00fczlerce niteliksiz \u00f6zge\u00e7mi\u015fi okumay\u0131 b\u0131rak\u0131n.<\/strong> Yapay zeka \u00f6n elemeyi yapar. Sadece en iyi ma\u00e7lar\u0131 g\u00f6zden ge\u00e7irirsiniz.<\/li>\n<li><strong>Planlama koordinat\u00f6r\u00fcn\u00fc oynamay\u0131 b\u0131rak.<\/strong> Yapay zeka hallediyor. Siz aday ili\u015fkilerine odaklan\u0131n.<\/li>\n<li><strong>Ayn\u0131 sorulara tekrar tekrar cevap vermeyi b\u0131rak\u0131n.<\/strong> Yapay zeka sohbet robotu rutin sorular\u0131 ele al\u0131r. Anlaml\u0131 konu\u015fmalar\u0131 siz halledersiniz.<\/li>\n<li><strong>\u00d6nemli adaylarla daha fazla zaman.<\/strong> \u0130yi olanlar\u0131. Ger\u00e7ekten i\u015fe almak istedikleriniz. Ger\u00e7ek ili\u015fkiler kurun.<\/li>\n<li><strong>Daha az idari y\u00fck.<\/strong> Daha fazla ger\u00e7ek i\u015fe al\u0131m i\u015fi. Bunun i\u00e7in kay\u0131t oldun.<\/li>\n<\/ul>\n\n\n<h4 class=\"wp-block-heading\">\u0130\u015fe Al\u0131m Y\u00f6neticileri \u0130\u00e7in<\/h4>\n\n\n<ul>\n<li><strong>Nitelikli adaylarla daha h\u0131zl\u0131 g\u00f6r\u00fc\u015f\u00fcn.<\/strong> \u0130\u015f onay\u0131ndan ilk g\u00f6r\u00fc\u015fmeye haftalar de\u011fil, g\u00fcnler i\u00e7inde.<\/li>\n<li><strong>Daha iyi adaylarla g\u00f6r\u00fc\u015f\u00fcn.<\/strong> Yapay zeka taramas\u0131 i\u015fe yar\u0131yor. A\u00e7\u0131k\u00e7a vas\u0131fs\u0131z insanlarla daha az zaman harcan\u0131yor.<\/li>\n<li><strong>Projeler zarar g\u00f6rmeden \u00f6nce rolleri doldurun.<\/strong> O a\u00e7\u0131k pozisyon aylarca s\u00fcr\u00fcncemede kalm\u0131yor. Ekibiniz sonsuza dek yetersiz personelden olu\u015fmuyor.<\/li>\n<li><strong>Daha iyi yeni i\u015fe al\u0131mlar.<\/strong> \u0130\u015fe al\u0131m daha h\u0131zl\u0131 ilerledi\u011finde ve kaliteye odakland\u0131\u011f\u0131nda, daha iyi insanlar elde edersiniz.<\/li>\n<\/ul>\n\n\n<hr class=\"wp-block-separator has-alpha-channel-opacity\"\/>\n\n\n\n<h3 class=\"wp-block-heading\">Yapay Zekan\u0131n Yapamayaca\u011f\u0131 \u015eeyler<\/h3>\n\n\n<p>S\u0131n\u0131rlamalar konusunda a\u00e7\u0131k olal\u0131m.<\/p>\n<p>Yapay zeka m\u00fclakat yapmaz. \u0130\u015fe alma kararlar\u0131 vermez. K\u00fclt\u00fcr uyumu veya sosyal becerileri de\u011ferlendirmez. Teklif pazarl\u0131\u011f\u0131 yapmaz. Pasif adaylarla ili\u015fki kurmaz.<\/p>\n<p>\u00d6zge\u00e7mi\u015fleri tarar. Toplant\u0131lar\u0131 planlar. Temel sorular\u0131 yan\u0131tlar. Verileri ortaya \u00e7\u0131kar\u0131r.<\/p>\n<p>\u0130nsani yarg\u0131lar insanlarda kal\u0131r. \"Bu ki\u015fiyi i\u015fe almal\u0131 m\u0131y\u0131z?\" sorusu hala sizin karar\u0131n\u0131z. Yapay zeka, idari i\u015flerde bo\u011fulmak yerine, dikkate de\u011fer ki\u015filere zaman harcad\u0131\u011f\u0131n\u0131zdan emin olur.<\/p>\n<p>Ayr\u0131ca, yapay zeka sihirli de\u011fildir. E\u011fer i\u015f gereksinimleriniz ger\u00e7ek\u00e7i de\u011filse, yapay zeka bunu d\u00fczeltemez. \u0130\u015fveren markan\u0131z k\u00f6t\u00fcyse, yapay zeka bunun \u00fcstesinden gelemez. M\u00fclakat s\u00fcreciniz 8 tur s\u00fcr\u00fcyorsa, AI bunu h\u0131zland\u0131ramaz - ancak bunun bir sorun oldu\u011funu g\u00f6rmenize yard\u0131mc\u0131 olabilir.<\/p>\n<p>Yapay zeka iyi i\u015fe al\u0131m s\u00fcre\u00e7lerini daha iyi hale getirir. Bozuk olanlar\u0131 d\u00fczeltmez.<\/p>\n\n\n<hr class=\"wp-block-separator has-alpha-channel-opacity\"\/>\n\n\n\n<h3 class=\"wp-block-heading\">Ger\u00e7ek D\u00fcnya Etkisi<\/h3>\n\n\n<p>Bu asl\u0131nda pratikte neye benziyor?<\/p>\n<p>\u0130\u015fe al\u0131m i\u00e7in yapay zeka kullanan orta \u00f6l\u00e7ekli bir \u015firket, i\u015fe al\u0131m s\u00fcresinin 42 g\u00fcnden 28 g\u00fcne d\u00fc\u015ft\u00fc\u011f\u00fcn\u00fc g\u00f6r\u00fcyor. Bu da rol ba\u015f\u0131na iki hafta demek. Y\u0131lda 50 i\u015fe al\u0131mla 700 g\u00fcnl\u00fck \u00fcretkenlik kazan\u0131l\u0131yor.<\/p>\n<p>\u0130\u015fe al\u0131m uzmanlar\u0131 ayn\u0131 personel say\u0131s\u0131yla 30% daha fazla taleple ilgileniyor. Daha uzun saatler \u00e7al\u0131\u015ft\u0131klar\u0131 i\u00e7in de\u011fil, tarama ve planlama i\u00e7in daha az zaman harcad\u0131klar\u0131 i\u00e7in.<\/p>\n<p>Aday memnuniyet puanlar\u0131 artar. H\u0131zl\u0131 yan\u0131tlar. Kolay programlama. Profesyonel ileti\u015fim. \u0130nsanlar teklifleri daha s\u0131k kabul eder.<\/p>\n<p>\u0130\u015fe al\u0131m kalitesi ayn\u0131 kal\u0131r veya artar. Yapay zeka karar vermez, ancak i\u015fe al\u0131m uzmanlar\u0131n\u0131n do\u011fru adaylara zaman ay\u0131rmas\u0131n\u0131 sa\u011flar.<\/p>\n<p>Bu varsay\u0131msal de\u011fil. Yapay zeka, i\u015fe al\u0131mdaki idari darbo\u011fazlar\u0131 ele ald\u0131\u011f\u0131nda b\u00f6yle olur.<\/p>\n\n\n<hr class=\"wp-block-separator has-alpha-channel-opacity\"\/>\n\n\n\n<h3 class=\"wp-block-heading\">Ba\u015flarken<\/h3>\n\n\n<p>T\u00fcm i\u015fe al\u0131m s\u00fcrecinizi bir gecede d\u00f6n\u00fc\u015ft\u00fcrmek zorunda de\u011filsiniz. En b\u00fcy\u00fck darbo\u011fazla ba\u015flay\u0131n.<\/p>\n<p>\u00c7o\u011fu ekip i\u00e7in bu, \u00f6zge\u00e7mi\u015f taramas\u0131d\u0131r. \u00c7ok fazla ba\u015fvuru. Yeterli zaman yok. Nitelikli adaylar g\u00f6m\u00fcl\u00fcyor. Oradan ba\u015flay\u0131n.<\/p>\n<p>Ya da belki m\u00fclakat planlamas\u0131d\u0131r. Koordinat\u00f6rleriniz bunalm\u0131\u015f durumda. Adaylar h\u00fcsrana u\u011fruyor. M\u00fclakatlar\u0131n ayarlanmas\u0131 \u00e7ok uzun s\u00fcr\u00fcyor. \u00d6nce bunu d\u00fczeltin.<\/p>\n<p>Ya da aday ileti\u015fimi. Ayn\u0131 sorular tekrar tekrar soruluyor. Yava\u015f yan\u0131t s\u00fcreleri. Adaylar\u0131n vazge\u00e7mesi. B\u0131rak\u0131n bunu yapay zeka halletsin.<\/p>\n<p>Bir sorun noktas\u0131 se\u00e7in. Orada yapay zekay\u0131 uygulay\u0131n. Etkiyi \u00f6l\u00e7\u00fcn. Sonra geni\u015fletin.<\/p>\n<p>Her i\u015fe al\u0131m s\u00fcreci farkl\u0131d\u0131r. Ba\u015fvuru takip sisteminizin kendine has tuhafl\u0131klar\u0131 vard\u0131r. M\u00fclakat s\u00fcrecinizin belirli a\u015famalar\u0131 vard\u0131r. Aday ileti\u015fiminizin belirli gereksinimleri vard\u0131r.<\/p>\n<p>Bu nedenle i\u015fe al\u0131m i\u00e7in yapay zeka herkese uyan tek bir \u00e7\u00f6z\u00fcm de\u011fildir. Ger\u00e7ek i\u015f ak\u0131\u015f\u0131n\u0131za uymas\u0131 gerekir. Ger\u00e7ek ara\u00e7lar\u0131n\u0131za. Ger\u00e7ek hacminize ve ihtiya\u00e7lar\u0131n\u0131za.<\/p>\n\n\n<hr class=\"wp-block-separator has-alpha-channel-opacity\"\/>\n\n\n\n<h3 class=\"wp-block-heading\">Alt Sat\u0131r<\/h3>\n\n\n<p>\u0130\u015fe al\u0131m rekabet\u00e7idir. En iyi adaylar\u0131n se\u00e7enekleri vard\u0131r. H\u0131z \u00f6nemlidir. Deneyim \u00f6nemlidir. Verimlilik \u00f6nemlidir.<\/p>\n<p>Yapay zeka i\u015fe al\u0131m uzmanlar\u0131n\u0131n yerini almaz. Onlar\u0131 daha h\u0131zl\u0131 hale getirir. Darbo\u011fazlar\u0131 ortadan kald\u0131r\u0131r. Rutin i\u015fleri halleder, b\u00f6ylece ekibiniz asl\u0131nda insani muhakeme gerektiren \u015feylere odaklanabilir - adaylar\u0131 de\u011ferlendirmek, ili\u015fkiler kurmak ve harika i\u015fe al\u0131mlar yapmak.<\/p>\n<p>Sonu\u00e7: daha h\u0131zl\u0131 i\u015fe al\u0131m s\u00fcresi, daha iyi aday deneyimi, daha d\u00fc\u015f\u00fck i\u015fe al\u0131m maliyetleri ve idari i\u015fler nedeniyle t\u00fckenmemi\u015f bir ekip.<\/p>\n<p>Bu abart\u0131 de\u011fil. Yapay zeka, do\u011fru \u015fekilde uyguland\u0131\u011f\u0131nda i\u015fe al\u0131m i\u00e7in bunu yapar.<\/p>\n\n\n<hr class=\"wp-block-separator has-alpha-channel-opacity\"\/>\n\n\n\n<h3 class=\"wp-block-heading\">\u0130\u015fe Al\u0131m S\u00fcrecinizi \u0130yile\u015ftirmeye Haz\u0131r m\u0131s\u0131n\u0131z?<\/h3>\n\n\n<p>Genel i\u015fe al\u0131m yapay zekas\u0131 satm\u0131yoruz. Sizin \u00f6zel s\u00fcrecinize bak\u0131yoruz. Dar bo\u011fazlar\u0131n\u0131za. Ara\u00e7lar\u0131n\u0131za. Hacminize. \u0130htiya\u00e7lar\u0131n\u0131za.<\/p>\n<p>Sonra da ger\u00e7ekte nas\u0131l \u00e7al\u0131\u015ft\u0131\u011f\u0131n\u0131za uygun yapay zeka sistemleri geli\u015ftiriyoruz. Bir sat\u0131c\u0131n\u0131n i\u015fe al\u0131m\u0131n nas\u0131l olmas\u0131 gerekti\u011fini d\u00fc\u015f\u00fcnd\u00fc\u011f\u00fc gibi de\u011fil, ekibinizin nas\u0131l i\u015fe al\u0131m yapt\u0131\u011f\u0131 gibi.<\/p>\n<p>Tutamayaca\u011f\u0131m\u0131z s\u00f6zler vermeyece\u011fiz. Abart\u0131 yok. Sadece i\u015fe al\u0131mlar\u0131n\u0131z\u0131 daha h\u0131zl\u0131 ve daha iyi hale getiren pratik yapay zeka.<\/p>\n\n<p><a href=\"https:\/\/www.leaplytics.de\/tr\/kontakt\/\">\u0130\u015fe Al\u0131mda Kar\u015f\u0131la\u015ft\u0131\u011f\u0131n\u0131z Zorluklar Hakk\u0131nda Konu\u015fal\u0131m<\/a><\/p>\n\n<p><a href=\"https:\/\/www.leaplytics.de\/tr\/i%cc%87nsan-kaynaklari-ai\/\">\u0130K Yapay Zeka \u00c7\u00f6z\u00fcmlerine Geri D\u00f6n<\/a><\/p>","protected":false},"excerpt":{"rendered":"<p>AI for Recruiting &#038; Talent Acquisition: Hire Better, Faster Good candidates don&#8217;t wait. While you&#8217;re sorting through resumes, they&#8217;re accepting other offers. While you&#8217;re playing email tag to schedule interviews, they&#8217;re moving forward with faster companies. Recruiting is a race. Not against other companies\u2014against time. Every day a role stays open costs money. Every qualified &hellip; <\/p>","protected":false},"author":2,"featured_media":0,"parent":0,"menu_order":0,"comment_status":"closed","ping_status":"closed","template":"","meta":{"footnotes":""},"class_list":["post-14444","page","type-page","status-publish","hentry","latest_post"],"_links":{"self":[{"href":"https:\/\/www.leaplytics.de\/tr\/wp-json\/wp\/v2\/pages\/14444","targetHints":{"allow":["GET"]}}],"collection":[{"href":"https:\/\/www.leaplytics.de\/tr\/wp-json\/wp\/v2\/pages"}],"about":[{"href":"https:\/\/www.leaplytics.de\/tr\/wp-json\/wp\/v2\/types\/page"}],"author":[{"embeddable":true,"href":"https:\/\/www.leaplytics.de\/tr\/wp-json\/wp\/v2\/users\/2"}],"replies":[{"embeddable":true,"href":"https:\/\/www.leaplytics.de\/tr\/wp-json\/wp\/v2\/comments?post=14444"}],"version-history":[{"count":3,"href":"https:\/\/www.leaplytics.de\/tr\/wp-json\/wp\/v2\/pages\/14444\/revisions"}],"predecessor-version":[{"id":14456,"href":"https:\/\/www.leaplytics.de\/tr\/wp-json\/wp\/v2\/pages\/14444\/revisions\/14456"}],"wp:attachment":[{"href":"https:\/\/www.leaplytics.de\/tr\/wp-json\/wp\/v2\/media?parent=14444"}],"curies":[{"name":"wp","href":"https:\/\/api.w.org\/{rel}","templated":true}]}}