{"id":14460,"date":"2025-12-19T01:51:00","date_gmt":"2025-12-19T00:51:00","guid":{"rendered":"https:\/\/www.leaplytics.de\/?page_id=14460"},"modified":"2025-12-19T01:51:01","modified_gmt":"2025-12-19T00:51:01","slug":"uyumluluk-poli%cc%87ti%cc%87kasi-kontrolu-ai","status":"publish","type":"page","link":"https:\/\/www.leaplytics.de\/tr\/uyumluluk-poli%cc%87ti%cc%87kasi-kontrolu-ai\/","title":{"rendered":"Uyumluluk ve Politika Kontrol\u00fc Yapay Zeka"},"content":{"rendered":"<h2>Uyumluluk ve Politika Kontrol\u00fc i\u00e7in Yapay Zeka: Bir \u015eeyi Ka\u00e7\u0131rmad\u0131\u011f\u0131n\u0131z\u0131 Ummay\u0131 B\u0131rak\u0131n<\/h2>\n\n<p>Kurallar her yerde. Federal yasalar. Eyalet yasalar\u0131. End\u00fcstri y\u00f6netmelikleri. \u015eirket politikalar\u0131. S\u00f6zle\u015fme y\u00fck\u00fcml\u00fcl\u00fckleri. Veri koruma gereklilikleri.<\/p>\n<p>Her belgenin uyumlu olmas\u0131 gerekir. Y\u00f6netmelikler de\u011fi\u015fti\u011finde her politikan\u0131n g\u00fcncellenmesi gerekir. Her s\u00f6zle\u015fmenin birden fazla kural setine g\u00f6re kontrol edilmesi gerekir.<\/p>\n<p>Uyumluluk iste\u011fe ba\u011fl\u0131 de\u011fildir. Bir \u015feyi ka\u00e7\u0131rman\u0131n maliyeti y\u00fcksektir: para cezalar\u0131, davalar, d\u00fczenleyici soru\u015fturmalar, itibar kayb\u0131.<\/p>\n<p>Sorun nedir? Uyumluluk kontrol\u00fc manueldir. Zaman al\u0131c\u0131. O g\u00fcn 15. s\u00f6zle\u015fmenizi g\u00f6zden ge\u00e7irirken bir \u015feyi g\u00f6zden ka\u00e7\u0131rmak kolayd\u0131r.<\/p>\n<p>Yapay zeka bunu de\u011fi\u015ftirir. Her belgeyi her kurala g\u00f6re kontrol eder. Bo\u015fluklar\u0131 tespit eder. Mevzuat de\u011fi\u015fikliklerini izler. G\u00fcncellemeler \u00f6nerir.<\/p>\n<p>Hi\u00e7bir \u015feyin g\u00f6zden ka\u00e7mamas\u0131n\u0131 ummak yerine sistematik uygunluk kontrol\u00fc yapars\u0131n\u0131z.<\/p>\n\n\n<hr class=\"wp-block-separator has-alpha-channel-opacity\"\/>\n\n\n\n<h3 class=\"wp-block-heading\">Uyumluluk Sorunu<\/h3>\n\n\n<p>Uyumluluk \u00e7al\u0131\u015fmas\u0131 basit ancak s\u0131k\u0131c\u0131d\u0131r: Belgelerin gerekli standartlar\u0131 kar\u015f\u0131lay\u0131p kar\u015f\u0131lamad\u0131\u011f\u0131n\u0131 kontrol edin.<\/p>\n\n<p>Yayg\u0131n uyumluluk senaryolar\u0131:<\/p>\n<ul>\n<li>Gizlilik politikalar\u0131 belirli GDPR a\u00e7\u0131klamalar\u0131n\u0131 i\u00e7ermelidir<\/li>\n<li>Hizmet \u015fartlar\u0131 devlete \u00f6zg\u00fc zorunlu h\u00fck\u00fcmler i\u00e7ermelidir<\/li>\n<li>S\u00f6zle\u015fmeler end\u00fcstri d\u00fczenlemelerine uygun olmal\u0131d\u0131r (HIPAA, SOX, PCI-DSS)<\/li>\n<li>\u0130K politikalar\u0131 g\u00fcncel istihdam yasalar\u0131n\u0131 yans\u0131tmal\u0131d\u0131r<\/li>\n<li>\u00dcr\u00fcn etiketleri FDA gerekliliklerini kar\u015f\u0131lamal\u0131d\u0131r<\/li>\n<li>Mali belgeler if\u015fa kurallar\u0131na uygun olmal\u0131d\u0131r<\/li>\n<li>Pazarlama materyalleri reklam y\u00f6netmeliklerine uygun olmal\u0131d\u0131r<\/li>\n<\/ul>\n\n<p>Geleneksel uygunluk kontrol\u00fc:<\/p>\n<ul>\n<li>Gereksinimlerin kontrol listelerini muhafaza edin<\/li>\n<li>Belgeleri kontrol listelerine g\u00f6re manuel olarak inceleyin<\/li>\n<li>Mevzuat de\u011fi\u015fikliklerine ayak uydurmaya \u00e7al\u0131\u015f\u0131n<\/li>\n<li>Y\u00f6netmelikler de\u011fi\u015fti\u011finde belgeleri g\u00fcncelleyin<\/li>\n<li>Umar\u0131m bir \u015fey ka\u00e7\u0131rmam\u0131\u015fs\u0131n\u0131zd\u0131r.<\/li>\n<li>Para cezas\u0131na \u00e7arpt\u0131r\u0131ld\u0131\u011f\u0131n\u0131zda veya dava edildi\u011finizde bir \u015feyleri ka\u00e7\u0131rd\u0131\u011f\u0131n\u0131z\u0131 \u00f6\u011frenin<\/li>\n<\/ul>\n\n<p>Sorunlar:<\/p>\n<ul>\n<li>Manuel kontrol yava\u015f ve tutars\u0131zd\u0131r<\/li>\n<li>Gereksinimler takip edebilece\u011finizden daha h\u0131zl\u0131 de\u011fi\u015fir<\/li>\n<li>Farkl\u0131 yarg\u0131 b\u00f6lgelerinin farkl\u0131 kurallar\u0131 vard\u0131r<\/li>\n<li>Hi\u00e7 kimse y\u00fczlerce gereksinimi kafas\u0131nda tutamaz<\/li>\n<li>H\u0131zl\u0131 hareket etme bask\u0131s\u0131 kestirmelere yol a\u00e7\u0131yor<\/li>\n<li>Her \u015feyi kontrol etti\u011finize dair kan\u0131t yok<\/li>\n<\/ul>\n\n<p>Sonu\u00e7: Uyumluluk bir kutu i\u015faretleme egzersizine d\u00f6n\u00fc\u015f\u00fcr. Ta ki bir \u015feyler ters gidene kadar.<\/p>\n\n\n<hr class=\"wp-block-separator has-alpha-channel-opacity\"\/>\n\n\n\n<h3 class=\"wp-block-heading\">Yapay Zeka Uyumluluk ve Politika Kontrol\u00fc i\u00e7in Ne Yapar?<\/h3>\n\n\n<p>Yapay zeka kurallar\u0131 bilir. Belgeleri okur. \u0130kisini kar\u015f\u0131la\u015ft\u0131r\u0131r. Asla yorulmaz. Bir gereksinimi asla unutmaz.<\/p>\n<p>Uyum uzmanl\u0131\u011f\u0131n\u0131n yerini almaz. Uyumlulu\u011fu ad hoc yerine sistematik hale getirir.<\/p>\n\n\n<h4 class=\"wp-block-heading\">1. Otomatik Uygunluk Kontrol\u00fc<\/h4>\n\n\n<p>Yapay zekaya uyumluluk gereksinimlerinizi verirsiniz. O da her belgeyi bunlara g\u00f6re kontrol ediyor.<\/p>\n\n<p><strong>\u00d6rnek: GDPR Gizlilik Politikas\u0131 Kontrol\u00fc<\/strong><\/p>\n<p>GDPR belirli a\u00e7\u0131klamalar gerektirir. AI, gizlilik politikan\u0131z\u0131 a\u015fa\u011f\u0131dakiler i\u00e7in kontrol eder:<\/p>\n<ul>\n<li>Veri sorumlusunun kimli\u011fi ve ileti\u015fim bilgileri<\/li>\n<li>Veri koruma g\u00f6revlisinin ileti\u015fim bilgileri (varsa)<\/li>\n<li>Veri i\u015fleme ama\u00e7lar\u0131<\/li>\n<li>\u0130\u015fleme i\u00e7in yasal dayanak<\/li>\n<li>Me\u015fru menfaatler (varsa)<\/li>\n<li>Al\u0131c\u0131lar veya al\u0131c\u0131 kategorileri<\/li>\n<li>Uluslararas\u0131 veri aktar\u0131mlar\u0131 (varsa)<\/li>\n<li>Saklama s\u00fcreleri<\/li>\n<li>Veri sahiplerinin haklar\u0131 (eri\u015fim, d\u00fczeltme, silme, vb.)<\/li>\n<li>\u0130zni geri \u00e7ekme hakk\u0131<\/li>\n<li>Denetim makam\u0131na \u015fikayette bulunma hakk\u0131<\/li>\n<li>Otomatik karar verme a\u00e7\u0131klamalar\u0131 (varsa)<\/li>\n<\/ul>\n\n<p>Yapay zeka geri d\u00f6n\u00fcyor:<\/p>\n<ul>\n<li>\u2713 Mevcut: Kar\u015f\u0131lanan gereksinimlerin listesi<\/li>\n<li>Eksik: Gereksinim listesi bulunamad\u0131<\/li>\n<li>Belirsiz: Gereksinimler muhtemelen ele al\u0131nm\u0131\u015f ancak a\u00e7\u0131k\u00e7a belirtilmemi\u015f<\/li>\n<\/ul>\n\n<p>D\u00fczenleyiciler bo\u015fluklar\u0131 bulmadan \u00f6nce siz onlar\u0131 d\u00fczeltirsiniz.<\/p>\n\n\n<h4 class=\"wp-block-heading\">2. Gerekli \u0130\u00e7erik Do\u011frulamas\u0131<\/h4>\n\n\n<p>Baz\u0131 belgeler belirli bir dil i\u00e7ermelidir. Kelimesi kelimesine. Yapay zeka bunu kontrol eder.<\/p>\n\n<p><strong>\u00d6rnek: Eyalete \u00d6zel A\u00e7\u0131klamalar<\/strong><\/p>\n\n<p>Kaliforniya, i\u015f tahkim anla\u015fmalar\u0131nda \u00f6zel bir dil kullan\u0131lmas\u0131n\u0131 \u015fart ko\u015fmaktad\u0131r. New York, gizlilik h\u00fck\u00fcmleri i\u00e7eren uzla\u015fma anla\u015fmalar\u0131nda \u00f6zel bir dil gerektirir.<\/p>\n\n<p>Yapay zeka kontrolleri:<\/p>\n<ul>\n<li>Gerekli dil mevcut mu?<\/li>\n<li>Yeterince belirgin mi (e\u011fer belirginlik gerekiyorsa)?<\/li>\n<li>G\u00fcncel s\u00fcr\u00fcm kullan\u0131l\u0131yor mu (dil g\u00fcncellendiyse)?<\/li>\n<\/ul>\n\n<p>Haf\u0131zaya veya modas\u0131 ge\u00e7mi\u015f \u015fablonlara g\u00fcvenmezsiniz.<\/p>\n\n\n<h4 class=\"wp-block-heading\">3. \u00c7oklu Yarg\u0131 Yetkisi Uyumlulu\u011fu<\/h4>\n\n\n<p>Farkl\u0131 eyaletler, farkl\u0131 kurallar. Farkl\u0131 \u00fclkeler, farkl\u0131 kurallar. Ayn\u0131 belgenin birden fazla kural setine uymas\u0131 gerekebilir.<\/p>\n\n<p>Yapay zeka, ilgili t\u00fcm yetki alanlar\u0131n\u0131 ayn\u0131 anda kontrol eder.<\/p>\n\n<p><strong>\u00d6rnek: \u00c7ok Eyaletli Hizmet i\u00e7in Hizmet Ko\u015fullar\u0131<\/strong><\/p>\n\n<p>\u015eirketiniz Kaliforniya, New York ve Teksas'ta faaliyet g\u00f6steriyor. Her eyaletin t\u00fcketici s\u00f6zle\u015fmeleri i\u00e7in \u00f6zel gereksinimleri vard\u0131r.<\/p>\n\n<p>Yapay zeka, hizmet ko\u015fullar\u0131n\u0131 kontrol eder:<\/p>\n<ul>\n<li>Kaliforniya t\u00fcketici koruma yasalar\u0131<\/li>\n<li>Kaliforniya otomatik yenileme yasas\u0131 gereklilikleri<\/li>\n<li>New York t\u00fcketici koruma y\u00f6netmelikleri<\/li>\n<li>Teksas eyaletine \u00f6zg\u00fc h\u00fck\u00fcmler<\/li>\n<li>Federal d\u00fczenlemeler (FTC, vb.)<\/li>\n<\/ul>\n\n<p>Sonu\u00e7lar, yarg\u0131 yetkisine g\u00f6re uyumluluk durumunu g\u00f6sterir. Her eyalet i\u00e7in tam olarak nelerin eklenmesi gerekti\u011fini g\u00f6r\u00fcrs\u00fcn\u00fcz.<\/p>\n\n\n<h4 class=\"wp-block-heading\">4. Mevzuat De\u011fi\u015fikli\u011fi \u0130zleme<\/h4>\n\n\n<p>Y\u00f6netmelikler de\u011fi\u015fir. Yeni yasalar \u00e7\u0131kar. Ajanslar yeni k\u0131lavuzlar yay\u0131nlar. Mahkeme kararlar\u0131 yeni gereklilikler yarat\u0131r.<\/p>\n\n<p>Yapay zeka ilgili kaynaklar\u0131 izler:<\/p>\n<ul>\n<li>Federal Kay\u0131t g\u00fcncellemeleri<\/li>\n<li>Eyalet mevzuat\u0131ndaki de\u011fi\u015fiklikler<\/li>\n<li>Kurum rehberli\u011fi ve yorumlar\u0131<\/li>\n<li>Uyumu etkileyen mahkeme kararlar\u0131<\/li>\n<li>Sekt\u00f6re \u00f6zg\u00fc d\u00fczenleyici kurumlar<\/li>\n<\/ul>\n\n<p>Sizi etkileyen bir \u015fey de\u011fi\u015fti\u011finde, AI bunu i\u015faretler:<\/p>\n<ul>\n<li>Ne de\u011fi\u015fti?<\/li>\n<li>Y\u00fcr\u00fcrl\u00fck tarihi<\/li>\n<li>Hangi belgeler etkilenir<\/li>\n<li>G\u00fcncellenmesi gerekenler<\/li>\n<\/ul>\n\n<p>Bir ihlal bildirimi ald\u0131\u011f\u0131n\u0131zda y\u00f6netmeliklerin de\u011fi\u015fti\u011fini \u00f6\u011frenmezsiniz.<\/p>\n\n\n<h4 class=\"wp-block-heading\">5. Bo\u015fluk Analizi ve \u0130yile\u015ftirme \u00d6nerileri<\/h4>\n\n\n<p>Bo\u015fluklar\u0131 bulmak bir \u015feydir. Onlar\u0131 nas\u0131l d\u00fczeltece\u011finizi bilmek ba\u015fka bir \u015feydir.<\/p>\n\n<p>Yapay zeka yaln\u0131zca eksik gereksinimleri belirlemekle kalmaz, ayn\u0131 zamanda bu gereksinimleri kar\u015f\u0131layacak bir dil de \u00f6nerir.<\/p>\n\n<p><strong>\u00d6rnek:<\/strong><\/p>\n<p><em>Eksiklik tespit edilmi\u015ftir: \"Gizlilik politikas\u0131, GDPR Madde 13(2)(a)'n\u0131n gerektirdi\u011fi \u015fekilde saklama s\u00fcrelerini belirtmemektedir.\"<\/em><\/p>\n\n<p><em>\u00d6nerilen dil: \"Yasalar daha uzun bir saklama s\u00fcresi gerektirmedik\u00e7e, ki\u015fisel verileri [s\u00fcreleri belirtin] veya toplanma ama\u00e7lar\u0131n\u0131 yerine getirmek i\u00e7in gerekli oldu\u011fu s\u00fcrece saklar\u0131z.\"<\/em><\/p>\n\n<p>S\u0131f\u0131rdan ba\u015flamazs\u0131n\u0131z. \u00d6nerilen dili g\u00f6zden ge\u00e7irir ve \u00f6zelle\u015ftirirsiniz.<\/p>\n\n\n<h4 class=\"wp-block-heading\">6. Politika S\u00fcr\u00fcm Kontrol\u00fc ve Denetim \u0130zi<\/h4>\n\n\n<p>Uyumluluk, uydu\u011funuzu kan\u0131tlamak anlam\u0131na gelir. Yapay zeka dok\u00fcmantasyon olu\u015fturur:<\/p>\n<ul>\n<li>Her bir poli\u00e7e kontrol edildi\u011finde<\/li>\n<li>Hangi gereksinimler do\u011fruland\u0131<\/li>\n<li>Hangi bo\u015fluklar bulundu<\/li>\n<li>Hangi g\u00fcncellemeler yap\u0131ld\u0131<\/li>\n<li>G\u00fcncellemeler yay\u0131na girdi\u011finde<\/li>\n<li>De\u011fi\u015fiklikleri kim onaylad\u0131<\/li>\n<\/ul>\n\n<p>Denetlenirseniz veya bir uygunluk soru\u015fturmas\u0131yla kar\u015f\u0131la\u015f\u0131rsan\u0131z, elinizde net kay\u0131tlar olur.<\/p>\n\n\n<hr class=\"wp-block-separator has-alpha-channel-opacity\"\/>\n\n\n\n<h3 class=\"wp-block-heading\">Bu Sizin \u0130\u00e7in Ne Anlama Geliyor?<\/h3>\n\n\n\n<h4 class=\"wp-block-heading\">Karar Vericiler \u0130\u00e7in<\/h4>\n\n\n<p><strong>Daha d\u00fc\u015f\u00fck uyumluluk riski.<\/strong><br \/>\nSistematik kontrol, eksiklikleri ihlale d\u00f6n\u00fc\u015fmeden yakalar. Daha az para cezas\u0131. Daha az d\u00fczenleyici sorun. Daha az dava.<\/p>\n\n<p><strong>Denetime haz\u0131r s\u00fcre\u00e7ler.<\/strong><br \/>\nNeyin, ne zaman kontrol edildi\u011finin ve hangi \u00f6nlemlerin al\u0131nd\u0131\u011f\u0131n\u0131n a\u00e7\u0131k bir \u015fekilde belgelendirilmesi. D\u00fczenleyiciler profesyonel bir uyum program\u0131 g\u00f6r\u00fcrler.<\/p>\n\n<p><strong>Daha h\u0131zl\u0131 belge g\u00fcncellemeleri.<\/strong><br \/>\nY\u00f6netmelikler de\u011fi\u015fti\u011finde, tam olarak neyin g\u00fcncellenmesi gerekti\u011fini bilirsiniz. Her \u015feyi g\u00f6zden ge\u00e7irmek i\u00e7in b\u00fcy\u00fck bir tela\u015f yok.<\/p>\n\n<p><strong>Kurum genelinde tutarl\u0131 uyumluluk.<\/strong><br \/>\nHer belge ayn\u0131 titizlikle kontrol edilir. Kimin me\u015fgul oldu\u011funa veya kimin bir \u015feyi kontrol etmeyi unuttu\u011funa g\u00f6re de\u011fi\u015fiklik olmaz.<\/p>\n\n\n<h4 class=\"wp-block-heading\">Avukatlar ve Uyum Ekipleri i\u00e7in<\/h4>\n\n\n<p><strong>Haf\u0131za yerine sistematik kontrol.<\/strong><br \/>\n200 gereksinimi hat\u0131rlamak zorunda de\u011filsiniz. Yapay zeka her seferinde hepsini kontrol ediyor.<\/p>\n\n<p><strong>\u0130\u015finizi yapt\u0131\u011f\u0131n\u0131z\u0131n kan\u0131t\u0131.<\/strong><br \/>\nUygunluk kontrollerinin yap\u0131ld\u0131\u011f\u0131na dair net kay\u0131tlar. Bir \u015feyler ters giderse, gerekli \u00f6zeni g\u00f6sterdi\u011finizi kan\u0131tlayabilirsiniz.<\/p>\n\n<p><strong>Reaktif yerine proaktif.<\/strong><br \/>\nSorunlar\u0131 yay\u0131nland\u0131ktan sonra de\u011fil, geli\u015ftirme s\u0131ras\u0131nda bulursunuz. Mevzuat de\u011fi\u015fikliklerinden m\u00fc\u015fterileriniz sormadan \u00f6nce haberdar olursunuz.<\/p>\n\n<p><strong>Karma\u015f\u0131k yarg\u0131lara odaklan\u0131n.<\/strong><br \/>\nYapay zeka rutin uyumluluk kontrollerini ger\u00e7ekle\u015ftirir. Siz gri alanlara, risk de\u011ferlendirmesine ve stratejik uyumluluk kararlar\u0131na odaklan\u0131rs\u0131n\u0131z.<\/p>\n\n\n<h4 class=\"wp-block-heading\">\u0130\u015f i\u00e7in<\/h4>\n\n\n<p><strong>Kurallar\u0131 \u00e7i\u011fnemeden h\u0131zl\u0131 hareket edin.<\/strong><br \/>\nUygunluk kontrol\u00fc her \u015feyi yava\u015flatmaz. H\u0131zl\u0131 otomatik kontroller g\u00fcvenli bir \u015fekilde h\u0131zl\u0131 hareket etmenizi sa\u011flar.<\/p>\n\n<p><strong>Uyum maliyetlerini azalt\u0131n.<\/strong><br \/>\nManuel kontrol i\u00e7in daha az zaman. Pahal\u0131 d\u00fczeltme gerektiren daha az uyumluluk sorunu. Daha d\u00fc\u015f\u00fck ceza riski.<\/p>\n\n<p><strong>Payda\u015flarla g\u00fcven olu\u015fturun.<\/strong><br \/>\nM\u00fc\u015fteriler, ortaklar ve d\u00fczenleyiciler uyumlulu\u011fu ciddiye alan bir \u015firket g\u00f6r\u00fcrler.<\/p>\n\n\n<hr class=\"wp-block-separator has-alpha-channel-opacity\"\/>\n\n\n\n<h3 class=\"wp-block-heading\">Ger\u00e7ek D\u00fcnya \u00d6rne\u011fi: Web Sitesi Gizlilik Politikas\u0131 G\u00fcncellemesi<\/h3>\n\n\n<p>\u015eirketiniz ABD ve AB'de faaliyet g\u00f6steriyor. GDPR yeni gereksinimlerle g\u00fcncellendi.<\/p>\n\n<p><strong>Yapay zeka olmadan:<\/strong><\/p>\n<ul>\n<li>Uyum ekibi g\u00fcncellemeyi \u00f6\u011frenir (sonunda)<\/li>\n<li>Yeni gereksinimleri g\u00f6zden ge\u00e7irir<\/li>\n<li>G\u00fcncel gizlilik politikas\u0131 belgesini bulur<\/li>\n<li>Poli\u00e7eyi manuel olarak okur<\/li>\n<li>T\u00fcm yeni GDPR gerekliliklerini hat\u0131rlamaya \u00e7al\u0131\u015f\u0131r<\/li>\n<li>Taslak g\u00fcncellemeleri<\/li>\n<li>\u0130nceleme i\u00e7in hukuk departman\u0131na g\u00f6nderir<\/li>\n<li>Yasal incelemeler ve d\u00fczenlemeler<\/li>\n<li>G\u00fcncellemeler onay s\u00fcrecinden ge\u00e7er<\/li>\n<li>Web sitesi ekibi de\u011fi\u015fiklikleri hayata ge\u00e7iriyor<\/li>\n<li>Zaman: 3-6 hafta<\/li>\n<li>Risk: Bir \u015feyi g\u00f6zden ka\u00e7\u0131rm\u0131\u015f olabilirim<\/li>\n<\/ul>\n\n<p><strong>Yapay zeka ile:<\/strong><\/p>\n<ul>\n<li>Yapay zeka GDPR g\u00fcncellemesini alg\u0131lar (duyuruldu\u011fu g\u00fcn)<\/li>\n<li>Yapay zeka bayraklar\u0131: \"Yeni GDPR gereklilikleri gizlilik politikan\u0131z\u0131 etkiler\"<\/li>\n<li>Yapay zeka mevcut politikay\u0131 yeni gereksinimlere g\u00f6re kontrol eder<\/li>\n<li>AI rapor olu\u015fturuyor: Ayr\u0131nt\u0131lar\u0131yla birlikte \"Eksik 3 gerekli a\u00e7\u0131klama\"<\/li>\n<li>Yapay zeka her eksik unsur i\u00e7in dil \u00f6neriyor<\/li>\n<li>Uyumluluk, yapay zeka \u00f6nerilerini inceler ve \u00f6zelle\u015ftirir<\/li>\n<li>Hukuk, \u00f6nerilen de\u011fi\u015fiklikleri inceliyor<\/li>\n<li>G\u00fcncellemeler onay s\u00fcrecinden ge\u00e7er<\/li>\n<li>Web sitesi ekibi de\u011fi\u015fiklikleri hayata ge\u00e7iriyor<\/li>\n<li>AI, g\u00fcncellenen politikan\u0131n t\u00fcm gereksinimleri kar\u015f\u0131lad\u0131\u011f\u0131n\u0131 do\u011frular<\/li>\n<li>S\u00fcre: 3-5 g\u00fcn<\/li>\n<li>Risk: T\u00fcm gerekliliklere kar\u015f\u0131 kapsaml\u0131 kontrol<\/li>\n<\/ul>\n\n<p>Ayn\u0131 kalitede. 75% daha h\u0131zl\u0131. Daha iyi dok\u00fcmantasyon. Daha y\u00fcksek g\u00fcven.<\/p>\n\n\n<hr class=\"wp-block-separator has-alpha-channel-opacity\"\/>\n\n\n\n<h3 class=\"wp-block-heading\">Yapay Zeka Ne Yapmaz?<\/h3>\n\n\n<p>Yapay zekan\u0131n ne yapamayaca\u011f\u0131 konusunda a\u00e7\u0131k olal\u0131m.<\/p>\n\n<p><strong>Yapay zeka mu\u011flak d\u00fczenlemeleri yorumlamaz.<\/strong><br \/>\nYasa a\u00e7\u0131k oldu\u011funda, yapay zeka uyumu kontrol eder. Yorumlama gerekti\u011finde, insanlar nas\u0131l uyulaca\u011f\u0131na karar verir.<\/p>\n\n<p><strong>Yapay zeka risk hakk\u0131nda i\u015f kararlar\u0131 vermez.<\/strong><br \/>\nUyum a\u00e7\u0131klar\u0131n\u0131 tan\u0131mlar. Bunlar\u0131 hemen d\u00fczeltmeye, riski kabul etmeye veya farkl\u0131 bir yakla\u015f\u0131m aramaya karar verirsiniz.<\/p>\n\n<p><strong>Yapay zeka, uyumluluk yarg\u0131s\u0131n\u0131n yerini almaz.<\/strong><br \/>\nBazen uyumluluk siyah ve beyaz de\u011fildir. Yapay zeka sorunu i\u015faretler. Bir uyum uzman\u0131 karar verir.<\/p>\n\n<p><strong>Yapay zeka sonsuza kadar otomatik olarak g\u00fcncellenmez.<\/strong><br \/>\nD\u00fczenleyici izleme bak\u0131m gerektirir. YZ'nin kural setine yeni d\u00fczenlemelerin eklenmesi gerekir. Birinin bunu y\u00f6netmesi gerekir.<\/p>\n\n<p><strong>Yapay zeka sizi uyumlu yapmaz.<\/strong><br \/>\nUyumlulu\u011fu kontrol etmenize yard\u0131mc\u0131 olur. Yine de bo\u015fluklar\u0131 d\u00fczeltmeniz, politikalar\u0131 uygulaman\u0131z ve takip etmeniz gerekir.<\/p>\n\n<p>Yapay zeka bir uyumluluk arac\u0131d\u0131r. Uyum uzmanlar\u0131 hala gereklidir.<\/p>\n\n\n<hr class=\"wp-block-separator has-alpha-channel-opacity\"\/>\n\n\n\n<h3 class=\"wp-block-heading\">Nas\u0131l Ba\u015flan\u0131r<\/h3>\n\n\n<p><strong>1. Uyumluluk gereksinimlerinizi belirleyin.<\/strong><br \/>\n\u0130\u015fletmeniz i\u00e7in hangi d\u00fczenlemeler ge\u00e7erli? Hangi end\u00fcstri standartlar\u0131n\u0131 kar\u015f\u0131laman\u0131z gerekiyor? Hangi s\u00f6zle\u015fme y\u00fck\u00fcml\u00fcl\u00fckleriniz var?<\/p>\n\n<p><strong>2. Mevcut uyumluluk kontrol listelerinizi belgeleyin.<\/strong><br \/>\n\u015eu anda neleri kontrol ediyorsunuz? Neleri kontrol etmelisiniz? Bunu a\u00e7\u0131k\u00e7a belirtin.<\/p>\n\n<p><strong>3. Riske g\u00f6re \u00f6nceliklendirin.<\/strong><br \/>\nY\u00fcksek riskli uyumluluk alanlar\u0131yla ba\u015flay\u0131n (GDPR, HIPAA, finansal d\u00fczenlemeler). Daha d\u00fc\u015f\u00fck riskli alanlar\u0131 daha sonra ekleyin.<\/p>\n\n<p><strong>4. Yapay zeka kural setleri olu\u015fturun.<\/strong><br \/>\nYapay zekay\u0131 uyumluluk gereksinimleriniz konusunda e\u011fitin. Ne kadar net ve spesifik olursa o kadar iyi.<\/p>\n\n<p><strong>5. Mevcut belgeler \u00fczerinde test edin.<\/strong><br \/>\nMevcut politikalar ve s\u00f6zle\u015fmeler \u00fczerinde yapay zeka uyumluluk kontrolleri \u00e7al\u0131\u015ft\u0131r\u0131n. Ne buldu\u011funu g\u00f6r\u00fcn. Do\u011frulu\u011funu onaylay\u0131n.<\/p>\n\n<p><strong>6. \u0130\u015f ak\u0131\u015f\u0131na entegre edin.<\/strong><br \/>\nYZ uygunluk kontrol\u00fcn\u00fc standart bir ad\u0131m haline getirin. Taslak belge \u2192 YZ kontrol\u00fc \u2192 insan incelemesi \u2192 onay.<\/p>\n\n<p><strong>7. \u0130zleyin ve iyile\u015ftirin.<\/strong><br \/>\nYanl\u0131\u015f pozitifleri ve yanl\u0131\u015f negatifleri takip edin. Yapay zeka kurallar\u0131n\u0131 iyile\u015ftirin. D\u00fczenleyici izlemeyi g\u00fcncel tutun.<\/p>\n\n\n<hr class=\"wp-block-separator has-alpha-channel-opacity\"\/>\n\n\n\n<h3 class=\"wp-block-heading\">S\u0131k Sorulan Sorular<\/h3>\n\n\n<p><strong>Yapay zeka hangi d\u00fczenlemeleri kontrol edebilir?<\/strong><br \/>\nA\u00e7\u0131k, belgelenmi\u015f gereksinimleri olan her t\u00fcrl\u00fc d\u00fczenleme. GDPR, CCPA, HIPAA, SOX, sekt\u00f6re \u00f6zel d\u00fczenlemeler. Kural ne kadar net olursa, yapay zeka o kadar iyi performans g\u00f6sterir.<\/p>\n\n<p><strong>Yapay zeka \u015firkete \u00f6zg\u00fc politikalar\u0131 idare edebilir mi?<\/strong><br \/>\nEvet. Yapay zeka, belgeleri \u015firket i\u00e7i politikalara, marka y\u00f6nergelerine, s\u00f6zle\u015fme standartlar\u0131na ve \u015firkete \u00f6zg\u00fc gereksinimlere g\u00f6re kontrol edebilir.<\/p>\n\n<p><strong>Sekt\u00f6re \u00f6zel uyumluluk ne olacak?<\/strong><br \/>\nYapay zeka, end\u00fcstri d\u00fczenlemeleri (finansal hizmetler, sa\u011fl\u0131k hizmetleri, \u00fcretim vb.) konusunda e\u011fitilebilir. D\u00fczg\u00fcn kurulum i\u00e7in alan uzmanl\u0131\u011f\u0131 gerektirir.<\/p>\n\n<p><strong>Yapay zeka uygunluk kontrol\u00fc ne kadar do\u011fru?<\/strong><br \/>\nA\u00e7\u0131k gereklilikler i\u00e7in (\u00f6zel a\u00e7\u0131klamalar, gerekli dil): 90-95%. Yorumlay\u0131c\u0131 gereklilikler i\u00e7in: Daha d\u00fc\u015f\u00fck, insan yarg\u0131s\u0131 gerektirir. Bu y\u00fczden insan incelemesi \u00f6nemini korumaktad\u0131r.<\/p>\n\n<p><strong>Bu uluslararas\u0131 uyumluluk i\u00e7in i\u015fe yarar m\u0131?<\/strong><br \/>\nEvet. Yapay zeka birden fazla \u00fclkenin y\u00f6netmeliklerini kontrol edebilir. \u00d6zellikle farkl\u0131 yetki alanlar\u0131nda faaliyet g\u00f6steren \u015firketler i\u00e7in faydal\u0131d\u0131r.<\/p>\n\n<p><strong>Yapay zekay\u0131 mevzuat de\u011fi\u015fiklikleriyle nas\u0131l g\u00fcncel tutuyorsunuz?<\/strong><br \/>\nOtomatik izleme ve uzman incelemesi kombinasyonu. B\u00fcy\u00fck de\u011fi\u015fiklikler otomatik olarak i\u015faretlenir. Uzmanlar yapay zeka kural setlerini do\u011frular ve g\u00fcnceller.<\/p>\n\n\n<hr class=\"wp-block-separator has-alpha-channel-opacity\"\/>\n\n\n\n<h3 class=\"wp-block-heading\">Alt Sat\u0131r<\/h3>\n\n\n<p>Uyumluluk haf\u0131zaya ve umuda dayanmak zorunda de\u011fildir.<\/p>\n<p>Yapay zeka, belgeleri yasal gerekliliklere g\u00f6re sistematik olarak kontrol eder. De\u011fi\u015fiklikleri izler. Bo\u015fluklar\u0131 i\u015faretler. D\u00fczeltmeler \u00f6nerir. Her \u015feyi belgelendirir.<\/p>\n<p>Sonu\u00e7, daha d\u00fc\u015f\u00fck uyumluluk riski, daha h\u0131zl\u0131 belge g\u00fcncellemeleri, daha iyi denetim haz\u0131rl\u0131\u011f\u0131 ve manuel kontrol yerine stratejik i\u015f yapan uyumluluk ekipleridir.<\/p>\n<p>Sihir yok. Sadece b\u00fcy\u00fck \u00f6l\u00e7ekte sistematik uygunluk kontrol\u00fc.<\/p>\n\n\n<hr class=\"wp-block-separator has-alpha-channel-opacity\"\/>\n\n\n\n<h3 class=\"wp-block-heading\">Uyumluluk Kontrol\u00fcn\u00fc \u0130yile\u015ftirmeye Haz\u0131r m\u0131s\u0131n\u0131z?<\/h3>\n\n\n<p>Her kurulu\u015fun farkl\u0131 uyumluluk gereksinimleri, risk profilleri ve s\u00fcre\u00e7leri vard\u0131r.<\/p>\n<p>Genel uyumluluk ara\u00e7lar\u0131 satm\u0131yoruz. Size \u00f6zg\u00fc d\u00fczenlemelere ve uyumluluk zorluklar\u0131na bak\u0131yoruz. Yapay zekan\u0131n en fazla de\u011feri nerede sa\u011flayaca\u011f\u0131n\u0131 belirliyoruz. \u0130htiya\u00e7lar\u0131n\u0131za uygun kontrol sistemleri olu\u015fturuyoruz.<\/p>\n<p>Uyumluluk gereksinimleriniz ve yapay zekan\u0131n size nas\u0131l yard\u0131mc\u0131 olabilece\u011fi hakk\u0131nda konu\u015fal\u0131m.<\/p>\n\n<p><a href=\"https:\/\/www.leaplytics.de\/tr\/kontakt\/\">Uyumluluk \u0130htiya\u00e7lar\u0131n\u0131z\u0131 G\u00f6r\u00fc\u015f\u00fcn<\/a><\/p>\n\n<p><a href=\"https:\/\/www.leaplytics.de\/tr\/yasal-hukuk-ai\/\">Yasal Yapay Zekaya Genel Bak\u0131\u015f'a geri d\u00f6n\u00fcn<\/a><\/p>","protected":false},"excerpt":{"rendered":"<p>AI for Compliance &#038; Policy Checking: Stop Hoping You Didn&#8217;t Miss Something Rules are everywhere. Federal laws. State laws. Industry regulations. Company policies. Contractual obligations. Data protection requirements. Every document needs to comply. Every policy needs updating when regulations change. Every contract needs checking against multiple rule sets. Compliance isn&#8217;t optional. The cost of missing &hellip; <\/p>","protected":false},"author":2,"featured_media":0,"parent":0,"menu_order":0,"comment_status":"closed","ping_status":"closed","template":"","meta":{"footnotes":""},"class_list":["post-14460","page","type-page","status-publish","hentry","latest_post"],"_links":{"self":[{"href":"https:\/\/www.leaplytics.de\/tr\/wp-json\/wp\/v2\/pages\/14460","targetHints":{"allow":["GET"]}}],"collection":[{"href":"https:\/\/www.leaplytics.de\/tr\/wp-json\/wp\/v2\/pages"}],"about":[{"href":"https:\/\/www.leaplytics.de\/tr\/wp-json\/wp\/v2\/types\/page"}],"author":[{"embeddable":true,"href":"https:\/\/www.leaplytics.de\/tr\/wp-json\/wp\/v2\/users\/2"}],"replies":[{"embeddable":true,"href":"https:\/\/www.leaplytics.de\/tr\/wp-json\/wp\/v2\/comments?post=14460"}],"version-history":[{"count":1,"href":"https:\/\/www.leaplytics.de\/tr\/wp-json\/wp\/v2\/pages\/14460\/revisions"}],"predecessor-version":[{"id":14466,"href":"https:\/\/www.leaplytics.de\/tr\/wp-json\/wp\/v2\/pages\/14460\/revisions\/14466"}],"wp:attachment":[{"href":"https:\/\/www.leaplytics.de\/tr\/wp-json\/wp\/v2\/media?parent=14460"}],"curies":[{"name":"wp","href":"https:\/\/api.w.org\/{rel}","templated":true}]}}