{"id":14478,"date":"2025-12-19T01:55:18","date_gmt":"2025-12-19T00:55:18","guid":{"rendered":"https:\/\/www.leaplytics.de\/?page_id=14478"},"modified":"2025-12-19T01:55:19","modified_gmt":"2025-12-19T00:55:19","slug":"musteri-icgoruleri-segmentasyon-ai","status":"publish","type":"page","link":"https:\/\/www.leaplytics.de\/tr\/musteri-icgoruleri-segmentasyon-ai\/","title":{"rendered":"M\u00fc\u015fteri \u0130\u00e7g\u00f6r\u00fcleri ve Segmentasyon Yapay Zeka"},"content":{"rendered":"<h2>M\u00fc\u015fteri \u0130\u00e7g\u00f6r\u00fcleri ve Segmentasyon i\u00e7in Yapay Zeka: M\u00fc\u015fterilerin Ne \u0130stedi\u011fini Tahmin Etmeyi B\u0131rak\u0131n<\/h2>\n\n<p>Elinizde m\u00fc\u015fteri verileri var. Sat\u0131n alma ge\u00e7mi\u015fi. Web sitesi davran\u0131\u015f\u0131. E-posta etkile\u015fimi. CRM notlar\u0131. Destek biletleri. \u00dcr\u00fcn kullan\u0131m g\u00fcnl\u00fckleri.<\/p>\n<p>T\u00fcm bu veriler size en iyi m\u00fc\u015fterilerinizin kim oldu\u011funu s\u00f6ylemelidir. Neye ihtiya\u00e7lar\u0131 oldu\u011funu. Ne zaman ayr\u0131lmak \u00fczere olduklar\u0131n\u0131. Kimin daha fazla sat\u0131n almaya haz\u0131r oldu\u011funu.<\/p>\n<p>Ama verileri i\u00e7g\u00f6r\u00fclere d\u00f6n\u00fc\u015ft\u00fcrmek? Bunun i\u00e7in analiz gerekir. Ger\u00e7ek analiz, sadece g\u00f6sterge tablolar\u0131na bakmak de\u011fil. Ve \u00e7o\u011fu ekibin bunun i\u00e7in zaman\u0131 yoktur.<\/p>\n<p>Yapay zeka analiz yapar. M\u00fc\u015fteri davran\u0131\u015flar\u0131ndaki kal\u0131plar\u0131 bulur. Sonu\u00e7lar\u0131 ger\u00e7ekten tahmin eden segmentler olu\u015fturur. M\u00fc\u015fteriler vazge\u00e7meden \u00f6nce uyar\u0131 i\u015faretlerini tespit eder. Ekibiniz, m\u00fc\u015fterilerin ne yapaca\u011f\u0131n\u0131 umdu\u011funuza g\u00f6re de\u011fil, ne yapt\u0131\u011f\u0131na g\u00f6re karar verir.<\/p>\n\n\n<hr class=\"wp-block-separator has-alpha-channel-opacity\"\/>\n\n\n\n<h3 class=\"wp-block-heading\">Sorun: Veri Her Yerde, \u0130\u00e7g\u00f6r\u00fc Hi\u00e7bir Yerde<\/h3>\n\n\n<p>CRM'iniz dolu. Analiz ara\u00e7lar\u0131n\u0131z her \u015feyi takip ediyor. \u0130stedi\u011finiz herhangi bir metrik hakk\u0131nda rapor alabilirsiniz.<\/p>\n<p>Ancak raporlar i\u00e7g\u00f6r\u00fc de\u011fildir. Kullan\u0131c\u0131lar\u0131n 23%'sinin bir d\u00fc\u011fmeye t\u0131klad\u0131\u011f\u0131n\u0131 bilmek size bunun nedenini veya bu konuda ne yapman\u0131z gerekti\u011fini s\u00f6ylemez.<\/p>\n<p>Demografik \u00f6zelliklere g\u00f6re pazarlama segmentleri \u00e7\u00fcnk\u00fc bu kolay. K\u00fc\u00e7\u00fck i\u015fletmelere kar\u015f\u0131 b\u00fcy\u00fck i\u015fletmeler. Do\u011fu Yakas\u0131 vs. Bat\u0131 Yakas\u0131. M\u00fcd\u00fcr vs. Ba\u015fkan Yard\u0131mc\u0131s\u0131.<\/p>\n<p>Ancak demografik \u00f6zellikler davran\u0131\u015flar\u0131 \u00f6ng\u00f6rmez. Birinin unvan\u0131 size onun i\u015ften ayr\u0131l\u0131p ayr\u0131lmayaca\u011f\u0131n\u0131 s\u00f6ylemez. \u015eirket b\u00fcy\u00fckl\u00fc\u011f\u00fc, y\u00fckseltmeye haz\u0131r olup olmad\u0131klar\u0131n\u0131 s\u00f6ylemez.<\/p>\n<p>\u0130\u00e7g\u00f6r\u00fcler verilerin i\u00e7indedir. Sadece onlar\u0131 bulmak i\u00e7in zamana ve ara\u00e7lara ihtiyac\u0131n\u0131z var. \u00c7o\u011fu ekipte ikisi de yok.<\/p>\n\n\n<hr class=\"wp-block-separator has-alpha-channel-opacity\"\/>\n\n\n\n<h3 class=\"wp-block-heading\">Yapay Zeka M\u00fc\u015fteri \u0130\u00e7g\u00f6r\u00fcleri i\u00e7in Ne Yapar?<\/h3>\n\n\n<p>Yapay zeka, m\u00fc\u015fteri verilerini geni\u015f \u00f6l\u00e7ekte analiz eder. \u0130nsanlar\u0131n g\u00f6zden ka\u00e7\u0131rd\u0131\u011f\u0131 kal\u0131plar\u0131 bulur. Demografik \u00f6zelliklere g\u00f6re de\u011fil, davran\u0131\u015fa g\u00f6re segmentlere ay\u0131r\u0131r. Sonu\u00e7lar\u0131 ger\u00e7ekle\u015fmeden \u00f6nce tahmin eder.<\/p>\n\n\n<h4 class=\"wp-block-heading\">M\u00fc\u015fteri Davran\u0131\u015f Analizi<\/h4>\n\n\n<p>M\u00fc\u015fteriler sat\u0131n almadan \u00f6nce ne yapar? Sat\u0131n almadan \u00f6nce? Y\u00fckseltmeden \u00f6nce?<\/p>\n<p>Yapay zeka davran\u0131\u015f kal\u0131plar\u0131na bakar:\n<ul>\n<li>G\u00fc\u00e7l\u00fc kullan\u0131c\u0131lar ger\u00e7ekte hangi \u00f6zellikleri kullan\u0131yor?<\/li>\n<li>Deneme s\u00fcr\u00fcm\u00fcnden \u00fccretli m\u00fc\u015fteriye giden yol nedir?<\/li>\n<li>Birisi d\u00f6n\u00fc\u015fmeden \u00f6nce hangi pazarlama dokunu\u015flar\u0131 ger\u00e7ekle\u015fiyor?<\/li>\n<li>Davran\u0131\u015flardaki hangi de\u011fi\u015fiklikler birinin ayr\u0131lmak \u00fczere oldu\u011funu g\u00f6sterir?<\/li>\n<li>Hangi \u00fcr\u00fcnler birlikte sat\u0131n al\u0131n\u0131yor?<\/li>\n<\/ul>\n<\/p>\n\n<p>Bu bir tahmin de\u011fildir. Verilerinizde hangi m\u00fc\u015fteri davran\u0131\u015f\u0131n\u0131n hangi sonu\u00e7lar\u0131 \u00f6ng\u00f6rd\u00fc\u011f\u00fcne dair ger\u00e7ek kal\u0131plar bulmakt\u0131r.<\/p>\n<p>Bu kal\u0131plar kurallara d\u00f6n\u00fc\u015f\u00fcr. Bir m\u00fc\u015fteri kal\u0131pla e\u015fle\u015fti\u011finde, bir sonraki ad\u0131mda ne olaca\u011f\u0131n\u0131 bilirsiniz. Ve bu ger\u00e7ekle\u015fmeden \u00f6nce harekete ge\u00e7ebilirsiniz.<\/p>\n\n\n<h4 class=\"wp-block-heading\">Davran\u0131\u015fsal Segmentasyon<\/h4>\n\n\n<p>Demografiyi unutun. Yapay zeka, m\u00fc\u015fterilerin ger\u00e7ekte ne yapt\u0131\u011f\u0131na g\u00f6re segmentlere ay\u0131r\u0131yor:\n<ul>\n<li><strong>G\u00fc\u00e7l\u00fc kullan\u0131c\u0131lar:<\/strong> Y\u00fcksek etkile\u015fim, yo\u011fun \u00f6zellik kullan\u0131m\u0131, ba\u015fkalar\u0131na tavsiye etme olas\u0131l\u0131\u011f\u0131<\/li>\n<li><strong>Risk alt\u0131nda:<\/strong> Azalan kullan\u0131m, destek biletleri, ka\u00e7\u0131r\u0131lan \u00f6demeler, kay\u0131plar\u0131 \u00f6ng\u00f6ren modeller<\/li>\n<li><strong>B\u00fcy\u00fcme potansiyeli:<\/strong> Temel \u00f6zellikleri kullan\u0131yor ancak y\u00fckseltme i\u015faretleri g\u00f6steriyor<\/li>\n<li><strong>Y\u00fcksek de\u011fer:<\/strong> B\u00fcy\u00fck al\u0131mlar, s\u0131k yeniden sipari\u015fler, uzun g\u00f6rev s\u00fcresi<\/li>\n<li><strong>Fiyata duyarl\u0131:<\/strong> Sadece indirimden sat\u0131n al\u0131n, fiyattan dolay\u0131 sepeti terk edin, rakipleri kar\u015f\u0131la\u015ft\u0131r\u0131n<\/li>\n<\/ul>\n<\/p>\n\n<p>Bu segmentler sonu\u00e7lar\u0131 tahmin eder. G\u00fc\u00e7l\u00fc kullan\u0131c\u0131lara risk alt\u0131ndaki m\u00fc\u015fterilerden farkl\u0131 \u015fekilde pazarlama yap\u0131n. Farkl\u0131 mesajlar. Farkl\u0131 teklifler. Farkl\u0131 kanallar.<\/p>\n<p>Davran\u0131\u015fsal segmentler i\u015fe yarar \u00e7\u00fcnk\u00fc insanlar\u0131n kim olduklar\u0131na de\u011fil ne yapt\u0131klar\u0131na dayan\u0131rlar.<\/p>\n\n\n<h4 class=\"wp-block-heading\">Churn Tahmini<\/h4>\n\n\n<p>\u00c7o\u011fu \u015firket, m\u00fc\u015fteri kaybolduktan sonra onu tan\u0131r. O zaman onlar\u0131 kurtarmak i\u00e7in \u00e7ok ge\u00e7tir.<\/p>\n<p>Yapay zeka, kay\u0131plar\u0131 ger\u00e7ekle\u015fmeden \u00f6nce tahmin eder:\n<ul>\n<li>Kullan\u0131m b\u0131rakma<\/li>\n<li>Giri\u015f s\u0131kl\u0131\u011f\u0131 azal\u0131yor<\/li>\n<li>Destek biletleri art\u0131yor<\/li>\n<li>E-postalarla etkile\u015fimin durmas\u0131<\/li>\n<li>\u00d6deme gecikmeleri veya ba\u015far\u0131s\u0131z \u00fccretlendirmeler<\/li>\n<\/ul>\n<\/p>\n\n<p>Birden fazla uyar\u0131 i\u015fareti bir arada g\u00f6r\u00fcnd\u00fc\u011f\u00fcnde, yapay zeka m\u00fc\u015fteriyi risk alt\u0131nda olarak i\u015faretler. Ekibiniz proaktif olarak ula\u015f\u0131r. Yard\u0131m teklif edin. Sorunlar\u0131 \u00e7\u00f6z\u00fcn. Kalmas\u0131 i\u00e7in te\u015fvik sa\u011flay\u0131n.<\/p>\n<p>Herkesi kurtaramazs\u0131n\u0131z. Ancak kurtar\u0131labilecek olanlar\u0131 kurtarabilirsiniz - e\u011fer onlar gitmeden \u00f6nce gideceklerini bilirseniz.<\/p>\n\n\n<h4 class=\"wp-block-heading\">M\u00fc\u015fteri Ya\u015fam Boyu De\u011fer Puanlamas\u0131<\/h4>\n\n\n<p>T\u00fcm m\u00fc\u015fteriler ayn\u0131 de\u011ferde de\u011fildir. Baz\u0131lar\u0131 bir kez sat\u0131n al\u0131r ve ortadan kaybolur. Di\u011ferleri y\u0131llarca kal\u0131r ve arkada\u015flar\u0131n\u0131 tavsiye eder.<\/p>\n<p>Yapay zeka, ya\u015fam boyu de\u011feri a\u015fa\u011f\u0131dakilere g\u00f6re hesaplar:\n<ul>\n<li>Sat\u0131n alma s\u0131kl\u0131\u011f\u0131 ve miktar\u0131<\/li>\n<li>\u00dcr\u00fcn karmas\u0131 ve marjlar<\/li>\n<li>G\u00f6rev s\u00fcresi ve elde tutma modelleri<\/li>\n<li>Destek maliyetleri<\/li>\n<li>Y\u00f6nlendirme davran\u0131\u015f\u0131<\/li>\n<\/ul>\n<\/p>\n\n<p>Y\u00fcksek LTV m\u00fc\u015fterileri daha fazla ilgi g\u00f6r\u00fcr. Daha fazla destek. Daha fazla sosyal yard\u0131m. Onlar\u0131 mutlu etmek i\u00e7in daha iyi f\u0131rsatlar.<\/p>\n<p>D\u00fc\u015f\u00fck LTV'li m\u00fc\u015fteriler g\u00f6z ard\u0131 edilmez, ancak onlar i\u00e7in orant\u0131s\u0131z \u00e7aba harcamay\u0131 b\u0131rak\u0131rs\u0131n\u0131z. Kaynaklar getiri sa\u011flayacaklar\u0131 yere gider.<\/p>\n\n\n<h4 class=\"wp-block-heading\">\u00c7apraz Sat\u0131\u015f ve \u00dcst Sat\u0131\u015f F\u0131rsatlar\u0131<\/h4>\n\n\n<p>Hangi m\u00fc\u015fterilere \u00fcst sat\u0131\u015f yapmaya \u00e7al\u0131\u015fmal\u0131s\u0131n\u0131z? Ne tavsiye etmelisiniz?<\/p>\n<p>Yapay zeka sat\u0131n alma modellerine bakar:\n<ul>\n<li>A \u00fcr\u00fcn\u00fcn\u00fc sat\u0131n alan m\u00fc\u015fteriler genellikle daha sonra B \u00fcr\u00fcn\u00fcn\u00fc sat\u0131n al\u0131r<\/li>\n<li>Temel plandaki kullan\u0131c\u0131lar belirli kullan\u0131m e\u015fiklerine ula\u015ft\u0131klar\u0131nda y\u00fckseltme yaparlar<\/li>\n<li>Bu sekt\u00f6rdeki m\u00fc\u015fteriler genellikle 3 ay sonra bu \u00f6zellikleri ekler<\/li>\n<li>X \u00d6zelli\u011fi ile y\u00fcksek etkile\u015fim, Y Eklentisi sat\u0131n alma ile ili\u015fkilidir<\/li>\n<\/ul>\n<\/p>\n\n<p>Bu modeller \u00f6nerilere d\u00f6n\u00fc\u015f\u00fcr. Do\u011fru m\u00fc\u015fteriye do\u011fru teklifi do\u011fru zamanda g\u00f6sterin. P\u00fcsk\u00fcrtmeli promosyonlar de\u011fil. Benzer m\u00fc\u015fterilerin ger\u00e7ekte ne sat\u0131n ald\u0131\u011f\u0131na dayal\u0131 hedefli \u00f6neriler.<\/p>\n\n\n<h4 class=\"wp-block-heading\">M\u00fc\u015fteri Yolculu\u011fu Haritalama<\/h4>\n\n\n<p>M\u00fc\u015fteriler d\u00f6n\u00fc\u015f\u00fcm huninizde ger\u00e7ekte nas\u0131l ilerliyor? Tasarlad\u0131\u011f\u0131n\u0131z yolculuk de\u011fil. Yapt\u0131klar\u0131 yolculuk.<\/p>\n<p>Yapay zeka ger\u00e7ek yollar\u0131 haritaland\u0131r\u0131r:\n<ul>\n<li>En \u00e7ok hangi temas noktalar\u0131 \u00f6nemli?<\/li>\n<li>\u0130nsanlar nerede tak\u0131l\u0131p kal\u0131yor?<\/li>\n<li>D\u00f6n\u00fc\u015f\u00fcm sa\u011flayan m\u00fc\u015fterilerle sa\u011flamayanlar aras\u0131nda ne fark var?<\/li>\n<li>Her a\u015fama ger\u00e7ekten ne kadar s\u00fcr\u00fcyor?<\/li>\n<li>D\u00f6n\u00fc\u015f\u00fcme zarar vermeden hangi ad\u0131mlar\u0131 atlayabilirsiniz?<\/li>\n<\/ul>\n<\/p>\n\n<p>Varsay\u0131lan m\u00fc\u015fteri yolculu\u011funu de\u011fil, ger\u00e7ek m\u00fc\u015fteri yolculu\u011funu g\u00f6r\u00fcrs\u00fcn\u00fcz. Sonra da ger\u00e7e\u011fe g\u00f6re optimize edersiniz.<\/p>\n\n\n<hr class=\"wp-block-separator has-alpha-channel-opacity\"\/>\n\n\n\n<h3 class=\"wp-block-heading\">Bu Sizin \u0130\u00e7in Ne Anlama Geliyor?<\/h3>\n\n\n\n<h4 class=\"wp-block-heading\">CMO'lar i\u00e7in<\/h4>\n\n\n<p>Pazarlama harcamalar\u0131 ger\u00e7ekten d\u00f6n\u00fc\u015f\u00fcm sa\u011flayan segmentlere gidiyor. Art\u0131k bir \u015feylerin tutmas\u0131n\u0131 umarak toplu kampanyalar yapmak yok.<\/p>\n<p>Hangi kanallar\u0131n ve kampanyalar\u0131n sadece herhangi bir m\u00fc\u015fteriyi de\u011fil, y\u00fcksek de\u011ferli m\u00fc\u015fterileri \u00e7ekti\u011fini g\u00f6r\u00fcrs\u00fcn\u00fcz. B\u00fct\u00e7e, tahminleri de\u011fil yat\u0131r\u0131m getirisini takip eder.<\/p>\n<p>M\u00fc\u015fteri kayb\u0131 riskini erken yakalad\u0131\u011f\u0131n\u0131z i\u00e7in m\u00fc\u015fteriyi elde tutma oran\u0131 artar. M\u00fc\u015fterileri elde tutmak, yenilerini edinmekten daha ucuzdur. Yapay zeka, tutmaya de\u011fer olanlar\u0131 tutman\u0131za yard\u0131mc\u0131 olur.<\/p>\n<p>Kararlar\u0131n\u0131z\u0131 davran\u0131\u015f kal\u0131plar\u0131na g\u00f6re verirsiniz, fikirlere g\u00f6re de\u011fil. Strateji hakk\u0131nda daha az tart\u0131\u015f\u0131r, verilerin i\u015fe yarad\u0131\u011f\u0131n\u0131 s\u00f6yledi\u011fi \u015feyleri daha \u00e7ok test edersiniz.<\/p>\n\n\n<h4 class=\"wp-block-heading\">Pazarlamac\u0131lar i\u00e7in<\/h4>\n\n\n<p>Ger\u00e7ekten bir anlam ifade eden segmentler. Keyfi demografik kutular de\u011fil, farkl\u0131 davranan ve farkl\u0131 mesajlara yan\u0131t veren gruplar.<\/p>\n<p>Hangi m\u00fc\u015fterileri hangi kampanyalarla hedefleyece\u011finizi bilirsiniz. \u00dcst sat\u0131\u015f kampanyalar\u0131 b\u00fcy\u00fcme potansiyeli olan m\u00fc\u015fterilere gider. Elde tutma kampanyalar\u0131 risk alt\u0131ndaki m\u00fc\u015fterilere gider. Farkl\u0131 segmentler i\u00e7in farkl\u0131 stratejiler.<\/p>\n<p>Ki\u015fiselle\u015ftirme, davran\u0131\u015fa dayal\u0131 oldu\u011fu i\u00e7in i\u015fe yarar. Neyin yank\u0131 uyand\u0131raca\u011f\u0131n\u0131 tahmin etmiyorsunuz. Daha \u00f6nce d\u00f6n\u00fc\u015f\u00fcm ger\u00e7ekle\u015ftirmi\u015f m\u00fc\u015fterilerin kal\u0131plar\u0131n\u0131 kullan\u0131yorsunuz.<\/p>\n\n\n<h4 class=\"wp-block-heading\">M\u00fc\u015fteri Ba\u015far\u0131 Ekipleri i\u00e7in<\/h4>\n\n\n<p>Kimin yard\u0131ma ihtiyac\u0131 oldu\u011funu onlar \u00e7alkalanmadan \u00f6nce bilirsiniz. Reaktif hasar kontrol\u00fc yerine proaktif sosyal yard\u0131m.<\/p>\n<p>Y\u00fcksek de\u011ferli m\u00fc\u015fterilere \u00f6ncelik verilir. Kimin elde tutmak i\u00e7in fazladan \u00e7aba harcamaya de\u011fer oldu\u011funu bilirsiniz. Kaynaklar en \u00f6nemli olduklar\u0131 yere gider.<\/p>\n<p>M\u00fc\u015fterilerin neden ba\u015far\u0131l\u0131 ya da ba\u015far\u0131s\u0131z oldu\u011funa dair kal\u0131plar g\u00f6r\u00fcrs\u00fcn\u00fcz. Bu bilgi, i\u015fe al\u0131m ve \u00fcr\u00fcn geli\u015ftirme s\u00fcre\u00e7lerine geri d\u00f6n\u00fcyor.<\/p>\n\n\n<h4 class=\"wp-block-heading\">\u0130\u015f i\u00e7in<\/h4>\n\n\n<p>Daha iyi elde tutma, daha \u00f6ng\u00f6r\u00fclebilir gelir anlam\u0131na gelir. Sorunlar\u0131 erken yakalad\u0131\u011f\u0131n\u0131zda m\u00fc\u015fteri kayb\u0131 d\u00fc\u015fer.<\/p>\n<p>\u00c7apraz sat\u0131\u015flar ve \u00fcst sat\u0131\u015flar hedeflendi\u011fi i\u00e7in daha y\u00fcksek ortalama sipari\u015f de\u011feri. M\u00fc\u015fterileri alakas\u0131z tekliflerle rahats\u0131z etmiyorsunuz; onlara ger\u00e7ekten istedikleri \u00fcr\u00fcnleri g\u00f6steriyorsunuz.<\/p>\n<p>Hangi m\u00fc\u015fteri t\u00fcrlerinin en de\u011ferli oldu\u011funu bildi\u011finizde edinim verimlili\u011fi artar. Sadece nicelik i\u00e7in de\u011fil, nitelik i\u00e7in de optimizasyon yapabilirsiniz.<\/p>\n\n\n<hr class=\"wp-block-separator has-alpha-channel-opacity\"\/>\n\n\n\n<h3 class=\"wp-block-heading\">M\u00fc\u015fteri \u0130\u00e7g\u00f6r\u00fclerine Y\u00f6nelik Ger\u00e7ek Yapay Zeka \u00d6rnekleri<\/h3>\n\n\n\n<h4 class=\"wp-block-heading\">\u00d6rnek 1: SaaS \u015eirketi<\/h4>\n\n\n<p>Bir abonelik yaz\u0131l\u0131m \u015firketinin y\u0131ll\u0131k m\u00fc\u015fteri kayb\u0131 12% idi. \u0130\u015ften ayr\u0131lma oran\u0131n\u0131n y\u00fcksek oldu\u011funu biliyorlard\u0131 ancak kimin neden ayr\u0131laca\u011f\u0131n\u0131 bilmiyorlard\u0131.<\/p>\n<p><strong>Ne de\u011fi\u015fti?<\/strong> Yapay zeka, kaybedilen m\u00fc\u015fterilerin davran\u0131\u015f kal\u0131plar\u0131n\u0131 analiz etti. Azalan oturum a\u00e7ma s\u0131kl\u0131\u011f\u0131 ve artan destek biletlerinin 73%'lik m\u00fc\u015fteri kayb\u0131n\u0131 30 g\u00fcn \u00f6ncesinden \u00f6ng\u00f6rd\u00fc\u011f\u00fcn\u00fc tespit etti.<\/p>\n<p><strong>Sonu\u00e7:<\/strong> M\u00fc\u015fteri ba\u015far\u0131 ekibi risk alt\u0131ndaki hesaplara proaktif olarak ula\u015ft\u0131. Ekstra e\u011fitim sundu, sorunlar\u0131 ele ald\u0131, te\u015fvikler sa\u011flad\u0131. M\u00fc\u015fteri kayb\u0131 6 ay i\u00e7inde 8,5%'ye d\u00fc\u015ft\u00fc.<\/p>\n\n\n<h4 class=\"wp-block-heading\">\u00d6rnek 2: E-ticaret \u015eirketi<\/h4>\n\n\n<p>Bir \u00e7evrimi\u00e7i perakendeci herkese ayn\u0131 promosyon e-postalar\u0131n\u0131 g\u00f6nderdi. Sat\u0131n alma davran\u0131\u015f\u0131ndan ba\u011f\u0131ms\u0131z olarak t\u00fcm m\u00fc\u015fterilere indirimler.<\/p>\n<p><strong>Ne de\u011fi\u015fti?<\/strong> Yapay zeka m\u00fc\u015fterileri davran\u0131\u015flar\u0131na g\u00f6re segmentlere ay\u0131rd\u0131. Y\u00fcksek de\u011ferli m\u00fc\u015fteriler erken eri\u015fim ve \u00f6zel \u00fcr\u00fcnlere sahip oldu. Fiyata duyarl\u0131 m\u00fc\u015fteriler indirim ald\u0131. S\u0131k al\u0131\u015fveri\u015f yapanlar sadakat \u00f6d\u00fclleri ald\u0131.<\/p>\n<p><strong>Sonu\u00e7:<\/strong> Ortalama sipari\u015f de\u011feri 18% artt\u0131 \u00e7\u00fcnk\u00fc y\u00fcksek de\u011ferli m\u00fc\u015fteriler indirim beklemek i\u00e7in e\u011fitilmedi. \u0130ndirimler yaln\u0131zca fiyata duyarl\u0131 segmentlere yap\u0131ld\u0131\u011f\u0131 i\u00e7in marj iyile\u015fti.<\/p>\n\n\n<h4 class=\"wp-block-heading\">\u00d6rnek 3: B2B Hizmet \u015eirketi<\/h4>\n\n\n<p>Bir profesyonel hizmet firmas\u0131n\u0131n uzun sat\u0131\u015f d\u00f6ng\u00fcleri vard\u0131. Hangi potansiyel m\u00fc\u015fterinin ne zaman kapanaca\u011f\u0131n\u0131 tahmin edemiyordu.<\/p>\n<p><strong>Ne de\u011fi\u015fti?<\/strong> Yapay zeka ge\u00e7mi\u015f anla\u015fmalar\u0131 analiz etti. Belirli i\u00e7erik t\u00fcrleriyle etkile\u015fime giren ve belirli payda\u015f etkile\u015fimleri olan potansiyel m\u00fc\u015fterilerin kapan\u0131\u015f yapma olas\u0131l\u0131\u011f\u0131n\u0131n 4 kat daha fazla oldu\u011funu tespit etti.<\/p>\n<p><strong>Sonu\u00e7:<\/strong> Sat\u0131\u015f ekibi bu sinyalleri g\u00f6steren potansiyel m\u00fc\u015fterilere odakland\u0131. Kazanma oran\u0131 35% artt\u0131. Temsilciler m\u00fc\u015fteri adaylar\u0131n\u0131n ne zaman sat\u0131n almaya haz\u0131r olduklar\u0131n\u0131 bildikleri i\u00e7in sat\u0131\u015f d\u00f6ng\u00fcs\u00fc k\u0131sald\u0131.<\/p>\n\n\n<hr class=\"wp-block-separator has-alpha-channel-opacity\"\/>\n\n\n\n<h3 class=\"wp-block-heading\">Yapay Zekan\u0131n Yapamayaca\u011f\u0131 \u015eeyler<\/h3>\n\n\n<p>S\u0131n\u0131rlamalar konusunda d\u00fcr\u00fcst olal\u0131m.<\/p>\n<p>Yapay zeka kal\u0131plar\u0131 bulur, ancak size nedenini s\u00f6ylemez. Size X yapan m\u00fc\u015fterilerin ayr\u0131lma olas\u0131l\u0131\u011f\u0131n\u0131n daha y\u00fcksek oldu\u011funu g\u00f6sterebilir, ancak bunun arkas\u0131ndaki psikolojiyi a\u00e7\u0131klamaz. \u0130\u00e7g\u00f6r\u00fcleri yorumlamak i\u00e7in hala insan muhakemesine ihtiyac\u0131n\u0131z var.<\/p>\n<p>Yapay zeka tahminleri m\u00fckemmel de\u011fildir. 70-80% do\u011frulukta kay\u0131p tahmini \u00e7ok iyidir ancak bu, tahminlerin 20-30%'sinin yanl\u0131\u015f oldu\u011fu anlam\u0131na gelir. Yapay zeka puanlar\u0131n\u0131 kesinlik olarak de\u011ferlendirmeyin. Bunlar olas\u0131l\u0131klard\u0131r.<\/p>\n<p>Yapay zeka, bozuk m\u00fc\u015fteri deneyimlerini d\u00fczeltemez. \u00dcr\u00fcn\u00fcn\u00fcz \u00e7al\u0131\u015fm\u0131yorsa, hizmetiniz k\u00f6t\u00fcyse veya fiyatland\u0131rman\u0131z yanl\u0131\u015fsa, yapay zeka size sorunu g\u00f6sterecek, ancak \u00e7\u00f6zmeyecektir. Hala temelleri d\u00fczeltmeniz gerekiyor.<\/p>\n<p>Ve yapay zekan\u0131n veriye ihtiyac\u0131 vard\u0131r. M\u00fc\u015fteri davran\u0131\u015flar\u0131n\u0131 takip etmezseniz, analiz edecek hi\u00e7bir \u015feyiniz olmaz. \u00c7\u00f6p girer, \u00e7\u00f6p \u00e7\u0131kar mant\u0131\u011f\u0131 burada da ge\u00e7erli.<\/p>\n\n\n<hr class=\"wp-block-separator has-alpha-channel-opacity\"\/>\n\n\n\n<h3 class=\"wp-block-heading\">Nas\u0131l Ba\u015flan\u0131r<\/h3>\n\n\n<p>Her \u015feyi bir kerede analiz etmenize gerek yok. Y\u00fcksek etkili alanlarla ba\u015flay\u0131n:\n<ul>\n<li><strong>Kaybetme tahmini ile ba\u015flay\u0131n.<\/strong> Bunun an\u0131nda yat\u0131r\u0131m getirisi vard\u0131r. Risk alt\u0131ndaki m\u00fc\u015fterileri belirleyin, proaktif olarak ula\u015f\u0131n, kay\u0131plar\u0131 azalt\u0131p azaltmad\u0131\u011f\u0131n\u0131 \u00f6l\u00e7\u00fcn.<\/li>\n<li><strong>Segment bir kampanyas\u0131.<\/strong> Mevcut bir kampanyay\u0131 al\u0131n ve davran\u0131\u015fsal segmentlere g\u00f6re b\u00f6l\u00fcn. Hedeflenen mesajlar\u0131n genel mesajlardan daha iyi performans g\u00f6sterip g\u00f6stermedi\u011fine bak\u0131n.<\/li>\n<li><strong>En iyi m\u00fc\u015fterilerinizi analiz edin.<\/strong> Y\u00fcksek de\u011ferli m\u00fc\u015fterilerin ortak noktas\u0131 nedir? \u00d6r\u00fcnt\u00fcy\u00fc bulun, ard\u0131ndan onlar gibi daha fazla m\u00fc\u015fteri aray\u0131n.<\/li>\n<li><strong>Bir m\u00fc\u015fteri yolculu\u011funun haritas\u0131n\u0131 \u00e7\u0131kar\u0131n.<\/strong> Temel d\u00f6n\u00fc\u015f\u00fcm yolunuzu se\u00e7in. M\u00fc\u015fterilerin bu yolda ger\u00e7ekte nas\u0131l ilerlediklerini ve sizin nas\u0131l ilerlediklerini d\u00fc\u015f\u00fcnd\u00fc\u011f\u00fcn\u00fcz\u00fc g\u00f6r\u00fcn.<\/li>\n<li><strong>\u00c7apraz sat\u0131\u015f \u00f6nerilerini test edin.<\/strong> Bir sonraki en iyi \u00fcr\u00fcnleri \u00f6nermek i\u00e7in yapay zekay\u0131 kullan\u0131n. D\u00f6n\u00fc\u015f\u00fcm\u00fc rastgele veya manuel \u00f6nerilerle kar\u015f\u0131la\u015ft\u0131r\u0131n.<\/li>\n<\/ul>\n<\/p>\n\n<p>K\u00fc\u00e7\u00fck ba\u015flay\u0131n. Etkiyi \u00f6l\u00e7\u00fcn. \u0130\u015fe yarayanlar\u0131 \u00f6l\u00e7eklendirin. Ama\u00e7, m\u00fckemmel modeller de\u011fil, eyleme ge\u00e7irilebilir i\u00e7g\u00f6r\u00fclerdir.<\/p>\n\n\n<hr class=\"wp-block-separator has-alpha-channel-opacity\"\/>\n\n\n\n<h3 class=\"wp-block-heading\">Alt Sat\u0131r<\/h3>\n\n\n<p>M\u00fc\u015fteri i\u00e7g\u00f6r\u00fcleri davran\u0131\u015f kal\u0131plar\u0131ndan gelir. Sat\u0131n alan, kalan, y\u00fckseltme yapan ve tavsiye eden m\u00fc\u015fterilerin ortak noktas\u0131 nedir? M\u00fc\u015fteri kaybedenlerde farkl\u0131 olan nedir?<\/p>\n<p>\u0130nsanlar binlerce m\u00fc\u015fteride d\u00fczinelerce de\u011fi\u015fkenden olu\u015fan kal\u0131plar\u0131 tespit edemez. Yapay zeka yapabilir.<\/p>\n<p>Ekibiniz hala stratejinin sahibidir. \u0130\u00e7g\u00f6r\u00fclerle ne yap\u0131laca\u011f\u0131na onlar karar verir. Kampanyalar ve m\u00fc\u015fteri deneyimleri tasarlarlar. Verilerin ne anlama geldi\u011fini yorumlarlar.<\/p>\n<p>Ama art\u0131k tahminlerden yola \u00e7\u0131km\u0131yorlar. M\u00fc\u015fterilerin ger\u00e7ekte ne yapt\u0131\u011f\u0131na dair kal\u0131plardan yola \u00e7\u0131k\u0131yorlar. Bu da daha iyi hedefleme, daha y\u00fcksek elde tutma ve ger\u00e7e\u011fe dayal\u0131 kararlar anlam\u0131na geliyor.<\/p>\n\n\n<hr class=\"wp-block-separator has-alpha-channel-opacity\"\/>\n\n\n\n<h3 class=\"wp-block-heading\">M\u00fc\u015fterilerinizi Daha \u0130yi Anlamak \u0130ster misiniz?<\/h3>\n\n\n<p>Her i\u015fletmenin farkl\u0131 m\u00fc\u015fteri verileri vard\u0131r. Farkl\u0131 davran\u0131\u015f kal\u0131plar\u0131. \u00d6nemli olan farkl\u0131 sonu\u00e7lar.<\/p>\n<p>Genel m\u00fc\u015fteri analizleri satm\u0131yoruz. Verilerinize bak\u0131yoruz. Hangi modellerin i\u015finizdeki sonu\u00e7lar\u0131 ger\u00e7ekten \u00f6ng\u00f6rd\u00fc\u011f\u00fcn\u00fc belirliyoruz. \u00d6zel sorular\u0131n\u0131za yan\u0131t veren modeller olu\u015fturuyoruz.<\/p>\n<p>Ard\u0131ndan i\u00e7g\u00f6r\u00fcleri pazarlama otomasyonunuza, CRM'nize ve m\u00fc\u015fteri ba\u015far\u0131s\u0131 ara\u00e7lar\u0131n\u0131za ba\u011fl\u0131yoruz. Ekibiniz segmentleri ve tahminleri \u00e7al\u0131\u015ft\u0131klar\u0131 yerde g\u00f6r\u00fcyor. \u0130\u00e7g\u00f6r\u00fclere g\u00f6re hemen harekete ge\u00e7iyorlar.<\/p>\n<p>Abart\u0131 yok. M\u00fckemmel tahmin vaatleri yok. Sadece daha iyi kararlar alabilmeniz i\u00e7in m\u00fc\u015fteri davran\u0131\u015flar\u0131n\u0131 daha iyi anlama.<\/p>\n\n<p><a href=\"https:\/\/www.leaplytics.de\/tr\/kontakt\/\">M\u00fc\u015fteri Verileriniz Hakk\u0131nda Konu\u015fal\u0131m<\/a><\/p>\n\n<p><a href=\"https:\/\/www.leaplytics.de\/tr\/pazarlama-satis-ai\/\">Pazarlama ve Sat\u0131\u015f Yapay Zekas\u0131na Geri D\u00f6n<\/a><\/p>","protected":false},"excerpt":{"rendered":"<p>M\u00fc\u015fteri \u0130\u00e7g\u00f6r\u00fcleri ve Segmentasyon i\u00e7in Yapay Zeka: M\u00fc\u015fterilerin Ne \u0130stedi\u011fini Tahmin Etmeyi B\u0131rak\u0131n M\u00fc\u015fteri verilerine sahipsiniz. Sat\u0131n alma ge\u00e7mi\u015fi. Web sitesi davran\u0131\u015f\u0131. E-posta etkile\u015fimi. CRM notlar\u0131. Destek biletleri. \u00dcr\u00fcn kullan\u0131m g\u00fcnl\u00fckleri. T\u00fcm bu veriler size en iyi m\u00fc\u015fterilerinizin kim oldu\u011funu s\u00f6ylemelidir. Neye ihtiya\u00e7lar\u0131 oldu\u011funu. Ne zaman ayr\u0131lmak \u00fczere olduklar\u0131n\u0131. Kim daha fazla sat\u0131n almaya haz\u0131r. Ancak verileri d\u00f6n\u00fc\u015ft\u00fcrmek ... <\/p>","protected":false},"author":2,"featured_media":0,"parent":0,"menu_order":0,"comment_status":"closed","ping_status":"closed","template":"","meta":{"footnotes":""},"class_list":["post-14478","page","type-page","status-publish","hentry","latest_post"],"_links":{"self":[{"href":"https:\/\/www.leaplytics.de\/tr\/wp-json\/wp\/v2\/pages\/14478","targetHints":{"allow":["GET"]}}],"collection":[{"href":"https:\/\/www.leaplytics.de\/tr\/wp-json\/wp\/v2\/pages"}],"about":[{"href":"https:\/\/www.leaplytics.de\/tr\/wp-json\/wp\/v2\/types\/page"}],"author":[{"embeddable":true,"href":"https:\/\/www.leaplytics.de\/tr\/wp-json\/wp\/v2\/users\/2"}],"replies":[{"embeddable":true,"href":"https:\/\/www.leaplytics.de\/tr\/wp-json\/wp\/v2\/comments?post=14478"}],"version-history":[{"count":1,"href":"https:\/\/www.leaplytics.de\/tr\/wp-json\/wp\/v2\/pages\/14478\/revisions"}],"predecessor-version":[{"id":14486,"href":"https:\/\/www.leaplytics.de\/tr\/wp-json\/wp\/v2\/pages\/14478\/revisions\/14486"}],"wp:attachment":[{"href":"https:\/\/www.leaplytics.de\/tr\/wp-json\/wp\/v2\/media?parent=14478"}],"curies":[{"name":"wp","href":"https:\/\/api.w.org\/{rel}","templated":true}]}}