{"id":14479,"date":"2025-12-19T01:55:07","date_gmt":"2025-12-19T00:55:07","guid":{"rendered":"https:\/\/www.leaplytics.de\/?page_id=14479"},"modified":"2025-12-19T01:55:08","modified_gmt":"2025-12-19T00:55:08","slug":"kursun-ureti%cc%87m-kali%cc%87fi%cc%87kasyon-ai","status":"publish","type":"page","link":"https:\/\/www.leaplytics.de\/tr\/kursun-ureti%cc%87m-kali%cc%87fi%cc%87kasyon-ai\/","title":{"rendered":"Potansiyel M\u00fc\u015fteri Olu\u015fturma ve Kalifikasyon Yapay Zeka"},"content":{"rendered":"<h2>Potansiyel M\u00fc\u015fteri Olu\u015fturma ve Niteliklendirme i\u00e7in Yapay Zeka: \u00c7\u0131kmaz Sokaklar\u0131 Kovalamay\u0131 B\u0131rak\u0131n<\/h2>\n\n<p>Sat\u0131\u015f ekibiniz asla sat\u0131n almayacak m\u00fc\u015fteri adaylar\u0131 i\u00e7in \u00e7ok fazla zaman harc\u0131yor. Sat\u0131\u015f konusunda k\u00f6t\u00fc olduklar\u0131 i\u00e7in de\u011fil. \u00c7\u00fcnk\u00fc kimse s\u0131cak bir m\u00fc\u015fteri aday\u0131n\u0131 so\u011fuk bir m\u00fc\u015fteri aday\u0131ndan ay\u0131rt edemez, ta ki zaman harcayana kadar.<\/p>\n<p>Bu arada, ger\u00e7ekten kapanacak potansiyel m\u00fc\u015fteriler? Bekliyorlar. Ve \u00e7ok uzun s\u00fcre beklemek, ba\u015fka bir yere gitmeleri anlam\u0131na gelir.<\/p>\n<p>Yapay zeka bunu d\u00fczeltir. Her m\u00fc\u015fteri aday\u0131n\u0131 puanl\u0131yor. Sat\u0131n alma sinyallerini tespit eder. Do\u011fru m\u00fc\u015fteri adaylar\u0131n\u0131 do\u011fru temsilcilere y\u00f6nlendirir. Bir insan telefonu a\u00e7madan \u00f6nce potansiyel m\u00fc\u015fterileri nitelendirir.<\/p>\n<p>Bu sihir de\u011fil. B\u00fcy\u00fck \u00f6l\u00e7ekte \u00f6r\u00fcnt\u00fc tan\u0131ma. Ve sat\u0131\u015f ekibinizin zaman\u0131n\u0131 \u00f6nemli yerlere harcad\u0131\u011f\u0131 anlam\u0131na gelir.<\/p>\n\n\n<hr class=\"wp-block-separator has-alpha-channel-opacity\"\/>\n\n\n\n<h3 class=\"wp-block-heading\">Sorun: \u0130yi Potansiyel M\u00fc\u015fteriler Kayboluyor, K\u00f6t\u00fc Potansiyel M\u00fc\u015fteriler Zaman Kaybediyor<\/h3>\n\n\n<p>Her m\u00fc\u015fteri aday\u0131 kuyrukta ayn\u0131 g\u00f6r\u00fcn\u00fcr. Bir isim. Bir e-posta. Belki bir \u015firket. Baz\u0131 form doldurma verileri.<\/p>\n<p>Sat\u0131\u015f temsilcileri ilk kimi arayacaklar\u0131 konusunda en iyi tahminlerini yaparlar. Bazen hakl\u0131 \u00e7\u0131karlar. \u00c7o\u011fu zaman de\u011fillerdir.<\/p>\n<p>S\u0131cak m\u00fc\u015fteri adaylar\u0131 so\u011fuyor \u00e7\u00fcnk\u00fc kimse onlar\u0131n s\u0131cak oldu\u011funu bilmiyordu. Temsilciler asla sat\u0131n almayacak potansiyel m\u00fc\u015fteriler i\u00e7in saatlerini harc\u0131yor. Boru hatt\u0131 dolu g\u00f6r\u00fcn\u00fcr, ancak d\u00f6n\u00fc\u015f\u00fcm oranlar\u0131 d\u00fc\u015f\u00fck kal\u0131r.<\/p>\n<p>\u0130pu\u00e7lar\u0131 k\u00f6t\u00fc oldu\u011fu i\u00e7in de\u011fil. \u00c7\u00fcnk\u00fc \u00e7ok ge\u00e7 olana kadar kimse hangisinin iyi oldu\u011funu bilemez.<\/p>\n\n\n<hr class=\"wp-block-separator has-alpha-channel-opacity\"\/>\n\n\n\n<h3 class=\"wp-block-heading\">Yapay Zeka Potansiyel M\u00fc\u015fteri Olu\u015fturma ve Niteliklendirme i\u00e7in Ne Yapar?<\/h3>\n\n\n<p>Yapay zeka sadece potansiyel m\u00fc\u015fterileri toplamakla kalmaz. Size hangilerinin \u00f6nemli oldu\u011funu s\u00f6yler. \u0130\u015fte b\u00f6yle:<\/p>\n\n\n<h4 class=\"wp-block-heading\">Otomatik Potansiyel M\u00fc\u015fteri Puanlamas\u0131<\/h4>\n\n\n<p>Yapay zeka her m\u00fc\u015fteri aday\u0131na bakar ve a\u015fa\u011f\u0131dakilere g\u00f6re bir puan verir:\n<ul>\n<li>Demografik bilgiler: \u015eirket b\u00fcy\u00fckl\u00fc\u011f\u00fc, sekt\u00f6r, rol, konum<\/li>\n<li>Davran\u0131\u015flar: Hangi sayfalar\u0131 ziyaret ettiler, ne indirdiler, ne kadar s\u00fcre etkile\u015fimde bulundular<\/li>\n<li>Firma bilgileri: Gelir, \u00e7al\u0131\u015fan say\u0131s\u0131, teknoloji y\u0131\u011f\u0131n\u0131<\/li>\n<li>Tarihsel modeller: D\u00f6n\u00fc\u015f\u00fcm ger\u00e7ekle\u015ftiren potansiyel m\u00fc\u015fteriler neye benziyordu?<\/li>\n<\/ul>\n<\/p>\n\n<p>Y\u00fcksek puanlar hemen ortaya \u00e7\u0131kar. Temsilcileriniz \u00f6nce onlar\u0131 g\u00f6r\u00fcr. Aramaya de\u011fer birini bulmay\u0131 umarak listeleri kar\u0131\u015ft\u0131rmaya gerek yok.<\/p>\n\n\n<h4 class=\"wp-block-heading\">Sinyal Alg\u0131lama Sat\u0131n Alma<\/h4>\n\n\n<p>\u0130nsanlar sat\u0131n almadan \u00f6nce niyetlerini g\u00f6sterirler. Yapay zeka sinyalleri izler:\n<ul>\n<li>Fiyatland\u0131rma sayfalar\u0131na birden fazla ziyaret<\/li>\n<li>\u00dcr\u00fcn kar\u015f\u0131la\u015ft\u0131rma k\u0131lavuzlar\u0131n\u0131n indirilmesi<\/li>\n<li>Tekrarlanan e-posta a\u00e7\u0131l\u0131\u015flar\u0131<\/li>\n<li>Vaka \u00e7al\u0131\u015fmalar\u0131 veya ROI hesaplay\u0131c\u0131lar\u0131 i\u00e7in harcanan zaman<\/li>\n<li>\u015eirketinizle LinkedIn etkile\u015fimi<\/li>\n<\/ul>\n<\/p>\n\n<p>Birinin davran\u0131\u015f\u0131 \"haz\u0131r\u0131m\" dedi\u011finde, yapay zeka bunu i\u015faretler. Temsilciniz m\u00fc\u015fteri aday\u0131 s\u0131cakken arar. \u00dc\u00e7 g\u00fcn sonra rakibinizle \u00e7oktan konu\u015fmu\u015fken de\u011fil.<\/p>\n\n\n<h4 class=\"wp-block-heading\">Otomatik Yeterlilik Sorular\u0131<\/h4>\n\n\n<p>Her m\u00fc\u015fteri aday\u0131n\u0131n hemen bir sat\u0131\u015f g\u00f6r\u00fc\u015fmesine ihtiyac\u0131 yoktur. Baz\u0131lar\u0131n\u0131n \u00f6nce kalifikasyona ihtiyac\u0131 vard\u0131r.<\/p>\n<p>Yapay zeka destekli sohbet robotlar\u0131 ve formlar \u00f6nemli sorular\u0131 sorar:\n<ul>\n<li>Hangi sorunu \u00e7\u00f6zmeye \u00e7al\u0131\u015f\u0131yorsunuz?<\/li>\n<li>Zaman \u00e7izelgen nedir?<\/li>\n<li>Karara ba\u015fka kimler dahil oluyor?<\/li>\n<li>B\u00fct\u00e7e aral\u0131\u011f\u0131n\u0131z nedir?<\/li>\n<\/ul>\n<\/p>\n\n<p>Yapay zeka yan\u0131tlar\u0131 toplar. Bir m\u00fc\u015fteri aday\u0131 sat\u0131\u015fa ula\u015ft\u0131\u011f\u0131nda, nitelikli olup olmad\u0131\u011f\u0131n\u0131 zaten biliyorsunuz. Art\u0131k b\u00fct\u00e7esi olmayan ki\u015filerle ke\u015fif g\u00f6r\u00fc\u015fmeleri yapmak yok.<\/p>\n\n\n<h4 class=\"wp-block-heading\">Kur\u015fun Veri Zenginle\u015ftirme<\/h4>\n\n\n<p>M\u00fc\u015fteri aday\u0131 bir e-posta adresi g\u00f6nderir. \u0130\u015fte bu kadar. \u015eimdi ne olacak?<\/p>\n<p>Yapay zeka bo\u015fluklar\u0131 doldurur:\n<ul>\n<li>Tam ad ve i\u015f unvan\u0131<\/li>\n<li>\u015eirket geliri ve b\u00fcy\u00fckl\u00fc\u011f\u00fc<\/li>\n<li>End\u00fcstri ve alt sekt\u00f6r<\/li>\n<li>Kulland\u0131klar\u0131 teknolojiler<\/li>\n<li>Sosyal profiller<\/li>\n<li>Son \u015firket haberleri<\/li>\n<\/ul>\n<\/p>\n\n<p>Temsilciniz k\u00f6rlemesine gitmez. Kimi arad\u0131klar\u0131n\u0131 ve onlar i\u00e7in neyin \u00f6nemli olabilece\u011fini bilirler. Konu\u015fma daha ak\u0131ll\u0131ca ba\u015flar.<\/p>\n\n\n<h4 class=\"wp-block-heading\">Ak\u0131ll\u0131 Potansiyel M\u00fc\u015fteri Y\u00f6nlendirme<\/h4>\n\n\n<p>Farkl\u0131 potansiyel m\u00fc\u015fterilerin farkl\u0131 temsilcilere ihtiyac\u0131 vard\u0131r. Kurumsal anla\u015fmalar kurumsal sat\u0131c\u0131lara gider. KOB\u0130 m\u00fc\u015fteri adaylar\u0131 ba\u015fka bir yere gider. Co\u011frafi b\u00f6lgeler \u00f6nemlidir. Sekt\u00f6r uzmanl\u0131\u011f\u0131 \u00f6nemlidir.<\/p>\n<p>Yapay zeka otomatik olarak rota \u00e7izer:\n<ul>\n<li>Kurumsal lider mi? K\u0131demli temsilciye gider.<\/li>\n<li>K\u00fc\u00e7\u00fck i\u015fletme mi? KOB\u0130 ekibine atand\u0131.<\/li>\n<li>Avrupa saat dilimi mi? Avrupa temsilcisi anlad\u0131.<\/li>\n<li>Sa\u011fl\u0131k \u015firketi mi? Sa\u011fl\u0131k hizmetlerinden anlayan temsilciye gider.<\/li>\n<\/ul>\n<\/p>\n\n<p>Manuel s\u0131ralama yok. Genel bir kuyrukta bekleyen m\u00fc\u015fteri aday\u0131 yok. Her m\u00fc\u015fteri aday\u0131 an\u0131nda do\u011fru ki\u015fiye ula\u015f\u0131r.<\/p>\n\n\n<hr class=\"wp-block-separator has-alpha-channel-opacity\"\/>\n\n\n\n<h3 class=\"wp-block-heading\">Bu Sizin \u0130\u00e7in Ne Anlama Geliyor?<\/h3>\n\n\n\n<h4 class=\"wp-block-heading\">Sat\u0131\u015f Direkt\u00f6rleri i\u00e7in<\/h4>\n\n\n<p>Ekibiniz \u00f6nce en iyi m\u00fc\u015fteri adaylar\u0131 \u00fczerinde \u00e7al\u0131\u015f\u0131r. Kazanma oranlar\u0131 y\u00fckselir \u00e7\u00fcnk\u00fc temsilciler asla sat\u0131n almayacak potansiyel m\u00fc\u015fterilerle zaman kaybetmez.<\/p>\n<p>Sat\u0131\u015f d\u00f6ng\u00fcleri k\u0131sal\u0131r, \u00e7\u00fcnk\u00fc s\u0131cak m\u00fc\u015fteri adaylar\u0131na an\u0131nda ilgi g\u00f6sterilir. Tahmin do\u011frulu\u011fu artar, \u00e7\u00fcnk\u00fc temenni de\u011fil nitelikli boru hatt\u0131 \u00fczerinde \u00e7al\u0131\u015f\u0131yorsunuz.<\/p>\n<p>Hangi m\u00fc\u015fteri aday\u0131 kaynaklar\u0131n\u0131n ger\u00e7ekten d\u00f6n\u00fc\u015f\u00fcm sa\u011flad\u0131\u011f\u0131n\u0131 g\u00f6r\u00fcrs\u00fcn\u00fcz. Pazarlama harcamalar\u0131 sadece form doldurmaya de\u011fil, ger\u00e7ek f\u0131rsatlar getiren kanallara gider.<\/p>\n\n\n<h4 class=\"wp-block-heading\">Sat\u0131\u015f Temsilcileri i\u00e7in<\/h4>\n\n\n<p>Art\u0131k kimi arayaca\u011f\u0131n\u0131z\u0131 tahmin etmek yok. Yapay zeka size kimin s\u0131cak oldu\u011funu s\u00f6yl\u00fcyor. Kapatma olas\u0131l\u0131\u011f\u0131 en y\u00fcksek potansiyel m\u00fc\u015fterilere odaklan\u0131rs\u0131n\u0131z.<\/p>\n<p>G\u00f6r\u00fc\u015fmelere haz\u0131rl\u0131kl\u0131 gidersiniz. \u015eirketi tan\u0131yorsunuz. Sorunu biliyorsunuz. Sat\u0131n alma sinyallerini biliyorsunuz. Daha az ara\u015ft\u0131rma, daha \u00e7ok sat\u0131\u015f.<\/p>\n<p>\u00c7\u0131kmaz sokaklarda saatlerinizi harcamay\u0131 b\u0131rak\u0131rs\u0131n\u0131z. Zaman\u0131n\u0131z ger\u00e7ekten ilerleyen konu\u015fmalara gider.<\/p>\n\n\n<h4 class=\"wp-block-heading\">\u0130\u015f i\u00e7in<\/h4>\n\n\n<p>S\u0131cak m\u00fc\u015fteri adaylar\u0131na daha h\u0131zl\u0131 yan\u0131t s\u00fcreleri. Birisi sat\u0131n almaya haz\u0131r oldu\u011funda, daha yava\u015f olan rakipten de\u011fil, \u00f6nce sizden haber al\u0131r.<\/p>\n<p>Nitelikli m\u00fc\u015fteri adaylar\u0131 nitelikli g\u00f6r\u00fc\u015fmeler ger\u00e7ekle\u015ftirdi\u011fi i\u00e7in daha y\u00fcksek d\u00f6n\u00fc\u015f\u00fcm oranlar\u0131. Ekibiniz k\u00f6t\u00fc uyumlar i\u00e7in zaman harcamay\u0131 b\u0131rakt\u0131\u011f\u0131 i\u00e7in edinme ba\u015f\u0131na daha d\u00fc\u015f\u00fck maliyet.<\/p>\n<p>\u00d6l\u00e7eklenebilir m\u00fc\u015fteri aday\u0131 olu\u015fturma. Orant\u0131l\u0131 olarak daha fazla personel say\u0131s\u0131 olmadan daha fazla inbound ile ba\u015fa \u00e7\u0131kabilirsiniz.<\/p>\n\n\n<hr class=\"wp-block-separator has-alpha-channel-opacity\"\/>\n\n\n\n<h3 class=\"wp-block-heading\">Potansiyel M\u00fc\u015fteri Niteliklendirme Yapay Zekas\u0131na Ger\u00e7ek \u00d6rnekler<\/h3>\n\n\n\n<h4 class=\"wp-block-heading\">\u00d6rnek 1: SaaS \u015eirketi<\/h4>\n\n\n<p>Bir B2B SaaS \u015firketi ayda 500 demo talebi al\u0131yordu. Sat\u0131\u015f ekibi hepsiyle kaliteli bir \u015fekilde ba\u015fa \u00e7\u0131kam\u0131yordu. Bir\u00e7o\u011fu yorucuydu veya tamamen niteliksizdi.<\/p>\n<p><strong>Ne de\u011fi\u015fti?<\/strong> Yapay zeka her m\u00fc\u015fteri aday\u0131n\u0131 \u015firket b\u00fcy\u00fckl\u00fc\u011f\u00fc, rol\u00fc ve web sitesi davran\u0131\u015f\u0131na g\u00f6re puanlad\u0131. \u0130lk 15% an\u0131nda sat\u0131\u015f \u00e7a\u011fr\u0131s\u0131 ald\u0131. Orta 40% yeterlilik sohbet robotu ald\u0131. Alttaki 45% yeti\u015ftirme e-postalar\u0131 ald\u0131.<\/p>\n<p><strong>Sonu\u00e7:<\/strong> Temsilciler nitelikli m\u00fc\u015fteri adaylar\u0131na odakland\u0131\u011f\u0131 i\u00e7in demodan kapatma oran\u0131 40% artt\u0131. Sat\u0131\u015f ekibi, personel say\u0131s\u0131n\u0131 art\u0131rmadan ayn\u0131 hacimle ba\u015fa \u00e7\u0131kt\u0131.<\/p>\n\n\n<h4 class=\"wp-block-heading\">\u00d6rnek 2: \u00dcretim \u015eirketi<\/h4>\n\n\n<p>Bir imalat \u015firketinin karma\u015f\u0131k bir sat\u0131\u015f s\u00fcreci vard\u0131. Anla\u015fmalar i\u00e7in birden fazla payda\u015f gerekiyordu. Web sitesi potansiyel m\u00fc\u015fterileri nadiren ihtiya\u00e7 duyulan t\u00fcm bilgilere sahipti.<\/p>\n<p><strong>Ne de\u011fi\u015fti?<\/strong> Yapay zekal\u0131 chatbot, sat\u0131\u015fa y\u00f6nlendirmeden \u00f6nce yeterlilik sorular\u0131 sordu. B\u00fct\u00e7e aral\u0131\u011f\u0131? Zaman \u00e7izelgesi? \u0130\u015fin i\u00e7inde ba\u015fka kimler var? Potansiyel m\u00fc\u015fteriler tam ba\u011flamla geldi.<\/p>\n<p><strong>Sonu\u00e7:<\/strong> Temel bilgiler zaten topland\u0131\u011f\u0131 i\u00e7in ke\u015fif aramalar\u0131 30% k\u0131sald\u0131. Sat\u0131\u015f d\u00f6ng\u00fcs\u00fc ortalama 3 hafta k\u0131sald\u0131.<\/p>\n\n\n<h4 class=\"wp-block-heading\">\u00d6rnek 3: Profesyonel Hizmetler Firmas\u0131<\/h4>\n\n\n<p>Bir dan\u0131\u015fmanl\u0131k firmas\u0131n\u0131n m\u00fc\u015fteri aday\u0131 al\u0131m\u0131yla ilgilenen ortaklar\u0131 vard\u0131. Y\u00fcksek \u00fccretli uzmanl\u0131k, lastik tekmeleyenler i\u00e7in harcan\u0131yordu. Tutarl\u0131 bir yeterlilik s\u00fcreci yok.<\/p>\n<p><strong>Ne de\u011fi\u015fti?<\/strong> Yapay zeka, \u015firket profiline ve zenginle\u015ftirilmi\u015f verilere dayal\u0131 olarak potansiyel m\u00fc\u015fterileri puanlad\u0131. Yaln\u0131zca e\u015fi\u011fin \u00fczerinde puan alan potansiyel m\u00fc\u015fteriler i\u015f ortaklar\u0131na ula\u015ft\u0131. Geri kalanlar ise yeti\u015ftirilmek \u00fczere gen\u00e7 personele gitti.<\/p>\n<p><strong>Sonu\u00e7:<\/strong> \u0130\u015f orta\u011f\u0131 zaman\u0131, y\u00fcksek de\u011ferli potansiyel m\u00fc\u015fteriler ve m\u00fc\u015fteri i\u015fleri i\u00e7in serbest b\u0131rak\u0131ld\u0131. \u0130\u015f orta\u011f\u0131 taraf\u0131ndan ele al\u0131nan potansiyel m\u00fc\u015fterilerde kazanma oran\u0131 25% artt\u0131.<\/p>\n\n\n<hr class=\"wp-block-separator has-alpha-channel-opacity\"\/>\n\n\n\n<h3 class=\"wp-block-heading\">Yapay Zekan\u0131n Yapamayaca\u011f\u0131 \u015eeyler<\/h3>\n\n\n<p>S\u0131n\u0131rlar konusunda d\u00fcr\u00fcst olal\u0131m.<\/p>\n<p>Yapay zeka ke\u015fif konu\u015fmas\u0131 yapmaz. \u0130li\u015fki kurmayacakt\u0131r. Bir aramada oday\u0131 okumayacak ve ton ve v\u00fccut diline g\u00f6re ayarlama yapmayacakt\u0131r.<\/p>\n<p>Yapay zeka sat\u0131\u015f muhakemesinin yerini alamaz. Bir m\u00fc\u015fteri aday\u0131 d\u00fc\u015f\u00fck puan ald\u0131ysa ancak temsilciniz \u015firketin ba\u015fka nedenlerden dolay\u0131 m\u00fckemmel bir uyum sa\u011flad\u0131\u011f\u0131n\u0131 biliyorsa, yine de aramal\u0131d\u0131r. Yapay zeka veri sa\u011flar, emir de\u011fil.<\/p>\n<p>Yapay zeka puanlamas\u0131 zamanla daha iyi hale gelir, ancak geri bildirime ihtiyac\u0131 vard\u0131r. E\u011fer tak\u0131m\u0131n\u0131z yapay zekan\u0131n d\u00fc\u015f\u00fck puan verdi\u011fi anla\u015fmalar\u0131 kapat\u0131rsa, bunu sisteme s\u00f6yleyin. Sistem d\u00fczeltmelerden \u00f6\u011frenir.<\/p>\n<p>Ve yapay zeka bozuk bir s\u00fcreci d\u00fczeltmez. \u00dcr\u00fcn-pazar uyumunuz yoksa veya fiyatland\u0131rman\u0131z yanl\u0131\u015fsa ya da de\u011fer \u00f6neriniz yank\u0131 uyand\u0131rm\u0131yorsa, hi\u00e7bir yapay zeka bunu kurtaramaz. \u00d6nce temelleri d\u00fczeltin.<\/p>\n\n\n<hr class=\"wp-block-separator has-alpha-channel-opacity\"\/>\n\n\n\n<h3 class=\"wp-block-heading\">Nas\u0131l Ba\u015flan\u0131r<\/h3>\n\n\n<p>Her \u015feyi bir kerede elden ge\u00e7irmenize gerek yok. K\u00fc\u00e7\u00fckten ba\u015flay\u0131n:\n<ul>\n<li><strong>Puanlama ile ba\u015flay\u0131n.<\/strong> Mevcut verilerinize dayanarak temel m\u00fc\u015fteri aday\u0131 puanlamas\u0131n\u0131 uygulay\u0131n. Y\u00fcksek puanl\u0131 m\u00fc\u015fteri adaylar\u0131n\u0131n ger\u00e7ekten daha iyi d\u00f6n\u00fc\u015f\u00fcm sa\u011flay\u0131p sa\u011flamad\u0131\u011f\u0131n\u0131 g\u00f6r\u00fcn.<\/li>\n<li><strong>Zenginle\u015ftirme ekleyin.<\/strong> Temsilcilerin her m\u00fc\u015fteri aday\u0131n\u0131 manuel olarak ara\u015ft\u0131rmas\u0131n\u0131 durdurun. Yapay zekan\u0131n \u015firket verilerini otomatik olarak doldurmas\u0131na izin verin.<\/li>\n<li><strong>Sohbet robotu yeterlili\u011fini test edin.<\/strong> Tek bir m\u00fc\u015fteri aday\u0131 kayna\u011f\u0131 \u00fczerinde \u00e7al\u0131\u015ft\u0131r\u0131n. Nitelikli m\u00fc\u015fteri adaylar\u0131n\u0131n niteliksiz olanlardan daha iyi d\u00f6n\u00fc\u015f\u00fcm sa\u011flay\u0131p sa\u011flamad\u0131\u011f\u0131n\u0131 g\u00f6r\u00fcn.<\/li>\n<li><strong>Y\u00f6nlendirme kurallar\u0131n\u0131 iyile\u015ftirin.<\/strong> Do\u011fru m\u00fc\u015fteri adaylar\u0131n\u0131n do\u011fru temsilcilere s\u00fcrekli olarak ula\u015ft\u0131\u011f\u0131ndan emin olun.<\/li>\n<li><strong>\u00d6l\u00e7\u00fcn ve ayarlay\u0131n.<\/strong> D\u00f6n\u00fc\u015f\u00fcm oranlar\u0131n\u0131 puana g\u00f6re takip edin. Modeli ger\u00e7ekte neyin kapand\u0131\u011f\u0131na g\u00f6re ayarlay\u0131n.<\/li>\n<\/ul>\n<\/p>\n\n<p>Ama\u00e7 m\u00fckemmellik de\u011fil. Tahmin etmekten daha iyidir. Tahmin etmekten daha iyisi ise daha fazla kapal\u0131 anla\u015fma demektir.<\/p>\n\n\n<hr class=\"wp-block-separator has-alpha-channel-opacity\"\/>\n\n\n\n<h3 class=\"wp-block-heading\">Alt Sat\u0131r<\/h3>\n\n\n<p>Potansiyel m\u00fc\u015fteri olu\u015fturma ve kalifikasyonu \u00f6r\u00fcnt\u00fc tan\u0131mad\u0131r. Hangi m\u00fc\u015fteri adaylar\u0131 sat\u0131n al\u0131r? Sat\u0131n almadan \u00f6nce ne yap\u0131yorlar? Hangi \u00f6zellikler d\u00f6n\u00fc\u015f\u00fcm\u00fc \u00f6ng\u00f6r\u00fcr?<\/p>\n<p>\u0130nsanlar binlerce potansiyel m\u00fc\u015fterideki kal\u0131plar\u0131 g\u00f6remez. Yapay zeka g\u00f6rebilir.<\/p>\n<p>Sat\u0131\u015f ekibiniz hala sat\u0131\u015f yap\u0131yor. Sadece kapanmayacak potansiyel m\u00fc\u015fterilere zaman harcamay\u0131 b\u0131rak\u0131rlar. Kapanacak olanlara odaklan\u0131rlar.<\/p>\n<p>Bu da daha y\u00fcksek kazanma oranlar\u0131, daha k\u0131sa sat\u0131\u015f d\u00f6ng\u00fcleri ve temsilci ba\u015f\u0131na daha fazla gelir anlam\u0131na gelir. Daha \u00e7ok \u00e7al\u0131\u015ft\u0131klar\u0131 i\u00e7in de\u011fil. \u00c7\u00fcnk\u00fc daha ak\u0131ll\u0131ca \u00e7al\u0131\u015f\u0131yorlar.<\/p>\n\n\n<hr class=\"wp-block-separator has-alpha-channel-opacity\"\/>\n\n\n\n<h3 class=\"wp-block-heading\">Potansiyel M\u00fc\u015fterilerinizi Daha \u0130yi Puanlamak \u0130ster misiniz?<\/h3>\n\n\n<p>Her sat\u0131\u015f ekibinin farkl\u0131 m\u00fc\u015fteri aday\u0131 kaynaklar\u0131 vard\u0131r. Farkl\u0131 yeterlilik kriterleri. Farkl\u0131 sat\u0131\u015f s\u00fcre\u00e7leri.<\/p>\n<p>Genel m\u00fc\u015fteri aday\u0131 puanlamas\u0131 satm\u0131yoruz. Verilerinize bak\u0131yoruz. \u0130\u015fletmenizde hangi sinyallerin d\u00f6n\u00fc\u015f\u00fcm\u00fc ger\u00e7ekten \u00f6ng\u00f6rd\u00fc\u011f\u00fcn\u00fc belirliyoruz. Ger\u00e7ekli\u011finize uygun puanlama modelleri olu\u015fturuyoruz.<\/p>\n<p>Ard\u0131ndan CRM'nize ve potansiyel m\u00fc\u015fteri kaynaklar\u0131n\u0131za ba\u011fl\u0131yoruz. Ekibiniz skorlar\u0131 an\u0131nda g\u00f6r\u00fcr. S\u0131cak m\u00fc\u015fteri adaylar\u0131 otomatik olarak ortaya \u00e7\u0131kar. \u00c7\u0131kmaz sokaklar zaman kayb\u0131n\u0131 durdurur.<\/p>\n<p>Abart\u0131 yok. Tutamayaca\u011f\u0131m\u0131z s\u00f6zler yok. Sadece ekibiniz kimi arayaca\u011f\u0131n\u0131 bildi\u011fi i\u00e7in daha h\u0131zl\u0131 sonu\u00e7lanan potansiyel m\u00fc\u015fteriler.<\/p>\n\n<p><a href=\"https:\/\/www.leaplytics.de\/tr\/kontakt\/\">Potansiyel M\u00fc\u015fteri Kalifikasyonunuz Hakk\u0131nda Konu\u015fal\u0131m<\/a><\/p>\n\n<p><a href=\"https:\/\/www.leaplytics.de\/tr\/pazarlama-satis-ai\/\">Pazarlama ve Sat\u0131\u015f Yapay Zekas\u0131na Geri D\u00f6n<\/a><\/p>","protected":false},"excerpt":{"rendered":"<p>Potansiyel M\u00fc\u015fteri Olu\u015fturma ve Niteliklendirme i\u00e7in Yapay Zeka: \u00c7\u0131kmaz Sokaklar\u0131 Kovalamay\u0131 B\u0131rak\u0131n Sat\u0131\u015f ekibiniz asla sat\u0131n almayacak potansiyel m\u00fc\u015fteriler i\u00e7in \u00e7ok fazla zaman harc\u0131yor. Sat\u0131\u015f konusunda k\u00f6t\u00fc olduklar\u0131 i\u00e7in de\u011fil. \u00c7\u00fcnk\u00fc hi\u00e7 kimse s\u0131cak bir m\u00fc\u015fteri aday\u0131n\u0131 so\u011fuk bir m\u00fc\u015fteri aday\u0131ndan ay\u0131rt edemez. Bu arada, ger\u00e7ekten kapanacak m\u00fc\u015fteri adaylar\u0131? Bekliyorlar. ... <\/p>","protected":false},"author":2,"featured_media":0,"parent":0,"menu_order":0,"comment_status":"closed","ping_status":"closed","template":"","meta":{"footnotes":""},"class_list":["post-14479","page","type-page","status-publish","hentry","latest_post"],"_links":{"self":[{"href":"https:\/\/www.leaplytics.de\/tr\/wp-json\/wp\/v2\/pages\/14479","targetHints":{"allow":["GET"]}}],"collection":[{"href":"https:\/\/www.leaplytics.de\/tr\/wp-json\/wp\/v2\/pages"}],"about":[{"href":"https:\/\/www.leaplytics.de\/tr\/wp-json\/wp\/v2\/types\/page"}],"author":[{"embeddable":true,"href":"https:\/\/www.leaplytics.de\/tr\/wp-json\/wp\/v2\/users\/2"}],"replies":[{"embeddable":true,"href":"https:\/\/www.leaplytics.de\/tr\/wp-json\/wp\/v2\/comments?post=14479"}],"version-history":[{"count":1,"href":"https:\/\/www.leaplytics.de\/tr\/wp-json\/wp\/v2\/pages\/14479\/revisions"}],"predecessor-version":[{"id":14484,"href":"https:\/\/www.leaplytics.de\/tr\/wp-json\/wp\/v2\/pages\/14479\/revisions\/14484"}],"wp:attachment":[{"href":"https:\/\/www.leaplytics.de\/tr\/wp-json\/wp\/v2\/media?parent=14479"}],"curies":[{"name":"wp","href":"https:\/\/api.w.org\/{rel}","templated":true}]}}