{"id":14495,"date":"2025-12-19T01:58:56","date_gmt":"2025-12-19T00:58:56","guid":{"rendered":"https:\/\/www.leaplytics.de\/?page_id=14495"},"modified":"2025-12-19T01:58:57","modified_gmt":"2025-12-19T00:58:57","slug":"surec-otomasyonu-is-akisi-ai","status":"publish","type":"page","link":"https:\/\/www.leaplytics.de\/tr\/surec-otomasyonu-is-akisi-ai\/","title":{"rendered":"S\u00fcre\u00e7 Otomasyonu ve \u0130\u015f Ak\u0131\u015f\u0131 Yapay Zekas\u0131"},"content":{"rendered":"<h2>S\u00fcre\u00e7 Otomasyonu ve \u0130\u015f Ak\u0131\u015f\u0131 i\u00e7in Yapay Zeka<\/h2>\n\n<p>Operasyonlar s\u00fcre\u00e7ler \u00fczerinde \u00e7al\u0131\u015f\u0131r. Sipari\u015ften yerine getirmeye. Talepten \u00e7\u00f6z\u00fcme. G\u00f6revin tamamlanmas\u0131na kadar. Her \u015fey ad\u0131mlar\u0131 takip eder.<\/p>\n<p>S\u00fcre\u00e7ler sorunsuz \u00e7al\u0131\u015ft\u0131\u011f\u0131nda i\u015fler akar. \u0130\u015flemedi\u011finde ise her \u015fey t\u0131kan\u0131r. G\u00f6revler y\u0131\u011f\u0131l\u0131r. Devirler ba\u015far\u0131s\u0131z olur. \u0130nsanlar \"bu nerede?\" ve \"bu kimde?\" diye sorarak zaman kaybeder.<\/p>\n<p>S\u00fcre\u00e7 sorunlar\u0131n\u0131n \u00e7o\u011fu insanlar\u0131n umursamamas\u0131ndan kaynaklanmaz. S\u00fcre\u00e7ler manuel oldu\u011fu i\u00e7indir. Birinin bunu y\u00f6nlendirmesi gerekir. Birinin bunu onaylamas\u0131 gerekir. Birinin bir \u00f6nceki ad\u0131m\u0131n tamamlan\u0131p tamamlanmad\u0131\u011f\u0131n\u0131 kontrol etmesi gerekir.<\/p>\n<p>Yapay zeka rutin k\u0131s\u0131mlar\u0131 otomatikle\u015ftirebilir. \u0130nsan muhakemesinin yerini almaz - sadece ona ihtiya\u00e7 duymayan kurallara dayal\u0131 i\u015fleri halleder.<\/p>\n<p>Ekibiniz s\u00fcreci takip etmeyi b\u0131rak\u0131r ve sorunlar\u0131 \u00e7\u00f6zmeye ba\u015flar.<\/p>\n\n\n<hr class=\"wp-block-separator has-alpha-channel-opacity\"\/>\n\n\n\n<h3 class=\"wp-block-heading\">Manuel S\u00fcre\u00e7ler Neden Bozulur?<\/h3>\n\n\n<p>SOP'leriniz var. Belgelenmi\u015f prosed\u00fcrler. \u0130\u015flerin nas\u0131l y\u00fcr\u00fcmesi gerekti\u011fine dair net ad\u0131mlar.<\/p>\n<p>Ancak y\u00fcr\u00fctme manueldir. Birisi bir talep al\u0131r. Kimin halletmesi gerekti\u011fine karar verirler. G\u00f6nderirler. Ger\u00e7ekle\u015fti\u011finden emin olmak i\u00e7in takip ederler.<\/p>\n<p>Hacim d\u00fc\u015f\u00fck oldu\u011funda bu i\u015fe yarar. Hacim y\u00fcksek oldu\u011funda, i\u015fler \u00e7atlaklardan d\u00fc\u015fer:<\/p>\n<ul>\n<li>Yanl\u0131\u015f ekibe y\u00f6nlendirilen g\u00f6revler<\/li>\n<li>Ofis d\u0131\u015f\u0131nda olan birinin gelen kutusunda bekleyen onaylar<\/li>\n<li>Kimse tamamland\u0131\u011f\u0131n\u0131 do\u011frulamad\u0131\u011f\u0131 i\u00e7in atlanan ad\u0131mlar<\/li>\n<li>\u00c7ok ge\u00e7 olana kadar yakalanmayan istisnalar<\/li>\n<li>Kimse s\u00fcre\u00e7te herhangi bir \u015feyin nerede oldu\u011funu bilmiyor<\/li>\n<\/ul>\n\n<p>Ekibiniz koordinasyon i\u00e7in icraattan daha fazla zaman harc\u0131yor. Durumu takip etmek i\u00e7in toplant\u0131lar. G\u00fcncellemeleri takip eden e-postalar. Bir \u015fey tak\u0131ld\u0131\u011f\u0131 i\u00e7in eskalasyonlar.<\/p>\n<p>\u0130nsanlar i\u015flerinde k\u00f6t\u00fc olduklar\u0131 i\u00e7in de\u011fil. \u00c7\u00fcnk\u00fc manuel koordinasyon \u00f6l\u00e7eklenemiyor.<\/p>\n\n\n<hr class=\"wp-block-separator has-alpha-channel-opacity\"\/>\n\n\n\n<h3 class=\"wp-block-heading\">Yapay Zeka S\u00fcre\u00e7 Otomasyonu \u0130\u00e7in Ne Yapar?<\/h3>\n\n\n<p>Yapay zeka, s\u00fcre\u00e7lerinizdeki rutin karar verme s\u00fcre\u00e7lerini y\u00f6netir. Kurallar\u0131 an\u0131nda uygular. \u0130\u015fi do\u011fru \u015fekilde y\u00f6nlendirir. \u0130lerlemeyi izler. \u0130stisnalar\u0131 yakalar.<\/p>\n<p>Ekibiniz i\u015fin etraf\u0131ndaki koordinasyona de\u011fil, i\u015fin kendisine odaklan\u0131r.<\/p>\n\n\n<h4 class=\"wp-block-heading\">Ak\u0131ll\u0131 G\u00f6rev Y\u00f6nlendirme<\/h4>\n\n\n<p>Yeni sipari\u015f geldi. Nereye gidecek? Hangi depoya? Hangi ekibe? Lokasyona, \u00fcr\u00fcn t\u00fcr\u00fcne, envanter seviyelerine, ekip kapasitesine ba\u011fl\u0131d\u0131r.<\/p>\n<p>Manuel olarak, birinin t\u00fcm bunlara bakmas\u0131 ve karar vermesi gerekir. Yapay zeka ile bu an\u0131nda ger\u00e7ekle\u015fir:<\/p>\n<ul>\n<li>Talep detaylar\u0131n\u0131 analiz eder<\/li>\n<li>Ekipler aras\u0131ndaki mevcut i\u015f y\u00fcklerini kontrol eder<\/li>\n<li>\u0130htiya\u00e7 duyulan beceri ve sertifikalar\u0131 g\u00f6z \u00f6n\u00fcnde bulundurur<\/li>\n<li>Konum ve lojistik fakt\u00f6rleri<\/li>\n<li>En uygun ekibe giden yollar<\/li>\n<\/ul>\n\n<p>Sadece daha h\u0131zl\u0131 de\u011fil, daha tutarl\u0131. Her seferinde ayn\u0131 mant\u0131k ge\u00e7erlidir. \u0130\u015fi kimin yapt\u0131\u011f\u0131na ba\u011fl\u0131 olarak de\u011fi\u015fiklik olmaz.<\/p>\n<p>\u00d6zel durumlar m\u0131? Yapay zeka bunlar\u0131 insan y\u00f6nlendirmesi i\u00e7in i\u015faretler. Ancak rutin vakalar (ki \u00e7o\u011fu vakad\u0131r) otomatik olarak akar.<\/p>\n\n\n<h4 class=\"wp-block-heading\">Ak\u0131ll\u0131 Onay Y\u00f6netimi<\/h4>\n\n\n<p>Onaylar her \u015feyi yava\u015flat\u0131r. Her sat\u0131n alma i\u015fleminin onaylanmas\u0131 gerekir. Her istisnan\u0131n onaylanmas\u0131 gerekir. Her de\u011fi\u015fikli\u011fin g\u00f6zden ge\u00e7irilmesi gerekir.<\/p>\n<p>Ancak \u00e7o\u011fu rutindir. Politika dahilinde standart talep mi? Otomatik onaylanmal\u0131d\u0131r. Parametrelerin d\u0131\u015f\u0131nda ola\u011fand\u0131\u015f\u0131 talep? Tam ba\u011flam ile do\u011fru onaylay\u0131c\u0131ya y\u00f6nlendirilmelidir.<\/p>\n<p>Onay mant\u0131\u011f\u0131n\u0131 yapay zeka y\u00f6netir:<\/p>\n<ul>\n<li>E\u015fikler dahilindeki standart talepler: denetim izi ile otomatik onaylan\u0131r<\/li>\n<li>\u0130ncelenmesi gereken talepler: miktar, t\u00fcr ve riske g\u00f6re uygun seviyeye y\u00f6nlendirilir<\/li>\n<li>Karma\u015f\u0131k talepler: tam ba\u011flam ve ge\u00e7mi\u015fle birlikte iletilir<\/li>\n<li>Durdurulan onaylar: \u00e7ok uzun s\u00fcre bekletilirse otomatik olarak h\u0131zland\u0131r\u0131l\u0131r<\/li>\n<\/ul>\n\n<p>Y\u00f6neticileriniz ger\u00e7ekten muhakeme gerektiren kararlar i\u00e7in zaman harcarlar. Rutin talepleri onaylamak i\u00e7in de\u011fil.<\/p>\n<p>Peki biri devre d\u0131\u015f\u0131 kald\u0131\u011f\u0131nda? Yapay zeka yedeklerine y\u00f6nlendiriyor. Tatilde olan birini beklemek zorunda kalmak yok.<\/p>\n\n\n<h4 class=\"wp-block-heading\">Ger\u00e7ek Zamanl\u0131 S\u00fcre\u00e7 \u0130zleme<\/h4>\n\n\n<p>Her \u015fey nerede? S\u0131k\u0131\u015fan ne? Teslim tarihlerini ka\u00e7\u0131rma riski olan ne var?<\/p>\n<p>Yapay zeka her g\u00f6revi her ad\u0131mda izler. \u0130nsanlardan g\u00fcncelleme isteyerek de\u011fil; sistemleri otomatik olarak izleyerek. Bilir:<\/p>\n<ul>\n<li>Neler yap\u0131l\u0131yor ve kimler \u00fczerinde \u00e7al\u0131\u015f\u0131yor?<\/li>\n<li>Ne bekliyor (ve ne kadar zamand\u0131r bekliyor)<\/li>\n<li>Yakla\u015fan son tarihler<\/li>\n<li>Darbo\u011fazlar\u0131n olu\u015ftu\u011fu yerler<\/li>\n<li>Hangi s\u00fcre\u00e7ler normalden daha yava\u015f \u00e7al\u0131\u015f\u0131yor<\/li>\n<\/ul>\n\n<p>G\u00f6sterge paneli ger\u00e7ek zamanl\u0131 durumu g\u00f6sterir. \"D\u00fcn itibariyle\" raporlar\u0131 de\u011fil, tam \u015fimdi. Y\u00f6neticileriniz g\u00fcncellemeleri takip etmeden nelere dikkat edilmesi gerekti\u011fini bilir.<\/p>\n\n\n<h4 class=\"wp-block-heading\">Ger\u00e7ekten \u0130\u015fe Yarayan \u0130stisna Tespiti<\/h4>\n\n\n<p>\u0130stisnalar pahal\u0131d\u0131r. Eksik bilgi sipari\u015f edin. Ad\u0131m \u00e7ok uzun s\u00fcr\u00fcyor. Prosed\u00fcr\u00fcn do\u011fru \u015fekilde takip edilmemesi. Birisi fark etti\u011finde, bu zaten bir sorundur.<\/p>\n<p>Yapay zeka istisnalar\u0131 erken yakalar:<\/p>\n<ul>\n<li><strong>Eksik veri:<\/strong> Sipari\u015f gerekli alanlar olmadan m\u0131 g\u00f6nderildi? G\u00f6nderime ula\u015ft\u0131\u011f\u0131nda de\u011fil, hemen i\u015faretlenir.<\/li>\n<li><strong>S\u00fcre\u00e7 sapmalar\u0131:<\/strong> Ad\u0131mlar s\u0131ra d\u0131\u015f\u0131 m\u0131 tamamland\u0131? Kontrol listesi atland\u0131 m\u0131? Yapay zeka bildirimleri.<\/li>\n<li><strong>Zamanlama sorunlar\u0131:<\/strong> Ad\u0131m normalden 3 kat daha m\u0131 uzun s\u00fcr\u00fcyor? Yapay zeka, s\u00fcre dolmadan \u00f6nce uyar\u0131 verir.<\/li>\n<li><strong>Kalite endi\u015feleri:<\/strong> Belirli bir s\u00fcre\u00e7te hata oran\u0131 y\u00fckseliyor mu? \u00d6r\u00fcnt\u00fc erken tespit edildi.<\/li>\n<li><strong>Uyum bo\u015fluklar\u0131:<\/strong> Gerekli belgeler eksik mi? Onay e\u015fi\u011fi a\u015f\u0131ld\u0131 m\u0131? Otomatik olarak yakaland\u0131.<\/li>\n<\/ul>\n\n<p>Ekibiniz istisnalar\u0131 hen\u00fcz k\u00fc\u00e7\u00fckken ele al\u0131r. Yay\u0131lmadan \u00f6nce. M\u00fc\u015fteriler etkilenmeden \u00f6nce.<\/p>\n\n\n<h4 class=\"wp-block-heading\">Otomatik Uygunluk Kontrol\u00fc<\/h4>\n\n\n<p>Her s\u00fcrecin gereksinimleri vard\u0131r. Ad\u0131mlar s\u0131rayla ger\u00e7ekle\u015fmelidir. Dok\u00fcmantasyon eksiksiz olmal\u0131d\u0131r. Onaylar al\u0131nm\u0131\u015f olmal\u0131d\u0131r. Kalite kontrolleri yap\u0131lmal\u0131d\u0131r.<\/p>\n<p>T\u00fcm bunlar\u0131 manuel olarak do\u011frulamak m\u0131? Birinin denetlemesi gerekiyor. En iyi ihtimalle \u00f6rnek kontroller. Umutla uyumluluk.<\/p>\n<p>Yapay zeka her \u00f6rne\u011fi do\u011frular:<\/p>\n<ul>\n<li>Gerekli her ad\u0131m tamamland\u0131 m\u0131?<\/li>\n<li>Uygun s\u0131ra takip edildi mi?<\/li>\n<li>Belgeler eksiksiz ve do\u011fru mu?<\/li>\n<li>Gerekli onaylar al\u0131nd\u0131 m\u0131?<\/li>\n<li>Denetim izi kimin ne zaman ne yapt\u0131\u011f\u0131n\u0131 g\u00f6steriyor mu?<\/li>\n<\/ul>\n\n<p>Uyumlu olmayan s\u00fcre\u00e7 mi? Hemen i\u015faretlenir. Haftalar sonra bir denetim s\u0131ras\u0131nda bulunmaz. Uyumlulu\u011funuz ger\u00e7ektir, umulan de\u011fil.<\/p>\n\n\n<h4 class=\"wp-block-heading\">S\u00fcre\u00e7 Performans Analiti\u011fi<\/h4>\n\n\n<p>S\u00fcre\u00e7ler ger\u00e7ekte ne kadar s\u00fcr\u00fcyor? Nerede yava\u015fl\u0131yorlar? Hangi ekipler daha h\u0131zl\u0131? Neden?<\/p>\n<p>Yapay zeka, t\u00fcm s\u00fcre\u00e7lerinizdeki performans metriklerini izler:<\/p>\n<ul>\n<li>\u0130\u015flem t\u00fcr\u00fcne g\u00f6re d\u00f6ng\u00fc s\u00fcresi<\/li>\n<li>Ekip ve birey baz\u0131nda verim<\/li>\n<li>Gecikmelerin nerede meydana geldi\u011fi (hangi ad\u0131mlar, hangi aktar\u0131mlar)<\/li>\n<li>Hata oranlar\u0131 ve yeniden i\u015fleme s\u0131kl\u0131\u011f\u0131<\/li>\n<li>Varyasyon (tutarl\u0131l\u0131k h\u0131z kadar \u00f6nemlidir)<\/li>\n<\/ul>\n\n<p>Nereyi geli\u015ftirmeniz gerekti\u011fini g\u00f6r\u00fcrs\u00fcn\u00fcz. Verilere bakarak tahmin etmek de\u011fil. Bu tak\u0131m s\u00fcrekli olarak daha m\u0131 h\u0131zl\u0131? Neyi farkl\u0131 yapt\u0131klar\u0131n\u0131 \u00f6\u011frenin. Bu ad\u0131m s\u00fcrekli olarak yava\u015f m\u0131? Nedenini ara\u015ft\u0131r\u0131n.<\/p>\n<p>Duygulara de\u011fil, ger\u00e7eklere dayal\u0131 s\u00fcre\u00e7 iyile\u015ftirme.<\/p>\n\n\n<hr class=\"wp-block-separator has-alpha-channel-opacity\"\/>\n\n\n\n<h3 class=\"wp-block-heading\">Bu Sizin \u0130\u00e7in Ne Anlama Geliyor?<\/h3>\n\n\n\n<h4 class=\"wp-block-heading\">COO'lar ve Operasyon Liderleri i\u00e7in<\/h4>\n\n\n<p><strong>Lokasyonlar aras\u0131nda tutarl\u0131 uygulama.<\/strong> Her yerde ayn\u0131 kurallar uygulan\u0131r. Kimin \u00e7al\u0131\u015ft\u0131\u011f\u0131na veya ne kadar me\u015fgul oldu\u011funa g\u00f6re de\u011fi\u015fiklik yok.<\/p>\n\n<p><strong>\u00d6l\u00e7eklenebilir i\u015flemler.<\/strong> 2 kat personel say\u0131s\u0131 olmadan 2 kat hacimle ba\u015fa \u00e7\u0131k\u0131n. Koordinasyon i\u015fi hacimle katlanm\u0131yor.<\/p>\n\n<p><strong>Daha iyi uyumluluk ve denetim izleri.<\/strong> Her i\u015flem otomatik olarak belgelenir. Her i\u015flem i\u00e7in eksiksiz denetim izi. Kontrol ederek de\u011fil, tasarlayarak uyumluluk.<\/p>\n\n<p><strong>Operasyonlara g\u00f6r\u00fcn\u00fcrl\u00fck.<\/strong> Neler olup bitti\u011fine dair ger\u00e7ek zamanl\u0131 g\u00f6sterge tablosu. Krize d\u00f6n\u00fc\u015fmeden \u00f6nce olu\u015fan darbo\u011fazlar\u0131 g\u00f6r\u00fcn.<\/p>\n\n<p><strong>Daha d\u00fc\u015f\u00fck hata oranlar\u0131.<\/strong> Otomatik kontrol hatalar\u0131 erken yakalar. \u0130stisnalar sorun yaratmadan \u00f6nce i\u015faretlenir.<\/p>\n\n\n<h4 class=\"wp-block-heading\">Operasyon Y\u00f6neticileri i\u00e7in<\/h4>\n\n\n<p><strong>Durum g\u00fcncellemelerini takip etmeyi b\u0131rak\u0131n.<\/strong> Sistem her \u015feyi takip ediyor. Etrafa sormadan neye dikkat edilmesi gerekti\u011fini g\u00f6r\u00fcyorsunuz.<\/p>\n\n<p><strong>Rutine de\u011fil, istisnalara odaklan\u0131n.<\/strong> Yapay zeka standart i\u015f ak\u0131\u015f\u0131n\u0131 y\u00f6netir. Karar gerektiren ola\u011fand\u0131\u015f\u0131 durumlar\u0131 siz halledersiniz.<\/p>\n\n<p><strong>\u0130\u015flerin nerede s\u0131k\u0131\u015ft\u0131\u011f\u0131n\u0131 bilin.<\/strong> Ekip \u00fcyelerinin olay\u0131 b\u00fcy\u00fctmesini beklemezsiniz. Ger\u00e7ek zamanl\u0131 olarak g\u00f6r\u00fcyorsunuz.<\/p>\n\n<p><strong>\u0130yile\u015ftirme i\u00e7in veriler.<\/strong> Hangi s\u00fcre\u00e7lerin iyi i\u015fledi\u011fini ve hangilerinin d\u00fczeltilmesi gerekti\u011fini bilin. Ger\u00e7ek d\u00f6ng\u00fc s\u00fcreleri, tahminler de\u011fil.<\/p>\n\n<p><strong>Adil i\u015f y\u00fck\u00fc da\u011f\u0131l\u0131m\u0131.<\/strong> Kimin a\u015f\u0131r\u0131 y\u00fcklendi\u011fini ve kimin kapasitesi oldu\u011funu g\u00f6r\u00fcn. \u0130\u015fi ger\u00e7ekli\u011fe g\u00f6re dengeleyin.<\/p>\n\n\n<h4 class=\"wp-block-heading\">\u0130\u015fi Yapan Ekipler \u0130\u00e7in<\/h4>\n\n\n<p><strong>G\u00f6rev kuyru\u011funu temizleyin.<\/strong> \"Ne \u00fczerinde \u00e7al\u0131\u015fmal\u0131y\u0131m?\" diye d\u00fc\u015f\u00fcnmek yok. \u00d6ncelikler, son tarihlere ve \u00f6neme g\u00f6re otomatik olarak hesaplan\u0131r.<\/p>\n\n<p><strong>Art\u0131k kovalamak yok.<\/strong> Sistem i\u015fi size y\u00f6nlendirir. Bilmeniz gerekenleri size s\u00f6yler. Tak\u0131l\u0131rsan\u0131z otomatik olarak y\u00fckseltir.<\/p>\n\n<p><strong>Daha az koordinasyon y\u00fck\u00fc.<\/strong> \u0130\u015f hakk\u0131nda koordinasyon yapmak yerine i\u015f yaparak zaman ge\u00e7irin. Durumu takip etmek i\u00e7in toplant\u0131 yok.<\/p>\n\n<p><strong>H\u0131zl\u0131 onaylar.<\/strong> Rutin i\u015fler otomatik olarak onaylan\u0131r. Birinin onaylamas\u0131 i\u00e7in g\u00fcnlerce beklemek yok.<\/p>\n\n<p><strong>Daha az yang\u0131n tatbikat\u0131.<\/strong> \u0130stisnalar erken yakalan\u0131r. Sorunlar patlamadan \u00f6nce i\u015faretlenir. Daha az panik, daha \u00e7ok planlama.<\/p>\n\n\n<hr class=\"wp-block-separator has-alpha-channel-opacity\"\/>\n\n\n\n<h3 class=\"wp-block-heading\">Yapay Zekan\u0131n Yapamad\u0131klar\u0131<\/h3>\n\n\n<p>Yapay zeka kurallara dayal\u0131 i\u015fleri otomatikle\u015ftirir. Muhakemenin yerini almaz. \u0130\u015fte hala insanlara ihtiya\u00e7 duyan \u015feyler:<\/p>\n\n<p><strong>Ger\u00e7ekten ola\u011fand\u0131\u015f\u0131 durumlarla ba\u015fa \u00e7\u0131kma.<\/strong> Yapay zeka standart durumlar\u0131 y\u00f6nlendirir ve istisnalar\u0131 i\u015faretler. Ama ger\u00e7ekten tuhaf u\u00e7 durumlar? Bunlar\u0131n insan taraf\u0131ndan \u00e7\u00f6z\u00fclmesi gerekir.<\/p>\n\n<p><strong>M\u00fczakere ve ili\u015fki y\u00f6netimi.<\/strong> M\u00fc\u015fteri gecikmeden dolay\u0131 \u00fczg\u00fcn m\u00fc? Tedarik\u00e7inin \u00f6zel bir i\u015fleme mi ihtiyac\u0131 var? Bu insan i\u015fi.<\/p>\n\n<p><strong>Daha iyi s\u00fcre\u00e7ler tasarlamak.<\/strong> Yapay zeka mevcut s\u00fcre\u00e7lerin nas\u0131l performans g\u00f6sterdi\u011fini izler. Daha iyi sonu\u00e7lar i\u00e7in onlar\u0131 yeniden tasarlamak m\u0131? Bu sizin ekibinizin i\u015fi.<\/p>\n\n<p><strong>Yarg\u0131 kararlar\u0131 vermek.<\/strong> Bunu h\u0131zland\u0131rmal\u0131 m\u0131y\u0131z? Bir istisna yapal\u0131m m\u0131? Bir ili\u015fkiyi korumak i\u00e7in zarar\u0131 g\u00f6ze almal\u0131 m\u0131y\u0131z? Bilgisayarlar bu dengeleri tartamaz.<\/p>\n\n<p><strong>Karma\u015f\u0131k onaylar.<\/strong> Basit onaylar ($X kapsam\u0131nda, politika dahilinde) otomatikle\u015ftirilebilir. Karma\u015f\u0131k olanlar (stratejik kararlar, \u00f6nemli istisnalar, \u00e7apraz fonksiyonel etkiler) insan incelemesine ihtiya\u00e7 duyar.<\/p>\n\n<p>Yapay zekay\u0131 koordinasyon katman\u0131n\u0131 idare etmek olarak d\u00fc\u015f\u00fcn\u00fcn. D\u00fc\u015f\u00fcnme katman\u0131n\u0131 ekibiniz halleder. Sadece daha h\u0131zl\u0131 yaparlar \u00e7\u00fcnk\u00fc angarya i\u015fler yap\u0131l\u0131r.<\/p>\n\n\n<hr class=\"wp-block-separator has-alpha-channel-opacity\"\/>\n\n\n\n<h3 class=\"wp-block-heading\">S\u00fcre\u00e7 Otomasyonuna Ba\u015flarken<\/h3>\n\n\n<p>Her \u015feyi bir kerede otomatikle\u015ftirmezsiniz. En y\u00fcksek hacimli, en standartla\u015ft\u0131r\u0131lm\u0131\u015f s\u00fcre\u00e7lerinizle ba\u015flay\u0131n:<\/p>\n\n<p><strong>\u0130lk adaylar iyi:<\/strong><\/p>\n<ul>\n<li>Sipari\u015f y\u00f6nlendirme ve atama<\/li>\n<li>Standart onay i\u015f ak\u0131\u015flar\u0131<\/li>\n<li>Talep al\u0131m\u0131 ve triyaj<\/li>\n<li>G\u00f6rev tamamlama do\u011frulamas\u0131<\/li>\n<li>Durum bildirimleri ve eskalasyonlar<\/li>\n<\/ul>\n\n<p><strong>\u0130lk adaylar pek iyi de\u011fil:<\/strong><\/p>\n<ul>\n<li>Bir\u00e7ok istisnayla birlikte olduk\u00e7a de\u011fi\u015fken s\u00fcre\u00e7ler<\/li>\n<li>S\u0131k de\u011fi\u015fen s\u00fcre\u00e7ler<\/li>\n<li>\u0130nsan muhakemesinin her vaka i\u00e7in kritik oldu\u011fu alanlar<\/li>\n<li>Hen\u00fcz kimsenin belgelemedi\u011fi s\u00fcre\u00e7ler<\/li>\n<\/ul>\n\n<p>Net bir s\u00fcrecin, y\u00fcksek hacmin ve bariz bir s\u0131k\u0131nt\u0131n\u0131n oldu\u011fu yerden ba\u015flay\u0131n. De\u011feri kan\u0131tlay\u0131n. Ard\u0131ndan daha karma\u015f\u0131k vakalara ge\u00e7in.<\/p>\n\n\n<hr class=\"wp-block-separator has-alpha-channel-opacity\"\/>\n\n\n\n<h3 class=\"wp-block-heading\">Alt Sat\u0131r<\/h3>\n\n\n<p>Manuel s\u00fcre\u00e7 koordinasyonu \u00f6l\u00e7eklenemez. Daha fazla hacim, daha fazla koordinasyon y\u00fck\u00fc anlam\u0131na gelir. Ekibiniz ger\u00e7ek i\u015f yapmak yerine y\u00f6nlendirme, takip ve kovalamaca i\u015flerine g\u00f6m\u00fcl\u00fcr.<\/p>\n\n<p>Yapay zeka koordinasyonu sa\u011flar. \u0130\u015fi do\u011fru \u015fekilde y\u00f6nlendirir. \u0130lerlemeyi izler. \u0130stisnalar\u0131 yakalar. Uyumlulu\u011fu korur. Hepsi otomatik olarak.<\/p>\n\n<p>Ekibiniz i\u015fin kendisi \u00fczerinde \u00e7al\u0131\u015f\u0131r. \u0130\u015fle ilgili toplant\u0131lar de\u011fil. \u0130\u015fi takip eden e-postalar de\u011fil. \u0130\u015fi izleyen elektronik tablolar de\u011fil.<\/p>\n\n<p>Sonu\u00e7, akan operasyonlard\u0131r. Daha h\u0131zl\u0131 d\u00f6ng\u00fc s\u00fcreleri. Daha az hata. Daha iyi uyumluluk. Ve s\u00fcre\u00e7 pe\u015finde ko\u015fmak yerine iyi olduklar\u0131 i\u015fi yapan profesyoneller.<\/p>\n\n<p>Yapay zeka ile s\u00fcre\u00e7 otomasyonunun ger\u00e7ekte sa\u011flad\u0131\u011f\u0131 \u015fey budur. \"I\u015f\u0131klar kapal\u0131\" operasyonlar de\u011fil. Sadece daha az s\u00fcrt\u00fcnme ve \u00f6nemli olana daha fazla odaklanma.<\/p>\n\n\n<hr class=\"wp-block-separator has-alpha-channel-opacity\"\/>\n\n\n\n<h3 class=\"wp-block-heading\">\u0130\u015f Ak\u0131\u015flar\u0131n\u0131z\u0131 Otomatikle\u015ftirmeye Haz\u0131r m\u0131s\u0131n\u0131z?<\/h3>\n\n\n<p>Her i\u015fletmenin farkl\u0131 s\u00fcre\u00e7leri vard\u0131r. \u0130\u015finizde neyin i\u015fe yarayaca\u011f\u0131, bug\u00fcn nas\u0131l \u00e7al\u0131\u015ft\u0131\u011f\u0131n\u0131za ba\u011fl\u0131d\u0131r.<\/p>\n\n<p>Genel i\u015f ak\u0131\u015f\u0131 ara\u00e7lar\u0131n\u0131 zorlam\u0131yoruz. Sizin \u00f6zel s\u00fcre\u00e7lerinize bak\u0131yoruz. Koordinasyon y\u00fck\u00fc nerede? \u0130\u015fler nerede t\u0131kan\u0131yor? Sistemleriniz g\u00f6z \u00f6n\u00fcne al\u0131nd\u0131\u011f\u0131nda neleri otomatikle\u015ftirmek ger\u00e7ek\u00e7i?<\/p>\n\n<p>Ard\u0131ndan i\u015f ak\u0131\u015f\u0131n\u0131za uygun otomasyon olu\u015fturuyoruz. Yaz\u0131l\u0131ma uymak i\u00e7in \u00e7al\u0131\u015fma \u015feklinizi de\u011fi\u015ftirmeye zorlamak yok. Siz nas\u0131l \u00e7al\u0131\u015f\u0131yorsan\u0131z o \u015fekilde \u00e7al\u0131\u015fan bir yaz\u0131l\u0131m.<\/p>\n\n<p><a href=\"https:\/\/www.leaplytics.de\/tr\/kontakt\/\">S\u00fcre\u00e7leriniz Hakk\u0131nda Konu\u015fal\u0131m<\/a><\/p>\n\n<p><a href=\"https:\/\/www.leaplytics.de\/tr\/operasyonlar-ai\/\">Yapay Zeka Operasyonlar\u0131na Geri D\u00f6n<\/a><\/p>","protected":false},"excerpt":{"rendered":"<p>AI for Process Automation &#038; Workflow Operations runs on processes. Order to fulfillment. Request to resolution. Task to completion. Everything follows steps. When processes work smoothly, things flow. When they don&#8217;t, everything gets stuck. Tasks pile up. Handoffs fail. People waste time asking &#8220;where is this?&#8221; and &#8220;who has that?&#8221; Most process problems aren&#8217;t because &hellip; <\/p>","protected":false},"author":2,"featured_media":0,"parent":0,"menu_order":0,"comment_status":"closed","ping_status":"closed","template":"","meta":{"footnotes":""},"class_list":["post-14495","page","type-page","status-publish","hentry","latest_post"],"_links":{"self":[{"href":"https:\/\/www.leaplytics.de\/tr\/wp-json\/wp\/v2\/pages\/14495","targetHints":{"allow":["GET"]}}],"collection":[{"href":"https:\/\/www.leaplytics.de\/tr\/wp-json\/wp\/v2\/pages"}],"about":[{"href":"https:\/\/www.leaplytics.de\/tr\/wp-json\/wp\/v2\/types\/page"}],"author":[{"embeddable":true,"href":"https:\/\/www.leaplytics.de\/tr\/wp-json\/wp\/v2\/users\/2"}],"replies":[{"embeddable":true,"href":"https:\/\/www.leaplytics.de\/tr\/wp-json\/wp\/v2\/comments?post=14495"}],"version-history":[{"count":1,"href":"https:\/\/www.leaplytics.de\/tr\/wp-json\/wp\/v2\/pages\/14495\/revisions"}],"predecessor-version":[{"id":14501,"href":"https:\/\/www.leaplytics.de\/tr\/wp-json\/wp\/v2\/pages\/14495\/revisions\/14501"}],"wp:attachment":[{"href":"https:\/\/www.leaplytics.de\/tr\/wp-json\/wp\/v2\/media?parent=14495"}],"curies":[{"name":"wp","href":"https:\/\/api.w.org\/{rel}","templated":true}]}}