{"id":14510,"date":"2025-12-19T02:02:20","date_gmt":"2025-12-19T01:02:20","guid":{"rendered":"https:\/\/www.leaplytics.de\/?page_id=14510"},"modified":"2025-12-19T02:02:20","modified_gmt":"2025-12-19T01:02:20","slug":"sozlesme-yoneti%cc%87mi%cc%87-ai","status":"publish","type":"page","link":"https:\/\/www.leaplytics.de\/tr\/sozlesme-yoneti%cc%87mi%cc%87-ai\/","title":{"rendered":"S\u00f6zle\u015fme Y\u00f6netimi Yapay Zeka"},"content":{"rendered":"<h2>S\u00f6zle\u015fme Y\u00f6netimi i\u00e7in Yapay Zeka: Yenilemeyi Asla Ka\u00e7\u0131rmay\u0131n, \u015eartlar\u0131n \u0130zini Asla Kaybetmeyin<\/h2>\n\n<p>S\u00f6zle\u015fmeler sat\u0131n alman\u0131n her yerindedir. Tedarik\u00e7i anla\u015fmalar\u0131. Hizmet s\u00f6zle\u015fmeleri. Hacim taahh\u00fctleri. Lisans anla\u015fmalar\u0131. \u00c7er\u00e7eve anla\u015fmalar. Her birinin \u00f6nemli \u015fartlar\u0131 vard\u0131r.<\/p>\n<p>Fiyatlar. Hacimler. Yenileme tarihleri. Fesih maddeleri. Hizmet seviyesi anla\u015fmalar\u0131. Cezai \u015fartlar. De\u011fer mi ald\u0131\u011f\u0131n\u0131z\u0131 yoksa avantaj m\u0131 elde etti\u011finizi belirleyen ayr\u0131nt\u0131lar.<\/p>\n<p>Ancak \u00e7o\u011fu \u015firket s\u00f6zle\u015fmelerinde ne oldu\u011funu bilmiyor. \u00d6nemsemedikleri i\u00e7in de\u011fil. \u00c7\u00fcnk\u00fc y\u00fczlerce s\u00f6zle\u015fmeleri var ve kimsenin her birini okuyacak ve takip edecek zaman\u0131 yok.<\/p>\n<p>Yenileme tarihleri ka\u00e7\u0131r\u0131l\u0131yor. Otomatik yenilemeler g\u00f6zden ge\u00e7irilmeden ger\u00e7ekle\u015fir. \u015eartlar unutulur. Tedarik\u00e7iler taahh\u00fctlerini yerine getirmez ve kimse fark etmez. Para her yerde masada kal\u0131yor.<\/p>\n<p>Yapay zeka bunu de\u011fi\u015ftirir. S\u00f6zle\u015fmeleri okuyor. \u00d6nemli olanlar\u0131 \u00e7\u0131kar\u0131r. Her tarihi ve y\u00fck\u00fcml\u00fcl\u00fc\u011f\u00fc takip eder. Neyi kabul etti\u011finizi ve onu al\u0131p almad\u0131\u011f\u0131n\u0131z\u0131 bildi\u011finizden emin olman\u0131z\u0131 sa\u011flar.<\/p>\n\n\n<hr class=\"wp-block-separator has-alpha-channel-opacity\"\/>\n\n\n\n<h3 class=\"wp-block-heading\">S\u00f6zle\u015fme Y\u00f6netimi Neden Ba\u015far\u0131s\u0131z Olur?<\/h3>\n\n\n<p>S\u00f6zle\u015fme y\u00f6netimi \u00e7o\u011fu \u015firkette \u015fu \u015fekilde g\u00f6r\u00fcn\u00fcr:<\/p>\n<p>S\u00f6zle\u015fmeler imzalan\u0131r. Birisi onlar\u0131 dosyalar. Genellikle payla\u015f\u0131lan bir s\u00fcr\u00fcc\u00fcde, belki de varsa bir s\u00f6zle\u015fme y\u00f6netim sisteminde.<\/p>\n<p>Sonra ne oldu? \u0130nsanlar i\u00e7lerinde ne oldu\u011funu unutur. Anla\u015fmay\u0131 m\u00fczakere eden sat\u0131n alma g\u00f6revlisi farkl\u0131 bir g\u00f6reve ge\u00e7er. S\u00f6zle\u015fme orada durur.<\/p>\n<p>Bir y\u0131l sonra, s\u00f6zle\u015fme otomatik olarak yenileniyor. Kimse g\u00f6zden ge\u00e7irmedi. \u015eartlar\u0131n hala rekabet\u00e7i olup olmad\u0131\u011f\u0131n\u0131 kimse kontrol etmedi. Kimse tedarik\u00e7inin taahh\u00fctlerini yerine getirdi\u011fini do\u011frulamad\u0131. Bir y\u0131l daha kilitlendiniz.<\/p>\n<p>Ya da daha k\u00f6t\u00fcs\u00fc, fesih bildirim s\u00fcresini ka\u00e7\u0131rd\u0131n\u0131z. Tedarik\u00e7ileri de\u011fi\u015ftirmek istediniz, ancak yenilemeden 90 g\u00fcn \u00f6nce onlara bildirimde bulunmad\u0131n\u0131z. \u015eimdi ba\u015fka bir s\u00f6zle\u015fme d\u00f6nemi i\u00e7in s\u0131k\u0131\u015f\u0131p kald\u0131n\u0131z.<\/p>\n<p>Bu arada, ne pazarl\u0131k yapt\u0131\u011f\u0131n\u0131z\u0131 bilmeden tedarik\u00e7ilerden sipari\u015f veriyorsunuz. S\u00f6zle\u015fmedeki fiyat bu mu? Pazarl\u0131k etti\u011fimiz hacim indirimlerini al\u0131yor muyuz? Tedarik\u00e7i teslimat taahh\u00fctlerini yerine getiriyor mu?<\/p>\n<p>Kimse bilmiyor. \u0130stemedikleri i\u00e7in de\u011fil - \u00e7\u00fcnk\u00fc t\u00fcm bunlar\u0131 manuel olarak takip etmek imkans\u0131z.<\/p>\n<p>Sat\u0131n alma ekipleri y\u00fczlerce s\u00f6zle\u015fmeyi okuyamaz ve her \u015fart\u0131 hat\u0131rlayamaz. Her tedarik\u00e7inin her y\u00fck\u00fcml\u00fcl\u00fc\u011fe kar\u015f\u0131 performans\u0131n\u0131 izleyemezler. Di\u011fer her \u015feyi yaparken d\u00fczinelerce yenileme tarihini takip edemezler.<\/p>\n<p>Bu y\u00fczden i\u015fler aks\u0131yor. Yenilemeler atlan\u0131yor. \u015eartlar uygulanmaz. Para bo\u015fa harcan\u0131yor.<\/p>\n\n\n<hr class=\"wp-block-separator has-alpha-channel-opacity\"\/>\n\n\n\n<h3 class=\"wp-block-heading\">Yapay Zeka S\u00f6zle\u015fme Y\u00f6netimi \u0130\u00e7in Ne Yapar?<\/h3>\n\n\n<p>Yapay zeka sadece s\u00f6zle\u015fmeleri saklamaz. Onlar\u0131 okur. Onlar\u0131 anlar. Onlar\u0131 izler. \u0130\u015fte b\u00f6yle.<\/p>\n\n\n<h4 class=\"wp-block-heading\">Anahtar Terimleri Otomatik Olarak \u00c7\u0131kar\u0131r<\/h4>\n\n\n<p>Yapay zekaya bir s\u00f6zle\u015fme y\u00fckleyin. T\u00fcm belgeyi okur - her sayfay\u0131, her maddeyi, her terimi.<\/p>\n<p>\u00d6nemli olan \u015feyleri \u00e7\u0131kar\u0131r:<\/p>\n<ul>\n<li><strong>Fiyat bilgisi:<\/strong> Birim fiyatlar. Hacim indirimleri. Fiyat ayarlama h\u00fck\u00fcmleri. Minimum ve maksimum fiyatland\u0131rma ko\u015fullar\u0131.<\/li>\n<li><strong>Hacim taahh\u00fctleri:<\/strong> Minimum sat\u0131n alma y\u00fck\u00fcml\u00fcl\u00fckleri. Hacim k\u0131rma e\u015fikleri. Taahh\u00fct s\u00fcreleri. Eksiklik cezalar\u0131.<\/li>\n<li><strong>S\u00f6zle\u015fme tarihleri:<\/strong> Ba\u015flang\u0131\u00e7 tarihi. Biti\u015f tarihi. Yenileme tarihi. Fesih bildirim s\u00fcreleri. Otomatik yenileme ko\u015fullar\u0131.<\/li>\n<li><strong>Hizmet seviyesi anla\u015fmalar\u0131:<\/strong> Teslimat zaman dilimleri. Kalite standartlar\u0131. Yan\u0131t s\u00fcreleri. \u00c7al\u0131\u015fma s\u00fcresi taahh\u00fctleri. Performans \u00f6l\u00e7\u00fctleri.<\/li>\n<li><strong>Fesih ko\u015fullar\u0131:<\/strong> Bildirim gereklilikleri. Erken fesih h\u00fck\u00fcmleri. \u0130hlal ko\u015fullar\u0131. \u00c7\u0131k\u0131\u015f \u015fartlar\u0131 ve \u00fccretleri.<\/li>\n<li><strong>\u00d6deme ko\u015fullar\u0131:<\/strong> \u00d6deme planlar\u0131. Net vadeler. Erken \u00f6deme indirimleri. Ge\u00e7 \u00f6deme cezalar\u0131.<\/li>\n<li><strong>Uyumluluk gereklilikleri:<\/strong> Sertifikalar. Sigorta. Denetimler. Raporlama y\u00fck\u00fcml\u00fcl\u00fckleri. D\u00fczenleyici uyumluluk.<\/li>\n<\/ul>\n<p>Bu anahtar kelime aramas\u0131 de\u011fil. Yapay zeka ba\u011flam\u0131 anlar. \"Net 30\" \u00f6deme vadesinin \"30 g\u00fcnl\u00fck fesih bildirimi \"nden farkl\u0131 oldu\u011funu bilir. Fiyat y\u00fckseltme maddeleri ile hacim indirim kademelerini birbirinden ay\u0131r\u0131r.<\/p>\n<p>Yap\u0131land\u0131r\u0131lmam\u0131\u015f s\u00f6zle\u015fmelerden yap\u0131land\u0131r\u0131lm\u0131\u015f veriler elde edersiniz. Her anahtar terim \u00e7\u0131kar\u0131l\u0131r, kategorize edilir ve kullan\u0131ma haz\u0131r hale getirilir.<\/p>\n<p>Yenileme tarihini bulmak i\u00e7in 40 sayfal\u0131k s\u00f6zle\u015fmeleri okumaya son. Fesih bildirim s\u00fcresini hat\u0131rlamak i\u00e7in belgeler aras\u0131nda arama yapmak yok. Hepsi ay\u0131klanm\u0131\u015f ve d\u00fczenlenmi\u015ftir.<\/p>\n\n\n<h4 class=\"wp-block-heading\">Yenileme Tarihlerini Takip Eder ve Son Tarihleri Asla Ka\u00e7\u0131rmaz<\/h4>\n\n\n<p>En pahal\u0131 s\u00f6zle\u015fme y\u00f6netimi ba\u015far\u0131s\u0131zl\u0131\u011f\u0131? Ka\u00e7\u0131r\u0131lan yenilemeler.<\/p>\n<p>Otomatik yenileme g\u00f6zden ge\u00e7irilmeden ger\u00e7ekle\u015fir. Fesih bildirim s\u00fcresi fark edilmeden ge\u00e7er. Yeniden m\u00fczakere etme, tedarik\u00e7i de\u011fi\u015ftirme veya \u015fartlar\u0131 ayarlama f\u0131rsat\u0131n\u0131 kaybedersiniz.<\/p>\n<p>Yapay zeka her kritik tarihi takip eder:<\/p>\n<ul>\n<li><strong>S\u00f6zle\u015fme biti\u015f tarihleri:<\/strong> Bu s\u00f6zle\u015fme ne zaman sona eriyor?<\/li>\n<li><strong>Otomatik yenileme tarihleri:<\/strong> Harekete ge\u00e7mezsek bu s\u00f6zle\u015fme ne zaman otomatik olarak yenilenecek?<\/li>\n<li><strong>Fesih bildirim s\u00fcreleri:<\/strong> Feshetmek veya yeniden m\u00fczakere etmek istiyorsak bildirimde bulunmak i\u00e7in son g\u00fcn.<\/li>\n<li><strong>Kilometre ta\u015f\u0131 tarihleri:<\/strong> Hacim taahh\u00fcd\u00fc kontrol noktalar\u0131. Performans g\u00f6zden ge\u00e7irme tarihleri. Fiyat ayarlama tarihleri.<\/li>\n<li><strong>Uyumluluk son tarihleri:<\/strong> Sertifikalar\u0131n yenilenmesi gerekti\u011finde. Gerekli belgelerin s\u00fcresi doldu\u011funda.<\/li>\n<\/ul>\n<p>Sadece tarihleri takip etmez. \u00d6nemli olmadan \u00f6nce sizi uyar\u0131r.<\/p>\n<p>Yenilemeden 90 g\u00fcn \u00f6nce fesih bildirimi gerekli mi? 120 g\u00fcn kala bir uyar\u0131 al\u0131rs\u0131n\u0131z. Tedarik\u00e7iyi de\u011ferlendirmek, alternatifleri d\u00fc\u015f\u00fcnmek ve bir karar vermek i\u00e7in zaman.<\/p>\n<p>Fiyat ayarlama maddesi y\u0131ll\u0131k art\u0131\u015flara izin veriyor mu? Tedarik\u00e7i bunu kullanmadan \u00f6nce bir uyar\u0131 al\u0131rs\u0131n\u0131z. Pazarl\u0131k etme veya haz\u0131rlanma zaman\u0131.<\/p>\n<p>Hacim taahh\u00fct s\u00fcresi bitiyor mu? Bir tahmin al\u0131rs\u0131n\u0131z: bunu kar\u015f\u0131lama yolunda ilerliyor musunuz? De\u011filse, sipari\u015fi ayarlama veya \u015fartlar\u0131 yeniden m\u00fczakere etme zaman\u0131.<\/p>\n<p>S\u00fcrd\u00fcr\u00fclmesi gereken elektronik tablolar yok. Manuel takvim giri\u015fleri yok. Birisi kontrol etmeyi unuttu\u011fu i\u00e7in ka\u00e7\u0131r\u0131lan son tarihler yok.<\/p>\n\n\n<h4 class=\"wp-block-heading\">Tedarik\u00e7iler Aras\u0131nda S\u00f6zle\u015fme Ko\u015fullar\u0131n\u0131 Kar\u015f\u0131la\u015ft\u0131r\u0131r<\/h4>\n\n\n<p>Benzer \u00fcr\u00fcnler sa\u011flayan be\u015f tedarik\u00e7iniz var. Tutarl\u0131 ko\u015fullar m\u0131 elde ediyorsunuz? Yoksa bir tedarik\u00e7i sizin i\u00e7in referans olmas\u0131 gereken daha iyi \u015fartlar \u00fczerinde mi anla\u015ft\u0131?<\/p>\n<p>Yapay zeka s\u00f6zle\u015fmeleri kar\u015f\u0131la\u015ft\u0131r\u0131r:<\/p>\n<ul>\n<li><strong>Fiyat kar\u015f\u0131la\u015ft\u0131rmas\u0131:<\/strong> Kar\u015f\u0131la\u015ft\u0131r\u0131labilir \u00fcr\u00fcnler i\u00e7in en iyi fiyatland\u0131rma hangi tedarik\u00e7iye ait? Fiyat ayk\u0131r\u0131 de\u011ferleri nerede?<\/li>\n<li><strong>\u00d6deme ko\u015fullar\u0131:<\/strong> Bir tedarik\u00e7iyle net 30, di\u011feriyle net 60. Bu fark neden? Standartla\u015ft\u0131rabilir misiniz?<\/li>\n<li><strong>Hizmet seviyeleri:<\/strong> Bir tedarik\u00e7i 48 saatte teslimat\u0131 taahh\u00fct ederken, di\u011feri 5 g\u00fcnde teslimat\u0131 taahh\u00fct ediyor. Siz de ayn\u0131 \u00fccreti mi \u00f6d\u00fcyorsunuz?<\/li>\n<li><strong>Hacim indirimleri:<\/strong> Farkl\u0131 k\u0131r\u0131lma noktalar\u0131 ve iskonto oranlar\u0131. Hangi yap\u0131 en avantajl\u0131d\u0131r?<\/li>\n<li><strong>Fesih esnekli\u011fi:<\/strong> Baz\u0131 s\u00f6zle\u015fmelerde 90 g\u00fcn, baz\u0131lar\u0131nda 180 g\u00fcn bildirim s\u00fcresi vard\u0131r. Baz\u0131lar\u0131nda \u00e7\u0131k\u0131\u015f \u00fccreti vard\u0131r, baz\u0131lar\u0131nda yoktur.<\/li>\n<li><strong>Risk tahsisi:<\/strong> Kalite sorunlar\u0131 i\u00e7in riski kim ta\u015f\u0131yor? Teslimat hatalar\u0131? Fiyat dalgalanmalar\u0131?<\/li>\n<\/ul>\n<p>Kal\u0131plar\u0131 g\u00f6r\u00fcyorsunuz. Bir tedarik\u00e7i s\u00fcrekli olarak daha iyi \u015fartlar elde ediyor. Neden? Ya orada daha g\u00fc\u00e7l\u00fc bir ili\u015fkiniz var ya da ekibiniz daha iyi pazarl\u0131k yapt\u0131. Her iki durumda da bu, di\u011fer tedarik\u00e7iler i\u00e7in bir \u00f6l\u00e7\u00fct haline gelir.<\/p>\n<p>Sorunlar\u0131 tespit edersiniz. Bir tedarik\u00e7inin ayk\u0131r\u0131 ko\u015fullar\u0131 var - daha k\u00f6t\u00fc \u00f6deme ko\u015fullar\u0131, daha kat\u0131 taahh\u00fctler, daha y\u00fcksek cezalar. Yeniden m\u00fczakere etme veya alternatifleri de\u011ferlendirme zaman\u0131.<\/p>\n<p>S\u00f6zle\u015fme g\u00f6r\u00fc\u015fmeleri stratejik hale gelir. Tedarik\u00e7i taban\u0131n\u0131zda hangi \u015fartlar\u0131n standart oldu\u011funu bilirsiniz. Nerede kald\u0131ra\u00e7 g\u00fcc\u00fcn\u00fcz oldu\u011funu bilirsiniz. Bilgi sahibi oldu\u011funuz bir konumdan m\u00fczakere edersiniz.<\/p>\n\n\n<h4 class=\"wp-block-heading\">S\u00f6zle\u015fme \u015eartlar\u0131na Uygunlu\u011fu \u0130zler<\/h4>\n\n\n<p>S\u00f6zle\u015fmeler ancak her iki taraf da bunlara uyarsa \u00f6nem ta\u015f\u0131r. Ancak \u00e7o\u011fu \u015firket tedarik\u00e7ilerin taahh\u00fctlerini yerine getirip getirmedi\u011fini takip etmez.<\/p>\n<p>Yapay zeka s\u00f6zle\u015fme performans\u0131n\u0131 izler:<\/p>\n<ul>\n<li><strong>Fiyat uygunlu\u011fu:<\/strong> S\u00f6zle\u015fmedeki fiyat \u00fczerinden mi \u00fccretlendiriliyoruz? \u0130ndirimler uygulan\u0131yor mu? Fiyat art\u0131\u015flar\u0131 kararla\u015ft\u0131r\u0131lan \u015fartlara uygun mu?<\/li>\n<li><strong>Hacim taahh\u00fcd\u00fc takibi:<\/strong> Minimum sat\u0131n alma y\u00fck\u00fcml\u00fcl\u00fcklerini yerine getiriyor muyuz? Daha iyi fiyatland\u0131rmay\u0131 tetiklemesi gereken hacim k\u0131r\u0131lmalar\u0131na ula\u015ft\u0131k m\u0131?<\/li>\n<li><strong>Teslimat performans\u0131:<\/strong> Tedarik\u00e7i taahh\u00fct etti\u011fi teslimat s\u00fcrelerine uyuyor mu? Ne s\u0131kl\u0131kla ka\u00e7\u0131r\u0131yorlar? Ne kadar s\u0131kl\u0131kla?<\/li>\n<li><strong>Kalite standartlar\u0131:<\/strong> Kusur oranlar\u0131. \u0130ade oranlar\u0131. S\u00f6zle\u015fmeli standartlara kar\u015f\u0131 kalite \u00f6l\u00e7\u00fcmleri.<\/li>\n<li><strong>Hizmet seviyesine ba\u011fl\u0131l\u0131k:<\/strong> Yan\u0131t s\u00fcreleri. Sorun \u00e7\u00f6z\u00fcm\u00fc. Destek kullan\u0131labilirli\u011fi. SLA'da vaat edilen her \u015fey.<\/li>\n<li><strong>Dok\u00fcmantasyon uygunlu\u011fu:<\/strong> Gerekli sertifikalar g\u00fcncel mi? Sigorta kapsam\u0131 korunuyor mu? Denetimler tamamland\u0131 m\u0131?<\/li>\n<\/ul>\n<p>Yapay zeka, s\u00f6zle\u015fme \u015fartlar\u0131n\u0131 operasyonel verilere ba\u011flar. Sadece ne vaat edildi\u011fini bilmekle kalm\u0131yor, bunun yerine getirilip getirilmedi\u011fini de takip ediyor.<\/p>\n<p>Bir tedarik\u00e7i 95% zaman\u0131nda teslimat taahh\u00fcd\u00fcnde bulunuyor ancak zaman\u0131n sadece 80%'sinde zaman\u0131nda teslimat m\u0131 yap\u0131yor? Yapay zeka bunu verilerle i\u015faretler. Ger\u00e7eklerle desteklenen bir tedarik\u00e7i performans\u0131 tart\u0131\u015fmas\u0131n\u0131n zaman\u0131 geldi.<\/p>\n<p>S\u00f6zle\u015fme fiyat\u0131ndan daha fazla m\u0131 \u00fccretlendiriliyorsunuz? Yapay zeka bunu siz faturay\u0131 \u00f6demeden \u00f6nce yakalar, aylar sonra bir denetim s\u0131ras\u0131nda de\u011fil.<\/p>\n<p>Bu, tedarik\u00e7ilerle has\u0131m olmakla ilgili de\u011fildir. Hesap verebilirlikle ilgili. Her iki taraf da \u015fartlar\u0131 kabul etti. Yapay zeka her iki taraf\u0131n da bu \u015fartlara uymas\u0131n\u0131 sa\u011flar.<\/p>\n\n\n<h4 class=\"wp-block-heading\">Yenilemeler i\u00e7in M\u00fczakere Noktalar\u0131 \u00d6neriyor<\/h4>\n\n\n<p>S\u00f6zle\u015fme yenileme yakla\u015f\u0131yor. Pazarl\u0131k zaman\u0131. Ama neyi m\u00fczakere etmelisiniz?<\/p>\n<p>YZ bir m\u00fczakere \u00f6zeti sunar:<\/p>\n<ul>\n<li><strong>Performans analizi:<\/strong> Tedarik\u00e7i nas\u0131l bir performans sergiledi? Taahh\u00fctlerini nerede yerine getirdiler? Nerede yetersiz kald\u0131lar?<\/li>\n<li><strong>Fiyatland\u0131rma \u00f6l\u00e7\u00fct\u00fc:<\/strong> Bu tedarik\u00e7inin fiyatland\u0131rmas\u0131 di\u011ferlerine k\u0131yasla nas\u0131l? Piyasa fiyatlar\u0131yla? S\u00f6zle\u015fme s\u00fcresi boyunca fiyatlar artt\u0131 m\u0131?<\/li>\n<li><strong>Hacim analizi:<\/strong> Hacim taahh\u00fctlerini yerine getirdik mi? E\u011fer a\u015ft\u0131ysak, daha iyi fiyatlar i\u00e7in pazarl\u0131k yapmal\u0131 m\u0131y\u0131z? Yetersiz kald\u0131ysak, taahh\u00fctleri ayarlamal\u0131 m\u0131y\u0131z?<\/li>\n<li><strong>Terim kar\u015f\u0131la\u015ft\u0131rmas\u0131:<\/strong> Bu tedarik\u00e7inin ko\u015fullar\u0131 di\u011fer tedarik\u00e7ilerinize k\u0131yasla nas\u0131l? \u0130yile\u015ftirme f\u0131rsatlar\u0131 nerede?<\/li>\n<li><strong>Pazar istihbarat\u0131:<\/strong> Piyasada neler oluyor? Tedarik ko\u015fullar\u0131 de\u011fi\u015fiyor mu? Yeni tedarik\u00e7iler mevcut mu?<\/li>\n<li><strong>Kald\u0131ra\u00e7 de\u011ferlendirmesi:<\/strong> Pazarl\u0131k kozunuz nerede? Hacim yo\u011funlu\u011fu? Alternatif tedarik\u00e7iler? G\u00fc\u00e7l\u00fc performans kayd\u0131?<\/li>\n<\/ul>\n<p>Yenileme g\u00f6r\u00fc\u015fmelerine verilerle girersiniz. Sadece \"daha iyi \u015fartlar\" istemeyin. Performans verileri ve pazar ba\u011flam\u0131yla desteklenen belirli iyile\u015ftirmeler isteyin.<\/p>\n<p>\"Zaman\u0131nda teslimat oran\u0131n\u0131z 82% ile s\u00f6zle\u015fme yapt\u0131\u011f\u0131m\u0131z 95%'nin alt\u0131nda kald\u0131. Ya daha iyi bir performansa ya da bunun bize getirdi\u011fi ek maliyeti yans\u0131tacak \u015fekilde ayarlanm\u0131\u015f bir fiyatland\u0131rmaya ihtiyac\u0131m\u0131z var.\"<\/p>\n<p>\"Hacim taahh\u00fcd\u00fcm\u00fcz\u00fc 30% ile a\u015ft\u0131k. Bu artan hacim i\u00e7in iyile\u015ftirilmi\u015f fiyatland\u0131rmay\u0131 g\u00f6r\u00fc\u015fmeliyiz.\"<\/p>\n<p>\"Kar\u015f\u0131la\u015ft\u0131r\u0131labilir tedarik\u00e7iler net 45 vadeler sunuyor. Piyasa standartlar\u0131na uymak i\u00e7in net 30'dan ayarlama yapmak istiyoruz.\"<\/p>\n<p>Spesifik. Veri destekli. Makul. Sonu\u00e7 alan t\u00fcrden bir m\u00fczakere.<\/p>\n\n\n<hr class=\"wp-block-separator has-alpha-channel-opacity\"\/>\n\n\n\n<h3 class=\"wp-block-heading\">Bu Sizin \u0130\u00e7in Ne Anlama Geliyor?<\/h3>\n\n\n\n<h4 class=\"wp-block-heading\">CPO'lar ve Sat\u0131n Alma Liderleri i\u00e7in<\/h4>\n\n\n<p>S\u00f6zle\u015fme portf\u00f6y\u00fcn\u00fcz \u00fczerinde tam g\u00f6r\u00fcn\u00fcrl\u00fck ve kontrol elde edersiniz.<\/p>\n<ul>\n<li><strong>Ka\u00e7\u0131r\u0131lm\u0131\u015f yenileme yok:<\/strong> Her kritik tarih takip edilir. Son tarihler ge\u00e7meden \u00f6nce uyar\u0131lar. Stratejik kararlar almak i\u00e7in zaman.<\/li>\n<li><strong>Daha iyi pazarl\u0131k pozisyonu:<\/strong> Performans verileri. Piyasa k\u0131yaslamalar\u0131. D\u00f6nem kar\u015f\u0131la\u015ft\u0131rmalar\u0131. M\u00fczakereler i\u00e7in kan\u0131tlar.<\/li>\n<li><strong>S\u00f6zle\u015fme y\u00fck\u00fcml\u00fcl\u00fcklerine g\u00f6r\u00fcn\u00fcrl\u00fck:<\/strong> Ne taahh\u00fct etti\u011finizi bilin. Taahh\u00fctlerin yerine getirilip getirilmedi\u011fini takip edin.<\/li>\n<li><strong>Standartla\u015ft\u0131r\u0131lm\u0131\u015f terimler:<\/strong> Tedarik\u00e7iler aras\u0131nda \u015fartlar\u0131n nerede de\u011fi\u015fti\u011fini g\u00f6r\u00fcn. Mant\u0131kl\u0131 oldu\u011fu yerlerde tutarl\u0131l\u0131\u011f\u0131 te\u015fvik edin.<\/li>\n<li><strong>Risk y\u00f6netimi:<\/strong> Nerede elveri\u015fsiz \u015fartlar\u0131n\u0131z oldu\u011funu bilin. Dikkat edilmesi gereken s\u00f6zle\u015fmeleri belirleyin.<\/li>\n<\/ul>\n\n\n<h4 class=\"wp-block-heading\">Sat\u0131n Alma Y\u00f6neticileri ve Al\u0131c\u0131lar i\u00e7in<\/h4>\n\n\n<p>Bilgi aramak yerine s\u00f6zle\u015fmeleri y\u00f6netirsiniz.<\/p>\n<ul>\n<li><strong>S\u00f6zle\u015fmelerinizde ne oldu\u011funu bilin:<\/strong> Her sayfay\u0131 tekrar okumadan. Anahtar terimler \u00e7\u0131kar\u0131lm\u0131\u015f ve mevcuttur.<\/li>\n<li><strong>Verilerle yenilemeler i\u00e7in haz\u0131rlan\u0131n:<\/strong> Performans analizi. Pazar ba\u011flam\u0131. M\u00fczakere noktalar\u0131 haz\u0131r.<\/li>\n<li><strong>Tedarik\u00e7i performans\u0131n\u0131 takip edin:<\/strong> S\u00f6zle\u015fme taahh\u00fctlerine kar\u015f\u0131. Tedarik\u00e7i g\u00f6r\u00fc\u015fmeleri i\u00e7in kan\u0131tlar.<\/li>\n<li><strong>Fiyat uyumlulu\u011funu sa\u011flay\u0131n:<\/strong> \u00dccretleri s\u00f6zle\u015fmeli \u015fartlara g\u00f6re do\u011frulay\u0131n. \u00d6deme yap\u0131lmadan \u00f6nce fazla \u00fccretleri yakalay\u0131n.<\/li>\n<li><strong>Stratejik s\u00f6zle\u015fmelere odaklan\u0131n:<\/strong> Rutin s\u00f6zle\u015fmeler otomatik olarak izlenir. Siz y\u00fcksek de\u011ferli, karma\u015f\u0131k anla\u015fmalara odaklan\u0131n.<\/li>\n<\/ul>\n\n\n<h4 class=\"wp-block-heading\">\u0130\u015f i\u00e7in<\/h4>\n\n\n<p>Daha iyi s\u00f6zle\u015fme y\u00f6netimi, daha iyi \u015fartlar ve daha az sorun anlam\u0131na gelir.<\/p>\n<ul>\n<li><strong>Daha iyi s\u00f6zle\u015fme ko\u015fullar\u0131:<\/strong> Verilerle desteklenen yenileme g\u00f6r\u00fc\u015fmeleri, reaktif yenilemelerden daha iyi sonu\u00e7 verir.<\/li>\n<li><strong>Tedarik\u00e7iler sorumlu tutulur:<\/strong> Performans takibi, tedarik\u00e7ilerin vaat ettiklerini yerine getirmelerini sa\u011flar.<\/li>\n<li><strong>Para masada b\u0131rak\u0131lmaz:<\/strong> Fiyat uygunluk kontrol\u00fc. Hacim indirimi ger\u00e7ekle\u015ftirme. Stratejik olarak kullan\u0131lan sonland\u0131rma pencereleri.<\/li>\n<li><strong>Risk azaltma:<\/strong> S\u00f6zle\u015fme y\u00fck\u00fcml\u00fcl\u00fckleri takip edilir. Uyumluluk izlenir. Sorunlar erkenden i\u015faretlenir.<\/li>\n<li><strong>Stratejik esneklik:<\/strong> S\u00f6zle\u015fmelerin ne zaman bitece\u011fini bilin. Tedarik\u00e7i ge\u00e7i\u015flerini planlay\u0131n. \u0130stenmeyen otomatik yenilemeleri \u00f6nleyin.<\/li>\n<\/ul>\n\n\n<hr class=\"wp-block-separator has-alpha-channel-opacity\"\/>\n\n\n\n<h3 class=\"wp-block-heading\">Yapay Zekan\u0131n Yapamayaca\u011f\u0131 \u015eeyler<\/h3>\n\n\n<p>S\u0131n\u0131rlar konusunda a\u00e7\u0131k olal\u0131m.<\/p>\n<p>Yapay zeka s\u00f6zle\u015fme pazarl\u0131\u011f\u0131 yapmaz. \u0130nsanlar m\u00fczakere eder. Yapay zeka, m\u00fczakereleri bilgilendirmek i\u00e7in veri ve analiz sa\u011flar.<\/p>\n<p>Yapay zeka, avukatlar\u0131n bile \u00fczerinde anla\u015famad\u0131\u011f\u0131 belirsiz s\u00f6zle\u015fme dilini yorumlamaz. Karma\u015f\u0131k yasal yorumlama hala insan uzmanl\u0131\u011f\u0131na ihtiya\u00e7 duyar.<\/p>\n<p>Yapay zeka, s\u00f6zle\u015fme yenilemeleri hakk\u0131nda stratejik kararlar vermez. Tedarik\u00e7ilerin yenilenmesi, yeniden m\u00fczakere edilmesi veya de\u011fi\u015ftirilmesi i\u015f stratejisine, ili\u015fkilere ve s\u00f6zle\u015fme \u015fartlar\u0131n\u0131n \u00f6tesindeki fakt\u00f6rlere ba\u011fl\u0131d\u0131r.<\/p>\n<p>AI'n\u0131n yapt\u0131\u011f\u0131 \u015fey s\u00f6zle\u015fme bilgilerini eri\u015filebilir k\u0131lmakt\u0131r. Tarihleri ve y\u00fck\u00fcml\u00fcl\u00fckleri takip eder. Uyumlulu\u011fu izler. Karar verme i\u00e7in veri sa\u011flar.<\/p>\n<p>Sat\u0131n alma ekibiniz hala stratejik kararlar al\u0131yor. Sadece daha iyi bilgilerle ve daha fazla zaman ay\u0131rarak \u00e7\u00fcnk\u00fc s\u00f6zle\u015fme y\u00f6netiminde bo\u011fulmuyorlar.<\/p>\n\n\n<hr class=\"wp-block-separator has-alpha-channel-opacity\"\/>\n\n\n\n<h3 class=\"wp-block-heading\">S\u00f6zle\u015fme Y\u00f6netimi Yapay Zekas\u0131ndan Ger\u00e7ek Sonu\u00e7lar<\/h3>\n\n\n<p>\u0130\u015fte bunun pratikte nas\u0131l g\u00f6r\u00fcnd\u00fc\u011f\u00fc:<\/p>\n\n<p><strong>S\u0131f\u0131r cevaps\u0131z yenileme:<\/strong> Her yenileme takip edilir. Stratejik olarak hareket etmek i\u00e7in zaman\u0131nda g\u00f6nderilen uyar\u0131lar. Art\u0131k istenmeyen otomatik yenilemeler yok.<\/p>\n\n<p><strong>Daha iyi yenileme ko\u015fullar\u0131:<\/strong> Veri destekli m\u00fczakereler ortalama 5-15% daha iyi fiyatland\u0131rma sa\u011flar. Performansa dayal\u0131 g\u00f6r\u00fc\u015fmeler \u015fartlar\u0131 g\u00fc\u00e7lendirir.<\/p>\n\n<p><strong>Fiyat uyumlulu\u011fu tasarruflar\u0131:<\/strong> Fazla \u00fccretlerin ve eksik indirimlerin yakalanmas\u0131 genellikle s\u00f6zle\u015fme harcamalar\u0131nda 2-5% tasarruf sa\u011flar.<\/p>\n\n<p><strong>Daha h\u0131zl\u0131 s\u00f6zle\u015fme eri\u015fimi:<\/strong> Anahtar terimleri bulmak saniyeler al\u0131r, belgeleri okumakla saatler de\u011fil. Sorular an\u0131nda yan\u0131tlan\u0131r.<\/p>\n\n<p><strong>Tedarik\u00e7i hesap verebilirli\u011fi:<\/strong> Performans takibi, tart\u0131\u015fmalar i\u00e7in kan\u0131t olu\u015fturur. Tedarik\u00e7iler takip edildiklerinde taahh\u00fctlerini daha ciddiye al\u0131rlar.<\/p>\n\n<p>Bu devrimsel bir de\u011fi\u015fimle ilgili de\u011fil. Bu, s\u00f6zle\u015fme y\u00f6netimini bir ordu dolusu insana ihtiya\u00e7 duymadan d\u00fczg\u00fcn bir \u015fekilde yapmakla ilgili.<\/p>\n\n\n<hr class=\"wp-block-separator has-alpha-channel-opacity\"\/>\n\n\n\n<h3 class=\"wp-block-heading\">S\u00f6zle\u015fmelerinizin Kontrol\u00fcn\u00fc Elinize Almaya Haz\u0131r m\u0131s\u0131n\u0131z?<\/h3>\n\n\n<p>Her \u015firketin s\u00f6zle\u015fme portf\u00f6y\u00fc farkl\u0131d\u0131r. Farkl\u0131 tedarik\u00e7iler. Farkl\u0131 s\u00f6zle\u015fme yap\u0131lar\u0131. \u0130\u015finiz i\u00e7in \u00f6nemli olan farkl\u0131 \u015fartlar.<\/p>\n<p>Genel s\u00f6zle\u015fme y\u00f6netim sistemleri satm\u0131yoruz. \u00d6zel s\u00f6zle\u015fmelerinize bak\u0131yor ve nelerin izlenmesi gerekti\u011fini belirliyoruz. Sizin i\u00e7in \u00f6nemli olan \u015fartlar\u0131 ortaya \u00e7\u0131karan sistemler kuruyoruz. Sat\u0131n alma ekibinizin \u00e7al\u0131\u015fma \u015fekline uygun uyar\u0131lar ve raporlar olu\u015fturuyoruz.<\/p>\n<p>Yapay zekan\u0131n her yasal n\u00fcans\u0131 anlayaca\u011f\u0131na dair s\u00f6z vermiyorum. Sadece s\u00f6zle\u015fmelerinizi y\u00f6netilebilir hale getiren ve \u00f6nemli olanlar\u0131 ka\u00e7\u0131rmaman\u0131z\u0131 sa\u011flayan pratik ara\u00e7lar.<\/p>\n\n<p><a href=\"https:\/\/www.leaplytics.de\/tr\/kontakt\/\">S\u00f6zle\u015fme Y\u00f6netiminiz Hakk\u0131nda Konu\u015fal\u0131m<\/a><\/p>\n\n<p><a href=\"https:\/\/www.leaplytics.de\/tr\/tedarik-tedarik-ai\/\">Kaynak Bulma ve Tedarik Yapay Zekas\u0131na Geri D\u00f6n<\/a><\/p>","protected":false},"excerpt":{"rendered":"<p>AI for Contract Management: Never Miss a Renewal, Never Lose Track of Terms Contracts are everywhere in procurement. Supplier agreements. Service contracts. Volume commitments. Licensing deals. Framework agreements. Each one has terms that matter. Prices. Volumes. Renewal dates. Termination clauses. Service level agreements. Penalty terms. The details that determine whether you&#8217;re getting value or getting &hellip; <\/p>","protected":false},"author":2,"featured_media":0,"parent":0,"menu_order":0,"comment_status":"closed","ping_status":"closed","template":"","meta":{"footnotes":""},"class_list":["post-14510","page","type-page","status-publish","hentry","latest_post"],"_links":{"self":[{"href":"https:\/\/www.leaplytics.de\/tr\/wp-json\/wp\/v2\/pages\/14510","targetHints":{"allow":["GET"]}}],"collection":[{"href":"https:\/\/www.leaplytics.de\/tr\/wp-json\/wp\/v2\/pages"}],"about":[{"href":"https:\/\/www.leaplytics.de\/tr\/wp-json\/wp\/v2\/types\/page"}],"author":[{"embeddable":true,"href":"https:\/\/www.leaplytics.de\/tr\/wp-json\/wp\/v2\/users\/2"}],"replies":[{"embeddable":true,"href":"https:\/\/www.leaplytics.de\/tr\/wp-json\/wp\/v2\/comments?post=14510"}],"version-history":[{"count":1,"href":"https:\/\/www.leaplytics.de\/tr\/wp-json\/wp\/v2\/pages\/14510\/revisions"}],"predecessor-version":[{"id":14516,"href":"https:\/\/www.leaplytics.de\/tr\/wp-json\/wp\/v2\/pages\/14510\/revisions\/14516"}],"wp:attachment":[{"href":"https:\/\/www.leaplytics.de\/tr\/wp-json\/wp\/v2\/media?parent=14510"}],"curies":[{"name":"wp","href":"https:\/\/api.w.org\/{rel}","templated":true}]}}