{"id":14511,"date":"2025-12-19T02:02:31","date_gmt":"2025-12-19T01:02:31","guid":{"rendered":"https:\/\/www.leaplytics.de\/?page_id=14511"},"modified":"2025-12-19T02:02:32","modified_gmt":"2025-12-19T01:02:32","slug":"satin-alma-talebi-siparisi-ai","status":"publish","type":"page","link":"https:\/\/www.leaplytics.de\/tr\/satin-alma-talebi-siparisi-ai\/","title":{"rendered":"Sat\u0131n Alma Talebi ve Sipari\u015f AI"},"content":{"rendered":"<h2>Sat\u0131n Alma Talebi ve Sipari\u015f i\u00e7in Yapay Zeka: Sat\u0131n Alma S\u00fcrecini H\u0131zland\u0131r\u0131n<\/h2>\n\n<p>Sat\u0131n alma talepleri ve sipari\u015f basit olmal\u0131d\u0131r. Birinin bir \u015feye ihtiyac\u0131 var. Talep ederler. Onaylan\u0131r. Sipari\u015f g\u00f6nderilir. Tamamd\u0131r.<\/p>\n<p>Ama bu o kadar basit de\u011fil. Talepler gelen kutular\u0131nda onay bekliyor. Al\u0131c\u0131lar rutin sipari\u015fleri manuel olarak i\u015fler. \u0130nsanlar hangi tedarik\u00e7iyi kullanacaklar\u0131n\u0131 bilmiyorlar. Onay s\u00fcreci \u00e7ok yava\u015f oldu\u011fu i\u00e7in sipari\u015fler anla\u015fmal\u0131 olmayan tedarik\u00e7ilere gidiyor.<\/p>\n<p>Sonu\u00e7 mu? \u0130\u015flemsel i\u015flere g\u00f6m\u00fclm\u00fc\u015f sat\u0131n alma ekipleri. \u0130nsanlar sistemi atlad\u0131\u011f\u0131 i\u00e7in ba\u015f\u0131na buyruk harcamalar. Sipari\u015fler m\u00fczakere edilen \u015fartlara uymad\u0131\u011f\u0131 i\u00e7in s\u00f6zle\u015fme s\u0131z\u0131nt\u0131s\u0131.<\/p>\n<p>AI bunu d\u00fczeltir. Standart talepleri otomatik olarak i\u015fler. Onaylar\u0131 ak\u0131ll\u0131ca y\u00f6nlendirir. Sipari\u015flerin s\u00f6zle\u015fme \u015fartlar\u0131na uygun olmas\u0131n\u0131 sa\u011flar. S\u00fcreci o kadar h\u0131zl\u0131 hale getirir ki insanlar bunu ger\u00e7ekten kullan\u0131r.<\/p>\n\n\n<hr class=\"wp-block-separator has-alpha-channel-opacity\"\/>\n\n\n\n<h3 class=\"wp-block-heading\">Sat\u0131n Almadan \u00d6demeye S\u00fcre\u00e7leri Neden Yava\u015f<\/h3>\n\n\n<p>Talepten sipari\u015fe s\u00fcre\u00e7leri \u00e7o\u011fu \u015firkette bozuktur. Bunun nedeni sat\u0131n alma ekiplerinin i\u015flerinde k\u00f6t\u00fc olmalar\u0131 de\u011fildir. \u00c7\u00fcnk\u00fc s\u00fcre\u00e7 \u00e7ok fazla manuel \u00e7al\u0131\u015fma gerektiriyor.<\/p>\n<p>Birisi bir talep g\u00f6nderir. Bir al\u0131c\u0131n\u0131n bunu incelemesi gerekir. Politikaya uygun olup olmad\u0131\u011f\u0131n\u0131 kontrol etmelidir. Kimin onaylamas\u0131 gerekti\u011fini belirler. Do\u011fru onaylay\u0131c\u0131ya y\u00f6nlendirin. Onay i\u00e7in bekleyin. Ard\u0131ndan manuel olarak bir sat\u0131n alma sipari\u015fi olu\u015fturun. Bir tedarik\u00e7i se\u00e7in. T\u00fcm ayr\u0131nt\u0131lar\u0131 tekrar girin.<\/p>\n<p>Standart, rutin sipari\u015fler i\u00e7in. Her seferinde.<\/p>\n<p>Al\u0131c\u0131lar ayn\u0131 kal\u0131plar\u0131 takip eden talepleri i\u015flemek i\u00e7in saatler harc\u0131yor. Ofis malzemeleri. Standart bile\u015fenler. Yinelenen hizmetler. \u0130nsan uzmanl\u0131\u011f\u0131na ihtiya\u00e7 duymayan ancak s\u00fcre\u00e7 manuel i\u015flem gerektirdi\u011fi i\u00e7in yine de uzmanl\u0131k gerektiren sipari\u015fler.<\/p>\n<p>S\u00fcre\u00e7 yava\u015f oldu\u011funda, insanlar bunun etraf\u0131nda \u00e7al\u0131\u015f\u0131r. Do\u011frudan tedarik\u00e7ilerden sat\u0131n al\u0131rlar. Ki\u015fisel kredi kartlar\u0131n\u0131 kullan\u0131rlar. Onaylar\u0131 atlarlar. Ba\u015f\u0131na buyruk harcamalar k\u00f6t\u00fc niyetli de\u011fildir; insanlar i\u015flerini halletmeye \u00e7al\u0131\u015f\u0131r.<\/p>\n<p>Ve sat\u0131n alma kontrol\u00fc kaybeder. Anla\u015fmal\u0131 tedarik\u00e7iler s\u00f6z verdikleri hacmi elde edemezler. M\u00fczakere edilen \u015fartlar kullan\u0131lmaz. Harcama g\u00f6r\u00fcn\u00fcrl\u00fc\u011f\u00fc kaybolur.<\/p>\n\n\n<hr class=\"wp-block-separator has-alpha-channel-opacity\"\/>\n\n\n\n<h3 class=\"wp-block-heading\">Yapay Zeka Sat\u0131n Alma Talebi ve Sipari\u015f i\u00e7in Ne Yapar?<\/h3>\n\n\n<p>Yapay zeka sadece talep s\u00fcrecini h\u0131zland\u0131rmakla kalmaz. Onu ak\u0131ll\u0131 hale getirir. \u0130\u015fte b\u00f6yle.<\/p>\n\n\n<h4 class=\"wp-block-heading\">Talepleri Otomatik Olarak \u0130\u015fler<\/h4>\n\n\n<p>Yapay zeka bir talep al\u0131r. Ne talep edildi\u011fini analiz eder.<\/p>\n<p>Bu standart bir \u00fcr\u00fcn m\u00fc? Yapay zeka bunu ge\u00e7mi\u015f sipari\u015flerden tan\u0131r. Talebi politikaya g\u00f6re do\u011frular. B\u00fct\u00e7e uygunlu\u011funu kontrol eder. Gerekli bilgilerin eksiksiz oldu\u011funu onaylar.<\/p>\n<p>Her \u015fey kontrol edilirse, AI otomatik olarak onay i\u00e7in y\u00f6nlendirir. Rutin talepler i\u00e7in al\u0131c\u0131 m\u00fcdahalesi gerekmez.<\/p>\n<p>E\u011fer bir sorun varsa, yapay zeka belirli sorunlar\u0131 i\u015faretler:<\/p>\n<ul>\n<li>Eksik maliyet merkezi veya GL kodu<\/li>\n<li>\u00d6zel onay gerektiren b\u00fct\u00e7e e\u015fi\u011finin \u00fczerinde<\/li>\n<li>\u00dcr\u00fcn onaylanm\u0131\u015f kategorilerle e\u015fle\u015fmiyor<\/li>\n<li>Gerekli belgeler eklenmemi\u015f<\/li>\n<li>A\u00e7\u0131kl\u0131\u011fa kavu\u015fturulmas\u0131 gereken net olmayan \u00f6zellikler<\/li>\n<\/ul>\n<p>Talep sahibi hemen net bir geri bildirim al\u0131r. Genel bir ret de\u011fil. D\u00fczeltilmesi gereken belirli sorunlar.<\/p>\n<p>Standart talepler sistem \u00fczerinden dakikalar i\u00e7inde akar. Karma\u015f\u0131k talepler, neyin incelenmesi gerekti\u011fine dair ba\u011flamla birlikte al\u0131c\u0131lara y\u00f6nlendirilir.<\/p>\n\n\n<h4 class=\"wp-block-heading\">Onaylar\u0131 Ak\u0131ll\u0131ca Y\u00f6nlendirir<\/h4>\n\n\n<p>Onay i\u015f ak\u0131\u015flar\u0131 karma\u015f\u0131kt\u0131r. Farkl\u0131 tutarlar i\u00e7in farkl\u0131 onaylay\u0131c\u0131lar. Farkl\u0131 kategoriler i\u00e7in farkl\u0131 yollar. Farkl\u0131 departmanlar i\u00e7in farkl\u0131 kurallar.<\/p>\n<p>\u0130nsanlar\u0131n kafas\u0131 kar\u0131\u015f\u0131yor. Talepler yanl\u0131\u015f onaylay\u0131c\u0131ya gider. Geri d\u00f6n\u00fcyor. \u0130nsanlar ger\u00e7ekte kimin onaylamas\u0131 gerekti\u011fini bulana kadar ertelenir.<\/p>\n<p>Yapay zeka onay kurallar\u0131n\u0131 biliyor:<\/p>\n<ul>\n<li><strong>Miktar bazl\u0131 y\u00f6nlendirme:<\/strong> $1,000'in alt\u0131nda bir onaylay\u0131c\u0131ya gider. $10,000'in \u00fczerinde ek onay gerekir.<\/li>\n<li><strong>Kategori tabanl\u0131 y\u00f6nlendirme:<\/strong> BT sat\u0131n al\u0131mlar\u0131 i\u00e7in BT onay\u0131 gerekir. Sermaye ekipman\u0131n\u0131n finans incelemesine ihtiyac\u0131 vard\u0131r.<\/li>\n<li><strong>Departman kurallar\u0131:<\/strong> Farkl\u0131 departmanlar\u0131n farkl\u0131 yetkilendirme seviyeleri ve onay zincirleri vard\u0131r.<\/li>\n<li><strong>Politika istisnalar\u0131:<\/strong> Katalog d\u0131\u015f\u0131 \u00fcr\u00fcnler. S\u00f6zle\u015fmeli olmayan tedarik\u00e7iler. \u00d6zel onay gereklilikleri.<\/li>\n<li><strong>\u0130kame mant\u0131\u011f\u0131:<\/strong> Birincil onaylay\u0131c\u0131 m\u00fcsait de\u011fil mi? Otomatik olarak belirlenmi\u015f alternatife y\u00f6nlendirin.<\/li>\n<\/ul>\n<p>Her talep ilk seferinde do\u011fru onaylay\u0131c\u0131ya gider. Kar\u0131\u015f\u0131kl\u0131k yok. \u0130nsanlar kimin neyi onaylamas\u0131 gerekti\u011fini kontrol ederken gecikme olmaz.<\/p>\n<p>Peki ya onaylayanlar? Her talebin i\u00e7eri\u011fini \u00f6\u011frenirler. Ne sipari\u015f ediliyor. Neden sipari\u015f edildi\u011fi. B\u00fct\u00e7e durumu. S\u00f6zle\u015fme uygunlu\u011fu. Bunun rutin olup olmad\u0131\u011f\u0131 veya incelenmesi gerekip gerekmedi\u011fi. Uygun oldu\u011funda h\u0131zl\u0131ca onaylayabilirler.<\/p>\n\n\n<h4 class=\"wp-block-heading\">Tercih Edilen Tedarik\u00e7iler \u00d6nerir<\/h4>\n\n\n<p>Birisi ofis malzemeleri talep ediyor. Hangi tedarik\u00e7iyi kullanmal\u0131s\u0131n\u0131z?<\/p>\n<p>\u015eirketinizin anla\u015fmal\u0131 oldu\u011fu \u00fc\u00e7 ofis malzemeleri tedarik\u00e7isi var. Her birinin farkl\u0131 \u00fcr\u00fcnler i\u00e7in farkl\u0131 fiyatlar\u0131 var. Farkl\u0131 teslimat s\u00fcreleri. Farkl\u0131 minimum sipari\u015fler.<\/p>\n<p>Al\u0131c\u0131lar bunu biliyor. S\u00f6zle\u015fmeler i\u00e7in pazarl\u0131k yap\u0131yorlar. Ancak talep sahipleri bilmiyor. Ve al\u0131c\u0131lar her sipari\u015f i\u00e7in hangi tedarik\u00e7inin en iyisi oldu\u011funa manuel olarak bakmak istemezler.<\/p>\n<p>Yapay zeka tedarik\u00e7ileri otomatik olarak \u00f6nerir:<\/p>\n<ul>\n<li><strong>En iyi fiyat:<\/strong> Talep edilen kalemler i\u00e7in tedarik\u00e7iler aras\u0131nda s\u00f6zle\u015fmeli fiyatlar\u0131 kar\u015f\u0131la\u015ft\u0131r\u0131r.<\/li>\n<li><strong>Teslimat h\u0131z\u0131:<\/strong> Aciliyet ve tedarik\u00e7i teslim s\u00fcrelerindeki fakt\u00f6rler.<\/li>\n<li><strong>Konsolidasyon f\u0131rsat\u0131:<\/strong> Ba\u015fka a\u00e7\u0131k sipari\u015fler varsa, minimum sipari\u015f gereksinimlerini kar\u015f\u0131lamak i\u00e7in birle\u015ftirmeyi \u00f6nerin.<\/li>\n<li><strong>S\u00f6zle\u015fme uyumlulu\u011fu:<\/strong> Kar\u015f\u0131laman\u0131z gereken hacim taahh\u00fctleri olan tedarik\u00e7ilere \u00f6ncelik verir.<\/li>\n<li><strong>Ge\u00e7mi\u015f performans:<\/strong> Teslimat g\u00fcvenilirli\u011fini ve kalite ge\u00e7mi\u015fini dikkate al\u0131r.<\/li>\n<\/ul>\n<p>Sat\u0131n alma sipari\u015fi size en iyi de\u011feri veren tedarik\u00e7iye gider. Rastgele de\u011fil. Talepte bulunan ki\u015finin tan\u0131d\u0131\u011f\u0131 birine de\u011fil. S\u00f6z konusu sipari\u015f i\u00e7in en iyi ko\u015fullara sahip s\u00f6zle\u015fmeli tedarik\u00e7iye.<\/p>\n<p>S\u00f6zle\u015fme uyumlulu\u011fu artar. M\u00fczakere etti\u011finiz \u015fartlar ger\u00e7ekten kullan\u0131l\u0131r. Tedarik\u00e7iler hacim taahh\u00fctlerini yerine getirir \u00e7\u00fcnk\u00fc sipari\u015fler olmas\u0131 gereken yere akar.<\/p>\n\n\n<h4 class=\"wp-block-heading\">Sipari\u015fleri S\u00f6zle\u015fmelere G\u00f6re Do\u011frular<\/h4>\n\n\n<p>S\u00f6zle\u015fmeleri bir sebepten dolay\u0131 m\u00fczakere ettiniz. Daha iyi fiyatland\u0131rma. Anla\u015f\u0131lan \u015fartlar. Hacim indirimleri. Ancak sipari\u015fler s\u00f6zle\u015fme \u015fartlar\u0131na uymazsa, avantajlar\u0131n\u0131z\u0131 kaybedersiniz.<\/p>\n<p>Yapay zeka her sipari\u015fi s\u00f6zle\u015fme ko\u015fullar\u0131na g\u00f6re do\u011frular:<\/p>\n<ul>\n<li><strong>Fiyat do\u011frulama:<\/strong> Bu s\u00f6zle\u015fmedeki fiyat m\u0131? De\u011filse, i\u015faretleyin ve farkl\u0131l\u0131\u011f\u0131 a\u00e7\u0131klay\u0131n.<\/li>\n<li><strong>D\u00f6nem uyumu:<\/strong> Kararla\u015ft\u0131r\u0131lan minimum\/maksimum miktarlar dahilinde sipari\u015f veriyor muyuz?<\/li>\n<li><strong>\u0130ndirim do\u011frulamas\u0131:<\/strong> S\u00f6zle\u015fmeli indirimler uygulan\u0131yor mu? Hacim k\u0131r\u0131lmalar\u0131 do\u011fru hesapland\u0131 m\u0131?<\/li>\n<li><strong>\u00dcr\u00fcn e\u015fle\u015fmesi:<\/strong> Bu s\u00f6zle\u015fmeli bir \u00fcr\u00fcn m\u00fc yoksa farkl\u0131 bir fiyata benzer bir ikame mi?<\/li>\n<li><strong>\u00d6deme ko\u015fullar\u0131:<\/strong> Anla\u015fmal\u0131 \u00f6deme ko\u015fullar\u0131n\u0131 m\u0131 yoksa farkl\u0131 ko\u015fullar\u0131 m\u0131 kullan\u0131yoruz?<\/li>\n<\/ul>\n<p>Bir sipari\u015f s\u00f6zle\u015fmeyle e\u015fle\u015fmezse, PO g\u00f6nderilmeden \u00f6nce AI bunu i\u015faretler.<\/p>\n<p>Belki fiyat s\u00f6zle\u015fmede belirtilenden daha y\u00fcksektir. Belki tedarik\u00e7i \"yanl\u0131\u015fl\u0131kla\" bir indirimi kald\u0131rm\u0131\u015ft\u0131r. Belki de birisi s\u00f6zle\u015fmeli bir alternatif varken s\u00f6zle\u015fmesiz bir \u00fcr\u00fcn sipari\u015f ediyordur.<\/p>\n<p>\u00d6deme yapmadan \u00f6nce yakalay\u0131n. \u00c7ok ge\u00e7 oldu\u011funda fatura mutabakat\u0131 s\u0131ras\u0131nda de\u011fil.<\/p>\n<p>Bu, tedarik\u00e7ilere g\u00fcvenmemekle ilgili de\u011fildir. Pazarl\u0131k etti\u011finiz \u015fartlar\u0131n her sipari\u015fe ger\u00e7ekten uygulanmas\u0131n\u0131 sa\u011flamakla ilgilidir.<\/p>\n\n\n<h4 class=\"wp-block-heading\">Sipari\u015f Durumunu Proaktif Olarak \u0130zler<\/h4>\n\n\n<p>Emirler \u00e7\u0131kar. Sonra sorular ba\u015flar. \"Sipari\u015fim nerede?\" \"Ne zaman ula\u015facak?\" \"Tedarik\u00e7i onaylad\u0131 m\u0131?\"<\/p>\n<p>Al\u0131c\u0131lar bu sorular\u0131 s\u00fcrekli sorarlar. Sistemleri kontrol ederler. Tedarik\u00e7ileri ararlar. E-posta g\u00f6nderirler. Durum g\u00fcncellemeleri tam zamanl\u0131 bir i\u015f.<\/p>\n<p>Yapay zeka sipari\u015f durumunu otomatik olarak izler:<\/p>\n<ul>\n<li><strong>Tedarik\u00e7i onay\u0131:<\/strong> Tedarik\u00e7i sipari\u015fi kabul etti mi? Teslimat tarihini kabul etti mi? Herhangi bir tutars\u0131zl\u0131\u011f\u0131 i\u015faretledi mi?<\/li>\n<li><strong>\u00dcretim\/sevkiyat takibi:<\/strong> Sipari\u015f programa uygun mu? Sevkiyata \u00e7\u0131kt\u0131 m\u0131? Transit halinde nerede?<\/li>\n<li><strong>Teslimat izleme:<\/strong> Beklenen teslimat tarihi yakla\u015f\u0131yor. Geldi mi? Envantere al\u0131nd\u0131 m\u0131?<\/li>\n<li><strong>\u0130stisna uyar\u0131lar\u0131:<\/strong> Gecikmeler. Geri sipari\u015fler. Teslim alma s\u0131ras\u0131nda i\u015faretlenen kalite sorunlar\u0131. Miktar tutars\u0131zl\u0131klar\u0131.<\/li>\n<li><strong>Proaktif ileti\u015fim:<\/strong> Talep sahiplerini otomatik olarak g\u00fcnceller. Yaln\u0131zca m\u00fcdahale gerekti\u011finde al\u0131c\u0131lara iletir.<\/li>\n<\/ul>\n<p>Talep sahipleri sormadan durum g\u00fcncellemeleri al\u0131r. Al\u0131c\u0131lar rutin durum kontrollerine de\u011fil, istisnalara odaklan\u0131r.<\/p>\n<p>Bir sipari\u015f gecikti mi? Yapay zeka, birinin sormas\u0131na gerek kalmadan \u00f6nce talep sahibini ve al\u0131c\u0131y\u0131 uyar\u0131r. Neden gecikti\u011fi, yeni beklenen tarih, alternatiflerin mevcut olup olmad\u0131\u011f\u0131 gibi ba\u011flam\u0131 sa\u011flar.<\/p>\n<p>Sorunlar proaktif olarak ele al\u0131n\u0131r. Birisi \"Hey, \u00fc\u00e7 hafta \u00f6nce verdi\u011fim sipari\u015f nerede?\" diye sordu\u011funda ke\u015ffedilmez.<\/p>\n\n\n<hr class=\"wp-block-separator has-alpha-channel-opacity\"\/>\n\n\n\n<h3 class=\"wp-block-heading\">Bu Sizin \u0130\u00e7in Ne Anlama Geliyor?<\/h3>\n\n\n\n<h4 class=\"wp-block-heading\">CPO'lar ve Sat\u0131n Alma Liderleri i\u00e7in<\/h4>\n\n\n<p>T\u00fcm sat\u0131n alma-sipari\u015f s\u00fcreci \u00fczerinde kontrol ve g\u00f6r\u00fcn\u00fcrl\u00fck elde edersiniz.<\/p>\n<ul>\n<li><strong>Daha y\u00fcksek s\u00f6zle\u015fme uyumlulu\u011fu:<\/strong> Sipari\u015fler anla\u015fmal\u0131 tedarik\u00e7ilere akar. M\u00fczakere edilen \u015fartlar kullan\u0131l\u0131r. Hacim taahh\u00fctleri kar\u015f\u0131lan\u0131r.<\/li>\n<li><strong>Daha az ba\u015f\u0131na buyruk harcama:<\/strong> Onaylanan s\u00fcre\u00e7 h\u0131zl\u0131 oldu\u011funda, insanlar bunu atlamak yerine kullan\u0131rlar.<\/li>\n<li><strong>Daha h\u0131zl\u0131 tedarik d\u00f6ng\u00fcleri:<\/strong> Standart sipari\u015fler g\u00fcnler de\u011fil, dakikalar i\u00e7inde i\u015flenir. \u0130\u015f ihtiya\u00e7lar\u0131 daha h\u0131zl\u0131 kar\u015f\u0131lan\u0131r.<\/li>\n<li><strong>Daha iyi kaynak tahsisi:<\/strong> Al\u0131c\u0131lar rutin sipari\u015f i\u015fleme de\u011fil, karma\u015f\u0131k sat\u0131n alma ve m\u00fczakereler \u00fczerinde \u00e7al\u0131\u015f\u0131r.<\/li>\n<li><strong>Harcama g\u00f6r\u00fcn\u00fcrl\u00fc\u011f\u00fc:<\/strong> T\u00fcm sipari\u015fler sistem \u00fczerinden akar. Ne sat\u0131n al\u0131nd\u0131\u011f\u0131 ve kimden al\u0131nd\u0131\u011f\u0131 konusunda tam g\u00f6r\u00fcn\u00fcrl\u00fck.<\/li>\n<\/ul>\n\n\n<h4 class=\"wp-block-heading\">Sat\u0131n Alma Y\u00f6neticileri ve Al\u0131c\u0131lar i\u00e7in<\/h4>\n\n\n<p>Bir talep i\u015fleme merkezi olmay\u0131 b\u0131rak\u0131p stratejik bir i\u015flev haline gelirsiniz.<\/p>\n<ul>\n<li><strong>Rutin sipari\u015fleri i\u015flemeyi durdurun:<\/strong> Standart talepler otomatik olarak akar. Siz sadece uzmanl\u0131k gerektiren i\u015flerle ilgilenirsiniz.<\/li>\n<li><strong>Karma\u015f\u0131k sat\u0131n al\u0131mlara odaklan\u0131n:<\/strong> M\u00fczakere zaman\u0131. Tedarik\u00e7i ili\u015fkileri y\u00f6netimi. Stratejik kaynak kullan\u0131m\u0131.<\/li>\n<li><strong>Daha iyi s\u00f6zle\u015fme kullan\u0131m\u0131:<\/strong> Sipari\u015fler otomatik olarak do\u011fru tedarik\u00e7ilere do\u011fru ko\u015fullarda gider.<\/li>\n<li><strong>Daha az durum kontrol\u00fc:<\/strong> Otomatik izleme rutin sorular\u0131 ele al\u0131r. Siz istisnalara odaklan\u0131n.<\/li>\n<li><strong>Temiz i\u015f y\u00fck\u00fc:<\/strong> Neye dikkat etmeniz gerekti\u011fini bilin. Rutin olan \u015feyler otomatik olarak halledilir.<\/li>\n<\/ul>\n\n\n<h4 class=\"wp-block-heading\">Talep Sahipleri ve \u0130\u015f Kullan\u0131c\u0131lar\u0131 i\u00e7in<\/h4>\n\n\n<p>\u0130htiyac\u0131n\u0131z olan\u0131 daha h\u0131zl\u0131 ve daha az zahmetle elde edersiniz.<\/p>\n<ul>\n<li><strong>Daha h\u0131zl\u0131 sipari\u015fler:<\/strong> Standart talepler dakikalar i\u00e7inde onaylan\u0131r ve sipari\u015f edilir. Art\u0131k rutin \u00fcr\u00fcnler i\u00e7in g\u00fcnlerce beklemek yok.<\/li>\n<li><strong>Durum temiz:<\/strong> Sipari\u015finizin nerede oldu\u011funu sormadan \u00f6\u011frenin. Teslimat hakk\u0131nda proaktif g\u00fcncellemeler.<\/li>\n<li><strong>Kolay i\u015flem:<\/strong> Neye ihtiya\u00e7 duyuldu\u011fu konusunda a\u00e7\u0131k rehberlik. Yanl\u0131\u015f bir \u015fey varsa an\u0131nda geri bildirim.<\/li>\n<li><strong>Daha iyi hizmet:<\/strong> Tercih edilen tedarik\u00e7iler otomatik olarak \u00f6nerilir. En iyi teslimat s\u00fcreleri ve ko\u015fullar\u0131.<\/li>\n<li><strong>Art\u0131k ge\u00e7ici \u00e7\u00f6z\u00fcmler yok:<\/strong> Onay s\u00fcreci, atlaman\u0131za gerek kalmayacak kadar h\u0131zl\u0131d\u0131r.<\/li>\n<\/ul>\n\n\n<hr class=\"wp-block-separator has-alpha-channel-opacity\"\/>\n\n\n\n<h3 class=\"wp-block-heading\">Yapay Zekan\u0131n Yapamayaca\u011f\u0131 \u015eeyler<\/h3>\n\n\n<p>Bunun ne olmad\u0131\u011f\u0131 konusunda a\u00e7\u0131k olal\u0131m.<\/p>\n<p>Yapay zeka sat\u0131n al\u0131mlar\u0131 onaylamaz. \u0130nsanlar onaylar. Yapay zeka sadece talepleri do\u011fru bilgilerle do\u011fru onaylay\u0131c\u0131ya y\u00f6nlendirir.<\/p>\n<p>Yapay zeka, karma\u015f\u0131k sat\u0131n al\u0131mlar i\u00e7in al\u0131c\u0131 muhakemesinin yerini almaz. Yeni tedarik\u00e7iler. Standart olmayan \u00fcr\u00fcnler. Sermaye ekipmanlar\u0131. Stratejik sat\u0131n al\u0131mlar. Bunlar insan uzmanl\u0131\u011f\u0131na ihtiya\u00e7 duyar.<\/p>\n<p>Yapay zeka t\u00fcm manuel i\u015fleri ortadan kald\u0131rmaz. Baz\u0131 talepler karma\u015f\u0131kt\u0131r. Baz\u0131 sipari\u015flerin \u00f6zel olarak ele al\u0131nmas\u0131 gerekir. Baz\u0131 durumlar risk, kalite veya tedarik\u00e7i se\u00e7imi konusunda insan muhakemesi gerektirir.<\/p>\n<p>Yapay zekan\u0131n yapt\u0131\u011f\u0131 \u015fey rutini idare etmektir. Kal\u0131plar\u0131 takip eden standart sipari\u015fler. \u0130nsan uzmanl\u0131\u011f\u0131na ihtiya\u00e7 duymayan ancak s\u00fcre\u00e7 manuel i\u015flem gerektirdi\u011fi i\u00e7in tarihsel olarak yine de al\u0131nan 80% talepler.<\/p>\n<p>Al\u0131c\u0131lar\u0131n\u0131z hala karar veriyor. Sadece uzmanl\u0131klar\u0131na ger\u00e7ekten ihtiya\u00e7 duyan konularda karar verirler.<\/p>\n\n\n<hr class=\"wp-block-separator has-alpha-channel-opacity\"\/>\n\n\n\n<h3 class=\"wp-block-heading\">Talep ve Sipari\u015f Yapay Zekas\u0131ndan Ger\u00e7ek Sonu\u00e7lar<\/h3>\n\n\n<p>\u0130\u015fte bunun pratikte nas\u0131l g\u00f6r\u00fcnd\u00fc\u011f\u00fc:<\/p>\n\n<p><strong>Taleplerin 70-80%'si otomatik olarak i\u015flenir:<\/strong> Standart sipari\u015fler al\u0131c\u0131 m\u00fcdahalesi olmadan akar. Al\u0131c\u0131lar, uzmanl\u0131k gerektiren 20-30%'ye odaklan\u0131r.<\/p>\n\n<p><strong>Onay \u00e7evrim s\u00fcresi 50-70% ile k\u0131salt\u0131ld\u0131:<\/strong> Talepler hemen do\u011fru onaylay\u0131c\u0131ya gider. Kar\u0131\u015f\u0131kl\u0131k yok, gecikme yok, ileri geri yok.<\/p>\n\n<p><strong>S\u00f6zle\u015fme uyumluluk art\u0131\u015flar\u0131 15-30%:<\/strong> Sipari\u015fler otomatik olarak s\u00f6zle\u015fmeli tedarik\u00e7ilere s\u00f6zle\u015fmeli ko\u015fullarda akar. Ba\u015f\u0131na buyruk harcamalar d\u00fc\u015fer.<\/p>\n\n<p><strong>Al\u0131c\u0131 kapasitesi serbest b\u0131rak\u0131ld\u0131:<\/strong> Rutin sipari\u015f i\u015flemlerinden g\u00fcnl\u00fck saatler geri kazan\u0131ld\u0131. Zaman, stratejik kaynak bulma ve m\u00fczakerelere yeniden tahsis edildi.<\/p>\n\n<p><strong>Daha iyi kullan\u0131c\u0131 deneyimi:<\/strong> \u0130nsanlar\u0131n ge\u00e7ici \u00e7\u00f6z\u00fcmler bulmak yerine sistemi kullanmas\u0131n\u0131 sa\u011flayacak kadar h\u0131zl\u0131. Daha y\u00fcksek benimseme, daha iyi harcama g\u00f6r\u00fcn\u00fcrl\u00fc\u011f\u00fc anlam\u0131na gelir.<\/p>\n\n<p>Bu, sat\u0131n alma personelinin say\u0131s\u0131n\u0131 azaltmakla ilgili de\u011fildir. Bu, sat\u0131n alman\u0131n ayn\u0131 kaynaklarla daha stratejik i\u015fler yapmas\u0131na izin vermekle ilgilidir.<\/p>\n\n\n<hr class=\"wp-block-separator has-alpha-channel-opacity\"\/>\n\n\n\n<h3 class=\"wp-block-heading\">Sat\u0131n Almadan Sipari\u015fe S\u00fcrecinizi H\u0131zland\u0131rmaya Haz\u0131r m\u0131s\u0131n\u0131z?<\/h3>\n\n\n<p>Her \u015firketin talep ve sipari\u015f s\u00fcreci farkl\u0131d\u0131r. Onay i\u015f ak\u0131\u015flar\u0131n\u0131z organizasyon yap\u0131n\u0131z\u0131 yans\u0131t\u0131r. Tedarik\u00e7i taban\u0131n\u0131z benzersiz \u00f6zelliklere sahiptir. Kategorilerinizin farkl\u0131 gereksinimleri vard\u0131r.<\/p>\n<p>Genel tedarik otomasyonu satm\u0131yoruz. Sizin \u00f6zel talepten sipari\u015fe s\u00fcrecinize bak\u0131yoruz. Hangi sipari\u015flerin otomatikle\u015ftirilebilece\u011fini ve hangilerinin insan uzmanl\u0131\u011f\u0131na ihtiya\u00e7 duydu\u011funu belirliyoruz. Kurulu\u015funuzun ger\u00e7ekte nas\u0131l \u00e7al\u0131\u015ft\u0131\u011f\u0131na uyan sistemler kuruyoruz.<\/p>\n<p>Her \u015feyin otomatikle\u015ftirilece\u011fine dair bir vaat yok. Sadece rutin sipari\u015fleri y\u00f6neten pratik bir yapay zeka, b\u00f6ylece al\u0131c\u0131lar\u0131n\u0131z stratejik sat\u0131n almaya odaklanabilir.<\/p>\n\n<p><a href=\"https:\/\/www.leaplytics.de\/tr\/kontakt\/\">Talep S\u00fcreciniz Hakk\u0131nda Konu\u015fal\u0131m<\/a><\/p>\n\n<p><a href=\"https:\/\/www.leaplytics.de\/tr\/tedarik-tedarik-ai\/\">Kaynak Bulma ve Tedarik Yapay Zekas\u0131na Geri D\u00f6n<\/a><\/p>","protected":false},"excerpt":{"rendered":"<p>Sat\u0131n Alma Talebi ve Sipari\u015f i\u00e7in Yapay Zeka: Sat\u0131n Alma S\u00fcrecini H\u0131zland\u0131r\u0131n Sat\u0131n alma talepleri ve sipari\u015fleri basit olmal\u0131d\u0131r. Birinin bir \u015feye ihtiyac\u0131 var. Talep ederler. Onaylan\u0131r. Sipari\u015f g\u00f6nderilir. Tamamd\u0131r. Ama bu o kadar basit de\u011fil. Talepler gelen kutular\u0131nda onay bekliyor. Al\u0131c\u0131lar rutin sipari\u015fleri manuel olarak i\u015fler. \u0130nsanlar hangi tedarik\u00e7iyi kullanacaklar\u0131n\u0131 bilmiyorlar. ... <\/p>","protected":false},"author":2,"featured_media":0,"parent":0,"menu_order":0,"comment_status":"closed","ping_status":"closed","template":"","meta":{"footnotes":""},"class_list":["post-14511","page","type-page","status-publish","hentry","latest_post"],"_links":{"self":[{"href":"https:\/\/www.leaplytics.de\/tr\/wp-json\/wp\/v2\/pages\/14511","targetHints":{"allow":["GET"]}}],"collection":[{"href":"https:\/\/www.leaplytics.de\/tr\/wp-json\/wp\/v2\/pages"}],"about":[{"href":"https:\/\/www.leaplytics.de\/tr\/wp-json\/wp\/v2\/types\/page"}],"author":[{"embeddable":true,"href":"https:\/\/www.leaplytics.de\/tr\/wp-json\/wp\/v2\/users\/2"}],"replies":[{"embeddable":true,"href":"https:\/\/www.leaplytics.de\/tr\/wp-json\/wp\/v2\/comments?post=14511"}],"version-history":[{"count":1,"href":"https:\/\/www.leaplytics.de\/tr\/wp-json\/wp\/v2\/pages\/14511\/revisions"}],"predecessor-version":[{"id":14518,"href":"https:\/\/www.leaplytics.de\/tr\/wp-json\/wp\/v2\/pages\/14511\/revisions\/14518"}],"wp:attachment":[{"href":"https:\/\/www.leaplytics.de\/tr\/wp-json\/wp\/v2\/media?parent=14511"}],"curies":[{"name":"wp","href":"https:\/\/api.w.org\/{rel}","templated":true}]}}