{"id":14512,"date":"2025-12-19T02:02:44","date_gmt":"2025-12-19T01:02:44","guid":{"rendered":"https:\/\/www.leaplytics.de\/?page_id=14512"},"modified":"2025-12-19T02:02:45","modified_gmt":"2025-12-19T01:02:45","slug":"harcama-anali%cc%87zi%cc%87-opti%cc%87mi%cc%87zasyon-yapay-zeka","status":"publish","type":"page","link":"https:\/\/www.leaplytics.de\/tr\/harcama-anali%cc%87zi%cc%87-opti%cc%87mi%cc%87zasyon-yapay-zeka\/","title":{"rendered":"Harcama Analizi ve Optimizasyon Yapay Zeka"},"content":{"rendered":"<h2>Harcama Analizi ve Optimizasyonu i\u00e7in Yapay Zeka: Masada B\u0131rakt\u0131\u011f\u0131n\u0131z Paray\u0131 Bulun<\/h2>\n\n<p>Milyonlar harc\u0131yorsunuz. Ama tam olarak nereye? Hangi tedarik\u00e7ilere? Hangi kategoriler? Hangi fiyatlarla? \u00d6demeniz gerekenle k\u0131yasland\u0131\u011f\u0131nda?<\/p>\n<p>\u00c7o\u011fu \u015firket bu sorulara cevap veremez. Harcamalar\u0131 takip etmedikleri i\u00e7in de\u011fil. ERP'leri var. Sat\u0131n alma sistemleri var. Verileri var.<\/p>\n<p>Ama veriler da\u011f\u0131n\u0131k. Farkl\u0131 formatlar. Farkl\u0131 sistemler. Farkl\u0131 kodlamalar. Manuel olarak analiz etmek, bitirdi\u011finizde g\u00fcncelli\u011fini yitirmi\u015f elektronik tablolar olu\u015fturmak i\u00e7in haftalarca \u00e7al\u0131\u015fmak anlam\u0131na gelir.<\/p>\n<p>Bu y\u00fczden sat\u0131n alma ekipleri k\u00f6rlemesine \u00e7al\u0131\u015f\u0131r. Toplam harcamay\u0131 biliyorlar. Ancak tasarruf f\u0131rsatlar\u0131n\u0131n nerede oldu\u011funu bilmiyorlar. Fiyatlar\u0131n \u00e7ok y\u00fcksek oldu\u011fu yerler. Hacmin nerede konsolide edilebilece\u011fini. Ba\u015f\u0131na buyruk harcamalar\u0131n nerede ger\u00e7ekle\u015fti\u011fini.<\/p>\n<p>Yapay zeka bunu d\u00fczeltir. Verileri temizler. Harcamalar\u0131 otomatik olarak kategorize eder. Tasarruf f\u0131rsatlar\u0131n\u0131 belirler. Ba\u015f\u0131na buyruk harcamalar\u0131 tespit eder. Manuel olarak olu\u015fturmak i\u00e7in asla zaman\u0131n\u0131z olmayan g\u00f6r\u00fcn\u00fcrl\u00fck sa\u011flar.<\/p>\n\n\n<hr class=\"wp-block-separator has-alpha-channel-opacity\"\/>\n\n\n\n<h3 class=\"wp-block-heading\">Harcama Analizi \u00c7o\u011fu \u015eirkette Neden Ba\u015far\u0131s\u0131z Oluyor?<\/h3>\n\n\n<p>Harcama analizi basit olmal\u0131d\u0131r. Sat\u0131n alma verilerini \u00e7ekin. Analiz edin. F\u0131rsatlar\u0131 bulun. Onlara g\u00f6re hareket edin.<\/p>\n<p>Ama bu o kadar basit de\u011fil. \u0130\u015fte nedeni.<\/p>\n<p>Harcama verileriniz her yerde. Farkl\u0131 sistemler. Farkl\u0131 formatlar. ERP i\u015flemleri. P-card verileri. Tedarik\u00e7i faturalar\u0131. Her biri farkl\u0131 kodlanm\u0131\u015f. Her biri farkl\u0131 yap\u0131land\u0131r\u0131lm\u0131\u015f.<\/p>\n<p>Ayn\u0131 tedarik\u00e7inin sisteminizde be\u015f farkl\u0131 ad\u0131 var. \"ABC Corp.\" \"ABC \u015eirketi.\" \"ABC Co.\" \"A.B.C. Corp.\" \"ABC - Tedarik\u00e7i 12345.\" Bunlar ayn\u0131 tedarik\u00e7i mi yoksa farkl\u0131 m\u0131? Manuel inceleme olmadan kimse bilemez.<\/p>\n<p>Ayn\u0131 \u00fcr\u00fcn farkl\u0131 al\u0131c\u0131lar taraf\u0131ndan farkl\u0131 \u015fekilde kategorize edilir. Ofis malzemeleri. Genel sarf malzemeleri. \u0130dari giderler. MRO. Bunlar ayn\u0131 \u015fey mi? Muhtemelen. Verilerden anlayabilir misiniz? Kolay de\u011fil.<\/p>\n<p>Yani bir projeye ihtiyac\u0131n\u0131z var. Bir ekibe. Haftalarca veri temizli\u011fi. Kay\u0131tlar\u0131n manuel olarak incelenmesi ve d\u00fczeltilmesi. Kategoriler olu\u015fturmak. Raporlar olu\u015fturmak.<\/p>\n<p>\u0130\u015finiz bitti\u011finde veriler eskidir. Ko\u015fullar de\u011fi\u015fmi\u015ftir. Analiz, \u00e7ok uzun s\u00fcrd\u00fc\u011f\u00fc ve \u00e7ok pahal\u0131ya mal oldu\u011fu i\u00e7in kimsenin \u00fczerinde i\u015flem yapmad\u0131\u011f\u0131 bir PowerPoint'te duruyor.<\/p>\n<p>Ya da daha yayg\u0131n olarak, analizi hi\u00e7 yapmazs\u0131n\u0131z. \u00c7\u00fcnk\u00fc kimsenin zaman\u0131 yoktur. Dolay\u0131s\u0131yla sat\u0131n alma i\u00e7g\u00fcd\u00fclerle ve k\u0131smi bilgilerle \u00e7al\u0131\u015f\u0131r. Tasarruf f\u0131rsatlar\u0131 bulunamaz. Sorunlar fark edilmez.<\/p>\n\n\n<hr class=\"wp-block-separator has-alpha-channel-opacity\"\/>\n\n\n\n<h3 class=\"wp-block-heading\">Yapay Zeka Harcama Analizi ve Optimizasyonu i\u00e7in Ne Yapar?<\/h3>\n\n\n<p>Yapay zeka sadece harcama analizini h\u0131zland\u0131rmakla kalmaz. Bunu s\u00fcrekli hale getirir. \u0130\u015fte nas\u0131l yap\u0131laca\u011f\u0131.<\/p>\n\n\n<h4 class=\"wp-block-heading\">Harcamalar\u0131 Otomatik Olarak Kategorize Eder<\/h4>\n\n\n<p>Yapay zeka, ham harcama verilerinizi al\u0131r. Hepsini. Her sistemden.<\/p>\n<p>Temizler:<\/p>\n<ul>\n<li><strong>Tedarik\u00e7i normalizasyonu:<\/strong> \"ABC Corp,\" \"ABC Corporation,\" ve \"A.B.C. Corp \"un ayn\u0131 tedarik\u00e7i oldu\u011funu belirler. Bir ana tedarik\u00e7i listesi olu\u015fturur.<\/li>\n<li><strong>Kategori s\u0131n\u0131fland\u0131rmas\u0131:<\/strong> \u0130\u015flem a\u00e7\u0131klamalar\u0131n\u0131 okur. Kategorileri otomatik olarak atar. Tutarl\u0131 bir \u015fekilde.<\/li>\n<li><strong>\u00dcr\u00fcn gruplamas\u0131:<\/strong> Farkl\u0131 \u015fekilde tan\u0131mlanm\u0131\u015f olsalar bile benzer \u00f6\u011feleri gruplar. \"Fotokopi ka\u011f\u0131d\u0131\" ve \"yaz\u0131c\u0131 ka\u011f\u0131d\u0131\" muhtemelen birbirine aittir.<\/li>\n<li><strong>GL kodu do\u011frulamas\u0131:<\/strong> Yanl\u0131\u015f kodlanm\u0131\u015f i\u015flemleri belirler. Kal\u0131plara dayal\u0131 d\u00fczeltmeler \u00f6nerir.<\/li>\n<li><strong>Departman ve maliyet merkezi e\u015fle\u015ftirmesi:<\/strong> Kodlama tutars\u0131z olsa bile organizasyonel birimlere harcama ba\u011flant\u0131lar\u0131.<\/li>\n<\/ul>\n<p>Da\u011f\u0131n\u0131k i\u015flem verilerinden temiz, kategorize edilmi\u015f harcamalara ge\u00e7ersiniz. Haftalar i\u00e7inde de\u011fil. Saatler i\u00e7inde.<\/p>\n<p>Ve bu tek seferlik bir temizlik de\u011fil. Yapay zeka, yeni i\u015flemleri ger\u00e7ekle\u015ftik\u00e7e kategorize eder. S\u00fcrekli manuel \u00e7al\u0131\u015fma olmadan s\u00fcrekli harcama g\u00f6r\u00fcn\u00fcrl\u00fc\u011f\u00fc.<\/p>\n<p>Temel sorulara hemen cevap verebilirsiniz:<\/p>\n<ul>\n<li>Her bir tedarik\u00e7iyle ne kadar harcama yap\u0131yoruz?<\/li>\n<li>En \u00e7ok harcama yapt\u0131\u011f\u0131m\u0131z kategoriler nelerdir?<\/li>\n<li>Her bir kategori i\u00e7in en \u00e7ok hangi departmanlar harcama yap\u0131yor?<\/li>\n<li>Harcamalar zaman i\u00e7inde nas\u0131l de\u011fi\u015fti?<\/li>\n<\/ul>\n<p>Eskiden bir veri analisti gerektiren sorular art\u0131k saniyeler s\u00fcr\u00fcyor.<\/p>\n\n\n<h4 class=\"wp-block-heading\">Tasarruf F\u0131rsatlar\u0131n\u0131 Belirler<\/h4>\n\n\n<p>Temiz veri faydal\u0131d\u0131r. Ancak i\u00e7g\u00f6r\u00fcler de\u011ferlidir. Yapay zeka sadece harcamalar\u0131 d\u00fczenlemekle kalmaz, nerede para kaybetti\u011finizi de bulur.<\/p>\n\n<p><strong>Fiyat de\u011fi\u015fim analizi:<\/strong><\/p>\n<p>Ayn\u0131 \u00fcr\u00fcn\u00fc \u00fc\u00e7 tedarik\u00e7iden \u00fc\u00e7 farkl\u0131 fiyattan sat\u0131n al\u0131yorsunuz. Ya da ayn\u0131 tedarik\u00e7iden farkl\u0131 i\u015flemlerde farkl\u0131 fiyatlarla.<\/p>\n<p>Yapay zeka bu varyasyonlar\u0131 tan\u0131mlar:<\/p>\n<ul>\n<li>Ayn\u0131 \u00fcr\u00fcn, tedarik\u00e7iler aras\u0131nda farkl\u0131 fiyatlar<\/li>\n<li>Ayn\u0131 tedarik\u00e7i, i\u015flemler aras\u0131nda tutars\u0131z fiyatland\u0131rma<\/li>\n<li>A\u00e7\u0131klanamayan fiyat farkl\u0131l\u0131klar\u0131na sahip benzer \u00fcr\u00fcnler<\/li>\n<li>S\u00f6zle\u015fmedeki fiyatlardan daha y\u00fcksek fiyatlar<\/li>\n<li>Piyasa veya s\u00f6zle\u015fme ko\u015fullar\u0131n\u0131 a\u015fan fiyat art\u0131\u015flar\u0131<\/li>\n<\/ul>\n<p>F\u0131rsat\u0131 \u00f6l\u00e7\u00fcyor: \"En d\u00fc\u015f\u00fck fiyat\u0131 standartla\u015ft\u0131rmak y\u0131ll\u0131k $X tasarruf sa\u011flayacakt\u0131r.\"<\/p>\n\n<p><strong>Hacim konsolidasyonu f\u0131rsatlar\u0131:<\/strong><\/p>\n<p>\u0130ki tedarik\u00e7iyle konsolide olabilecekken be\u015f tedarik\u00e7iden al\u0131m yap\u0131yorsunuz. Daha b\u00fcy\u00fck sipari\u015fler indirimlerin kilidini a\u00e7abilecekken k\u00fc\u00e7\u00fck miktarlarda sat\u0131n al\u0131yorsunuz.<\/p>\n<p>Yapay zeka konsolidasyon f\u0131rsatlar\u0131 bulur:<\/p>\n<ul>\n<li>Hacim i\u00e7in \u00e7ok fazla tedarik\u00e7iye sahip kategoriler<\/li>\n<li>Hacim k\u0131r\u0131lma e\u015fiklerinin hemen alt\u0131nda oldu\u011funuz tedarik\u00e7iler<\/li>\n<li>Farkl\u0131 tedarik\u00e7ilerden standartla\u015ft\u0131r\u0131labilecek benzer \u00fcr\u00fcnler<\/li>\n<li>B\u00f6lgesel harcamalar\u0131 konsolide etmek i\u00e7in co\u011frafi f\u0131rsatlar<\/li>\n<li>Kar\u015f\u0131layamad\u0131\u011f\u0131n\u0131z hacim taahh\u00fctleri i\u00e7eren s\u00f6zle\u015fmeler<\/li>\n<\/ul>\n<p>Tasarruflar\u0131 modeller: \"Bu be\u015f tedarik\u00e7inin Tedarik\u00e7i A ile konsolide edilmesi birim maliyeti 12% azaltacak ve y\u00f6netimi basitle\u015ftirecektir.\"<\/p>\n\n<p><strong>S\u00f6zle\u015fme ka\u00e7a\u011f\u0131 tespiti:<\/strong><\/p>\n<p>Harika bir s\u00f6zle\u015fme yapt\u0131n\u0131z. Ama bunu kullan\u0131yor musunuz? Yoksa insanlar hala eski tedarik\u00e7iden mi sat\u0131n al\u0131yor?<\/p>\n<p>Yapay zeka s\u00f6zle\u015fme kullan\u0131m\u0131n\u0131 takip eder:<\/p>\n<ul>\n<li>S\u00f6zle\u015fmeli kategoriler i\u00e7in s\u00f6zle\u015fmesiz tedarik\u00e7ilerle yap\u0131lan harcamalar<\/li>\n<li>Hacmin s\u00f6zle\u015fmeli minimumlara ula\u015fmamas\u0131 (hacim indirimlerinin kaybedilmesi)<\/li>\n<li>S\u00f6zle\u015fmedeki fiyatlarla e\u015fle\u015fmeyen fiyatland\u0131rma<\/li>\n<li>M\u00fczakere edilen anla\u015fmalarla uyumlu olmayan \u015fartlar<\/li>\n<\/ul>\n<p>Ne kaybetti\u011finizi \u00f6l\u00e7\u00fcyor: \"20% ofis malzemesi harcamas\u0131, 15% daha y\u00fcksek ortalama fiyatlarla s\u00f6zle\u015fmesiz tedarik\u00e7ilere gidiyor. Potansiyel y\u0131ll\u0131k tasarruf: $X.\"<\/p>\n\n<p><strong>Kuyruk harcama f\u0131rsatlar\u0131:<\/strong><\/p>\n<p>Y\u00fczlerce tedarik\u00e7iyle yap\u0131lan k\u00fc\u00e7\u00fck al\u0131mlar. Bireysel olarak \u00f6nemli de\u011filler. Toplu olarak, kald\u0131ra\u00e7 etkisi olmayan ve y\u00fcksek idari maliyeti olan \u00f6nemli harcamalard\u0131r.<\/p>\n<p>Yapay zeka, kuyruk harcama modellerini tan\u0131mlar:<\/p>\n<ul>\n<li>A\u015f\u0131r\u0131 tedarik\u00e7i b\u00f6l\u00fcnmesi olan kategoriler<\/li>\n<li>Y\u0131ll\u0131k harcamas\u0131 minimum olan ancak s\u0131k i\u015flem yapan tedarik\u00e7iler<\/li>\n<li>Kuyruk harcamalar\u0131n\u0131 tercih edilen tedarik\u00e7ilere kayd\u0131rma f\u0131rsatlar\u0131<\/li>\n<li>Kataloglar\u0131n veya sat\u0131n alma kartlar\u0131n\u0131n par\u00e7alanmay\u0131 azaltaca\u011f\u0131 kategoriler<\/li>\n<\/ul>\n\n\n<h4 class=\"wp-block-heading\">Ba\u015f\u0131na Buyruk Harcamalar\u0131 Tespit Eder<\/h4>\n\n\n<p>Ba\u015f\u0131na buyruk harcamalar, onaylanm\u0131\u015f s\u00fcre\u00e7lerin ve tedarik\u00e7ilerin d\u0131\u015f\u0131nda ger\u00e7ekle\u015fen sat\u0131n al\u0131mlard\u0131r. K\u00f6t\u00fc niyetli de\u011fildir. Onaylanm\u0131\u015f s\u00fcre\u00e7 \u00e7ok yava\u015f oldu\u011funda insanlar\u0131n i\u015flerini halletmeye \u00e7al\u0131\u015fmas\u0131d\u0131r.<\/p>\n<p>Ama paraya mal oluyor. Hacim avantaj\u0131 yok. Anla\u015fmal\u0131 \u015fartlar yok. Harcama g\u00f6r\u00fcn\u00fcrl\u00fc\u011f\u00fc yok. Genellikle daha y\u00fcksek fiyatlar.<\/p>\n<p>Yapay zeka, ba\u015f\u0131na buyruk harcama kal\u0131plar\u0131n\u0131 tespit ediyor:<\/p>\n<ul>\n<li><strong>S\u00f6zle\u015fme d\u0131\u015f\u0131 sat\u0131n al\u0131mlar:<\/strong> S\u00f6zle\u015fmeli se\u00e7enekler mevcut oldu\u011funda tercih edilmeyen tedarik\u00e7ilerden al\u0131m yapmak.<\/li>\n<li><strong>Politika ihlalleri:<\/strong> Onay gerekliliklerini atlayan veya yetki limitlerini a\u015fan al\u0131mlar.<\/li>\n<li><strong>P-kart\u0131 k\u00f6t\u00fcye kullan\u0131m\u0131:<\/strong> Sat\u0131n alma s\u00fcrecinden ge\u00e7mesi gereken kalemler i\u00e7in kurumsal kart al\u0131mlar\u0131.<\/li>\n<li><strong>M\u00fckerrer tedarik\u00e7iler:<\/strong> Farkl\u0131 departmanlar\u0131n ayn\u0131 \u00fcr\u00fcnler i\u00e7in farkl\u0131 tedarik\u00e7iler kullanmas\u0131.<\/li>\n<li><strong>Onaylanmam\u0131\u015f tedarik\u00e7iler:<\/strong> Onayl\u0131 tedarik\u00e7i listesinde yer almayan tedarik\u00e7ilerden yap\u0131lan al\u0131mlar.<\/li>\n<\/ul>\n<p>Sadece ihlalleri i\u015faretlemekle kalmaz. Bunlar\u0131n neden ger\u00e7ekle\u015fti\u011fini analiz eder:<\/p>\n<ul>\n<li>Onay s\u00fcreci \u00e7ok mu yava\u015f?<\/li>\n<li>Tercih edilen tedarik\u00e7iler ihtiya\u00e7lar\u0131 kar\u015f\u0131lam\u0131yor mu?<\/li>\n<li>\u0130nsanlar tercih edilen tedarik\u00e7ilerin kim oldu\u011funu bilmiyor mu?<\/li>\n<li>Tedarik\u00e7i taban\u0131n\u0131zda me\u015fru bo\u015fluklar var m\u0131?<\/li>\n<\/ul>\n<p>Uygulanabilir istihbarat elde edersiniz. Sadece \"ba\u015f\u0131na buyruk harcamalar k\u00f6t\u00fcd\u00fcr\" de\u011fil, \"ba\u015f\u0131na buyruk harcamalar \u015fu kategorilerde \u015fu nedenlerle ger\u00e7ekle\u015fiyor ve i\u015fte bu konuda yap\u0131lmas\u0131 gerekenler.\"<\/p>\n\n\n<h4 class=\"wp-block-heading\">Piyasa Oranlar\u0131na G\u00f6re Kar\u015f\u0131la\u015ft\u0131rmalar<\/h4>\n\n\n<p>Birim ba\u015f\u0131na $50 \u00f6d\u00fcyorsunuz. Ama bu iyi mi? Piyasa ba\u011flam\u0131 olmadan bilemezsiniz.<\/p>\n<p>Yapay zeka k\u0131yaslama sa\u011flar:<\/p>\n<ul>\n<li><strong>Piyasa fiyat kar\u015f\u0131la\u015ft\u0131rmas\u0131:<\/strong> Fiyatlar\u0131n\u0131z benzer \u00fcr\u00fcnler i\u00e7in piyasa fiyatlar\u0131na k\u0131yasla nas\u0131l?<\/li>\n<li><strong>Sekt\u00f6r k\u0131yaslamalar\u0131:<\/strong> Harcamalar\u0131n\u0131z sekt\u00f6r\u00fcn\u00fczdeki benzer \u015firketlerle nas\u0131l kar\u015f\u0131la\u015ft\u0131r\u0131l\u0131yor?<\/li>\n<li><strong>B\u00f6lgesel farkl\u0131l\u0131klar:<\/strong> Farkl\u0131 b\u00f6lgelerde farkl\u0131 fiyatlar m\u0131 \u00f6d\u00fcyorsunuz? Bu farkl\u0131l\u0131klar hakl\u0131 m\u0131?<\/li>\n<li><strong>Fiyat trend analizi:<\/strong> Piyasa fiyatlar\u0131 y\u00fckseliyor mu yoksa d\u00fc\u015f\u00fcyor mu? S\u00f6zle\u015fmeli fiyatlar\u0131n\u0131z piyasa ile birlikte mi hareket ediyor?<\/li>\n<li><strong>Maliyet modellemesi:<\/strong> Malzeme maliyetleri, i\u015f\u00e7ilik ve marjlara g\u00f6re ne kadar \u00f6demeniz gerekir?<\/li>\n<\/ul>\n<p>Bu m\u00fckemmel de\u011fil. Piyasa fiyatlar\u0131 hacme, \u00f6zelliklere, hizmet seviyelerine ve ili\u015fkilere g\u00f6re de\u011fi\u015fir. Ancak y\u00f6nlendirici rehberlik de\u011ferlidir.<\/p>\n<p>Piyasa ortalamas\u0131n\u0131n 20% \u00fczerinde mi \u00f6deme yap\u0131yorsunuz? Ara\u015ft\u0131rma zaman\u0131. Ya teknik \u00f6zellikleriniz daha y\u00fcksek maliyeti hakl\u0131 \u00e7\u0131kar\u0131yor ya da pazarl\u0131k yapma f\u0131rsat\u0131n\u0131z var.<\/p>\n<p>Piyasa fiyatlar\u0131 10% d\u00fc\u015ft\u00fc ama s\u00f6zle\u015fmeniz ayarlanmad\u0131 m\u0131? Tedarik\u00e7inizle g\u00f6r\u00fc\u015fme zaman\u0131.<\/p>\n\n\n<h4 class=\"wp-block-heading\">Gelecek Harcama Tahminleri<\/h4>\n\n\n<p>B\u00fct\u00e7eleme \u00e7o\u011fu \u015firkette tahminlere dayan\u0131r. Ge\u00e7en y\u0131l\u0131n harcamas\u0131 art\u0131 belli bir y\u00fczde. Umar\u0131m yak\u0131n olur.<\/p>\n<p>Yapay zeka, ger\u00e7ek modellere dayal\u0131 tahminlerde bulunur:<\/p>\n<ul>\n<li><strong>Trend analizi:<\/strong> Harcamalar tarihsel olarak nas\u0131l de\u011fi\u015fti? Modeller nelerdir?<\/li>\n<li><strong>Mevsimsellik:<\/strong> Hangi kategorilerde mevsimsel de\u011fi\u015fimler var? Ne zaman ani art\u0131\u015flar olur?<\/li>\n<li><strong>S\u00f6zle\u015fme taahh\u00fctleri:<\/strong> Mevcut s\u00f6zle\u015fmelere dayanarak ne kadar harcama yapmak zorundas\u0131n\u0131z?<\/li>\n<li><strong>B\u00fcy\u00fcme fakt\u00f6rleri:<\/strong> \u0130\u015f b\u00fcy\u00fcmesi. Personel say\u0131s\u0131 de\u011fi\u015fiklikleri. Geni\u015fleme planlar\u0131. Bunlar harcamalar\u0131 nas\u0131l etkiler?<\/li>\n<li><strong>Fiyat art\u0131\u015f\u0131:<\/strong> S\u00f6zle\u015fmeli fiyat art\u0131\u015flar\u0131. Pazar e\u011filimleri. Beklenen enflasyon etkisi.<\/li>\n<li><strong>Giri\u015fimin etkisi:<\/strong> Planlanan projeler veya de\u011fi\u015fiklikler harcamalar\u0131 nas\u0131l etkileyecek?<\/li>\n<\/ul>\n<p>Kategoriye, tedarik\u00e7iye ve departmana g\u00f6re harcama tahminleri elde edersiniz. Daha iyi b\u00fct\u00e7eleme. Harcamalar tahminlerin \u00fczerinde seyretti\u011finde erken uyar\u0131. De\u011fi\u015fiklikleri neyin tetikledi\u011fine dair g\u00f6r\u00fcn\u00fcrl\u00fck.<\/p>\n<p>Finans, \"3. \u00e7eyrek harcamalar\u0131 neden b\u00fct\u00e7enin $200K \u00fczerinde?\" diye soruyor. Tahminlerle de\u011fil verilerle cevap verebilirsiniz.<\/p>\n\n\n<hr class=\"wp-block-separator has-alpha-channel-opacity\"\/>\n\n\n\n<h3 class=\"wp-block-heading\">Bu Sizin \u0130\u00e7in Ne Anlama Geliyor?<\/h3>\n\n\n\n<h4 class=\"wp-block-heading\">CPO'lar ve Sat\u0131n Alma Liderleri i\u00e7in<\/h4>\n\n\n<p>Her zaman istedi\u011finiz ancak yaratmaya hi\u00e7 zaman bulamad\u0131\u011f\u0131n\u0131z harcama g\u00f6r\u00fcn\u00fcrl\u00fc\u011f\u00fcn\u00fc elde edersiniz.<\/p>\n<ul>\n<li><strong>Net harcama g\u00f6r\u00fcn\u00fcrl\u00fc\u011f\u00fc:<\/strong> Paran\u0131n nereye gitti\u011fini bilin. Kategoriye g\u00f6re. Tedarik\u00e7iye g\u00f6re. Departmana g\u00f6re. Ger\u00e7ek zamanl\u0131 olarak.<\/li>\n<li><strong>Say\u0131salla\u015ft\u0131r\u0131lm\u0131\u015f tasarruf f\u0131rsatlar\u0131:<\/strong> \u00d6nsezi de\u011fil. Dolar miktarlar\u0131 eklenmi\u015f spesifik f\u0131rsatlar.<\/li>\n<li><strong>M\u00fczakereleri y\u00f6nlendirecek veriler:<\/strong> Pazar k\u0131yaslamalar\u0131. Harcama yo\u011funlu\u011fu. Fiyat de\u011fi\u015fimleri. Daha iyi anla\u015fmalar i\u00e7in kan\u0131tlar.<\/li>\n<li><strong>Stratejik kategori y\u00f6netimi:<\/strong> Hangi kategorilere dikkat edilmesi gerekti\u011fini belirleyin. \u00c7abalar\u0131 f\u0131rsat b\u00fcy\u00fckl\u00fc\u011f\u00fcne g\u00f6re \u00f6nceliklendirin.<\/li>\n<li><strong>Sat\u0131n alma performans \u00f6l\u00e7\u00fctleri:<\/strong> Ger\u00e7ekle\u015fen tasarruflar\u0131 takip edin. S\u00f6zle\u015fme uyumlulu\u011fu. Ba\u015f\u0131na buyruk harcamalar. Kategori maliyet trendleri.<\/li>\n<\/ul>\n\n\n<h4 class=\"wp-block-heading\">Sat\u0131n Alma Y\u00f6neticileri ve Al\u0131c\u0131lar i\u00e7in<\/h4>\n\n\n<p>Maksimum etki i\u00e7in \u00e7abalar\u0131n\u0131z\u0131 nereye odaklaman\u0131z gerekti\u011fini biliyorsunuz.<\/p>\n<ul>\n<li><strong>Paran\u0131n nereye gitti\u011fini bilin:<\/strong> Rapor olu\u015fturmak i\u00e7in haftalar harcamadan. Harcama sorular\u0131na an\u0131nda yan\u0131tlar.<\/li>\n<li><strong>Y\u00fcksek etkili kategorilere odaklan\u0131n:<\/strong> Hangi kategorilerin en b\u00fcy\u00fck tasarruf f\u0131rsatlar\u0131na sahip oldu\u011funu g\u00f6r\u00fcn. Stratejik olarak \u00f6nceliklendirin.<\/li>\n<li><strong>Tedarik\u00e7i konsolidasyon hedefleri:<\/strong> Nerede \u00e7ok fazla tedarik\u00e7iniz oldu\u011funu ve konsolidasyonun neleri kurtarabilece\u011fini belirleyin.<\/li>\n<li><strong>S\u00f6zle\u015fme uyumlulu\u011fu g\u00f6r\u00fcn\u00fcrl\u00fc\u011f\u00fc:<\/strong> S\u00f6zle\u015fmeli terimlerin nerede kullan\u0131lmad\u0131\u011f\u0131n\u0131 g\u00f6r\u00fcn. Benimsemeyi te\u015fvik edin.<\/li>\n<li><strong>M\u00fczakere haz\u0131rl\u0131\u011f\u0131:<\/strong> Tedarik\u00e7i g\u00f6r\u00fc\u015fmelerine harcama verileri ve pazar ba\u011flam\u0131 ile girin.<\/li>\n<\/ul>\n\n\n<h4 class=\"wp-block-heading\">Finans Ekipleri \u0130\u00e7in<\/h4>\n\n\n<p>Daha \u00f6nce hi\u00e7 sahip olmad\u0131\u011f\u0131n\u0131z bir harcama \u015feffafl\u0131\u011f\u0131 ve b\u00fct\u00e7e do\u011frulu\u011fu elde edersiniz.<\/p>\n<ul>\n<li><strong>Daha iyi b\u00fct\u00e7e do\u011frulu\u011fu:<\/strong> Tahminler, tahminlere de\u011fil ger\u00e7ek harcama modellerine dayan\u0131r.<\/li>\n<li><strong>Gerek\u00e7elendirilmi\u015f sat\u0131n alma yat\u0131r\u0131mlar\u0131:<\/strong> Sat\u0131n alma kaynaklar\u0131n\u0131 hakl\u0131 \u00e7\u0131karan belgelenmi\u015f tasarruf f\u0131rsatlar\u0131.<\/li>\n<li><strong>Belgelenmi\u015f tasarruflar:<\/strong> Sat\u0131n alma giri\u015fimlerinden elde edilen tasarruflar\u0131 takip edin. Yat\u0131r\u0131m getirisini g\u00f6sterin.<\/li>\n<li><strong>Varyans analizi:<\/strong> Harcama de\u011fi\u015fikliklerini neyin tetikledi\u011fini anlay\u0131n. Ger\u00e7ek nedenler, teoriler de\u011fil.<\/li>\n<li><strong>Maliyet kontrol\u00fc:<\/strong> Harcamalar b\u00fct\u00e7enin \u00fczerinde seyretti\u011finde erken uyar\u0131. \u00c7ok ge\u00e7 olmadan harekete ge\u00e7me zaman\u0131.<\/li>\n<\/ul>\n\n\n<hr class=\"wp-block-separator has-alpha-channel-opacity\"\/>\n\n\n\n<h3 class=\"wp-block-heading\">Yapay Zekan\u0131n Yapamayaca\u011f\u0131 \u015eeyler<\/h3>\n\n\n<p>Harcama analizi yapay zekas\u0131n\u0131n ne olmad\u0131\u011f\u0131 konusunda a\u00e7\u0131k olal\u0131m.<\/p>\n<p>Yapay zeka tasarruflar\u0131 otomatik olarak yakalamaz. F\u0131rsatlar\u0131 tan\u0131mlar. \u0130nsanlar\u0131n bunlara g\u00f6re hareket etmesi gerekir. Tedarik\u00e7ilerle pazarl\u0131k yap\u0131n. Hacmi konsolide edin. S\u00f6zle\u015fme uyumlulu\u011funu uygulay\u0131n.<\/p>\n<p>Yapay zeka, insan girdisi olmadan ba\u011flam\u0131 anlayamaz. Bazen daha y\u00fcksek fiyatlar kalite, hizmet veya stratejik ili\u015fkilerle gerek\u00e7elendirilir. Bazen tedarik\u00e7i b\u00f6l\u00fcnmesi bir amaca hizmet eder. Yapay zeka rakamlar\u0131 i\u015faretler; siz i\u015f muhakemesini uygulars\u0131n\u0131z.<\/p>\n<p>Yapay zeka k\u00f6t\u00fc sat\u0131n alma s\u00fcre\u00e7lerini d\u00fczeltmez. S\u00fcre\u00e7leriniz yava\u015fsa ve insanlar bunlar\u0131 atl\u0131yorsa, harcama analizi sorunu g\u00f6sterecektir. Ancak bunu d\u00fczeltmek sadece analiz de\u011fil, s\u00fcre\u00e7 iyile\u015ftirme gerektirir.<\/p>\n<p>Yapay zekan\u0131n yapt\u0131\u011f\u0131 \u015fey harcamalar\u0131 g\u00f6r\u00fcn\u00fcr k\u0131lmakt\u0131r. F\u0131rsatlar\u0131n nerede oldu\u011funu g\u00f6stermek. Potansiyel tasarruflar\u0131 \u00f6l\u00e7mek. \u0130lerlemeyi takip edin.<\/p>\n<p>Sat\u0131n alma ekibiniz hala i\u015fi yapmak zorunda. Ancak bunu tahminlerle de\u011fil, net bir y\u00f6nlendirmeyle yaparlar.<\/p>\n\n\n<hr class=\"wp-block-separator has-alpha-channel-opacity\"\/>\n\n\n\n<h3 class=\"wp-block-heading\">Harcama Analizi Yapay Zekas\u0131ndan Ger\u00e7ek Sonu\u00e7lar<\/h3>\n\n\n<p>\u0130\u015fte bunun pratikte nas\u0131l g\u00f6r\u00fcnd\u00fc\u011f\u00fc:<\/p>\n\n<p><strong>S\u00fcrekli harcama g\u00f6r\u00fcn\u00fcrl\u00fc\u011f\u00fc:<\/strong> Art\u0131k \u00fc\u00e7 ayl\u0131k harcama analizi projeleri yok. Ger\u00e7ek zamanl\u0131 kategorizasyon ve raporlama. Sorular an\u0131nda yan\u0131tlan\u0131r.<\/p>\n\n<p><strong>Tasarruf kimli\u011fi:<\/strong> Tipik \u015firketler ilk analizde 8-15% tasarruf f\u0131rsat\u0131 bulur. Hepsi ger\u00e7ekle\u015ftirilebilir de\u011fildir, ancak \u00e7abay\u0131 hakl\u0131 \u00e7\u0131karmak i\u00e7in yeterlidir.<\/p>\n\n<p><strong>Daha h\u0131zl\u0131 kategori stratejisi:<\/strong> Haftalar s\u00fcren kategori f\u0131rsatlar\u0131n\u0131 belirlemek art\u0131k g\u00fcnler al\u0131yor. Stratejik olarak y\u00f6netilen daha fazla kategori.<\/p>\n\n<p><strong>Daha iyi pazarl\u0131klar:<\/strong> Al\u0131c\u0131lar g\u00f6r\u00fc\u015fmelere verilerle girer. Harcamalar\u0131n\u0131z\u0131, piyasa oranlar\u0131n\u0131z\u0131 ve kald\u0131ra\u00e7 noktalar\u0131n\u0131z\u0131 bildi\u011finizde daha iyi sonu\u00e7lar elde edersiniz.<\/p>\n\n<p><strong>Maverick harcama azalt\u0131m\u0131:<\/strong> G\u00f6r\u00fcn\u00fcrl\u00fck iyile\u015ftirme sa\u011flar. Ba\u015f\u0131na buyruk harcamalar\u0131 \u00f6l\u00e7t\u00fc\u011f\u00fcn\u00fczde ve raporlad\u0131\u011f\u0131n\u0131zda azal\u0131r. Zaman i\u00e7inde tipik olarak 30-50% azalma.<\/p>\n\n<p>Bu, sat\u0131n alma ekiplerini yapay zeka ile de\u011fi\u015ftirmekle ilgili de\u011fil. Bu, onlara daha stratejik olmalar\u0131 i\u00e7in g\u00f6r\u00fcn\u00fcrl\u00fck ve ara\u00e7lar sa\u011flamakla ilgili.<\/p>\n\n\n<hr class=\"wp-block-separator has-alpha-channel-opacity\"\/>\n\n\n\n<h3 class=\"wp-block-heading\">Paran\u0131z\u0131n Nereye Gitti\u011fini G\u00f6rmeye Haz\u0131r m\u0131s\u0131n\u0131z?<\/h3>\n\n\n<p>Her \u015firketin harcama verileri farkl\u0131d\u0131r. Farkl\u0131 sistemler. Farkl\u0131 yap\u0131lar. \u0130\u015fletmeniz i\u00e7in \u00f6nemli olan farkl\u0131 kategoriler.<\/p>\n<p>Herkese uyan tek tip harcama analizi ara\u00e7lar\u0131 satm\u0131yoruz. Size \u00f6zel veri kaynaklar\u0131n\u0131za ve harcama modellerinize bak\u0131yoruz. Kategorileri nas\u0131l y\u00f6netti\u011finize uygun kategorizasyon olu\u015fturuyoruz. \u00d6zel sorular\u0131n\u0131za yan\u0131t veren raporlar ve uyar\u0131lar olu\u015fturuyoruz.<\/p>\n<p>Milyonlarca tasarruf bulaca\u011f\u0131n\u0131za dair s\u00f6z vermiyorum. Sadece nereye para harcad\u0131\u011f\u0131n\u0131z\u0131 ve nerede f\u0131rsatlar oldu\u011funu net bir \u015fekilde g\u00f6rebilirsiniz.<\/p>\n\n<p><a href=\"https:\/\/www.leaplytics.de\/tr\/kontakt\/\">Harcama Analizi \u0130htiya\u00e7lar\u0131n\u0131z Hakk\u0131nda Konu\u015fal\u0131m<\/a><\/p>\n\n<p><a href=\"https:\/\/www.leaplytics.de\/tr\/tedarik-tedarik-ai\/\">Kaynak Bulma ve Tedarik Yapay Zekas\u0131na Geri D\u00f6n<\/a><\/p>","protected":false},"excerpt":{"rendered":"<p>AI for Spend Analysis &#038; Optimization: Find the Money You&#8217;re Leaving on the Table You&#8217;re spending millions. But where exactly? Which suppliers? Which categories? At what prices? Compared to what you should be paying? Most companies can&#8217;t answer these questions. Not because they don&#8217;t track spending. They have ERPs. They have purchasing systems. They have &hellip; <\/p>","protected":false},"author":2,"featured_media":0,"parent":0,"menu_order":0,"comment_status":"closed","ping_status":"closed","template":"","meta":{"footnotes":""},"class_list":["post-14512","page","type-page","status-publish","hentry","latest_post"],"_links":{"self":[{"href":"https:\/\/www.leaplytics.de\/tr\/wp-json\/wp\/v2\/pages\/14512","targetHints":{"allow":["GET"]}}],"collection":[{"href":"https:\/\/www.leaplytics.de\/tr\/wp-json\/wp\/v2\/pages"}],"about":[{"href":"https:\/\/www.leaplytics.de\/tr\/wp-json\/wp\/v2\/types\/page"}],"author":[{"embeddable":true,"href":"https:\/\/www.leaplytics.de\/tr\/wp-json\/wp\/v2\/users\/2"}],"replies":[{"embeddable":true,"href":"https:\/\/www.leaplytics.de\/tr\/wp-json\/wp\/v2\/comments?post=14512"}],"version-history":[{"count":1,"href":"https:\/\/www.leaplytics.de\/tr\/wp-json\/wp\/v2\/pages\/14512\/revisions"}],"predecessor-version":[{"id":14520,"href":"https:\/\/www.leaplytics.de\/tr\/wp-json\/wp\/v2\/pages\/14512\/revisions\/14520"}],"wp:attachment":[{"href":"https:\/\/www.leaplytics.de\/tr\/wp-json\/wp\/v2\/media?parent=14512"}],"curies":[{"name":"wp","href":"https:\/\/api.w.org\/{rel}","templated":true}]}}