{"id":14513,"date":"2025-12-19T02:02:54","date_gmt":"2025-12-19T01:02:54","guid":{"rendered":"https:\/\/www.leaplytics.de\/?page_id=14513"},"modified":"2025-12-19T02:02:55","modified_gmt":"2025-12-19T01:02:55","slug":"tedari%cc%87kci%cc%87-kesi%cc%87f-degerlendi%cc%87rme-ai%cc%87","status":"publish","type":"page","link":"https:\/\/www.leaplytics.de\/tr\/tedari%cc%87kci%cc%87-kesi%cc%87f-degerlendi%cc%87rme-ai%cc%87\/","title":{"rendered":"Tedarik\u00e7i Ke\u015ffi ve De\u011ferlendirme Yapay Zeka"},"content":{"rendered":"<h2>Tedarik\u00e7i Ke\u015ffi ve De\u011ferlendirmesi i\u00e7in Yapay Zeka: Daha \u0130yi Tedarik\u00e7ileri Daha H\u0131zl\u0131 Bulun<\/h2>\n\n<p>Do\u011fru tedarik\u00e7iyi bulmak, sat\u0131n alma s\u00fcrecindeki en \u00f6nemli kararlardan biridir. Do\u011fru karar\u0131 verdi\u011finizde kaliteli \u00fcr\u00fcnlere, g\u00fcvenilir teslimata ve rekabet\u00e7i fiyatlara sahip olursunuz. Yanl\u0131\u015f yaparsan\u0131z gecikmeler, kalite sorunlar\u0131 ve b\u00fct\u00e7e a\u015f\u0131mlar\u0131yla u\u011fra\u015f\u0131rs\u0131n\u0131z.<\/p>\n<p>Ancak tedarik\u00e7ileri bulmak ve de\u011ferlendirmek zaman al\u0131r. Ger\u00e7ek zaman. Ara\u015ft\u0131rma. Aramalar. Teklif kar\u015f\u0131la\u015ft\u0131rmalar\u0131. Risk de\u011ferlendirmeleri. Ge\u00e7mi\u015f kontrolleri. Her bir tedarik\u00e7i i\u00e7in.<\/p>\n<p>Peki ya \u00e7o\u011fu sat\u0131n alma ekibi? Ayn\u0131 tedarik\u00e7ilere ba\u011fl\u0131 kal\u0131yorlar \u00e7\u00fcnk\u00fc yenilerini aramak \u00e7ok fazla i\u015f gerektiriyor. Bu tedarik\u00e7iler en iyi de\u011feri sunmasalar bile.<\/p>\n<p>Yapay zeka bunu de\u011fi\u015ftiriyor. Tedarik\u00e7ileri herhangi bir ekibin manuel olarak yapabilece\u011finden daha h\u0131zl\u0131 arar, de\u011ferlendirir ve kar\u015f\u0131la\u015ft\u0131r\u0131r. Yorulmuyor. K\u00f6\u015feleri kesmez. Her se\u00e7ene\u011fi objektif olarak analiz eder.<\/p>\n\n\n<hr class=\"wp-block-separator has-alpha-channel-opacity\"\/>\n\n\n\n<h3 class=\"wp-block-heading\">G\u00fcn\u00fcm\u00fczde Tedarik\u00e7i Ke\u015ffi ile \u0130lgili Sorun<\/h3>\n\n\n<p>\u00c7o\u011fu sat\u0131n alma ekibi i\u00e7in tedarik\u00e7i ke\u015ffi \u015fu \u015fekilde ger\u00e7ekle\u015fir:<\/p>\n<p>Birilerinin yeni bir tedarik\u00e7iye ihtiyac\u0131 var. Belki mevcut tedarik\u00e7i fiyatlar\u0131 y\u00fckseltmi\u015ftir. Belki kalite d\u00fc\u015ft\u00fc. Belki yeni bir \u015fey piyasaya s\u00fcreceksiniz.<\/p>\n<p>B\u00f6ylece bir al\u0131c\u0131 ara\u015ft\u0131rmaya ba\u015flar. Google aramalar\u0131. End\u00fcstri dizinleri. Ticari fuarlar. \u0130\u015f arkada\u015flar\u0131n\u0131n tavsiyeleri. Potansiyel se\u00e7enekleri bulmak i\u00e7in harcanan saatler.<\/p>\n<p>Sonra de\u011ferlendirme gelir. Finansal kontroller. Yetenek de\u011ferlendirmeleri. Referans aramalar\u0131. Ayn\u0131 \u015fekilde yap\u0131land\u0131r\u0131lmam\u0131\u015f tekliflerin kar\u015f\u0131la\u015ft\u0131r\u0131lmas\u0131. Tam bilgi olmadan riski de\u011ferlendirmeye \u00e7al\u0131\u015fmak.<\/p>\n<p>Haftalar s\u00fcrer. Kritik tedarik\u00e7iler i\u00e7in bazen aylar. Ve sonunda? Var olduklar\u0131n\u0131 bilmedi\u011finiz i\u00e7in en iyi se\u00e7ene\u011fi yine de ka\u00e7\u0131rabilirsiniz.<\/p>\n<p>Ya da daha k\u00f6t\u00fcs\u00fc, ka\u011f\u0131t \u00fczerinde iyi g\u00f6r\u00fcnen bir tedarik\u00e7i bulursunuz, ancak alt\u0131 ay sonra de\u011ferlendirme s\u0131ras\u0131nda yakalaman\u0131z gereken sorunlara neden olurlar.<\/p>\n\n\n<hr class=\"wp-block-separator has-alpha-channel-opacity\"\/>\n\n\n\n<h3 class=\"wp-block-heading\">Yapay Zeka Tedarik\u00e7i Ke\u015ffi ve De\u011ferlendirmesi i\u00e7in Ne Yapar?<\/h3>\n\n\n<p>Yapay zeka sadece tedarik\u00e7i ke\u015ffini h\u0131zland\u0131rmakla kalm\u0131yor. Daha iyi hale getirir. Daha kapsaml\u0131. Daha objektif. \u0130\u015fte b\u00f6yle.<\/p>\n\n\n<h4 class=\"wp-block-heading\">Potansiyel Tedarik\u00e7ileri Otomatik Olarak Belirler<\/h4>\n\n\n<p>Yapay zekaya neye ihtiyac\u0131n\u0131z oldu\u011funu s\u00f6yleyin. \u00dcr\u00fcn \u00f6zellikleri. Hizmet gereksinimleri. Co\u011frafi tercihler. Hacim. Sertifikalar.<\/p>\n<p>Her yerde arama yap\u0131yor. Kamu veritabanlar\u0131. End\u00fcstri listeleri. \u0130\u015f kay\u0131tlar\u0131. Ticari yay\u0131nlar. Hangi tedarik\u00e7ilerin rakiplerinize hizmet verdi\u011fini bile analiz eder.<\/p>\n<p>Sadece herkesin bildi\u011fi isimleri bulmakla kalmaz. Elle asla bulamayaca\u011f\u0131n\u0131z daha k\u00fc\u00e7\u00fck tedarik\u00e7ileri ortaya \u00e7\u0131kar\u0131r. Daha iyi fiyatlara sahip b\u00f6lgesel oyuncular. Benzersiz yeteneklere sahip uzmanlar.<\/p>\n<p>Dakikalar i\u00e7inde kapsaml\u0131 bir liste elde edersiniz. Birinin tan\u0131d\u0131\u011f\u0131 \u00fc\u00e7 tedarik\u00e7i de\u011fil. Uygulanabilir her se\u00e7enek.<\/p>\n\n\n<h4 class=\"wp-block-heading\">Tedarik\u00e7i Riskini Kapsaml\u0131 Bir \u015eekilde De\u011ferlendirir<\/h4>\n\n\n<p>Yapay zeka birden fazla kaynaktan risk bilgisi toplar:<\/p>\n<ul>\n<li><strong>Finansal istikrar:<\/strong> \u015eirket finansallar\u0131. Kredi notlar\u0131. \u00d6deme ge\u00e7mi\u015fi. Nakit ak\u0131\u015f\u0131 g\u00f6stergeleri.<\/li>\n<li><strong>Uyum ge\u00e7mi\u015fi:<\/strong> Mevzuat ihlalleri. Yasal sorunlar. End\u00fcstri yapt\u0131r\u0131mlar\u0131. Kalite sertifikalar\u0131.<\/li>\n<li><strong>\u0130tibar sinyalleri:<\/strong> Haberlerde bahsedilenler. M\u00fc\u015fteri yorumlar\u0131. Sekt\u00f6r derecelendirmeleri. Sosyal medya duyarl\u0131l\u0131\u011f\u0131.<\/li>\n<li><strong>Operasyonel kapasite:<\/strong> \u00dcretim kapasitesi. M\u00fc\u015fteri listesi. Co\u011frafi ayak izi. Teknoloji altyap\u0131s\u0131.<\/li>\n<li><strong>Tedarik zinciri riski:<\/strong> Tek kaynaklara ba\u011f\u0131ml\u0131l\u0131k. Co\u011frafi yo\u011funla\u015fma. Jeopolitik maruziyet.<\/li>\n<\/ul>\n<p>Sadece veri toplamakla kalmaz. Analiz eder. K\u0131rm\u0131z\u0131 bayraklar\u0131 i\u015faretler. Risk seviyelerini puanlar. Size neyin \u00f6nemli oldu\u011funu g\u00f6sterir.<\/p>\n<p>Bir tedarik\u00e7i harika g\u00f6r\u00fcn\u00fcyor ama bekleyen \u00fc\u00e7 m\u00fc\u015fteri davas\u0131 m\u0131 var? Yapay zeka bunu i\u015faretler. Sa\u011flam finansallar\u0131 olan ancak tek bir m\u00fc\u015fteriye ba\u011f\u0131ml\u0131 k\u00fc\u00e7\u00fck bir \u015firket mi? Taahh\u00fctte bulunmadan \u00f6nce bilirsiniz.<\/p>\n\n\n<h4 class=\"wp-block-heading\">Tedarik\u00e7i Niteliklerini Kriterlerinize G\u00f6re Puanlar<\/h4>\n\n\n<p>Her \u015firketin farkl\u0131 tedarik\u00e7i gereksinimleri vard\u0131r. Baz\u0131lar\u0131 sertifikalara \u00f6ncelik verir. Baz\u0131lar\u0131 belirli yeteneklere ihtiya\u00e7 duyar. Baz\u0131lar\u0131 co\u011frafi yak\u0131nl\u0131k ister.<\/p>\n<p>Kriterlerinizi siz belirlersiniz. Yapay zeka her tedarik\u00e7iyi bunlara g\u00f6re de\u011ferlendirir:<\/p>\n<ul>\n<li>Do\u011fru sertifikalara sahipler mi? (ISO, sekt\u00f6re \u00f6zg\u00fc, kalite standartlar\u0131)<\/li>\n<li>Hacminizle ba\u015fa \u00e7\u0131kabilirler mi? (\u00dcretim kapasitesi, \u00f6l\u00e7eklenebilirlik, teslim s\u00fcreleri)<\/li>\n<li>\u0130lgili deneyime sahipler mi? (Benzer \u00fcr\u00fcnler, sekt\u00f6r bilgisi, m\u00fc\u015fteri referanslar\u0131)<\/li>\n<li>Finansal olarak istikrarl\u0131 m\u0131? (Gelir, karl\u0131l\u0131k, kredi notu)<\/li>\n<li>Teknik gereklilikleri kar\u015f\u0131l\u0131yorlar m\u0131? (Ekipman, s\u00fcre\u00e7ler, teknoloji)<\/li>\n<\/ul>\n<p>Her tedarik\u00e7iye puan verilir. S\u0131ralan\u0131r. Kar\u015f\u0131la\u015ft\u0131r\u0131l\u0131r. Kimin en iyi sat\u0131\u015f konu\u015fmas\u0131na sahip oldu\u011funu de\u011fil, ihtiya\u00e7lar\u0131n\u0131z\u0131 ger\u00e7ekten kimin kar\u015f\u0131lad\u0131\u011f\u0131n\u0131 g\u00f6r\u00fcrs\u00fcn\u00fcz.<\/p>\n<p>Peki kriterleriniz de\u011fi\u015fti\u011finde? Puanlama modelini bir kez g\u00fcncelleyin. Her tedarik\u00e7i an\u0131nda yeniden de\u011ferlendirilir.<\/p>\n\n\n<h4 class=\"wp-block-heading\">Al\u0131nt\u0131lar\u0131 Ak\u0131ll\u0131ca Kar\u015f\u0131la\u015ft\u0131r\u0131r<\/h4>\n\n\n<p>\u00dc\u00e7 tedarik\u00e7i teklif g\u00f6nderdi. Hepsi farkl\u0131 g\u00f6r\u00fcn\u00fcyor. Farkl\u0131 kalemler. Farkl\u0131 \u015fartlar. Farkl\u0131 indirim yap\u0131lar\u0131. Bunlar\u0131 manuel olarak kar\u015f\u0131la\u015ft\u0131rmak, bir elektronik tablo olu\u015fturmak ve hi\u00e7bir \u015feyi ka\u00e7\u0131rmad\u0131\u011f\u0131n\u0131z\u0131 ummak anlam\u0131na gelir.<\/p>\n<p>Yapay zeka teklif kar\u015f\u0131la\u015ft\u0131rmas\u0131n\u0131 standartla\u015ft\u0131r\u0131r:<\/p>\n<ul>\n<li><strong>Toplam maliyet analizi:<\/strong> Sadece birim fiyat de\u011fil. Nakliye. Minimum sipari\u015fler. \u00d6deme ko\u015fullar\u0131. Gizli \u00fccretler. Ger\u00e7ek toplam maliyet.<\/li>\n<li><strong>Terim normalizasyonu:<\/strong> Farkl\u0131 teklif yap\u0131lar\u0131n\u0131 elmadan elmaya kar\u015f\u0131la\u015ft\u0131rmalara d\u00f6n\u00fc\u015ft\u00fcr\u00fcr. Fiyatland\u0131rma oyunlar\u0131n\u0131 g\u00f6r\u00fcr.<\/li>\n<li><strong>Kalite g\u00f6stergeleri:<\/strong> Garanti \u015fartlar\u0131ndaki fakt\u00f6rler. Kalite sertifikalar\u0131. Ge\u00e7mi\u015f sipari\u015flerdeki kusur oranlar\u0131. \u0130ade politikalar\u0131.<\/li>\n<li><strong>Hizmet seviyesi farkl\u0131l\u0131klar\u0131:<\/strong> Teslimat h\u0131z\u0131. Sipari\u015f esnekli\u011fi. M\u00fc\u015fteri deste\u011fi. Teknik yard\u0131m. Her \u015fey fiyatla ilgili de\u011fildir.<\/li>\n<li><strong>S\u00f6zle\u015fme \u015fartlar\u0131:<\/strong> \u00d6deme ko\u015fullar\u0131. Hacim taahh\u00fctleri. Fiyat ayarlama h\u00fck\u00fcmleri. Fesih ko\u015fullar\u0131.<\/li>\n<\/ul>\n<p>Yapay zeka size hangi teklifin ger\u00e7ekten daha iyi oldu\u011funu g\u00f6sterir. Sadece daha ucuz de\u011fil, daha iyi de\u011fer.<\/p>\n<p>Bazen kalite sorunlar\u0131n\u0131, yava\u015f teslimat\u0131 veya esnek olmayan ko\u015fullar\u0131 hesaba katt\u0131\u011f\u0131n\u0131zda en d\u00fc\u015f\u00fck fiyat daha pahal\u0131ya mal olur. Yapay zeka hesab\u0131 yapar.<\/p>\n\n\n<h4 class=\"wp-block-heading\">Pazar \u0130stihbarat\u0131n\u0131 S\u00fcrekli \u0130zler<\/h4>\n\n\n<p>Tedarik\u00e7i de\u011ferlendirmesi tek seferlik bir olay de\u011fildir. Piyasalar de\u011fi\u015fir. Fiyatlar dalgalan\u0131r. Tedarik ko\u015fullar\u0131 de\u011fi\u015fir. Pazara yeni tedarik\u00e7iler girer.<\/p>\n<p>Yapay zeka s\u00fcrekli olarak izler:<\/p>\n<ul>\n<li><strong>Fiyat trendleri:<\/strong> Piyasan\u0131n \u00fczerinde mi \u00f6d\u00fcyorsunuz? Fiyatlar y\u00fckseliyor mu yoksa d\u00fc\u015f\u00fcyor mu? Ne zaman yeniden pazarl\u0131k yapmal\u0131s\u0131n\u0131z?<\/li>\n<li><strong>Tedarik ko\u015fullar\u0131:<\/strong> Malzeme s\u0131k\u0131nt\u0131s\u0131. Kapasite k\u0131s\u0131tlamalar\u0131. Teslim s\u00fcresi de\u011fi\u015fiklikleri. Tedarik risk g\u00f6stergeleri.<\/li>\n<li><strong>Sekt\u00f6r de\u011fi\u015fiklikleri:<\/strong> Yeni teknolojiler. D\u00fczenleyici de\u011fi\u015fiklikler. Pazar konsolidasyonu. Tedarik\u00e7i birle\u015fmeleri veya kapanmalar\u0131.<\/li>\n<li><strong>Rekabet\u00e7i istihbarat:<\/strong> Benzer \u015firketler ne kadar \u00f6d\u00fcyor? Hangi tedarik\u00e7ileri kullan\u0131yorlar? Pazar konumland\u0131rmas\u0131 de\u011fi\u015fiyor.<\/li>\n<li><strong>Alternatif kaynaklar:<\/strong> Pazara giren yeni tedarik\u00e7iler. \u00dcretimde co\u011frafi kaymalar. \u0130kame malzemeler veya \u00fcr\u00fcnler.<\/li>\n<\/ul>\n<p>Piyasa ko\u015fullar\u0131n\u0131 manuel olarak ara\u015ft\u0131rmak zorunda de\u011filsiniz. Yapay zeka, \u00f6nemli oldu\u011funda size zeka getirir.<\/p>\n<p>Kategorinize daha iyi teknolojiye sahip yeni bir tedarik\u00e7i mi girdi? Yapay zeka size s\u00f6yler. Hammadde fiyatlar\u0131 d\u00fc\u015f\u00fcyor ama tedarik\u00e7iniz hen\u00fcz ayarlamad\u0131 m\u0131? Bir sonraki pazarl\u0131ktan \u00f6nce haberiniz olur.<\/p>\n\n\n<hr class=\"wp-block-separator has-alpha-channel-opacity\"\/>\n\n\n\n<h3 class=\"wp-block-heading\">Bu Sizin \u0130\u00e7in Ne Anlama Geliyor?<\/h3>\n\n\n\n<h4 class=\"wp-block-heading\">CPO'lar ve Sat\u0131n Alma Liderleri i\u00e7in<\/h4>\n\n\n<p>Ekibinizi geni\u015fletmeden stratejik kaynak bulma kabiliyetine sahip olursunuz.<\/p>\n<ul>\n<li><strong>Daha iyi tedarik\u00e7i se\u00e7imi:<\/strong> Daha fazla se\u00e7enek de\u011ferlendirildi. Objektif puanlama. Kan\u0131ta dayal\u0131 kararlar.<\/li>\n<li><strong>Daha d\u00fc\u015f\u00fck risk:<\/strong> Tedarik\u00e7i sorunlar\u0131 hakk\u0131nda erken uyar\u0131. Taahh\u00fctte bulunmadan \u00f6nce kapsaml\u0131 risk de\u011ferlendirmesi.<\/li>\n<li><strong>Daha rekabet\u00e7i fiyatland\u0131rma:<\/strong> M\u00fczakereler i\u00e7in piyasa istihbarat\u0131. Fiyatland\u0131rma trendleri ve alternatifleri hakk\u0131nda g\u00f6r\u00fcn\u00fcrl\u00fck.<\/li>\n<li><strong>Stratejik odaklanma:<\/strong> Ekibiniz tedarik\u00e7ileri ara\u015ft\u0131rmak yerine pazarl\u0131k yapar ve ili\u015fkiler kurar.<\/li>\n<li><strong>Daha h\u0131zl\u0131 kaynak bulma d\u00f6ng\u00fcleri:<\/strong> Haftalarca s\u00fcren ara\u015ft\u0131rma g\u00fcnlere s\u0131k\u0131\u015ft\u0131r\u0131ld\u0131. \u0130\u015f ihtiya\u00e7lar\u0131na daha h\u0131zl\u0131 yan\u0131t.<\/li>\n<\/ul>\n\n\n<h4 class=\"wp-block-heading\">Sat\u0131n Alma Y\u00f6neticileri ve Al\u0131c\u0131lar i\u00e7in<\/h4>\n\n\n<p>M\u00fczakereler ve ili\u015fkiler i\u00e7in zaman harc\u0131yorsunuz, ara\u015ft\u0131rma i\u00e7in de\u011fil.<\/p>\n<ul>\n<li><strong>Kapsaml\u0131 tedarik\u00e7i se\u00e7enekleri:<\/strong> Sadece zaten bildiklerinizi de\u011fil, t\u00fcm uygun tedarik\u00e7ileri g\u00f6r\u00fcn.<\/li>\n<li><strong>Tedarik\u00e7i se\u00e7imlerinde g\u00fcven:<\/strong> Veri destekli \u00f6neriler. Tedarik\u00e7i kararlar\u0131 i\u00e7in kan\u0131tlar.<\/li>\n<li><strong>Daha iyi al\u0131nt\u0131 analizi:<\/strong> Ger\u00e7ek maliyet kar\u015f\u0131la\u015ft\u0131rmas\u0131. Art\u0131k manuel hesap tablosu \u00e7al\u0131\u015fmas\u0131 yok.<\/li>\n<li><strong>Pazar anlay\u0131\u015f\u0131:<\/strong> Kategorilerinizde neler oldu\u011funu bilin. Bilgi sahibi oldu\u011funuz bir konumdan pazarl\u0131k yap\u0131n.<\/li>\n<li><strong>Stratejik \u00e7al\u0131\u015fma zaman\u0131:<\/strong> Tedarik\u00e7i bulmak i\u00e7in daha az zaman. Tedarik\u00e7i ili\u015fkilerini optimize etmek i\u00e7in daha fazla zaman.<\/li>\n<\/ul>\n\n\n<h4 class=\"wp-block-heading\">\u0130\u015f i\u00e7in<\/h4>\n\n\n<p>Daha iyi tedarik\u00e7iler, daha iyi operasyonlar ve daha iyi marjlar anlam\u0131na gelir.<\/p>\n<ul>\n<li><strong>Daha iyi tedarik\u00e7iler:<\/strong> Ger\u00e7ekten kalite, g\u00fcvenilirlik ve de\u011fer sunan tedarik\u00e7ileri bulun.<\/li>\n<li><strong>Daha iyi fiyatlar:<\/strong> Pazar bilgisi daha iyi m\u00fczakereler yap\u0131lmas\u0131n\u0131 sa\u011flar. Rekabet daha iyi ko\u015fullar sa\u011flar.<\/li>\n<li><strong>Daha az tedarik kesintisi:<\/strong> Risk de\u011ferlendirmesi, sorunlar\u0131 \u00fcretimi etkilemeden \u00f6nce yakalar.<\/li>\n<li><strong>Daha h\u0131zl\u0131 pazara sunma s\u00fcresi:<\/strong> Yeni \u00fcr\u00fcnler veya projeler i\u00e7in h\u0131zl\u0131 tedarik\u00e7i bulma.<\/li>\n<li><strong>Rekabet avantaj\u0131:<\/strong> Eski ili\u015fkilere ba\u011fl\u0131 kalan rakiplerden daha iyi tedarik\u00e7ilere eri\u015fim.<\/li>\n<\/ul>\n\n\n<hr class=\"wp-block-separator has-alpha-channel-opacity\"\/>\n\n\n\n<h3 class=\"wp-block-heading\">Yapay Zekan\u0131n Yapamayaca\u011f\u0131 \u015eeyler<\/h3>\n\n\n<p>S\u0131n\u0131rlar konusunda a\u00e7\u0131k olal\u0131m.<\/p>\n<p>Yapay zeka, tedarik\u00e7i ili\u015fkilerinde insan muhakemesinin yerini almaz. Anla\u015fmalar i\u00e7in pazarl\u0131k yapmaz. Bir tedarik\u00e7inin kurulu\u015funuz i\u00e7in do\u011fru k\u00fclt\u00fcrel uyum olup olmad\u0131\u011f\u0131n\u0131 de\u011ferlendirmez. Stratejik ortakl\u0131klar hakk\u0131nda nihai karar\u0131 vermez.<\/p>\n<p>Baz\u0131 tedarik\u00e7i kararlar\u0131 i\u00e7in insan g\u00f6r\u00fc\u015f\u00fc gerekir:<\/p>\n<ul>\n<li>Ortak geli\u015ftirme veya yat\u0131r\u0131m i\u00e7eren stratejik tedarik\u00e7i ortakl\u0131klar\u0131<\/li>\n<li>\u0130li\u015fkilerin ve kald\u0131rac\u0131n \u00f6nemli oldu\u011fu karma\u015f\u0131k m\u00fczakereler<\/li>\n<li>Risk tolerans\u0131n\u0131n i\u015f stratejisine ba\u011fl\u0131 oldu\u011fu durumlar<\/li>\n<li>Kalifikasyonun verilerin \u00f6tesine ge\u00e7ti\u011fi kritik bile\u015fenler i\u00e7in tedarik\u00e7iler<\/li>\n<li>Puanlarda veya derecelendirmelerde g\u00f6r\u00fcnmeyen ili\u015fki fakt\u00f6rleri<\/li>\n<\/ul>\n<p>Yapay zeka ara\u015ft\u0131rma, analiz ve de\u011ferlendirmeyi ele al\u0131r. Sat\u0131n alma ekibiniz strateji, ili\u015fkiler ve karar verme s\u00fcre\u00e7leriyle ilgilenir.<\/p>\n<p>Ancak bu kararlar\u0131 daha iyi bilgi, daha fazla se\u00e7enek ve manuel ara\u015ft\u0131rma i\u00e7in daha az zaman harcayarak veriyorlar.<\/p>\n\n\n<hr class=\"wp-block-separator has-alpha-channel-opacity\"\/>\n\n\n\n<h3 class=\"wp-block-heading\">Tedarik\u00e7i Ke\u015ffi Yapay Zekas\u0131ndan Ger\u00e7ek Sonu\u00e7lar<\/h3>\n\n\n<p>\u0130\u015fte bunun pratikte nas\u0131l g\u00f6r\u00fcnd\u00fc\u011f\u00fc:<\/p>\n\n<p><strong>Daha h\u0131zl\u0131 kaynak bulma d\u00f6ng\u00fcleri:<\/strong> 3-4 hafta s\u00fcren tedarik\u00e7i ke\u015ffi art\u0131k g\u00fcnler s\u00fcr\u00fcyor. Ekibiniz daha k\u0131sa s\u00fcrede daha fazla tedarik\u00e7iyi de\u011ferlendiriyor.<\/p>\n\n<p><strong>Daha iyi fiyatland\u0131rma:<\/strong> 3 yerine 10 tedarik\u00e7iyi de\u011ferlendirdi\u011finizde daha iyi fiyatlar bulursunuz. Rekabet sizin lehinize \u00e7al\u0131\u015f\u0131r.<\/p>\n\n<p><strong>Riskten ka\u00e7\u0131nma:<\/strong> Finansal sorunlar\u0131 veya uyum sorunlar\u0131 olan tedarik\u00e7iler siz s\u00f6zle\u015fme imzalamadan \u00f6nce i\u015faretlenir. Sorunlar y\u00f6netilmez, \u00f6nlenir.<\/p>\n\n<p><strong>Pazar anlay\u0131\u015f\u0131:<\/strong> Al\u0131c\u0131lar\u0131n\u0131z adil bir anla\u015fma yapt\u0131klar\u0131n\u0131 ummak yerine piyasa bilgisi ile pazarl\u0131k yaparlar.<\/p>\n\n<p><strong>Stratejik kaynak kullan\u0131m\u0131:<\/strong> Ekibiniz se\u00e7enekleri ara\u015ft\u0131rmaya de\u011fil, tedarik\u00e7i ili\u015fkileri kurmaya ve \u015fartlar\u0131 m\u00fczakere etmeye odaklan\u0131r.<\/p>\n\n<p>Bu, al\u0131c\u0131 uzmanl\u0131\u011f\u0131n\u0131n yerini almakla ilgili de\u011fil. Bu, onlara daha stratejik olmalar\u0131n\u0131 sa\u011flayacak ara\u00e7lar vermekle ilgili.<\/p>\n\n\n<hr class=\"wp-block-separator has-alpha-channel-opacity\"\/>\n\n\n\n<h3 class=\"wp-block-heading\">Tedarik\u00e7i Ke\u015fif S\u00fcrecinizi \u0130yile\u015ftirmeye Haz\u0131r m\u0131s\u0131n\u0131z?<\/h3>\n\n\n<p>Her \u015firketin tedarik\u00e7i ke\u015fif ihtiya\u00e7lar\u0131 farkl\u0131d\u0131r. Kategorilerinizin benzersiz gereksinimleri vard\u0131r. Risk tolerans\u0131n\u0131z i\u015f modelinize ba\u011fl\u0131d\u0131r. Tedarik\u00e7i kriterleriniz \u00f6nceliklerinizi yans\u0131t\u0131r.<\/p>\n<p>Genel tedarik\u00e7i ke\u015fif ara\u00e7lar\u0131 satm\u0131yoruz. Sizin \u00f6zel kaynak bulma zorluklar\u0131n\u0131za bak\u0131yoruz. Yapay zekan\u0131n tedarik\u00e7i de\u011ferlendirmesini ger\u00e7ekten nerede daha iyi ve daha h\u0131zl\u0131 hale getirebilece\u011fini belirliyoruz. Sat\u0131n alma ekibinizin \u00e7al\u0131\u015fma \u015fekline uygun sistemler kuruyoruz.<\/p>\n<p>\"Devrim niteli\u011findeki yapay zeka\" hakk\u0131nda abart\u0131 yok. Sadece al\u0131c\u0131lar\u0131n\u0131z\u0131n tedarik\u00e7i bulma ve de\u011ferlendirme konusunda daha etkili olmas\u0131n\u0131 sa\u011flayan pratik ara\u00e7lar.<\/p>\n\n<p><a href=\"https:\/\/www.leaplytics.de\/tr\/kontakt\/\">Tedarik\u00e7i Tedarik S\u00fcreciniz Hakk\u0131nda Konu\u015fal\u0131m<\/a><\/p>\n\n<p><a href=\"https:\/\/www.leaplytics.de\/tr\/tedarik-tedarik-ai\/\">Kaynak Bulma ve Tedarik Yapay Zekas\u0131na Geri D\u00f6n<\/a><\/p>","protected":false},"excerpt":{"rendered":"<p>AI for Supplier Discovery &#038; Evaluation: Find Better Suppliers Faster Finding the right supplier is one of the most important decisions in procurement. Get it right and you have quality products, reliable delivery, and competitive prices. Get it wrong and you&#8217;re dealing with delays, quality issues, and budget overruns. But finding and evaluating suppliers takes &hellip; <\/p>","protected":false},"author":2,"featured_media":0,"parent":0,"menu_order":0,"comment_status":"closed","ping_status":"closed","template":"","meta":{"footnotes":""},"class_list":["post-14513","page","type-page","status-publish","hentry","latest_post"],"_links":{"self":[{"href":"https:\/\/www.leaplytics.de\/tr\/wp-json\/wp\/v2\/pages\/14513","targetHints":{"allow":["GET"]}}],"collection":[{"href":"https:\/\/www.leaplytics.de\/tr\/wp-json\/wp\/v2\/pages"}],"about":[{"href":"https:\/\/www.leaplytics.de\/tr\/wp-json\/wp\/v2\/types\/page"}],"author":[{"embeddable":true,"href":"https:\/\/www.leaplytics.de\/tr\/wp-json\/wp\/v2\/users\/2"}],"replies":[{"embeddable":true,"href":"https:\/\/www.leaplytics.de\/tr\/wp-json\/wp\/v2\/comments?post=14513"}],"version-history":[{"count":1,"href":"https:\/\/www.leaplytics.de\/tr\/wp-json\/wp\/v2\/pages\/14513\/revisions"}],"predecessor-version":[{"id":14522,"href":"https:\/\/www.leaplytics.de\/tr\/wp-json\/wp\/v2\/pages\/14513\/revisions\/14522"}],"wp:attachment":[{"href":"https:\/\/www.leaplytics.de\/tr\/wp-json\/wp\/v2\/media?parent=14513"}],"curies":[{"name":"wp","href":"https:\/\/api.w.org\/{rel}","templated":true}]}}