{"id":1785,"date":"2021-04-30T00:16:19","date_gmt":"2021-04-29T22:16:19","guid":{"rendered":"https:\/\/www.leaplytics.de\/?page_id=1785"},"modified":"2024-10-29T13:47:21","modified_gmt":"2024-10-29T12:47:21","slug":"qliksense-i%cc%87ci%cc%87n-proje-yoneti%cc%87m-paketi%cc%87","status":"publish","type":"page","link":"https:\/\/www.leaplytics.de\/tr\/on-sayfa\/qlik-sense-uzantilari\/qliksense-i%cc%87ci%cc%87n-proje-yoneti%cc%87m-paketi%cc%87\/","title":{"rendered":"Qlik Sense i\u00e7in Proje Y\u00f6netimi Paketi"},"content":{"rendered":"<p>LeapLytics Project Management Suite ile Qlik Sense'te proje y\u00f6netimi i\u00e7in yetersiz ve olgunla\u015fmam\u0131\u015f yama \u00e7al\u0131\u015fmalar\u0131ndan kurtulun!<\/p>\n\n\n\n<p>Qlik Sense i\u00e7in Project Management Suite, kapsaml\u0131 bir proje y\u00f6netimi durum raporlamas\u0131 olu\u015fturmak i\u00e7in ihtiyac\u0131n\u0131z olan her \u015feyi i\u00e7erir. 3 benzersiz g\u00f6rselle\u015ftirme i\u00e7erir: Trafik I\u015f\u0131\u011f\u0131, Risk Matrisi ve Zaman \u00c7izelgesi. Ayr\u0131ca proje y\u00f6netimi panonuzu tasarlamak i\u00e7in gerekli eklentilere de sahip olursunuz. Eklentiler y\u00fcksek performans, y\u00fcksek d\u00fczeyde olgunluk ve kullan\u0131labilirli\u011fin yan\u0131 s\u0131ra bireysel ihtiya\u00e7lar\u0131n\u0131za uyacak esneklik g\u00f6sterir.<\/p>\n\n\n\n<p>Suite, bir proje y\u00f6netimi panosunun olu\u015fturulmas\u0131n\u0131 ger\u00e7ekten geli\u015ftiren ilgili Eklentileri i\u00e7erir. B\u00f6l\u00fcc\u00fc Vuru\u015flar, kullan\u0131c\u0131y\u0131 maksimum performansla y\u00f6nlendirmek i\u00e7in g\u00f6sterge tablosunu alanlarda yap\u0131land\u0131rabilir. Olgunluk G\u00f6r\u00fcnt\u00fcleyici, projenin a\u015famalar\u0131 veya evreleri hakk\u0131nda daha fazla netlik sa\u011flar. \u015eirket Logosu Uzant\u0131s\u0131, bireysel \u015firket logonuzu kullan\u0131labilir bir QlikSense nesnesine aktar\u0131r. Logonuzun d\u00f6n\u00fc\u015ft\u00fcr\u00fclmesi \u00fccretsizdir.<\/p>\n\n\n\n<p>Suite ayr\u0131ca, proje y\u00f6netimi uzant\u0131lar\u0131n\u0131 bir bak\u0131\u015fta g\u00f6rmek i\u00e7in kullan\u0131m\u0131 kolay bir paket entegrasyonu ile birlikte gelir. Uzant\u0131lar, kodlama deneyimi olmadan sezgisel bir kullan\u0131m\u0131n yan\u0131 s\u0131ra ayarlar arac\u0131l\u0131\u011f\u0131yla uyumlu bir kullan\u0131c\u0131 rehberli\u011fi g\u00f6sterir. \u0130\u015fle ilgili kullan\u0131m \u00f6rneklerini i\u00e7eren kapsaml\u0131 dok\u00fcmantasyon kullan\u0131m kolayl\u0131\u011f\u0131n\u0131 tamamlar. S\u0131k ve sa\u011flam s\u00fcr\u00fcmler kullan\u0131m durumunuzu g\u00fcncel tutar.<\/p>\n\n\n\n<h3 class=\"wp-block-heading\">Qlik Sense i\u00e7erikleri i\u00e7in Proje Y\u00f6netimi Paketi<\/h3>\n\n\n\n<p>L\u00fctfen resmin \u00fczerine t\u0131klayarak resmi belgeleri a\u00e7\u0131n. <\/p>\n\n\n\n<div class=\"wp-block-columns is-layout-flex wp-container-core-columns-is-layout-1 wp-block-columns-is-layout-flex\">\n<div class=\"wp-block-column is-layout-flow wp-block-column-is-layout-flow\">\n<h4 class=\"wp-block-heading\"><strong>Trafik I\u015f\u0131\u011f\u0131<\/strong><\/h4>\n<\/div>\n\n\n\n<div class=\"wp-block-column is-layout-flow wp-block-column-is-layout-flow\">\n<h4 class=\"wp-block-heading\"><strong>Risk Is\u0131 Haritas\u0131<\/strong><\/h4>\n<\/div>\n\n\n\n<div class=\"wp-block-column is-layout-flow wp-block-column-is-layout-flow\">\n<h4 class=\"wp-block-heading\"><strong>Zaman \u00c7izelgesi<\/strong><\/h4>\n<\/div>\n\n\n\n<div class=\"wp-block-column is-layout-flow wp-block-column-is-layout-flow\">\n<h4 class=\"wp-block-heading\"><strong>H\u0131zland\u0131r\u0131c\u0131lar<\/strong><\/h4>\n<\/div>\n<\/div>\n\n\n\n<div class=\"wp-block-columns is-layout-flex wp-container-core-columns-is-layout-2 wp-block-columns-is-layout-flex\">\n<div class=\"wp-block-column is-layout-flow wp-block-column-is-layout-flow\">\n<figure class=\"wp-block-image size-full\"><img loading=\"lazy\" decoding=\"async\" width=\"287\" height=\"300\" src=\"https:\/\/www.leaplytics.de\/wp-content\/uploads\/2021\/11\/TrafficLight300pixel.png\" alt=\"\" class=\"wp-image-2361\" title=\"Proje Y\u00f6netim Paketi Trafik I\u015f\u0131\u011f\u0131\" srcset=\"https:\/\/www.leaplytics.de\/wp-content\/uploads\/2021\/11\/TrafficLight300pixel.png 287w, https:\/\/www.leaplytics.de\/wp-content\/uploads\/2021\/11\/TrafficLight300pixel-57x60.png 57w\" sizes=\"auto, (max-width: 287px) 100vw, 287px\" \/><\/figure>\n<\/div>\n\n\n\n<div class=\"wp-block-column is-layout-flow wp-block-column-is-layout-flow\">\n<figure class=\"wp-block-image size-full\"><img loading=\"lazy\" decoding=\"async\" width=\"287\" height=\"300\" src=\"https:\/\/www.leaplytics.de\/wp-content\/uploads\/2021\/11\/RiskHeatmap-Kasten-Blau_300pixel.png\" alt=\"\" class=\"wp-image-2363\" title=\"Proje Y\u00f6netim Paketi Risk Is\u0131 Haritas\u0131\" srcset=\"https:\/\/www.leaplytics.de\/wp-content\/uploads\/2021\/11\/RiskHeatmap-Kasten-Blau_300pixel.png 287w, https:\/\/www.leaplytics.de\/wp-content\/uploads\/2021\/11\/RiskHeatmap-Kasten-Blau_300pixel-57x60.png 57w\" sizes=\"auto, (max-width: 287px) 100vw, 287px\" \/><\/figure>\n<\/div>\n\n\n\n<div class=\"wp-block-column is-vertically-aligned-center is-layout-flow wp-block-column-is-layout-flow\"><div class=\"wp-block-image\">\n<figure class=\"aligncenter size-full\"><img loading=\"lazy\" decoding=\"async\" width=\"287\" height=\"300\" src=\"https:\/\/www.leaplytics.de\/wp-content\/uploads\/2021\/11\/TIMELINE_300pixel.png\" alt=\"\" class=\"wp-image-2364\" title=\"Project Management Suite Kilometre Ta\u015f\u0131 G\u00f6r\u00fcn\u00fcm\u00fc\" srcset=\"https:\/\/www.leaplytics.de\/wp-content\/uploads\/2021\/11\/TIMELINE_300pixel.png 287w, https:\/\/www.leaplytics.de\/wp-content\/uploads\/2021\/11\/TIMELINE_300pixel-57x60.png 57w\" sizes=\"auto, (max-width: 287px) 100vw, 287px\" \/><\/figure><\/div><\/div>\n\n\n\n<div class=\"wp-block-column is-layout-flow wp-block-column-is-layout-flow\">\n<figure class=\"wp-block-image size-full\"><img loading=\"lazy\" decoding=\"async\" width=\"567\" height=\"593\" src=\"https:\/\/www.leaplytics.de\/wp-content\/uploads\/2021\/11\/Accelerators_1_300pixel.png\" alt=\"\" class=\"wp-image-2365\" title=\"Proje Y\u00f6netim Paketi H\u0131zland\u0131r\u0131c\u0131\" srcset=\"https:\/\/www.leaplytics.de\/wp-content\/uploads\/2021\/11\/Accelerators_1_300pixel.png 567w, https:\/\/www.leaplytics.de\/wp-content\/uploads\/2021\/11\/Accelerators_1_300pixel-287x300.png 287w, https:\/\/www.leaplytics.de\/wp-content\/uploads\/2021\/11\/Accelerators_1_300pixel-57x60.png 57w\" sizes=\"auto, (max-width: 567px) 100vw, 567px\" \/><\/figure>\n<\/div>\n<\/div>\n\n\n\n<div class=\"wp-block-columns is-layout-flex wp-container-core-columns-is-layout-3 wp-block-columns-is-layout-flex\">\n<div class=\"wp-block-column is-layout-flow wp-block-column-is-layout-flow\">\n<h6 class=\"wp-block-heading\">Durum g\u00f6stergesini temizle<\/h6>\n\n\n\n<h6 class=\"wp-block-heading\">Her t\u00fcr \u00fcnite i\u00e7in esnek aral\u0131klar<\/h6>\n\n\n\n<h6 class=\"wp-block-heading\">Bireysel g\u00f6r\u00fcn\u00fcm ve his ve kolay kullan\u0131m<\/h6>\n<\/div>\n\n\n\n<div class=\"wp-block-column is-layout-flow wp-block-column-is-layout-flow\">\n<h6 class=\"wp-block-heading\">Eksiksiz risk profilleri<\/h6>\n\n\n\n<h6 class=\"wp-block-heading\">\u0130ki kategori i\u00e7in istikrarl\u0131 ve basit \u0131zgara<\/h6>\n\n\n\n<h6 class=\"wp-block-heading\">Farkl\u0131 alan setleri ve renk kodlamas\u0131<\/h6>\n<\/div>\n\n\n\n<div class=\"wp-block-column is-layout-flow wp-block-column-is-layout-flow\">\n<h6 class=\"wp-block-heading\">Zaman \u00f6l\u00e7ekli kilometre ta\u015f\u0131 ekran\u0131<\/h6>\n\n\n\n<h6 class=\"wp-block-heading\">Ba\u015flang\u0131\u00e7 ve biti\u015f ile zaman \u00e7izelgesinin otomatik \u00f6l\u00e7eklendirilmesi<\/h6>\n\n\n\n<h6 class=\"wp-block-heading\">Esnek a\u00e7\u0131klamalar ve sapma renkleri<\/h6>\n<\/div>\n\n\n\n<div class=\"wp-block-column is-layout-flow wp-block-column-is-layout-flow\">\n<h6 class=\"wp-block-heading\">Performant eklentileri<\/h6>\n\n\n\n<h6 class=\"wp-block-heading\">Bireysel \u015firket logosu<\/h6>\n\n\n\n<h6 class=\"wp-block-heading\">Bir\u00e7ok kullan\u0131m durumu i\u00e7in olgunluk g\u00f6r\u00fcn\u00fcm\u00fc<\/h6>\n<\/div>\n<\/div>\n\n\n\n<hr class=\"wp-block-separator has-css-opacity\"\/>\n\n\n\n<p>\u00d6zel g\u00fcncellemeleri ve yay\u0131nlar\u0131 almak i\u00e7in buraya abone olun: <a href=\"https:\/\/www.leaplytics.de\/tr\/subscribe_product\/\"><strong>Abonelik<\/strong><\/a><\/p>\n\n\n\n<div class=\"wp-block-columns are-vertically-aligned-center is-layout-flex wp-container-core-columns-is-layout-4 wp-block-columns-is-layout-flex\">\n<div class=\"wp-block-column is-vertically-aligned-center is-layout-flow wp-block-column-is-layout-flow\" style=\"flex-basis:100%\">\n<p><\/p>\n<\/div>\n<\/div>\n\n\n\n<p><\/p>","protected":false},"excerpt":{"rendered":"<p>QilkSense i\u00e7in Risk Is\u0131 Haritas\u0131 ile risk profilleriniz hakk\u0131nda keskin bir g\u00f6rsel g\u00f6r\u00fcn\u00fcm elde edin! Eklenti, iki KPI ve farkl\u0131 kategorilerden olu\u015fan bir matriste \u00f6l\u00e7\u00fclen profilleri g\u00f6rselle\u015ftirmek i\u00e7in olu\u015fturulmu\u015ftur. Alan ba\u015f\u0131na birden fazla g\u00f6stergeyi (\u00fccretsiz s\u00fcr\u00fcmde 4'e kadar) g\u00f6rselle\u015ftirebilir. 3\u00d73- ve 5\u00d75-alan matrisi aras\u0131nda kolay ge\u00e7i\u015f, kenarl\u0131k ve metin ayarlar\u0131 gibi \u00e7e\u015fitli ayarlar bu uzant\u0131y\u0131 raporlama ihtiya\u00e7lar\u0131n\u0131za uyarlar. <\/p>\n<p>Bu uzant\u0131 ayn\u0131 zamanda her t\u00fcrl\u00fc fiziksel \u00f6l\u00e7\u00fcm, kalite g\u00f6stergesi ve genel olarak farkl\u0131l\u0131klar i\u00e7in e\u015fiklerin izlenmesi ve g\u00f6sterilmesi i\u00e7in de kullan\u0131labilir. Bu sayede, farkl\u0131 i\u015fletmelerde ortaya \u00e7\u0131kan \u00e7ok say\u0131da kullan\u0131m durumuna uygulanabilir.<\/p>","protected":false},"author":1,"featured_media":0,"parent":227,"menu_order":1,"comment_status":"closed","ping_status":"closed","template":"","meta":{"footnotes":""},"class_list":["post-1785","page","type-page","status-publish","hentry","latest_post"],"_links":{"self":[{"href":"https:\/\/www.leaplytics.de\/tr\/wp-json\/wp\/v2\/pages\/1785","targetHints":{"allow":["GET"]}}],"collection":[{"href":"https:\/\/www.leaplytics.de\/tr\/wp-json\/wp\/v2\/pages"}],"about":[{"href":"https:\/\/www.leaplytics.de\/tr\/wp-json\/wp\/v2\/types\/page"}],"author":[{"embeddable":true,"href":"https:\/\/www.leaplytics.de\/tr\/wp-json\/wp\/v2\/users\/1"}],"replies":[{"embeddable":true,"href":"https:\/\/www.leaplytics.de\/tr\/wp-json\/wp\/v2\/comments?post=1785"}],"version-history":[{"count":3,"href":"https:\/\/www.leaplytics.de\/tr\/wp-json\/wp\/v2\/pages\/1785\/revisions"}],"predecessor-version":[{"id":13665,"href":"https:\/\/www.leaplytics.de\/tr\/wp-json\/wp\/v2\/pages\/1785\/revisions\/13665"}],"up":[{"embeddable":true,"href":"https:\/\/www.leaplytics.de\/tr\/wp-json\/wp\/v2\/pages\/227"}],"wp:attachment":[{"href":"https:\/\/www.leaplytics.de\/tr\/wp-json\/wp\/v2\/media?parent=1785"}],"curies":[{"name":"wp","href":"https:\/\/api.w.org\/{rel}","templated":true}]}}