{"id":2170,"date":"2021-06-21T21:09:50","date_gmt":"2021-06-21T19:09:50","guid":{"rendered":"https:\/\/www.leaplytics.de\/?page_id=2170"},"modified":"2023-02-09T15:48:24","modified_gmt":"2023-02-09T14:48:24","slug":"bi-gucu-icin-trafik-isigi-gorselleri","status":"publish","type":"page","link":"https:\/\/www.leaplytics.de\/tr\/on-sayfa\/proje-yonetimi-ozel-gorseller-microsoft-powerbi\/bi-gucu-icin-trafik-isigi-gorselleri\/","title":{"rendered":"Microsoft Power BI i\u00e7in Trafik I\u015f\u0131\u011f\u0131 G\u00f6rseli"},"content":{"rendered":"<p><img loading=\"lazy\" decoding=\"async\" width=\"150\" height=\"37\" class=\"wp-image-8358\" style=\"width: 150px;\" src=\"https:\/\/www.leaplytics.de\/wp-content\/uploads\/2022\/05\/PBI-Certified.png\" alt=\"\" srcset=\"https:\/\/www.leaplytics.de\/wp-content\/uploads\/2022\/05\/PBI-Certified.png 152w, https:\/\/www.leaplytics.de\/wp-content\/uploads\/2022\/05\/PBI-Certified-150x37.png 150w\" sizes=\"auto, (max-width: 150px) 100vw, 150px\" \/><\/p>\n\n\n\n<p>\"Trafik I\u015f\u0131\u011f\u0131\", t\u00fcm temel performans g\u00f6stergeleriniz i\u00e7in g\u00f6rsel uyar\u0131lar sunan \u00f6zelle\u015ftirilebilir bir Microsoft Power BI g\u00f6rselidir. Yatay ve dikey hizalama ve bir\/iki\/\u00fc\u00e7 \u0131\u015f\u0131k sistemi gibi \u00f6zelliklerle bu g\u00f6rsel, raporlama ihtiya\u00e7lar\u0131n\u0131za g\u00f6re uyarlanabilir ve KPI'lar\u0131n\u0131z \u00fczerinde daha iyi kontrol sahibi olman\u0131z\u0131 sa\u011flar!<\/p>\n\n\n\n<div style=\"height:10px\" aria-hidden=\"true\" class=\"wp-block-spacer\"><\/div>\n\n\n\n<figure class=\"wp-block-image size-full\"><img loading=\"lazy\" decoding=\"async\" width=\"1140\" height=\"641\" src=\"https:\/\/www.leaplytics.de\/wp-content\/uploads\/2022\/04\/First_Slice_Traffic_Light_PowerBI.png\" alt=\"Microsoft Power BI i\u00e7in Trafik I\u015f\u0131\u011f\u0131 G\u00f6rseli\" class=\"wp-image-6582\" srcset=\"https:\/\/www.leaplytics.de\/wp-content\/uploads\/2022\/04\/First_Slice_Traffic_Light_PowerBI.png 1140w, https:\/\/www.leaplytics.de\/wp-content\/uploads\/2022\/04\/First_Slice_Traffic_Light_PowerBI-300x169.png 300w, https:\/\/www.leaplytics.de\/wp-content\/uploads\/2022\/04\/First_Slice_Traffic_Light_PowerBI-1024x576.png 1024w, https:\/\/www.leaplytics.de\/wp-content\/uploads\/2022\/04\/First_Slice_Traffic_Light_PowerBI-768x432.png 768w, https:\/\/www.leaplytics.de\/wp-content\/uploads\/2022\/04\/First_Slice_Traffic_Light_PowerBI-107x60.png 107w\" sizes=\"auto, (max-width: 1140px) 100vw, 1140px\" \/><\/figure>\n\n\n\n<div style=\"height:50px\" aria-hidden=\"true\" class=\"wp-block-spacer\"><\/div>\n\n\n\n<h3 class=\"has-text-align-center wp-block-heading\" id=\"benefits\">Avantajlar<\/h3>\n\n\n\n<h5 class=\"wp-block-heading\" id=\"decision-maker\">Karar Verici<\/h5>\n\n\n\n<p>Bir karar verici olarak, zaman\u0131n\u0131z\u0131n ve dikkatinizin nerede gerekli oldu\u011funu bir bak\u0131\u015fta g\u00f6rmenizi sa\u011flayan net ve anlaml\u0131 raporlara ihtiyac\u0131n\u0131z vard\u0131r. Microsoft Power BI i\u00e7in Trafik I\u015f\u0131\u011f\u0131 G\u00f6rselimiz, \u00f6nemli rakamlar tolere edilebilir aral\u0131klar\u0131n d\u0131\u015f\u0131na \u00e7\u0131kt\u0131\u011f\u0131nda an\u0131nda uyar\u0131lar sa\u011flayarak bunu m\u00fcmk\u00fcn k\u0131lar.<\/p>\n\n\n\n<p class=\"has-text-align-left\"><em>Dikkat etmeniz veya iyile\u015ftirmeniz gerekebilecek alanlar\u0131 h\u0131zla belirleyerek daha bilin\u00e7li ve zaman\u0131nda kararlar alman\u0131z\u0131 sa\u011flar. Bu, kurulu\u015funuzun performans\u0131n\u0131 optimize etmenize ve nihayetinde daha iyi sonu\u00e7lar elde etmenize yard\u0131mc\u0131 olacakt\u0131r.<\/em><\/p>\n\n\n\n<h5 class=\"wp-block-heading\" id=\"department-manager-consultant\">Departman M\u00fcd\u00fcr\u00fc \/ Dan\u0131\u015fman<\/h5>\n\n\n\n<p>Bir y\u00f6netici veya dan\u0131\u015fman olarak, Microsoft Power BI i\u00e7in Trafik I\u015f\u0131\u011f\u0131 G\u00f6rselini kullanmak i\u00e7in herhangi bir programlama bilgisine ihtiyac\u0131n\u0131z yoktur. T\u00fcm karma\u015f\u0131k uygulamalar sizin i\u00e7in zaten yap\u0131lm\u0131\u015ft\u0131r, b\u00f6ylece hemen kullanmaya ba\u015flayabilirsiniz. Sadece kritik de\u011fer aral\u0131klar\u0131n\u0131 tan\u0131mlay\u0131n ve tasar\u0131m\u0131 i\u015f ihtiya\u00e7lar\u0131n\u0131za uyacak \u015fekilde \u00f6zelle\u015ftirin. <\/p>\n\n\n\n<p><em>Eklentimiz g\u00f6sterge tablolar\u0131n\u0131za sorunsuz bir \u015fekilde entegre olarak size zaman kazand\u0131r\u0131r ve raporlar\u0131n\u0131z\u0131n anlaml\u0131l\u0131\u011f\u0131n\u0131 art\u0131r\u0131r. Power BI i\u00e7in Trafik I\u015f\u0131\u011f\u0131 g\u00f6rseli ile m\u00fc\u015fterilerinizi veya amirlerinizi etkileyin.<\/em><\/p>\n\n\n\n<h5 class=\"wp-block-heading\" id=\"engineer-developer\">M\u00fchendis \/ Geli\u015ftirici<\/h5>\n\n\n\n<p>BI panolar\u0131 olu\u015fturuyorsan\u0131z, projenizi ba\u015far\u0131yla tamamlaman\u0131za yard\u0131mc\u0131 olmam\u0131za izin verin. Power BI i\u00e7in Traffic Light g\u00f6rselimiz esnek mant\u0131k ve tamamen \u00f6zelle\u015ftirilebilir tasar\u0131m sunarak m\u00fc\u015fterilerinizi etkileyici, profesyonel panolarla etkilemenizi sa\u011flar. G\u00f6rselimizle zamandan ve enerjiden tasarruf edin ve sorular\u0131n\u0131z veya endi\u015feleriniz i\u00e7in ki\u015fisel, do\u011frudan deste\u011fimizden yararlan\u0131n.<\/p>\n\n\n\n<p><em>A\u00e7\u0131k ileti\u015fim ve kolay kullan\u0131m hizmetinizi geli\u015ftirir ve i\u015finizi kolayla\u015ft\u0131r\u0131r.<\/em><\/p>\n\n\n\n<div style=\"height:50px\" aria-hidden=\"true\" class=\"wp-block-spacer\"><\/div>\n\n\n\n<div class=\"wp-block-group alignfull has-black-color has-text-color has-background has-link-color wp-elements-d994ed8cdde441663adf95149c771378\" style=\"background-color:#eeeeee\"><div class=\"wp-block-group__inner-container is-layout-flow wp-block-group-is-layout-flow\">\n<div style=\"height:50px\" aria-hidden=\"true\" class=\"wp-block-spacer\"><\/div>\n\n\n\n<h3 class=\"has-text-align-center wp-block-heading\">\u00d6zellikler<\/h3>\n\n\n\n<div style=\"height:50px\" aria-hidden=\"true\" class=\"wp-block-spacer\"><\/div>\n\n\n\n<div class=\"wp-block-columns is-layout-flex wp-container-core-columns-is-layout-1 wp-block-columns-is-layout-flex\">\n<div class=\"wp-block-column is-layout-flow wp-block-column-is-layout-flow\">\n<div class=\"wp-block-media-text alignwide is-stacked-on-mobile\" style=\"grid-template-columns:15% auto\"><figure class=\"wp-block-media-text__media\"><img loading=\"lazy\" decoding=\"async\" width=\"1024\" height=\"1024\" src=\"https:\/\/www.leaplytics.de\/wp-content\/uploads\/2022\/05\/Light-System-1024x1024.png\" alt=\"\" class=\"wp-image-7708 size-full\" srcset=\"https:\/\/www.leaplytics.de\/wp-content\/uploads\/2022\/05\/Light-System-1024x1024.png 1024w, https:\/\/www.leaplytics.de\/wp-content\/uploads\/2022\/05\/Light-System-300x300.png 300w, https:\/\/www.leaplytics.de\/wp-content\/uploads\/2022\/05\/Light-System-150x150.png 150w, https:\/\/www.leaplytics.de\/wp-content\/uploads\/2022\/05\/Light-System-768x768.png 768w, https:\/\/www.leaplytics.de\/wp-content\/uploads\/2022\/05\/Light-System-1536x1536.png 1536w, https:\/\/www.leaplytics.de\/wp-content\/uploads\/2022\/05\/Light-System-2048x2048.png 2048w, https:\/\/www.leaplytics.de\/wp-content\/uploads\/2022\/05\/Light-System-370x370.png 370w, https:\/\/www.leaplytics.de\/wp-content\/uploads\/2022\/05\/Light-System-60x60.png 60w, https:\/\/www.leaplytics.de\/wp-content\/uploads\/2022\/05\/Light-System-600x600.png 600w, https:\/\/www.leaplytics.de\/wp-content\/uploads\/2022\/05\/Light-System-100x100.png 100w\" sizes=\"auto, (max-width: 1024px) 100vw, 1024px\" \/><\/figure><div class=\"wp-block-media-text__content\">\n<p style=\"font-size:22px\"><strong>I\u015f\u0131k Sistemi<\/strong><\/p>\n\n\n\n<p>Bir, iki ve \u00fc\u00e7 \u0131\u015f\u0131kl\u0131 sistemler aras\u0131ndan se\u00e7im yap\u0131n.<\/p>\n<\/div><\/div>\n<\/div>\n\n\n\n<div class=\"wp-block-column is-layout-flow wp-block-column-is-layout-flow\">\n<div class=\"wp-block-media-text alignwide is-stacked-on-mobile\" style=\"grid-template-columns:15% auto\"><figure class=\"wp-block-media-text__media\"><img loading=\"lazy\" decoding=\"async\" width=\"1024\" height=\"1024\" src=\"https:\/\/www.leaplytics.de\/wp-content\/uploads\/2022\/05\/Alignment-1024x1024.png\" alt=\"\" class=\"wp-image-7709 size-full\" srcset=\"https:\/\/www.leaplytics.de\/wp-content\/uploads\/2022\/05\/Alignment-1024x1024.png 1024w, https:\/\/www.leaplytics.de\/wp-content\/uploads\/2022\/05\/Alignment-300x300.png 300w, https:\/\/www.leaplytics.de\/wp-content\/uploads\/2022\/05\/Alignment-150x150.png 150w, https:\/\/www.leaplytics.de\/wp-content\/uploads\/2022\/05\/Alignment-768x768.png 768w, https:\/\/www.leaplytics.de\/wp-content\/uploads\/2022\/05\/Alignment-1536x1536.png 1536w, https:\/\/www.leaplytics.de\/wp-content\/uploads\/2022\/05\/Alignment-2048x2048.png 2048w, https:\/\/www.leaplytics.de\/wp-content\/uploads\/2022\/05\/Alignment-370x370.png 370w, https:\/\/www.leaplytics.de\/wp-content\/uploads\/2022\/05\/Alignment-60x60.png 60w, https:\/\/www.leaplytics.de\/wp-content\/uploads\/2022\/05\/Alignment-600x600.png 600w, https:\/\/www.leaplytics.de\/wp-content\/uploads\/2022\/05\/Alignment-100x100.png 100w\" sizes=\"auto, (max-width: 1024px) 100vw, 1024px\" \/><\/figure><div class=\"wp-block-media-text__content\">\n<p style=\"font-size:22px\"><strong>Hizalama<\/strong><\/p>\n\n\n\n<p>G\u00f6rseli dikey veya yatay hizalamada kullan\u0131n.<\/p>\n<\/div><\/div>\n<\/div>\n<\/div>\n\n\n\n<div style=\"height:50px\" aria-hidden=\"true\" class=\"wp-block-spacer\"><\/div>\n\n\n\n<div class=\"wp-block-columns is-layout-flex wp-container-core-columns-is-layout-2 wp-block-columns-is-layout-flex\">\n<div class=\"wp-block-column is-layout-flow wp-block-column-is-layout-flow\">\n<div class=\"wp-block-media-text alignwide is-stacked-on-mobile\" style=\"grid-template-columns:15% auto\"><figure class=\"wp-block-media-text__media\"><img loading=\"lazy\" decoding=\"async\" width=\"1024\" height=\"1024\" src=\"https:\/\/www.leaplytics.de\/wp-content\/uploads\/2022\/05\/Color-Settings-1024x1024.png\" alt=\"\" class=\"wp-image-7710 size-full\" srcset=\"https:\/\/www.leaplytics.de\/wp-content\/uploads\/2022\/05\/Color-Settings-1024x1024.png 1024w, https:\/\/www.leaplytics.de\/wp-content\/uploads\/2022\/05\/Color-Settings-300x300.png 300w, https:\/\/www.leaplytics.de\/wp-content\/uploads\/2022\/05\/Color-Settings-150x150.png 150w, https:\/\/www.leaplytics.de\/wp-content\/uploads\/2022\/05\/Color-Settings-768x768.png 768w, https:\/\/www.leaplytics.de\/wp-content\/uploads\/2022\/05\/Color-Settings-1536x1536.png 1536w, https:\/\/www.leaplytics.de\/wp-content\/uploads\/2022\/05\/Color-Settings-2048x2048.png 2048w, https:\/\/www.leaplytics.de\/wp-content\/uploads\/2022\/05\/Color-Settings-370x370.png 370w, https:\/\/www.leaplytics.de\/wp-content\/uploads\/2022\/05\/Color-Settings-60x60.png 60w, https:\/\/www.leaplytics.de\/wp-content\/uploads\/2022\/05\/Color-Settings-600x600.png 600w, https:\/\/www.leaplytics.de\/wp-content\/uploads\/2022\/05\/Color-Settings-100x100.png 100w\" sizes=\"auto, (max-width: 1024px) 100vw, 1024px\" \/><\/figure><div class=\"wp-block-media-text__content\">\n<p style=\"font-size:22px\"><strong>Renk Ayarlar\u0131<\/strong><\/p>\n\n\n\n<p>CI standartlar\u0131n\u0131z\u0131 kar\u015f\u0131lamak i\u00e7in t\u00fcm grafik \u00f6\u011felerinin rengini de\u011fi\u015ftirin.<\/p>\n<\/div><\/div>\n<\/div>\n\n\n\n<div class=\"wp-block-column is-layout-flow wp-block-column-is-layout-flow\">\n<div class=\"wp-block-media-text alignwide is-stacked-on-mobile\" style=\"grid-template-columns:15% auto\"><figure class=\"wp-block-media-text__media\"><img loading=\"lazy\" decoding=\"async\" width=\"1021\" height=\"1024\" src=\"https:\/\/www.leaplytics.de\/wp-content\/uploads\/2022\/05\/Text-Settings-1021x1024.png\" alt=\"\" class=\"wp-image-7711 size-full\" srcset=\"https:\/\/www.leaplytics.de\/wp-content\/uploads\/2022\/05\/Text-Settings-1021x1024.png 1021w, https:\/\/www.leaplytics.de\/wp-content\/uploads\/2022\/05\/Text-Settings-300x300.png 300w, https:\/\/www.leaplytics.de\/wp-content\/uploads\/2022\/05\/Text-Settings-150x150.png 150w, https:\/\/www.leaplytics.de\/wp-content\/uploads\/2022\/05\/Text-Settings-768x771.png 768w, https:\/\/www.leaplytics.de\/wp-content\/uploads\/2022\/05\/Text-Settings-1531x1536.png 1531w, https:\/\/www.leaplytics.de\/wp-content\/uploads\/2022\/05\/Text-Settings-2041x2048.png 2041w, https:\/\/www.leaplytics.de\/wp-content\/uploads\/2022\/05\/Text-Settings-370x370.png 370w, https:\/\/www.leaplytics.de\/wp-content\/uploads\/2022\/05\/Text-Settings-60x60.png 60w, https:\/\/www.leaplytics.de\/wp-content\/uploads\/2022\/05\/Text-Settings-600x602.png 600w, https:\/\/www.leaplytics.de\/wp-content\/uploads\/2022\/05\/Text-Settings-100x100.png 100w\" sizes=\"auto, (max-width: 1021px) 100vw, 1021px\" \/><\/figure><div class=\"wp-block-media-text__content\">\n<p style=\"font-size:22px\"><strong>Metin Ayarlar\u0131<\/strong><\/p>\n\n\n\n<p>Metin g\u00f6r\u00fcn\u00fcm\u00fcn\u00fc ki\u015fisel ihtiya\u00e7lar\u0131n\u0131za uydurmak i\u00e7in metin ayarlar\u0131n\u0131 kullan\u0131n. <\/p>\n<\/div><\/div>\n<\/div>\n<\/div>\n\n\n\n<div style=\"height:50px\" aria-hidden=\"true\" class=\"wp-block-spacer\"><\/div>\n\n\n\n<div class=\"wp-block-columns is-layout-flex wp-container-core-columns-is-layout-3 wp-block-columns-is-layout-flex\">\n<div class=\"wp-block-column is-layout-flow wp-block-column-is-layout-flow\">\n<div class=\"wp-block-media-text alignwide is-stacked-on-mobile\" style=\"grid-template-columns:15% auto\"><figure class=\"wp-block-media-text__media\"><img loading=\"lazy\" decoding=\"async\" width=\"1024\" height=\"1024\" src=\"https:\/\/www.leaplytics.de\/wp-content\/uploads\/2022\/06\/Certification-1-1024x1024.png\" alt=\"\" class=\"wp-image-8453 size-full\" srcset=\"https:\/\/www.leaplytics.de\/wp-content\/uploads\/2022\/06\/Certification-1-1024x1024.png 1024w, https:\/\/www.leaplytics.de\/wp-content\/uploads\/2022\/06\/Certification-1-300x300.png 300w, https:\/\/www.leaplytics.de\/wp-content\/uploads\/2022\/06\/Certification-1-150x150.png 150w, https:\/\/www.leaplytics.de\/wp-content\/uploads\/2022\/06\/Certification-1-768x768.png 768w, https:\/\/www.leaplytics.de\/wp-content\/uploads\/2022\/06\/Certification-1-1536x1536.png 1536w, https:\/\/www.leaplytics.de\/wp-content\/uploads\/2022\/06\/Certification-1-2048x2048.png 2048w, https:\/\/www.leaplytics.de\/wp-content\/uploads\/2022\/06\/Certification-1-370x370.png 370w, https:\/\/www.leaplytics.de\/wp-content\/uploads\/2022\/06\/Certification-1-60x60.png 60w\" sizes=\"auto, (max-width: 1024px) 100vw, 1024px\" \/><\/figure><div class=\"wp-block-media-text__content\">\n<p style=\"font-size:22px\"><strong>PBI Sertifikal\u0131<\/strong><\/p>\n\n\n\n<p>Bu g\u00f6rsel en y\u00fcksek Microsoft g\u00fcvenlik standartlar\u0131n\u0131 kar\u015f\u0131lar ve PDF ve PowerPoint'e aktar\u0131m\u0131 destekler.<\/p>\n<\/div><\/div>\n<\/div>\n\n\n\n<div class=\"wp-block-column is-layout-flow wp-block-column-is-layout-flow\"><\/div>\n<\/div>\n\n\n\n<div style=\"height:50px\" aria-hidden=\"true\" class=\"wp-block-spacer\"><\/div>\n<\/div><\/div>\n\n\n\n<div style=\"height:75px\" aria-hidden=\"true\" class=\"wp-block-spacer\"><\/div>\n\n\n\n<figure class=\"wp-block-embed is-type-video is-provider-youtube wp-block-embed-youtube wp-embed-aspect-16-9 wp-has-aspect-ratio\"><div class=\"wp-block-embed__wrapper\" align=\"center\">\n<iframe loading=\"lazy\" title=\"Power BI - Trafik I\u015f\u0131\u011f\u0131 KPI G\u00f6rseli\" width=\"770\" height=\"433\" src=\"https:\/\/www.youtube.com\/embed\/Ss6B1O-qtnA?feature=oembed\" frameborder=\"0\" allow=\"accelerometer; autoplay; clipboard-write; encrypted-media; gyroscope; picture-in-picture; web-share\" allowfullscreen><\/iframe>\n<\/div><\/figure>\n\n\n\n<div style=\"height:45px\" aria-hidden=\"true\" class=\"wp-block-spacer\"><\/div>\n\n\n\n<h3 class=\"has-text-align-center wp-block-heading\">Hemen al\u0131n!<\/h3>\n\n\n\n<div style=\"height:50px\" aria-hidden=\"true\" class=\"wp-block-spacer\"><\/div>\n\n\n\n<div class=\"wp-block-columns alignwide is-layout-flex wp-container-core-columns-is-layout-4 wp-block-columns-is-layout-flex\">\n<div class=\"wp-block-column has-text-color has-background has-link-color wp-elements-6226b2130b508035f3b09a7442aec556 is-layout-flow wp-block-column-is-layout-flow\" style=\"color:#000000;background-color:#eeeeee;padding-top:2em;padding-right:2em;padding-bottom:2em;padding-left:2em\">\n<h2 class=\"wp-block-heading\" id=\"single\" style=\"font-size:40px\"><strong>DENEME S\u00fcr\u00fcm\u00fc<\/strong><\/h2>\n\n\n\n<div style=\"height:10px\" aria-hidden=\"true\" class=\"wp-block-spacer\"><\/div>\n\n\n\n<p class=\"has-normal-font-size\" style=\"line-height:1.5\">LeapLytics - Traffic Light'\u0131n DENEME S\u00fcr\u00fcm\u00fc, herhangi bir sunucuda ve herhangi bir \u015firkette d\u00f6rt hafta boyunca \u00fccretsiz olarak kullan\u0131labilir. \u00c7\u00f6z\u00fcm\u00fcm\u00fcz\u00fcn ihtiya\u00e7lar\u0131n\u0131z\u0131 kar\u015f\u0131lay\u0131p kar\u015f\u0131lamad\u0131\u011f\u0131n\u0131 \u015fimdi test edin.<\/p>\n\n\n\n<div style=\"height:10px\" aria-hidden=\"true\" class=\"wp-block-spacer\"><\/div>\n\n\n\n<hr class=\"wp-block-separator has-text-color has-css-opacity has-background is-style-wide\" style=\"background-color:#000000;color:#000000\"\/>\n\n\n\n<div style=\"height:10px\" aria-hidden=\"true\" class=\"wp-block-spacer\"><\/div>\n\n\n\n<p><i class=\"fas fa-check\"><\/i> \u00dc\u00e7 I\u015f\u0131k Sistemi<\/p>\n\n\n\n<p><i class=\"fas fa-check\"><\/i>  \u0130ki I\u015f\u0131k Sistemi<\/p>\n\n\n\n<p><i class=\"fas fa-check\"><\/i> Tek I\u015f\u0131k Sistemi<\/p>\n\n\n\n<p><i class=\"fas fa-check\"><\/i> Dikey Hizalama<\/p>\n\n\n\n<p><i class=\"fas fa-check\"><\/i> Yatay Hizalama<\/p>\n\n\n\n<p><i class=\"fas fa-check\"><\/i> S\u0131n\u0131r Ayarlar\u0131<\/p>\n\n\n\n<p><i class=\"fas fa-check\"><\/i> Metin Ayarlar\u0131<\/p>\n\n\n\n<p><i class=\"fas fa-check\"><\/i> Renk Ayarlar\u0131<\/p>\n\n\n\n<div class=\"wp-block-buttons alignfull is-horizontal is-content-justification-center is-layout-flex wp-container-core-buttons-is-layout-1 wp-block-buttons-is-layout-flex\">\n<div class=\"wp-block-button\"><a class=\"wp-block-button__link has-white-color has-text-color wp-element-button\" href=\"https:\/\/appsource.microsoft.com\/en-en\/product\/power-bi-visuals\/leaplyticsgmbh1633373694058.leaplytics_traffic_light\" target=\"_blank\" rel=\"noreferrer noopener\">\u00dcCRETS\u0130Z \u0130ndirin<\/a><\/div>\n\n\n\n<div class=\"wp-block-button\"><a class=\"wp-block-button__link has-white-color has-text-color wp-element-button\" href=\"https:\/\/www.leaplytics.de\/tr\/trafi%cc%87k-isigi-guc-bi%cc%87-denemesi%cc%87\/\">DENEME \u0130ste<\/a><\/div>\n<\/div>\n<\/div>\n\n\n\n<div class=\"wp-block-column has-text-color has-background has-link-color wp-elements-60bfb23c4dfc59182e0371e21c3f4f32 is-layout-flow wp-block-column-is-layout-flow\" style=\"color:#000000;background-color:#f2c80f;padding-top:2em;padding-right:2em;padding-bottom:2em;padding-left:2em\">\n<h2 class=\"wp-block-heading\" id=\"family\" style=\"font-size:40px\"><strong>PRO S\u00fcr\u00fcm<\/strong><\/h2>\n\n\n\n<div style=\"height:10px\" aria-hidden=\"true\" class=\"wp-block-spacer\"><\/div>\n\n\n\n<p class=\"has-normal-font-size\" style=\"line-height:1.5\">LeapLytics - Traffic Light'\u0131n PRO S\u00fcr\u00fcm\u00fc bu g\u00f6rselin t\u00fcm g\u00fcc\u00fcn\u00fc ortaya \u00e7\u0131kar\u0131r. Sunucu ve \u015firket ba\u015f\u0131na tek lisans - Y\u0131ll\u0131k tek fiyat. <\/p>\n\n\n\n<div style=\"height:10px\" aria-hidden=\"true\" class=\"wp-block-spacer\"><\/div>\n\n\n\n<hr class=\"wp-block-separator has-text-color has-black-color has-css-opacity has-black-background-color has-background is-style-wide\"\/>\n\n\n\n<div style=\"height:10px\" aria-hidden=\"true\" class=\"wp-block-spacer\"><\/div>\n\n\n\n<p><i class=\"fas fa-check\"><\/i>   \u00dc\u00e7 I\u015f\u0131k Sistemi<\/p>\n\n\n\n<p><i class=\"fas fa-check\"><\/i>   \u0130ki I\u015f\u0131k Sistemi<\/p>\n\n\n\n<p><i class=\"fas fa-check\"><\/i> Tek I\u015f\u0131k Sistemi<\/p>\n\n\n\n<p><i class=\"fas fa-check\"><\/i> Dikey Hizalama<\/p>\n\n\n\n<p><i class=\"fas fa-check\"><\/i> Yatay Hizalama<\/p>\n\n\n\n<p><i class=\"fas fa-check\"><\/i> S\u0131n\u0131r Ayarlar\u0131<\/p>\n\n\n\n<p><i class=\"fas fa-check\"><\/i> Metin Ayarlar\u0131<\/p>\n\n\n\n<p><i class=\"fas fa-check\"><\/i> Renk Ayarlar\u0131<\/p>\n\n\n\n<div class=\"wp-block-buttons alignfull is-horizontal is-content-justification-center is-layout-flex wp-container-core-buttons-is-layout-2 wp-block-buttons-is-layout-flex\">\n<div class=\"wp-block-button\"><a class=\"wp-block-button__link has-white-color has-text-color wp-element-button\" href=\"https:\/\/shop.leaplytics.de\/product\/power-bi-traffic-light\/\">PRO S\u00fcr\u00fcm\u00fcn\u00fc edinin<\/a><\/div>\n<\/div>\n<\/div>\n<\/div>\n\n\n\n<h3 class=\"has-text-align-center wp-block-heading\">\u00d6\u011freticiler<\/h3>\n\n\n\n<figure class=\"wp-block-embed is-type-wp-embed is-provider-leaplytics wp-block-embed-leaplytics\"><div class=\"wp-block-embed__wrapper\">\n<blockquote class=\"wp-embedded-content\" data-secret=\"cwg50Zk5fq\"><a href=\"https:\/\/www.leaplytics.de\/tr\/baslarken-trafik-isigi-guc-bi\/\">Ba\u015flarken - Trafik I\u015f\u0131\u011f\u0131<\/a><\/blockquote><iframe loading=\"lazy\" class=\"wp-embedded-content\" sandbox=\"allow-scripts\" security=\"restricted\" style=\"position: absolute; clip: rect(1px, 1px, 1px, 1px);\" title=\"&quot;Ba\u015flarken - Trafik I\u015f\u0131\u011f\u0131&quot; - LeapLytics\" src=\"https:\/\/www.leaplytics.de\/getting-started-traffic-light-power-bi\/embed\/#?secret=JIdoTDIlqE#?secret=cwg50Zk5fq\" data-secret=\"cwg50Zk5fq\" width=\"600\" height=\"338\" frameborder=\"0\" marginwidth=\"0\" marginheight=\"0\" scrolling=\"no\"><\/iframe>\n<\/div><\/figure>\n\n\n\n<figure class=\"wp-block-embed is-type-wp-embed is-provider-leaplytics wp-block-embed-leaplytics\"><div class=\"wp-block-embed__wrapper\">\n<blockquote class=\"wp-embedded-content\" data-secret=\"UYaIRF2azY\"><a href=\"https:\/\/www.leaplytics.de\/tr\/format-secenekleri-trafik-isigi-guc-bi\/\">Bi\u00e7im se\u00e7enekleri - Trafik I\u015f\u0131\u011f\u0131<\/a><\/blockquote><iframe loading=\"lazy\" class=\"wp-embedded-content\" sandbox=\"allow-scripts\" security=\"restricted\" style=\"position: absolute; clip: rect(1px, 1px, 1px, 1px);\" title=\"&quot;Bi\u00e7im se\u00e7enekleri - Trafik I\u015f\u0131\u011f\u0131&quot; - LeapLytics\" src=\"https:\/\/www.leaplytics.de\/format-options-traffic-light-power-bi\/embed\/#?secret=AAuzBxTRft#?secret=UYaIRF2azY\" data-secret=\"UYaIRF2azY\" width=\"600\" height=\"338\" frameborder=\"0\" marginwidth=\"0\" marginheight=\"0\" scrolling=\"no\"><\/iframe>\n<\/div><\/figure>\n\n\n\n<div style=\"height:100px\" aria-hidden=\"true\" class=\"wp-block-spacer\"><\/div>\n\n\n\n<h3 class=\"has-text-align-center wp-block-heading\">Dok\u00fcmantasyon:<\/h3>\n\n\n<div class=\"_df_book df-lite\" id=\"df_2352\"  _slug=\"traffic-light-power-bi\" data-title=\"traffic-light-power-bi\" wpoptions=\"true\" thumb=\"https:\/\/www.leaplytics.de\/wp-content\/uploads\/2020\/10\/Three-Traffic-Lights-e1613769321194.png\" thumbtype=\"\" ><\/div><script class=\"df-shortcode-script\" nowprocket type=\"application\/javascript\">window.option_df_2352 = {\"outline\":[],\"autoEnableOutline\":\"false\",\"autoEnableThumbnail\":\"false\",\"overwritePDFOutline\":\"false\",\"direction\":\"1\",\"pageSize\":\"0\",\"source\":\"https:\\\/\\\/www.leaplytics.de\\\/wp-content\\\/uploads\\\/2021\\\/11\\\/Traffic-Light-PowerBI-User-Documentation_1.0.pdf\",\"wpOptions\":\"true\"}; if(window.DFLIP && window.DFLIP.parseBooks){window.DFLIP.parseBooks();}<\/script>\n\n\n\n<div style=\"height:50px\" aria-hidden=\"true\" class=\"wp-block-spacer\"><\/div>\n\n\n\n<div class=\"wp-block-buttons is-content-justification-center is-layout-flex wp-container-core-buttons-is-layout-3 wp-block-buttons-is-layout-flex\">\n<div class=\"wp-block-button aligncenter has-custom-font-size\" style=\"font-size:16px\"><a class=\"wp-block-button__link wp-element-button\" href=\"https:\/\/www.leaplytics.de\/wp-content\/uploads\/2021\/11\/Traffic-Light-PowerBI-User-Documentation_1.0.pdf\" target=\"_blank\" rel=\"noreferrer noopener\">Dok\u00fcmantasyonu \u0130ndirin<\/a><\/div>\n<\/div>\n\n\n\n<p class=\"has-text-align-right\"><a href=\"#\">Ba\u015fa D\u00f6n \u25b2<\/a><\/p>","protected":false},"excerpt":{"rendered":"<p>Bu g\u00f6rsel trafik \u0131\u015f\u0131\u011f\u0131 \u00e7\u00f6z\u00fcm\u00fc ile proje durumunuzu ve kilometre ta\u015flar\u0131n\u0131z\u0131 takip edin! Microsoft Power BI i\u00e7in bu Trafik I\u015f\u0131\u011f\u0131 \u00d6zel G\u00f6rselinin temel amac\u0131 budur. \"Trafik I\u015f\u0131\u011f\u0131\", KPI'lar\u0131n\u0131z\u0131 izlemek i\u00e7in son derece \u00f6zelle\u015ftirilebilir bir Power BI G\u00f6rselidir. Yatay ve dikey hizalama veya iki\/\u00fc\u00e7 \u0131\u015f\u0131k sistemi gibi \u00e7oklu ayarlar bu g\u00f6rseli raporlama ihtiya\u00e7lar\u0131n\u0131za uyarlar.<br \/>\nBu g\u00f6rsel ayn\u0131 zamanda her t\u00fcrl\u00fc fiziksel \u00f6l\u00e7\u00fcm\u00fcn, kalite g\u00f6stergelerinin ve genel olarak sapmalar\u0131n izlenmesi ve e\u015fik de\u011ferlerinin belirtilmesi i\u00e7in de kullan\u0131labilir. Bu sayede, farkl\u0131 i\u015fletmelerde ortaya \u00e7\u0131kan \u00e7ok say\u0131da kullan\u0131m durumuna uygulanabilir.<\/p>","protected":false},"author":1,"featured_media":0,"parent":2301,"menu_order":1,"comment_status":"closed","ping_status":"closed","template":"","meta":{"footnotes":""},"class_list":["post-2170","page","type-page","status-publish","hentry","latest_post"],"_links":{"self":[{"href":"https:\/\/www.leaplytics.de\/tr\/wp-json\/wp\/v2\/pages\/2170","targetHints":{"allow":["GET"]}}],"collection":[{"href":"https:\/\/www.leaplytics.de\/tr\/wp-json\/wp\/v2\/pages"}],"about":[{"href":"https:\/\/www.leaplytics.de\/tr\/wp-json\/wp\/v2\/types\/page"}],"author":[{"embeddable":true,"href":"https:\/\/www.leaplytics.de\/tr\/wp-json\/wp\/v2\/users\/1"}],"replies":[{"embeddable":true,"href":"https:\/\/www.leaplytics.de\/tr\/wp-json\/wp\/v2\/comments?post=2170"}],"version-history":[{"count":0,"href":"https:\/\/www.leaplytics.de\/tr\/wp-json\/wp\/v2\/pages\/2170\/revisions"}],"up":[{"embeddable":true,"href":"https:\/\/www.leaplytics.de\/tr\/wp-json\/wp\/v2\/pages\/2301"}],"wp:attachment":[{"href":"https:\/\/www.leaplytics.de\/tr\/wp-json\/wp\/v2\/media?parent=2170"}],"curies":[{"name":"wp","href":"https:\/\/api.w.org\/{rel}","templated":true}]}}