{"id":23,"date":"2020-10-13T23:19:51","date_gmt":"2020-10-13T21:19:51","guid":{"rendered":"https:\/\/www.blytics.de\/?page_id=23"},"modified":"2025-04-15T20:00:36","modified_gmt":"2025-04-15T18:00:36","slug":"hakkinda","status":"publish","type":"page","link":"https:\/\/www.leaplytics.de\/tr\/hakkinda\/","title":{"rendered":"LeapLytics'in K\u00f6kenleri"},"content":{"rendered":"<p>Bu, Frankfurt, Almanya'dan iki arkada\u015f hakk\u0131nda bir hikaye. Y\u0131l 2020'ydi. Proje lideri, stratejik ve operasyonel PMO gibi \u00e7e\u015fitli proje rollerinde \u00e7al\u0131\u015f\u0131yorduk. Ve fark ettik ki, \u00e7e\u015fitli proje y\u00f6netimi rollerinin ihtiya\u00e7lar\u0131na uyan ger\u00e7ek bir proje y\u00f6netimi raporlama ve analitik \u00e7\u00f6z\u00fcm\u00fc elimizde mevcut de\u011fildi. Bu nedenle, analitik \u00e7\u00f6z\u00fcmler i\u00e7in yeni fikirlerle proje y\u00f6netiminde s\u0131\u00e7rama yapmaya ba\u015flad\u0131k.<\/p>\n\n\n\n<p>LeapLytics'i proje y\u00f6netimi ile ilgili analitikleri hayata ge\u00e7irme vizyonuyla kurduk. En ba\u015f\u0131ndan beri, entegre bir raporlaman\u0131n tek ba\u015f\u0131na bir raporlama \u00e7\u00f6z\u00fcm\u00fc ile de\u011fil, entegre bir yakla\u015f\u0131mla sa\u011flanabilece\u011fi a\u00e7\u0131kt\u0131. Proje Raporlamas\u0131, \u015firketlerde ve gruplarda halihaz\u0131rda var olan \u00e7\u00f6z\u00fcmlerle m\u00fcmk\u00fcn olmal\u0131yd\u0131.<\/p>\n\n\n\n<p>Bug\u00fcn LeapLytics, farkl\u0131 entegrasyon seviyelerine uyan yeni ve yenilik\u00e7i raporlama \u00e7\u00f6z\u00fcmlerini temsil etmektedir: g\u00f6sterge tablolar\u0131n\u0131za entegre edilecek uzant\u0131lardan, belirli kullan\u0131m durumlar\u0131 i\u00e7in kullan\u0131ma haz\u0131r g\u00f6sterge tablolar\u0131na ve raporlama ve veri modelleme i\u00e7in bireysel dan\u0131\u015fmanl\u0131\u011fa kadar.<\/p>\n\n\n\n<p>Kurucular olarak, \u00fcr\u00fcnleri ve dan\u0131\u015fmanl\u0131k yakla\u015f\u0131mlar\u0131 dahilinde profesyonel raporlama \u00e7\u00f6z\u00fcmleri sunma konusunda istekliyiz.<\/p>\n\n\n\n<figure class=\"wp-block-gallery has-nested-images columns-default is-cropped wp-block-gallery-1 is-layout-flex wp-block-gallery-is-layout-flex\">\n<figure class=\"wp-block-image size-large\"><a href=\"https:\/\/www.linkedin.com\/in\/stefanpreusler\/\"><img loading=\"lazy\" decoding=\"async\" width=\"768\" height=\"1024\" data-id=\"480\" src=\"https:\/\/www.leaplytics.de\/wp-content\/uploads\/2020\/11\/stefan-v2-2-768x1024.jpeg\" alt=\"\" class=\"wp-image-480\" srcset=\"https:\/\/www.leaplytics.de\/wp-content\/uploads\/2020\/11\/stefan-v2-2-768x1024.jpeg 768w, https:\/\/www.leaplytics.de\/wp-content\/uploads\/2020\/11\/stefan-v2-2-scaled-600x800.jpeg 600w, https:\/\/www.leaplytics.de\/wp-content\/uploads\/2020\/11\/stefan-v2-2-225x300.jpeg 225w, https:\/\/www.leaplytics.de\/wp-content\/uploads\/2020\/11\/stefan-v2-2-1152x1536.jpeg 1152w, https:\/\/www.leaplytics.de\/wp-content\/uploads\/2020\/11\/stefan-v2-2-1536x2048.jpeg 1536w, https:\/\/www.leaplytics.de\/wp-content\/uploads\/2020\/11\/stefan-v2-2-45x60.jpeg 45w, https:\/\/www.leaplytics.de\/wp-content\/uploads\/2020\/11\/stefan-v2-2-scaled.jpeg 1920w\" sizes=\"auto, (max-width: 768px) 100vw, 768px\" \/><\/a><figcaption class=\"wp-element-caption\">Stefan Preusler<\/figcaption><\/figure>\n\n\n\n<figure class=\"wp-block-image size-large\"><a href=\"https:\/\/www.linkedin.com\/in\/dominik-galsheimer-3233461b9\/\"><img loading=\"lazy\" decoding=\"async\" width=\"851\" height=\"1024\" data-id=\"488\" src=\"https:\/\/www.leaplytics.de\/wp-content\/uploads\/2020\/11\/Dominik_About-scaled-e1604523139831-851x1024.jpg\" alt=\"\" class=\"wp-image-488\" srcset=\"https:\/\/www.leaplytics.de\/wp-content\/uploads\/2020\/11\/Dominik_About-scaled-e1604523139831-851x1024.jpg 851w, https:\/\/www.leaplytics.de\/wp-content\/uploads\/2020\/11\/Dominik_About-scaled-e1604523139831-600x722.jpg 600w, https:\/\/www.leaplytics.de\/wp-content\/uploads\/2020\/11\/Dominik_About-scaled-e1604523139831-249x300.jpg 249w, https:\/\/www.leaplytics.de\/wp-content\/uploads\/2020\/11\/Dominik_About-scaled-e1604523139831-768x924.jpg 768w, https:\/\/www.leaplytics.de\/wp-content\/uploads\/2020\/11\/Dominik_About-scaled-e1604523139831-1277x1536.jpg 1277w, https:\/\/www.leaplytics.de\/wp-content\/uploads\/2020\/11\/Dominik_About-scaled-e1604523139831-1702x2048.jpg 1702w, https:\/\/www.leaplytics.de\/wp-content\/uploads\/2020\/11\/Dominik_About-scaled-e1604523139831-50x60.jpg 50w, https:\/\/www.leaplytics.de\/wp-content\/uploads\/2020\/11\/Dominik_About-scaled-e1604523139831.jpg 1920w\" sizes=\"auto, (max-width: 851px) 100vw, 851px\" \/><\/a><figcaption class=\"wp-element-caption\">Dominik Galsheimer<\/figcaption><\/figure>\n<\/figure>","protected":false},"excerpt":{"rendered":"<p>LeapLytics, farkl\u0131 entegrasyon seviyelerine uyan yeni ve yenilik\u00e7i raporlama \u00e7\u00f6z\u00fcmleri anlam\u0131na gelir<\/p>","protected":false},"author":1,"featured_media":3395,"parent":0,"menu_order":0,"comment_status":"closed","ping_status":"closed","template":"","meta":{"footnotes":""},"class_list":["post-23","page","type-page","status-publish","has-post-thumbnail","hentry","latest_post"],"_links":{"self":[{"href":"https:\/\/www.leaplytics.de\/tr\/wp-json\/wp\/v2\/pages\/23","targetHints":{"allow":["GET"]}}],"collection":[{"href":"https:\/\/www.leaplytics.de\/tr\/wp-json\/wp\/v2\/pages"}],"about":[{"href":"https:\/\/www.leaplytics.de\/tr\/wp-json\/wp\/v2\/types\/page"}],"author":[{"embeddable":true,"href":"https:\/\/www.leaplytics.de\/tr\/wp-json\/wp\/v2\/users\/1"}],"replies":[{"embeddable":true,"href":"https:\/\/www.leaplytics.de\/tr\/wp-json\/wp\/v2\/comments?post=23"}],"version-history":[{"count":15,"href":"https:\/\/www.leaplytics.de\/tr\/wp-json\/wp\/v2\/pages\/23\/revisions"}],"predecessor-version":[{"id":13709,"href":"https:\/\/www.leaplytics.de\/tr\/wp-json\/wp\/v2\/pages\/23\/revisions\/13709"}],"wp:featuredmedia":[{"embeddable":true,"href":"https:\/\/www.leaplytics.de\/tr\/wp-json\/wp\/v2\/media\/3395"}],"wp:attachment":[{"href":"https:\/\/www.leaplytics.de\/tr\/wp-json\/wp\/v2\/media?parent=23"}],"curies":[{"name":"wp","href":"https:\/\/api.w.org\/{rel}","templated":true}]}}