{"id":2301,"date":"2021-09-10T23:49:33","date_gmt":"2021-09-10T21:49:33","guid":{"rendered":"https:\/\/www.leaplytics.de\/?page_id=2301"},"modified":"2022-05-08T00:34:51","modified_gmt":"2022-05-07T22:34:51","slug":"proje-yonetimi-ozel-gorseller-microsoft-powerbi","status":"publish","type":"page","link":"https:\/\/www.leaplytics.de\/tr\/on-sayfa\/proje-yonetimi-ozel-gorseller-microsoft-powerbi\/","title":{"rendered":"Microsoft Power BI i\u00e7in Proje Y\u00f6netimi \u00d6zel G\u00f6rselleri"},"content":{"rendered":"<p><strong>Verimli ve i\u015fle ilgili<\/strong> LeapLytics'in ticari markas\u0131 ve \u00e7\u00f6z\u00fcmlerimizin Katma De\u011feridir.<\/p>\n<p>Microsoft Power BI i\u00e7in Proje Y\u00f6netimi \u00d6zel G\u00f6rsellerimiz Microsoft taraf\u0131ndan resmi olarak onaylanm\u0131\u015ft\u0131r ve sizin bireysel \u00e7\u00f6z\u00fcmlerinizi i\u00e7erir. G\u00f6sterge tablonuzu geli\u015ftirmek ve fikirlerinizi uygulamak i\u00e7in farkl\u0131 olanaklar\u0131 kullan\u0131n. Uzant\u0131lar net bir yap\u0131 izler ve \u00f6nemli i\u015flevsellikten vazge\u00e7meden m\u00fcmk\u00fcn oldu\u011funca ba\u015flang\u0131\u00e7 yapmak i\u00e7in kullan\u0131c\u0131ya odaklanarak olu\u015fturulur.<\/p>\n<p>Bu nedenle, olas\u0131 kullan\u0131m durumlar\u0131n\u0131n ayr\u0131nt\u0131l\u0131 a\u00e7\u0131klamas\u0131n\u0131 i\u00e7eren kapsaml\u0131 bir dok\u00fcmantasyon, kullan\u0131m\u0131 ve uygulamay\u0131 h\u0131zland\u0131r\u0131r.<\/p>\n<p>L\u00fctfen a\u015fa\u011f\u0131da mevcut g\u00f6rselleri bulun ve resimlerin \u00fczerine t\u0131klayarak i\u015flevselli\u011fi ke\u015ffedin.<\/p>\n<p>\u00a0<\/p>\n\n\n<div class=\"wp-block-media-text alignwide is-stacked-on-mobile\" style=\"grid-template-columns:43% auto\"><figure class=\"wp-block-media-text__media\"><a href=\"https:\/\/www.leaplytics.de\/tr\/on-sayfa\/project-management-visuals-ms-powerbi\/bi-gucu-icin-trafik-isigi-gorselleri\/\"><img loading=\"lazy\" decoding=\"async\" width=\"287\" height=\"300\" src=\"https:\/\/www.leaplytics.de\/wp-content\/uploads\/2021\/11\/TrafficLight300pixel.png\" alt=\"\" class=\"wp-image-2361 size-full\" srcset=\"https:\/\/www.leaplytics.de\/wp-content\/uploads\/2021\/11\/TrafficLight300pixel.png 287w, https:\/\/www.leaplytics.de\/wp-content\/uploads\/2021\/11\/TrafficLight300pixel-57x60.png 57w\" sizes=\"auto, (max-width: 287px) 100vw, 287px\" \/><\/a><\/figure><div class=\"wp-block-media-text__content\">\n<p class=\"has-large-font-size\">Trafik I\u015f\u0131\u011f\u0131 \u00d6zel G\u00f6rsel<\/p>\n<\/div><\/div>\n\n\n\n<p><\/p>","protected":false},"excerpt":{"rendered":"<p>Verimli ve i\u015fle ilgili olmas\u0131 LeapLytics'in ticari markas\u0131 ve \u00e7\u00f6z\u00fcmlerimizin Katma De\u011feridir.\u00a0<\/p>","protected":false},"author":1,"featured_media":0,"parent":111,"menu_order":0,"comment_status":"closed","ping_status":"closed","template":"","meta":{"footnotes":""},"class_list":["post-2301","page","type-page","status-publish","hentry","latest_post"],"_links":{"self":[{"href":"https:\/\/www.leaplytics.de\/tr\/wp-json\/wp\/v2\/pages\/2301","targetHints":{"allow":["GET"]}}],"collection":[{"href":"https:\/\/www.leaplytics.de\/tr\/wp-json\/wp\/v2\/pages"}],"about":[{"href":"https:\/\/www.leaplytics.de\/tr\/wp-json\/wp\/v2\/types\/page"}],"author":[{"embeddable":true,"href":"https:\/\/www.leaplytics.de\/tr\/wp-json\/wp\/v2\/users\/1"}],"replies":[{"embeddable":true,"href":"https:\/\/www.leaplytics.de\/tr\/wp-json\/wp\/v2\/comments?post=2301"}],"version-history":[{"count":0,"href":"https:\/\/www.leaplytics.de\/tr\/wp-json\/wp\/v2\/pages\/2301\/revisions"}],"up":[{"embeddable":true,"href":"https:\/\/www.leaplytics.de\/tr\/wp-json\/wp\/v2\/pages\/111"}],"wp:attachment":[{"href":"https:\/\/www.leaplytics.de\/tr\/wp-json\/wp\/v2\/media?parent=2301"}],"curies":[{"name":"wp","href":"https:\/\/api.w.org\/{rel}","templated":true}]}}