{"id":2436,"date":"2021-12-13T21:22:53","date_gmt":"2021-12-13T20:22:53","guid":{"rendered":"https:\/\/www.leaplytics.de\/?page_id=2436"},"modified":"2022-06-15T15:05:33","modified_gmt":"2022-06-15T13:05:33","slug":"trafi%cc%87k-isigi-guc-bi%cc%87-tekli%cc%87fi%cc%87","status":"publish","type":"page","link":"https:\/\/www.leaplytics.de\/tr\/trafi%cc%87k-isigi-guc-bi%cc%87-tekli%cc%87fi%cc%87\/","title":{"rendered":"Trafik I\u015f\u0131\u011f\u0131 Power BI Teklifi"},"content":{"rendered":"<div class=\"wp-block-image\">\n<figure class=\"aligncenter size-full is-resized\"><img loading=\"lazy\" decoding=\"async\" src=\"https:\/\/www.leaplytics.de\/wp-content\/uploads\/2020\/10\/Three-Traffic-Lights-e1644325953391.png\" alt=\"\" class=\"wp-image-411\" width=\"175\" height=\"183\"\/><\/figure><\/div>\n\n\n<div style=\"height:50px\" aria-hidden=\"true\" class=\"wp-block-spacer\"><\/div>\n\n\n\n<div class=\"wp-block-columns alignwide is-layout-flex wp-container-core-columns-is-layout-1 wp-block-columns-is-layout-flex\">\n<div class=\"wp-block-column has-text-color has-background has-link-color wp-elements-50e564fd3b335201ec964f140d74ba12 is-layout-flow wp-block-column-is-layout-flow\" style=\"background-color:#eeeeee;color:#000000;padding-top:2em;padding-right:2em;padding-bottom:2em;padding-left:2em\">\n<h2 class=\"wp-block-heading\" id=\"single\" style=\"font-size:40px\"><strong>\u00dcCRETS\u0130Z S\u00fcr\u00fcm<\/strong><\/h2>\n\n\n\n<div style=\"height:10px\" aria-hidden=\"true\" class=\"wp-block-spacer\"><\/div>\n\n\n\n<p class=\"has-normal-font-size\" style=\"line-height:1.5\">LeapLytics - Traffic Light'\u0131n \u00dcCRETS\u0130Z S\u00fcr\u00fcm\u00fc filigran ve s\u0131n\u0131rl\u0131 i\u015flevsellik ile \u00fccretsiz olarak kullan\u0131labilir.<\/p>\n\n\n\n<div style=\"height:10px\" aria-hidden=\"true\" class=\"wp-block-spacer\"><\/div>\n\n\n\n<hr class=\"wp-block-separator has-text-color has-css-opacity has-background is-style-wide\" style=\"background-color:#000000;color:#000000\"\/>\n\n\n\n<div style=\"height:10px\" aria-hidden=\"true\" class=\"wp-block-spacer\"><\/div>\n\n\n\n<p><i class=\"fas fa-times\"><\/i> Filigran kald\u0131r\u0131ld\u0131<\/p>\n\n\n\n<p><i class=\"fas fa-check\"><\/i> \u00dc\u00e7 I\u015f\u0131k Sistemi<\/p>\n\n\n\n<p><i class=\"fas fa-times\"><\/i>  \u0130ki I\u015f\u0131k Sistemi<\/p>\n\n\n\n<p><i class=\"fas fa-times\"><\/i> Tek I\u015f\u0131k Sistemi<\/p>\n\n\n\n<p><i class=\"fas fa-check\"><\/i> Dikey Hizalama<\/p>\n\n\n\n<p><i class=\"fas fa-times\"><\/i> Yatay Hizalama<\/p>\n\n\n\n<p><i class=\"fas fa-times\"><\/i> S\u0131n\u0131r Ayarlar\u0131<\/p>\n\n\n\n<p><i class=\"fas fa-times\"><\/i> Metin Ayarlar\u0131<\/p>\n\n\n\n<p><i class=\"fas fa-times\"><\/i> Renk Ayarlar\u0131<\/p>\n\n\n\n<div class=\"wp-block-buttons alignfull is-horizontal is-content-justification-center is-layout-flex wp-container-core-buttons-is-layout-1 wp-block-buttons-is-layout-flex\">\n<div class=\"wp-block-button\"><a class=\"wp-block-button__link\" href=\"https:\/\/appsource.microsoft.com\/en-en\/product\/power-bi-visuals\/leaplyticsgmbh1633373694058.leaplytics_traffic_light?tab=overview\" target=\"_blank\" rel=\"noreferrer noopener\">\u00dccretsiz S\u00fcr\u00fcm\u00fc Al\u0131n<\/a><\/div>\n<\/div>\n\n\n\n<div style=\"height:30px\" aria-hidden=\"true\" class=\"wp-block-spacer\"><\/div>\n\n\n\n<p class=\"has-text-align-center has-text-color\" style=\"color:#98bd00\"><strong><em>Bu g\u00f6rselin \u00dcCRETS\u0130Z s\u00fcr\u00fcm\u00fcn\u00fc zaten kullan\u0131yorsunuz.<\/em><\/strong><\/p>\n<\/div>\n\n\n\n<div class=\"wp-block-column has-text-color has-background has-link-color wp-elements-27bc483104e077d24b05df2e0f3ad857 is-layout-flow wp-block-column-is-layout-flow\" style=\"background-color:#f2c80f;color:#000000;padding-top:2em;padding-right:2em;padding-bottom:2em;padding-left:2em\">\n<h2 class=\"wp-block-heading\" id=\"family\" style=\"font-size:40px\"><strong>PRO S\u00fcr\u00fcm<\/strong><\/h2>\n\n\n\n<div style=\"height:10px\" aria-hidden=\"true\" class=\"wp-block-spacer\"><\/div>\n\n\n\n<p class=\"has-normal-font-size\" style=\"line-height:1.5\">LeapLytics - Traffic Light'\u0131n PRO S\u00fcr\u00fcm\u00fc, bu g\u00f6rselin t\u00fcm g\u00fcc\u00fcn\u00fc ortaya \u00e7\u0131karmak i\u00e7in filigran\u0131 ve t\u00fcm k\u0131s\u0131tlamalar\u0131 kald\u0131r\u0131r.<\/p>\n\n\n\n<div style=\"height:10px\" aria-hidden=\"true\" class=\"wp-block-spacer\"><\/div>\n\n\n\n<hr class=\"wp-block-separator has-text-color has-black-color has-css-opacity has-black-background-color has-background is-style-wide\"\/>\n\n\n\n<div style=\"height:10px\" aria-hidden=\"true\" class=\"wp-block-spacer\"><\/div>\n\n\n\n<p><i class=\"fas fa-check\"><\/i>  Filigran kald\u0131r\u0131ld\u0131<\/p>\n\n\n\n<p><i class=\"fas fa-check\"><\/i>   \u00dc\u00e7 I\u015f\u0131k Sistemi<\/p>\n\n\n\n<p><i class=\"fas fa-check\"><\/i>   \u0130ki I\u015f\u0131k Sistemi<\/p>\n\n\n\n<p><i class=\"fas fa-check\"><\/i> Tek I\u015f\u0131k Sistemi<\/p>\n\n\n\n<p><i class=\"fas fa-check\"><\/i> Dikey Hizalama<\/p>\n\n\n\n<p><i class=\"fas fa-check\"><\/i> Yatay Hizalama<\/p>\n\n\n\n<p><i class=\"fas fa-check\"><\/i> S\u0131n\u0131r Ayarlar\u0131<\/p>\n\n\n\n<p><i class=\"fas fa-check\"><\/i> Metin Ayarlar\u0131<\/p>\n\n\n\n<p><i class=\"fas fa-check\"><\/i> Renk Ayarlar\u0131<\/p>\n\n\n\n<div class=\"wp-block-buttons is-content-justification-center is-layout-flex wp-container-core-buttons-is-layout-2 wp-block-buttons-is-layout-flex\">\n<div class=\"wp-block-button\"><a class=\"wp-block-button__link\" href=\"https:\/\/shop.leaplytics.de\/product\/power-bi-traffic-light\/\">PRO S\u00fcr\u00fcm Sat\u0131n Al\u0131n<\/a><\/div>\n<\/div>\n\n\n\n<div style=\"height:10px\" aria-hidden=\"true\" class=\"wp-block-spacer\"><\/div>\n\n\n\n<div class=\"wp-block-buttons alignfull is-horizontal is-content-justification-center is-layout-flex wp-container-core-buttons-is-layout-3 wp-block-buttons-is-layout-flex\">\n<div class=\"wp-block-button\"><a class=\"wp-block-button__link\" href=\"https:\/\/www.leaplytics.de\/tr\/trafi%cc%87k-isigi-guc-bi%cc%87-tekli%cc%87fi%cc%87\/#contact\">PRO S\u00fcr\u00fcm\u00fcn\u00fc Deneyin<\/a><\/div>\n<\/div>\n<\/div>\n<\/div>\n\n\n\n<div style=\"height:50px\" aria-hidden=\"true\" class=\"wp-block-spacer\"><\/div>\n\n\n\n<hr class=\"wp-block-separator has-text-color has-cyan-bluish-gray-color has-css-opacity has-cyan-bluish-gray-background-color has-background\"\/>\n\n\n\n<div style=\"height:50px\" aria-hidden=\"true\" class=\"wp-block-spacer\"><\/div>\n\n\n\n<h2 class=\"wp-block-heading\" id=\"contact\">Sat\u0131n almadan \u00f6nce deneyin! <\/h2>\n\n\n\n<div style=\"height:10px\" aria-hidden=\"true\" class=\"wp-block-spacer\"><\/div>\n\n\n\n<h4 class=\"wp-block-heading\" id=\"contact\">Ki\u015fisel 2 haftal\u0131k deneme lisans\u0131n\u0131z\u0131 \u015fimdi talep edin!<\/h4>\n\n\n\n<div style=\"height:50px\" aria-hidden=\"true\" class=\"wp-block-spacer\"><\/div>\n\n\n\n<div class=\"wpcf7 no-js\" id=\"wpcf7-f8633-o1\" lang=\"de-DE\" dir=\"ltr\" data-wpcf7-id=\"8633\">\n<div class=\"screen-reader-response\"><p role=\"status\" aria-live=\"polite\" aria-atomic=\"true\"><\/p> <ul><\/ul><\/div>\n<form action=\"\/tr\/wp-json\/wp\/v2\/pages\/2436#wpcf7-f8633-o1\" method=\"post\" class=\"wpcf7-form init\" aria-label=\"Kontaktformular\" novalidate=\"novalidate\" data-status=\"init\" data-trp-original-action=\"\/tr\/wp-json\/wp\/v2\/pages\/2436#wpcf7-f8633-o1\">\n<fieldset class=\"hidden-fields-container\"><input type=\"hidden\" name=\"_wpcf7\" value=\"8633\" \/><input type=\"hidden\" name=\"_wpcf7_version\" value=\"6.1.1\" \/><input type=\"hidden\" name=\"_wpcf7_locale\" value=\"de_DE\" \/><input type=\"hidden\" name=\"_wpcf7_unit_tag\" value=\"wpcf7-f8633-o1\" \/><input type=\"hidden\" name=\"_wpcf7_container_post\" value=\"0\" \/><input type=\"hidden\" name=\"_wpcf7_posted_data_hash\" value=\"\" \/><input type=\"hidden\" name=\"_wpcf7_recaptcha_response\" value=\"\" \/>\n<\/fieldset>\n<p><label> \u0130lk \u0130sim (*)<br \/>\n<span class=\"wpcf7-form-control-wrap\" data-name=\"first-name\"><input size=\"40\" maxlength=\"400\" class=\"wpcf7-form-control wpcf7-text wpcf7-validates-as-required\" aria-required=\"true\" aria-invalid=\"false\" value=\"\" type=\"text\" name=\"first-name\" \/><\/span><\/label>\n<\/p>\n<p><label> Soyad\u0131 (*)<br \/>\n<span class=\"wpcf7-form-control-wrap\" data-name=\"your-name\"><input size=\"40\" maxlength=\"400\" class=\"wpcf7-form-control wpcf7-text wpcf7-validates-as-required\" aria-required=\"true\" aria-invalid=\"false\" value=\"\" type=\"text\" name=\"your-name\" \/><\/span> <\/label>\n<\/p>\n<p><label> Ticari E-Posta (*)<br \/>\n<span class=\"wpcf7-form-control-wrap\" data-name=\"your-email\"><input size=\"40\" maxlength=\"400\" class=\"wpcf7-form-control wpcf7-email wpcf7-validates-as-required wpcf7-text wpcf7-validates-as-email\" aria-required=\"true\" aria-invalid=\"false\" value=\"\" type=\"email\" name=\"your-email\" \/><\/span> <\/label>\n<\/p>\n<p><label> \u015eirket (*)<br \/>\n<span class=\"wpcf7-form-control-wrap\" data-name=\"Company\"><input size=\"40\" maxlength=\"400\" class=\"wpcf7-form-control wpcf7-text wpcf7-validates-as-required\" aria-required=\"true\" aria-invalid=\"false\" value=\"\" type=\"text\" name=\"Company\" \/><\/span> <\/label>\n<\/p>\n<p><b>L\u00fctfen unutmay\u0131n:<\/b> E\u011fer yaparsan <u>g\u00f6rm\u00fcyorum<\/u> a\u015fa\u011f\u0131daki \"G\u00f6nder\" butonuna t\u0131klad\u0131\u011f\u0131n\u0131zda <u>kabul edilmedi<\/u> gizlilik politikam\u0131z. Bu nedenle verilerinizi bu formda toplamam\u0131za izin verilmiyor. Ya sa\u011fdaki sohbette bize yaz\u0131n, bize bir E-Posta g\u00f6nderin <a href=\"\/tr\/&\/#109;&#x61;i&#x6c;t&#111;&#x3a;&#105;&#x6e;f&#111;&#x40;&#108;&#x65;a&#x70;&#x6c;&#121;&#x74;i&#x63;s&#46;&#x64;&#101;\"><i class=\"fa fa-envelope\" aria-hidden=\"true\"><\/i>info@leaplytics.de<\/a> veya taray\u0131c\u0131daki \u00e7erezlerinizi silin (Ctrl + Shift + Delete) ve sayfay\u0131 yeniden y\u00fckledikten sonra gizlilik politikas\u0131n\u0131 kabul edin.\n<\/p><div class=\"wpcf7-response-output\" aria-hidden=\"true\"><\/div>\n<input type=\"hidden\" name=\"trp-form-language\" value=\"tr\"\/><\/form>\n<\/div>\n\n\n\n\n<p><\/p>","protected":false},"excerpt":{"rendered":"<p>FREE Version The FREE Version of LeapLytics &#8211; Traffic Light is free to use with watermark and limited functionality. Watermark removed Three Light System Two Light System One Light System Vertical Alignment Horizontal Alignment Border Settings Text Settings Color Settings You are already using the FREE version of this visual. PRO Version The PRO Version &hellip; <\/p>","protected":false},"author":2,"featured_media":0,"parent":0,"menu_order":0,"comment_status":"closed","ping_status":"closed","template":"","meta":{"footnotes":""},"class_list":["post-2436","page","type-page","status-publish","hentry","latest_post"],"_links":{"self":[{"href":"https:\/\/www.leaplytics.de\/tr\/wp-json\/wp\/v2\/pages\/2436","targetHints":{"allow":["GET"]}}],"collection":[{"href":"https:\/\/www.leaplytics.de\/tr\/wp-json\/wp\/v2\/pages"}],"about":[{"href":"https:\/\/www.leaplytics.de\/tr\/wp-json\/wp\/v2\/types\/page"}],"author":[{"embeddable":true,"href":"https:\/\/www.leaplytics.de\/tr\/wp-json\/wp\/v2\/users\/2"}],"replies":[{"embeddable":true,"href":"https:\/\/www.leaplytics.de\/tr\/wp-json\/wp\/v2\/comments?post=2436"}],"version-history":[{"count":0,"href":"https:\/\/www.leaplytics.de\/tr\/wp-json\/wp\/v2\/pages\/2436\/revisions"}],"wp:attachment":[{"href":"https:\/\/www.leaplytics.de\/tr\/wp-json\/wp\/v2\/media?parent=2436"}],"curies":[{"name":"wp","href":"https:\/\/api.w.org\/{rel}","templated":true}]}}