{"id":368,"date":"2020-10-20T21:17:49","date_gmt":"2020-10-20T19:17:49","guid":{"rendered":"https:\/\/www.leaplytics.de\/?page_id=368"},"modified":"2020-10-20T21:32:37","modified_gmt":"2020-10-20T19:32:37","slug":"baski","status":"publish","type":"page","link":"https:\/\/www.leaplytics.de\/tr\/baski\/","title":{"rendered":"K\u00fcnye"},"content":{"rendered":"<p>Angaben gem\u00e4\u00df \u00a7 5 TMG<\/p><p>LeapLytics GmbH<br \/>Stefan Preusler &amp; Dominik Galsheimer<br \/>Teutonenweg 18<br \/>63128 Dietzenbach<br \/>Almanya<br \/><\/p><p><b>Vertreten durch:<\/b> Stefan Preusler &amp; Dominik Galsheimer<br \/><\/p><p><b>Kontakt:<\/b><br\/>E-Mail: <img decoding=\"async\" class=\"dsgvoaio_emailpng\" src=\"https:\/\/www.leaplytics.de\/wp-content\/dsgvo-all-in-one-wp-pro\/sserdaliame.png\"><br\/><\/p><p><b>Registereintrag:<\/b><br\/>Registergericht: Amtsgericht Offenbach am Main<br\/>Kay\u0131t numaras\u0131: HRB 53774<br\/><\/p><p><b>Umsatzsteuer-ID:<\/b> DE344747402<\/p><b>Haftungsausschluss<\/b><br \/><b>Ba\u011flant\u0131lar i\u00e7in Haftung:<\/b><p>Unser Angebot enth\u00e4lt Links zu externen Webseiten Dritter, auf deren Inhalte wir keinen Einfluss haben. Bu nedenle, bu t\u00fcr \u00fccretsiz Inhalte'ler i\u00e7in de herhangi bir \u00fccret talep etmiyoruz. Verlinkten Seiten'lerin Inhalte'leri i\u00e7in sadece jeweilige Anbieter veya Betreiber der Seiten verantwortlich. Ba\u011flant\u0131l\u0131 sayfalar, ba\u011flant\u0131 kurulduktan sonra olas\u0131 hak ihlallerine kar\u015f\u0131 korunmu\u015ftur. Rechtswidrige Inhalte waren zum Zeitpunkt der Verlinkung nicht erkennbar. Verlinkten Seiten'in kal\u0131c\u0131 bir inhaltliche Kontrolle'si, konkrete Anhaltspunkte einer Rechtsverletzung nicht zumutbar. Rechtsverletzungen Bekanntwerden von Rechtsverletzungen werden derartige Links umgehend entfernen.<\/p><b>Haftung f\u00fcr Inhalt:<\/b><p>Sayfalar\u0131m\u0131z\u0131n giri\u015fleri daha b\u00fcy\u00fck bir sorguyla olu\u015fturulmu\u015ftur. Inhalte'lerin Richtigkeit, Vollst\u00e4ndigkeit ve Aktualit\u00e4t'\u0131 i\u00e7in jedoch keine Gew\u00e4hr \u00fcbernehmen. Diensteanbieter olarak, bu sayfalardaki eigene Inhalte i\u00e7in \u00a7 7 Abs.1 TMG uyar\u0131nca t\u00fcm genel kurallara uygun olarak \u00e7al\u0131\u015f\u0131yoruz. TMG \u00a7 8 bis 10 uyar\u0131nca, Diensteanbieter olarak, \u00fcbermittelte veya gespeicherte fremde Informationen zu \u00fcberwachen veya nach Umst\u00e4nden zu forschen, die auf eine rechtswidrige T\u00e4tigkeit hinweisen. Bilgilerin t\u00fcm genel kurallara uygun olarak girilmesi ya da kullan\u0131lmas\u0131na y\u00f6nelik uyar\u0131lar dikkate al\u0131nmayabilir. Bir diesbez\u00fcgliche Haftung ist jedoch erst ab dem Zeitpunkt der Kenntnis einer konkreten Rechtsverletzung m\u00f6glich. Daha \u00f6nce g\u00f6r\u00fclmemi\u015f tazminat talepleri ile kar\u015f\u0131la\u015ft\u0131\u011f\u0131n\u0131zda, bu belgeleri kapsaml\u0131 bir \u015fekilde saklayaca\u011f\u0131z.<\/p><b>Urheberrecht<\/b><br \/><p>Die durch die Seitenbetreiber erstellten Inhalte und Werke auf diesen Seiten unterliegen dem deutschen Urheberrecht. Vervielf\u00e4ltigung, Bearbeitung, Verbreitung und jede Art der Verwertung au\u00dferhalb der Grenzen des Urheberrechtes bed\u00fcrfen der schriftlichen Zustimmung des jeweiligen Autors bzw. Erstellers. \u0130ndirmeler ve Kopien dieser Seite sind nur f\u00fcr den privaten, nicht commmerziellen Gebrauch gestattet. Bu sitedeki i\u00e7erikler bahis\u00e7i taraf\u0131ndan olu\u015fturulmad\u0131ysa, Dritter'\u0131n haklar\u0131 dikkate al\u0131nmal\u0131d\u0131r. Ayr\u0131ca, Dritter Inhalte'ler sadece solche olarak tan\u0131mlanacakt\u0131r. Bir Urheberrechtsverletzung'da sorun ya\u015farsan\u0131z, einen eentsprechenden Hinweis \u0131sten wir um. Rechtsverletzungen Bekanntwerden von Rechtsverletzungen werden wirden derartige Inhalte umgehend entfernen.<\/p>","protected":false},"excerpt":{"rendered":"","protected":false},"author":1,"featured_media":0,"parent":0,"menu_order":0,"comment_status":"closed","ping_status":"closed","template":"","meta":{"footnotes":""},"class_list":["post-368","page","type-page","status-publish","hentry","latest_post"],"_links":{"self":[{"href":"https:\/\/www.leaplytics.de\/tr\/wp-json\/wp\/v2\/pages\/368","targetHints":{"allow":["GET"]}}],"collection":[{"href":"https:\/\/www.leaplytics.de\/tr\/wp-json\/wp\/v2\/pages"}],"about":[{"href":"https:\/\/www.leaplytics.de\/tr\/wp-json\/wp\/v2\/types\/page"}],"author":[{"embeddable":true,"href":"https:\/\/www.leaplytics.de\/tr\/wp-json\/wp\/v2\/users\/1"}],"replies":[{"embeddable":true,"href":"https:\/\/www.leaplytics.de\/tr\/wp-json\/wp\/v2\/comments?post=368"}],"version-history":[{"count":0,"href":"https:\/\/www.leaplytics.de\/tr\/wp-json\/wp\/v2\/pages\/368\/revisions"}],"wp:attachment":[{"href":"https:\/\/www.leaplytics.de\/tr\/wp-json\/wp\/v2\/media?parent=368"}],"curies":[{"name":"wp","href":"https:\/\/api.w.org\/{rel}","templated":true}]}}