{"id":799,"date":"2021-01-04T21:52:31","date_gmt":"2021-01-04T20:52:31","guid":{"rendered":"https:\/\/www.leaplytics.de\/?page_id=799"},"modified":"2024-11-04T09:23:33","modified_gmt":"2024-11-04T08:23:33","slug":"proje-yonetimi-gosterge-tablosu-qlik-sense","status":"publish","type":"page","link":"https:\/\/www.leaplytics.de\/tr\/on-sayfa\/proje-yonetimi-gosterge-tablosu-qlik-sense\/","title":{"rendered":"Proje Y\u00f6netimi G\u00f6sterge Tablosu Qlik Sense"},"content":{"rendered":"<h2 class=\"wp-block-heading\" id=\"dashboard\">G\u00f6sterge Tablosu<\/h2>\n\n\n\n<p>Proje Y\u00f6netimi G\u00f6sterge Tablosu Qlik Sense basit bir kural\u0131 takip eder: <strong>Do\u011fru proje bilgilerinin do\u011fru bir \u015fekilde bir araya getirilerek sorumlu ki\u015filere bir bak\u0131\u015fta g\u00f6sterilmesi ve b\u00f6ylece do\u011fru kararlar almalar\u0131n\u0131n sa\u011flanmas\u0131<\/strong>. <\/p>\n\n\n\n<p>Proje ortam\u0131nda, farkl\u0131 bilgi gereksinimleri olan ve her biri farkl\u0131 ayr\u0131nt\u0131 d\u00fczeyine sahip farkl\u0131 payda\u015flar vard\u0131r. A\u015fa\u011f\u0131daki \u00f6rnekler en yayg\u0131n iki z\u0131tl\u0131\u011f\u0131 g\u00f6stermektedir.  <\/p>\n\n\n\n<p><strong>Portf\u00f6y Seviyesi:<\/strong> Do\u011fru projelerin do\u011fru kaynaklarla \u00f6nceliklendirildi\u011finden emin olmas\u0131 gereken portf\u00f6y y\u00f6neticileri vard\u0131r. T\u0131kan\u0131kl\u0131klar\u0131n tespit edilmesi ve proje boru hatlar\u0131n\u0131n y\u00f6netilmesi gerekir.<\/p>\n\n\n\n<p><strong>Proje Seviyesi: <\/strong>Proje y\u00f6neticilerinin t\u00fcm y\u00f6nlendirme de\u011fi\u015fkenlerine sahip olabilmeleri i\u00e7in en d\u00fc\u015f\u00fck seviyede bilgi almalar\u0131 gerekir. Di\u011fer taraftan sponsorlar, g\u00f6zden ge\u00e7irme kurulu \u00fcyeleri ve CEO'lar, kapsay\u0131c\u0131 proje y\u00f6nlendirmesinde do\u011fru kararlar\u0131 alabilmek i\u00e7in bilginin ilgili \u00f6z\u00fcn\u00fc almal\u0131d\u0131r.<\/p>\n\n\n\n<p>LeapLytics Geli\u015fmi\u015f Proje Y\u00f6netimi Raporlamas\u0131, ne t\u00fcr bir payda\u015f veya toplama seviyesi olursa olsun, t\u00fcm raporlama gereksinimlerinin m\u00fcmk\u00fcn olmas\u0131n\u0131 sa\u011flar. B\u00fct\u00fcnle\u015ftirici bilgi s\u00fcreci sayesinde, t\u00fcm bilgiler en d\u00fc\u015f\u00fck seviyede toplan\u0131r ve olas\u0131 t\u00fcm al\u0131c\u0131lar\u0131n ihtiya\u00e7lar\u0131na g\u00f6re bir araya getirilir.<\/p>\n\n\n\n<p>\u0130\u015fte QlikSense i\u00e7in LeapLytics Extension Suite ile ger\u00e7ekle\u015ftirilebilecek iki proje durumu raporlama \u00f6rne\u011fi. G\u00f6sterge Tablolar\u0131, proje y\u00f6netimi i\u00e7in standart PMI kurallar\u0131n\u0131 takip eden bir temel veri modeli kullan\u0131r. Bu sayede, kurumsal \u00e7apta projeler uyumlu, verimli ve kullan\u0131c\u0131 dostu bir \u015fekilde raporlanabilir.<\/p>\n\n\n\n<h2 class=\"wp-block-heading\" id=\"project-status-report-qlik-sense\">Proje Durum Raporu Qlik Sense<\/h2>\n\n\n\n<p>Temel proje durum raporu, Proje Y\u00f6netimi G\u00f6sterge Tablosu Qlik Sense'in bir \u00f6rne\u011fidir ve kullan\u0131c\u0131n\u0131n \u00f6zel bir proje ve raporlama tarihi se\u00e7mesine olanak tan\u0131r. Kullan\u0131c\u0131, ba\u015fl\u0131kta ilgili ana verilerle birlikte \u00fc\u00e7 s\u00fctunlu bir d\u00fczende sunulan t\u00fcm gerekli bilgileri al\u0131r. Ana \u00f6zellikler \u015funlard\u0131r <a href=\"https:\/\/www.leaplytics.de\/tr\/extensions\/traffic-light\/\">Trafik I\u015f\u0131\u011f\u0131<\/a> ve <a href=\"https:\/\/www.leaplytics.de\/tr\/extensions\/qliksense-icin-risk-isi-haritasi-uzantisi\/\">Risk Matrisi<\/a>.<\/p>\n\n\n\n<figure class=\"wp-block-image size-large\"><img loading=\"lazy\" decoding=\"async\" width=\"1024\" height=\"600\" src=\"https:\/\/www.leaplytics.de\/wp-content\/uploads\/2021\/11\/Laptop-with-Dashboard-Page2-1024x600.png\" alt=\"\" class=\"wp-image-2407\" srcset=\"https:\/\/www.leaplytics.de\/wp-content\/uploads\/2021\/11\/Laptop-with-Dashboard-Page2-1024x600.png 1024w, https:\/\/www.leaplytics.de\/wp-content\/uploads\/2021\/11\/Laptop-with-Dashboard-Page2-300x176.png 300w, https:\/\/www.leaplytics.de\/wp-content\/uploads\/2021\/11\/Laptop-with-Dashboard-Page2-768x450.png 768w, https:\/\/www.leaplytics.de\/wp-content\/uploads\/2021\/11\/Laptop-with-Dashboard-Page2-1536x901.png 1536w, https:\/\/www.leaplytics.de\/wp-content\/uploads\/2021\/11\/Laptop-with-Dashboard-Page2-2048x1201.png 2048w, https:\/\/www.leaplytics.de\/wp-content\/uploads\/2021\/11\/Laptop-with-Dashboard-Page2-102x60.png 102w\" sizes=\"auto, (max-width: 1024px) 100vw, 1024px\" \/><figcaption class=\"wp-element-caption\">Proje Y\u00f6netimi G\u00f6sterge Tablosu Qlik Sense<\/figcaption><\/figure>\n\n\n\n<p>Temel proje durum raporunun bir \u00e7e\u015fidi, d\u00fczeni yatay bir g\u00f6r\u00fcn\u00fcme d\u00f6n\u00fc\u015ft\u00fcr\u00fcr ve ilgili Kilometre Ta\u015flar\u0131 ve bunlar\u0131n hedef ba\u015far\u0131lar\u0131 hakk\u0131nda genel bir bak\u0131\u015f elde etmek i\u00e7in Kilometre Ta\u015f\u0131 G\u00f6r\u00fcn\u00fcm\u00fcn\u00fc ana \u00f6zellik olarak ekler.<\/p>\n\n\n\n<figure class=\"wp-block-image size-large\"><img loading=\"lazy\" decoding=\"async\" width=\"1024\" height=\"602\" src=\"https:\/\/www.leaplytics.de\/wp-content\/uploads\/2021\/11\/Laptop-with-Dashboard-Page3-1024x602.png\" alt=\"\" class=\"wp-image-2408\" srcset=\"https:\/\/www.leaplytics.de\/wp-content\/uploads\/2021\/11\/Laptop-with-Dashboard-Page3-1024x602.png 1024w, https:\/\/www.leaplytics.de\/wp-content\/uploads\/2021\/11\/Laptop-with-Dashboard-Page3-300x176.png 300w, https:\/\/www.leaplytics.de\/wp-content\/uploads\/2021\/11\/Laptop-with-Dashboard-Page3-768x451.png 768w, https:\/\/www.leaplytics.de\/wp-content\/uploads\/2021\/11\/Laptop-with-Dashboard-Page3-1536x903.png 1536w, https:\/\/www.leaplytics.de\/wp-content\/uploads\/2021\/11\/Laptop-with-Dashboard-Page3-2048x1204.png 2048w, https:\/\/www.leaplytics.de\/wp-content\/uploads\/2021\/11\/Laptop-with-Dashboard-Page3-102x60.png 102w\" sizes=\"auto, (max-width: 1024px) 100vw, 1024px\" \/><figcaption class=\"wp-element-caption\">Proje Y\u00f6netimi G\u00f6sterge Tablosu Qlik Sense<\/figcaption><\/figure>\n\n\n\n<p>Eklentimiz ayr\u0131ca kapsay\u0131c\u0131 Portf\u00f6y G\u00f6sterge Tablolar\u0131nda da kullan\u0131labilir.<\/p>\n\n\n\n<figure class=\"wp-block-image size-large\"><img loading=\"lazy\" decoding=\"async\" width=\"1024\" height=\"599\" src=\"https:\/\/www.leaplytics.de\/wp-content\/uploads\/2021\/11\/Laptop-with-Dashboard-Page1-1024x599.png\" alt=\"\" class=\"wp-image-2406\" srcset=\"https:\/\/www.leaplytics.de\/wp-content\/uploads\/2021\/11\/Laptop-with-Dashboard-Page1-1024x599.png 1024w, https:\/\/www.leaplytics.de\/wp-content\/uploads\/2021\/11\/Laptop-with-Dashboard-Page1-300x175.png 300w, https:\/\/www.leaplytics.de\/wp-content\/uploads\/2021\/11\/Laptop-with-Dashboard-Page1-768x449.png 768w, https:\/\/www.leaplytics.de\/wp-content\/uploads\/2021\/11\/Laptop-with-Dashboard-Page1-1536x898.png 1536w, https:\/\/www.leaplytics.de\/wp-content\/uploads\/2021\/11\/Laptop-with-Dashboard-Page1-2048x1198.png 2048w, https:\/\/www.leaplytics.de\/wp-content\/uploads\/2021\/11\/Laptop-with-Dashboard-Page1-103x60.png 103w\" sizes=\"auto, (max-width: 1024px) 100vw, 1024px\" \/><figcaption class=\"wp-element-caption\">Proje Portf\u00f6y\u00fc G\u00f6sterge Tablosu Qlik Sense<\/figcaption><\/figure>\n\n\n\n<p>Bunun proje y\u00f6netimi ortam\u0131n\u0131z i\u00e7in ne anlama geldi\u011fini merak ediyorsan\u0131z, sizinle bir g\u00f6r\u00fc\u015fme ayarlamaktan mutluluk duyar\u0131z. Bu durumda veya ayr\u0131nt\u0131lar, uygulama ve fiyatland\u0131rma bilgileriyle ilgili sorular\u0131n\u0131z varsa l\u00fctfen bize bildirin, sizinle k\u0131sa s\u00fcrede ileti\u015fime ge\u00e7elim:<\/p>\n\n\n<div class=\"wpforms-container wpforms-container-full\" id=\"wpforms-10645\"><form id=\"wpforms-form-10645\" class=\"wpforms-validate wpforms-form wpforms-ajax-form\" data-formid=\"10645\" method=\"post\" enctype=\"multipart\/form-data\" action=\"\/tr\/wp-json\/wp\/v2\/pages\/799\" data-token=\"8021b6815198f418c9ebb1b0452af199\" data-token-time=\"1775981987\" data-trp-original-action=\"\/tr\/wp-json\/wp\/v2\/pages\/799\"><noscript class=\"wpforms-error-noscript\">Bu formu bitirebilmek i\u00e7in taray\u0131c\u0131n\u0131zda JavaScript'i etkinle\u015ftirin.<\/noscript><div class=\"wpforms-field-container\"><div id=\"wpforms-10645-field_0-container\" class=\"wpforms-field wpforms-field-name\" data-field-id=\"0\"><label class=\"wpforms-field-label\">\u0130sim <span class=\"wpforms-required-label\">*<\/span><\/label><div class=\"wpforms-field-row wpforms-field-medium\"><div class=\"wpforms-field-row-block wpforms-first wpforms-one-half\"><input type=\"text\" id=\"wpforms-10645-field_0\" class=\"wpforms-field-name-first wpforms-field-required\" name=\"wpforms[fields][0][first]\" required><label for=\"wpforms-10645-field_0\" class=\"wpforms-field-sublabel after\">Reklam<\/label><\/div><div class=\"wpforms-field-row-block wpforms-one-half\"><input type=\"text\" id=\"wpforms-10645-field_0-last\" class=\"wpforms-field-name-last wpforms-field-required\" name=\"wpforms[fields][0][last]\" required><label for=\"wpforms-10645-field_0-last\" class=\"wpforms-field-sublabel after\">Soyad<\/label><\/div><\/div><\/div><div id=\"wpforms-10645-field_1-container\" class=\"wpforms-field wpforms-field-email\" data-field-id=\"1\"><label class=\"wpforms-field-label\" for=\"wpforms-10645-field_1\">E-posta <span class=\"wpforms-required-label\">*<\/span><\/label><input type=\"email\" id=\"wpforms-10645-field_1\" class=\"wpforms-field-medium wpforms-field-required\" data-rule-restricted-email=\"1\" name=\"wpforms[fields][1]\" spellcheck=\"false\" required><\/div><div id=\"wpforms-10645-field_3-container\" class=\"wpforms-field wpforms-field-text\" data-field-id=\"3\"><label class=\"wpforms-field-label\" for=\"wpforms-10645-field_3\">\u015eirket <span class=\"wpforms-required-label\">*<\/span><\/label><input type=\"text\" id=\"wpforms-10645-field_3\" class=\"wpforms-field-medium wpforms-field-required\" name=\"wpforms[fields][3]\" required><\/div><div id=\"wpforms-10645-field_2-container\" class=\"wpforms-field wpforms-field-textarea\" data-field-id=\"2\"><label class=\"wpforms-field-label\" for=\"wpforms-10645-field_2\">Yorum veya Mesaj<\/label><textarea id=\"wpforms-10645-field_2\" class=\"wpforms-field-medium\" name=\"wpforms[fields][2]\" ><\/textarea><\/div><div id=\"wpforms-10645-field_4-container\" class=\"wpforms-field wpforms-field-gdpr-checkbox\" data-field-id=\"4\"><label class=\"wpforms-field-label\">GDPR S\u00f6zle\u015fmesi <span class=\"wpforms-required-label\">*<\/span><\/label><ul id=\"wpforms-10645-field_4\" class=\"wpforms-field-required\"><li class=\"choice-1\"><input type=\"checkbox\" id=\"wpforms-10645-field_4_1\" name=\"wpforms[fields][4][]\" value=\"I consent to having this website store my submitted information so they can respond to my inquiry.\" required><label class=\"wpforms-field-label-inline\" for=\"wpforms-10645-field_4_1\">Bu web sitesinin, talebime yan\u0131t verebilmesi i\u00e7in g\u00f6nderdi\u011fim bilgileri saklamas\u0131na izin veriyorum.<\/label><\/li><\/ul><\/div><\/div><!-- .wpforms-field-container --><div class=\"wpforms-recaptcha-container wpforms-is-recaptcha wpforms-is-recaptcha-type-v3\" ><input type=\"hidden\" name=\"wpforms[recaptcha]\" value=\"\"><\/div><div class=\"wpforms-submit-container\" ><input type=\"hidden\" name=\"wpforms[id]\" value=\"10645\"><input type=\"hidden\" name=\"page_title\" value=\"\"><input type=\"hidden\" name=\"page_url\" value=\"https:\/\/www.leaplytics.de\/tr\/wp-json\/wp\/v2\/pages\/799\"><input type=\"hidden\" name=\"url_referer\" value=\"\"><button type=\"submit\" name=\"wpforms[submit]\" id=\"wpforms-submit-10645\" class=\"wpforms-submit\" data-alt-text=\"Sending...\" data-submit-text=\"Submit\" aria-live=\"assertive\" value=\"wpforms-submit\">G\u00f6nder<\/button><img loading=\"lazy\" decoding=\"async\" src=\"https:\/\/www.leaplytics.de\/wp-content\/plugins\/wpforms-lite\/assets\/images\/submit-spin.svg\" class=\"wpforms-submit-spinner\" style=\"display: none;\" width=\"26\" height=\"26\" alt=\"Y\u00fckleniyor\"><\/div><input type=\"hidden\" name=\"trp-form-language\" value=\"tr\"\/><\/form><\/div>  <!-- .wpforms-container -->","protected":false},"excerpt":{"rendered":"<p>Dashboard Proje Y\u00f6netimi Dashboard Qlik Sense basit bir kural\u0131 takip eder: do\u011fru proje bilgilerini do\u011fru toplamda sorumlu ki\u015filere tek bak\u0131\u015fta g\u00f6stererek do\u011fru kararlar\u0131 almalar\u0131n\u0131 sa\u011flamak. Proje ortam\u0131nda, farkl\u0131 bilgi gereksinimleri olan ve her biri farkl\u0131 ayr\u0131nt\u0131 d\u00fczeyine sahip farkl\u0131 payda\u015flar vard\u0131r. Bu ... <\/p>","protected":false},"author":1,"featured_media":0,"parent":111,"menu_order":0,"comment_status":"closed","ping_status":"closed","template":"","meta":{"footnotes":""},"class_list":["post-799","page","type-page","status-publish","hentry","latest_post"],"_links":{"self":[{"href":"https:\/\/www.leaplytics.de\/tr\/wp-json\/wp\/v2\/pages\/799","targetHints":{"allow":["GET"]}}],"collection":[{"href":"https:\/\/www.leaplytics.de\/tr\/wp-json\/wp\/v2\/pages"}],"about":[{"href":"https:\/\/www.leaplytics.de\/tr\/wp-json\/wp\/v2\/types\/page"}],"author":[{"embeddable":true,"href":"https:\/\/www.leaplytics.de\/tr\/wp-json\/wp\/v2\/users\/1"}],"replies":[{"embeddable":true,"href":"https:\/\/www.leaplytics.de\/tr\/wp-json\/wp\/v2\/comments?post=799"}],"version-history":[{"count":3,"href":"https:\/\/www.leaplytics.de\/tr\/wp-json\/wp\/v2\/pages\/799\/revisions"}],"predecessor-version":[{"id":13668,"href":"https:\/\/www.leaplytics.de\/tr\/wp-json\/wp\/v2\/pages\/799\/revisions\/13668"}],"up":[{"embeddable":true,"href":"https:\/\/www.leaplytics.de\/tr\/wp-json\/wp\/v2\/pages\/111"}],"wp:attachment":[{"href":"https:\/\/www.leaplytics.de\/tr\/wp-json\/wp\/v2\/media?parent=799"}],"curies":[{"name":"wp","href":"https:\/\/api.w.org\/{rel}","templated":true}]}}