{"id":8471,"date":"2022-06-07T22:47:30","date_gmt":"2022-06-07T20:47:30","guid":{"rendered":"https:\/\/www.leaplytics.de\/?page_id=8471"},"modified":"2022-06-08T11:19:35","modified_gmt":"2022-06-08T09:19:35","slug":"microsoft-power-bi-lisansi-nasil-etkinlestirilir","status":"publish","type":"page","link":"https:\/\/www.leaplytics.de\/tr\/microsoft-power-bi-lisansi-nasil-etkinlestirilir\/","title":{"rendered":"Nas\u0131l Yap\u0131l\u0131r: Microsoft Power BI'da Lisans\u0131 Etkinle\u015ftirme"},"content":{"rendered":"<p>Lisans anahtar\u0131n\u0131z\u0131 ald\u0131n\u0131z ve ba\u015flamak istiyorsunuz. Ama nereye yerle\u015ftirmeniz gerekiyor? Bunu size burada a\u00e7\u0131kl\u0131yoruz.<\/p>\n\n\n\n<h2 class=\"wp-block-heading\">Power BI Web<\/h2>\n\n\n\n<div class=\"wp-block-columns is-layout-flex wp-container-core-columns-is-layout-1 wp-block-columns-is-layout-flex\">\n<div class=\"wp-block-column is-layout-flow wp-block-column-is-layout-flow\">\n<p>Edit\u00f6r modunda, \u00f6nce g\u00f6rselle\u015ftirmemize t\u0131klay\u0131n. G\u00f6rselle\u015ftirmemiz i\u00e7in ayar se\u00e7enekleri daha sonra kenar \u00e7ubu\u011funda a\u00e7\u0131lacakt\u0131r. \"Bi\u00e7im\" se\u00e7ene\u011fine t\u0131klay\u0131n. Bu, soldan ikinci simgedir. Yuvarlanan bir f\u0131r\u00e7aya benziyor.<\/p>\n<\/div>\n\n\n\n<div class=\"wp-block-column is-layout-flow wp-block-column-is-layout-flow\">\n<figure class=\"wp-block-gallery has-nested-images columns-default is-cropped wp-block-gallery-1 is-layout-flex wp-block-gallery-is-layout-flex\">\n<figure class=\"wp-block-image size-large\"><img loading=\"lazy\" decoding=\"async\" width=\"322\" height=\"357\" src=\"https:\/\/www.leaplytics.de\/wp-content\/uploads\/2022\/06\/grafik.png\" alt=\"\" class=\"wp-image-8472\" srcset=\"https:\/\/www.leaplytics.de\/wp-content\/uploads\/2022\/06\/grafik.png 322w, https:\/\/www.leaplytics.de\/wp-content\/uploads\/2022\/06\/grafik-271x300.png 271w, https:\/\/www.leaplytics.de\/wp-content\/uploads\/2022\/06\/grafik-54x60.png 54w\" sizes=\"auto, (max-width: 322px) 100vw, 322px\" \/><\/figure>\n<\/figure>\n<\/div>\n<\/div>\n\n\n\n<div class=\"wp-block-columns is-layout-flex wp-container-core-columns-is-layout-2 wp-block-columns-is-layout-flex\">\n<div class=\"wp-block-column is-layout-flow wp-block-column-is-layout-flow\">\n<figure class=\"wp-block-image size-full\"><img loading=\"lazy\" decoding=\"async\" width=\"314\" height=\"636\" src=\"https:\/\/www.leaplytics.de\/wp-content\/uploads\/2022\/06\/grafik-1.png\" alt=\"\" class=\"wp-image-8476\" srcset=\"https:\/\/www.leaplytics.de\/wp-content\/uploads\/2022\/06\/grafik-1.png 314w, https:\/\/www.leaplytics.de\/wp-content\/uploads\/2022\/06\/grafik-1-148x300.png 148w, https:\/\/www.leaplytics.de\/wp-content\/uploads\/2022\/06\/grafik-1-30x60.png 30w\" sizes=\"auto, (max-width: 314px) 100vw, 314px\" \/><\/figure>\n<\/div>\n\n\n\n<div class=\"wp-block-column is-layout-flow wp-block-column-is-layout-flow\">\n<p>\u015eimdi birka\u00e7 a\u00e7\u0131l\u0131r men\u00fc g\u00f6receksiniz. Bunlardan biri \"Lisans\" etiketine sahiptir. \u00dczerine t\u0131klad\u0131\u011f\u0131n\u0131zda, a\u015fa\u011f\u0131da lisans\u0131n\u0131z\u0131 girebilece\u011finiz metin alan\u0131 belirir.<\/p>\n\n\n\n<p>Tamamland\u0131! Lisans etkinle\u015ftirildi ve t\u00fcm k\u0131s\u0131tlamalar kald\u0131r\u0131ld\u0131. \u015eimdi ba\u015flayabilirsiniz!<\/p>\n<\/div>\n<\/div>\n\n\n\n<h2 class=\"wp-block-heading\">Power BI Masa\u00fcst\u00fc<\/h2>\n\n\n\n<div class=\"wp-block-columns is-layout-flex wp-container-core-columns-is-layout-3 wp-block-columns-is-layout-flex\">\n<div class=\"wp-block-column is-layout-flow wp-block-column-is-layout-flow\">\n<p>Edit\u00f6r modunda, \u00f6nce g\u00f6rselle\u015ftirmemize t\u0131klay\u0131n. G\u00f6rselle\u015ftirmemiz i\u00e7in ayar se\u00e7enekleri daha sonra kenar \u00e7ubu\u011funda a\u00e7\u0131lacakt\u0131r. \"G\u00f6rselinizi bi\u00e7imlendirin\" se\u00e7ene\u011fine t\u0131klay\u0131n. Bu, soldan ikinci simgedir. Boya f\u0131r\u00e7as\u0131 olan bir \u00e7ubuk grafi\u011fe benziyor.<\/p>\n<\/div>\n\n\n\n<div class=\"wp-block-column is-layout-flow wp-block-column-is-layout-flow\">\n<figure class=\"wp-block-image size-full\"><img loading=\"lazy\" decoding=\"async\" width=\"301\" height=\"348\" src=\"https:\/\/www.leaplytics.de\/wp-content\/uploads\/2022\/06\/grafik-2.png\" alt=\"\" class=\"wp-image-8477\" srcset=\"https:\/\/www.leaplytics.de\/wp-content\/uploads\/2022\/06\/grafik-2.png 301w, https:\/\/www.leaplytics.de\/wp-content\/uploads\/2022\/06\/grafik-2-259x300.png 259w, https:\/\/www.leaplytics.de\/wp-content\/uploads\/2022\/06\/grafik-2-52x60.png 52w\" sizes=\"auto, (max-width: 301px) 100vw, 301px\" \/><\/figure>\n<\/div>\n<\/div>\n\n\n\n<div class=\"wp-block-columns is-layout-flex wp-container-core-columns-is-layout-4 wp-block-columns-is-layout-flex\">\n<div class=\"wp-block-column is-layout-flow wp-block-column-is-layout-flow\">\n<figure class=\"wp-block-image size-full\"><img loading=\"lazy\" decoding=\"async\" width=\"252\" height=\"410\" src=\"https:\/\/www.leaplytics.de\/wp-content\/uploads\/2022\/06\/grafik-3.png\" alt=\"\" class=\"wp-image-8478\" srcset=\"https:\/\/www.leaplytics.de\/wp-content\/uploads\/2022\/06\/grafik-3.png 252w, https:\/\/www.leaplytics.de\/wp-content\/uploads\/2022\/06\/grafik-3-184x300.png 184w, https:\/\/www.leaplytics.de\/wp-content\/uploads\/2022\/06\/grafik-3-37x60.png 37w\" sizes=\"auto, (max-width: 252px) 100vw, 252px\" \/><\/figure>\n<\/div>\n\n\n\n<div class=\"wp-block-column is-layout-flow wp-block-column-is-layout-flow\">\n<p>\u015eimdi birka\u00e7 a\u00e7\u0131l\u0131r men\u00fc g\u00f6receksiniz. Bunlardan biri \"Lisans\" etiketine sahiptir. \u00dczerine t\u0131klad\u0131\u011f\u0131n\u0131zda, a\u015fa\u011f\u0131da lisans\u0131n\u0131z\u0131 girebilece\u011finiz metin alan\u0131 belirir.<\/p>\n\n\n\n<p>Tamamland\u0131! Lisans etkinle\u015ftirildi ve t\u00fcm k\u0131s\u0131tlamalar kald\u0131r\u0131ld\u0131.<\/p>\n<\/div>\n<\/div>","protected":false},"excerpt":{"rendered":"<p>Lisans anahtar\u0131n\u0131z\u0131 ald\u0131n\u0131z ve ba\u015flamak istiyorsunuz. Ama nereye yerle\u015ftirmeniz gerekiyor? Bunu size burada a\u00e7\u0131kl\u0131yoruz. Power BI Web Edit\u00f6r modunda, \u00f6nce g\u00f6rselle\u015ftirmemize t\u0131klay\u0131n. G\u00f6rselle\u015ftirmemiz i\u00e7in ayar se\u00e7enekleri daha sonra kenar \u00e7ubu\u011funda a\u00e7\u0131lacakt\u0131r. \"Bi\u00e7imlendir \"e t\u0131kl\u0131yorsunuz. Bu ikinci ... <\/p>","protected":false},"author":2,"featured_media":0,"parent":0,"menu_order":0,"comment_status":"closed","ping_status":"closed","template":"","meta":{"footnotes":""},"class_list":["post-8471","page","type-page","status-publish","hentry","latest_post"],"_links":{"self":[{"href":"https:\/\/www.leaplytics.de\/tr\/wp-json\/wp\/v2\/pages\/8471","targetHints":{"allow":["GET"]}}],"collection":[{"href":"https:\/\/www.leaplytics.de\/tr\/wp-json\/wp\/v2\/pages"}],"about":[{"href":"https:\/\/www.leaplytics.de\/tr\/wp-json\/wp\/v2\/types\/page"}],"author":[{"embeddable":true,"href":"https:\/\/www.leaplytics.de\/tr\/wp-json\/wp\/v2\/users\/2"}],"replies":[{"embeddable":true,"href":"https:\/\/www.leaplytics.de\/tr\/wp-json\/wp\/v2\/comments?post=8471"}],"version-history":[{"count":0,"href":"https:\/\/www.leaplytics.de\/tr\/wp-json\/wp\/v2\/pages\/8471\/revisions"}],"wp:attachment":[{"href":"https:\/\/www.leaplytics.de\/tr\/wp-json\/wp\/v2\/media?parent=8471"}],"curies":[{"name":"wp","href":"https:\/\/api.w.org\/{rel}","templated":true}]}}