{"id":8499,"date":"2022-06-13T21:38:40","date_gmt":"2022-06-13T19:38:40","guid":{"rendered":"https:\/\/www.leaplytics.de\/?page_id=8499"},"modified":"2024-10-29T11:53:22","modified_gmt":"2024-10-29T10:53:22","slug":"risk-isi-haritasi-matris-gucu-bi-icin-ayriklastirma","status":"publish","type":"page","link":"https:\/\/www.leaplytics.de\/tr\/risk-isi-haritasi-matris-gucu-bi-icin-ayriklastirma\/","title":{"rendered":"Ayr\u0131kla\u015ft\u0131rma ve D\u00f6n\u00fc\u015f\u00fcm"},"content":{"rendered":"<p>Risk Is\u0131 Haritam\u0131z \/ Matrisimiz de\u011fer olarak 1 ila 10 gerektirir, ancak verileriniz s\u00fcrekliyse ve bu aral\u0131kta de\u011filse ne yapmal\u0131s\u0131n\u0131z? Ya da risklerinizin ifadeleri kelimelerden olu\u015fuyorsa? A\u015fa\u011f\u0131da binning, quintiles, \u00f6zel e\u015fikler ve kelimelerden say\u0131lara e\u015fleme ile d\u00f6rt \u00e7\u00f6z\u00fcm bulunmaktad\u0131r.<\/p>\n\n\n\n<h2 class=\"wp-block-heading\" id=\"binning\">Binning<\/h2>\n\n\n\n<p>Bu \u00e7\u00f6z\u00fcm yakla\u015f\u0131m\u0131nda, veri setinizdeki t\u00fcm s\u00fcrekli de\u011ferler be\u015f kutuya ayr\u0131l\u0131r. L\u00fctfen kutu boyutunun her zaman ayn\u0131 oldu\u011funu unutmay\u0131n.<\/p>\n\n\n\n<p><em>\u00d6rnek: De\u011ferleriniz 0 ile 100 aras\u0131ndad\u0131r: A\u015fa\u011f\u0131daki kutular olu\u015fturulur:<\/em><\/p>\n\n\n\n<ul class=\"wp-block-list\">\n<li><em>0 ila 20<\/em><\/li>\n\n\n\n<li><em>21 ila 40<\/em><\/li>\n\n\n\n<li><em>41 ila 60<\/em><\/li>\n\n\n\n<li><em>61 ila 80<\/em><\/li>\n\n\n\n<li><em>81 ila 100<\/em><\/li>\n<\/ul>\n\n\n\n<p><em><strong>Dolay\u0131s\u0131yla bu, m\u00fcnferit kutulardaki risk miktar\u0131n\u0131 dikkate almamaktad\u0131r.<\/strong> Veri aral\u0131klar\u0131 yaln\u0131zca e\u015fit olarak b\u00f6l\u00fcnm\u00fc\u015ft\u00fcr.<\/em><\/p>\n\n\n\n<div class=\"wp-block-columns is-layout-flex wp-container-core-columns-is-layout-1 wp-block-columns-is-layout-flex\">\n<div class=\"wp-block-column is-layout-flow wp-block-column-is-layout-flow\" style=\"flex-basis:66.66%\">\n<figure class=\"wp-block-image size-full\"><img loading=\"lazy\" decoding=\"async\" width=\"400\" height=\"606\" src=\"https:\/\/www.leaplytics.de\/wp-content\/uploads\/2022\/06\/grafik-4.png\" alt=\"\" class=\"wp-image-8500\" srcset=\"https:\/\/www.leaplytics.de\/wp-content\/uploads\/2022\/06\/grafik-4.png 400w, https:\/\/www.leaplytics.de\/wp-content\/uploads\/2022\/06\/grafik-4-198x300.png 198w, https:\/\/www.leaplytics.de\/wp-content\/uploads\/2022\/06\/grafik-4-40x60.png 40w\" sizes=\"auto, (max-width: 400px) 100vw, 400px\" \/><\/figure>\n<\/div>\n\n\n\n<div class=\"wp-block-column is-layout-flow wp-block-column-is-layout-flow\" style=\"flex-basis:33.33%\">\n<p>Kenar \u00e7ubu\u011funda, \u00f6nce d\u00f6n\u00fc\u015ft\u00fcrmek istedi\u011finiz alana sa\u011f t\u0131klay\u0131n. Bizim \u00f6rne\u011fimizde \"Etki \u00d6rne\u011fi\" alan\u0131.<\/p>\n\n\n\n<p>Ard\u0131ndan sol t\u0131klama ile \"Yeni grup\" se\u00e7ene\u011fini se\u00e7in. \"Gruplar\" penceresi a\u00e7\u0131l\u0131r.<\/p>\n<\/div>\n<\/div>\n\n\n\n<div class=\"wp-block-columns is-layout-flex wp-container-core-columns-is-layout-2 wp-block-columns-is-layout-flex\">\n<div class=\"wp-block-column is-layout-flow wp-block-column-is-layout-flow\" style=\"flex-basis:33.33%\">\n<p>Burada \"Kutu tipi\" i\u00e7in \"Kutu say\u0131s\u0131\" se\u00e7ene\u011fini se\u00e7ersiniz. Sol alt tarafa \"Kutu Say\u0131s\u0131\" olarak \"10\" de\u011ferini girersiniz. Daha sonra \"Kutu boyutu\" alt\u0131nda kutular\u0131n geni\u015fli\u011fini otomatik olarak hesaplar.<\/p>\n\n\n\n<p>Son olarak \"Tamam \"a t\u0131klay\u0131n.<\/p>\n<\/div>\n\n\n\n<div class=\"wp-block-column is-layout-flow wp-block-column-is-layout-flow\" style=\"flex-basis:66.66%\">\n<figure class=\"wp-block-image size-full\"><img loading=\"lazy\" decoding=\"async\" width=\"806\" height=\"635\" src=\"https:\/\/www.leaplytics.de\/wp-content\/uploads\/2022\/06\/grafik-5.png\" alt=\"\" class=\"wp-image-8501\" srcset=\"https:\/\/www.leaplytics.de\/wp-content\/uploads\/2022\/06\/grafik-5.png 806w, https:\/\/www.leaplytics.de\/wp-content\/uploads\/2022\/06\/grafik-5-300x236.png 300w, https:\/\/www.leaplytics.de\/wp-content\/uploads\/2022\/06\/grafik-5-768x605.png 768w, https:\/\/www.leaplytics.de\/wp-content\/uploads\/2022\/06\/grafik-5-76x60.png 76w\" sizes=\"auto, (max-width: 806px) 100vw, 806px\" \/><\/figure>\n<\/div>\n<\/div>\n\n\n\n<div class=\"wp-block-columns is-layout-flex wp-container-core-columns-is-layout-3 wp-block-columns-is-layout-flex\">\n<div class=\"wp-block-column is-layout-flow wp-block-column-is-layout-flow\" style=\"flex-basis:66.66%\">\n<figure class=\"wp-block-image size-full\"><img loading=\"lazy\" decoding=\"async\" width=\"402\" height=\"664\" src=\"https:\/\/www.leaplytics.de\/wp-content\/uploads\/2022\/06\/grafik-6.png\" alt=\"\" class=\"wp-image-8503\" srcset=\"https:\/\/www.leaplytics.de\/wp-content\/uploads\/2022\/06\/grafik-6.png 402w, https:\/\/www.leaplytics.de\/wp-content\/uploads\/2022\/06\/grafik-6-182x300.png 182w, https:\/\/www.leaplytics.de\/wp-content\/uploads\/2022\/06\/grafik-6-36x60.png 36w\" sizes=\"auto, (max-width: 402px) 100vw, 402px\" \/><\/figure>\n<\/div>\n\n\n\n<div class=\"wp-block-column is-layout-flow wp-block-column-is-layout-flow\" style=\"flex-basis:33.33%\">\n<p>Son ad\u0131mda, kenar \u00e7ubu\u011funda yeni olu\u015fturulan alana tekrar t\u0131klay\u0131n.<\/p>\n\n\n\n<p>\u015eimdi \"Gruplar\" penceresi tekrar g\u00f6r\u00fcn\u00fcr.<\/p>\n<\/div>\n<\/div>\n\n\n\n<div class=\"wp-block-columns is-layout-flex wp-container-core-columns-is-layout-4 wp-block-columns-is-layout-flex\">\n<div class=\"wp-block-column is-layout-flow wp-block-column-is-layout-flow\" style=\"flex-basis:33.33%\">\n<p>Burada \"Kutu\" yerine \"Liste\" grup t\u00fcr\u00fcn\u00fc se\u00e7ersiniz. Gruplanmam\u0131\u015f de\u011ferler soldaki kutuda g\u00f6r\u00fcn\u00fcr.<\/p>\n\n\n\n<p>\u015eimdi her bir de\u011feri ba\u015flat\u0131p se\u00e7in ve \"Grupla\" d\u00fc\u011fmesi arac\u0131l\u0131\u011f\u0131yla sa\u011f s\u00fctuna ta\u015f\u0131y\u0131n.<\/p>\n<\/div>\n\n\n\n<div class=\"wp-block-column is-layout-flow wp-block-column-is-layout-flow\" style=\"flex-basis:66.66%\">\n<figure class=\"wp-block-image size-full\"><img loading=\"lazy\" decoding=\"async\" width=\"796\" height=\"631\" src=\"https:\/\/www.leaplytics.de\/wp-content\/uploads\/2022\/06\/grafik-7.png\" alt=\"\" class=\"wp-image-8504\" srcset=\"https:\/\/www.leaplytics.de\/wp-content\/uploads\/2022\/06\/grafik-7.png 796w, https:\/\/www.leaplytics.de\/wp-content\/uploads\/2022\/06\/grafik-7-300x238.png 300w, https:\/\/www.leaplytics.de\/wp-content\/uploads\/2022\/06\/grafik-7-768x609.png 768w, https:\/\/www.leaplytics.de\/wp-content\/uploads\/2022\/06\/grafik-7-76x60.png 76w\" sizes=\"auto, (max-width: 796px) 100vw, 796px\" \/><\/figure>\n<\/div>\n<\/div>\n\n\n\n<div class=\"wp-block-columns is-layout-flex wp-container-core-columns-is-layout-5 wp-block-columns-is-layout-flex\">\n<div class=\"wp-block-column is-layout-flow wp-block-column-is-layout-flow\" style=\"flex-basis:66.66%\">\n<figure class=\"wp-block-image size-full\"><img loading=\"lazy\" decoding=\"async\" width=\"797\" height=\"631\" src=\"https:\/\/www.leaplytics.de\/wp-content\/uploads\/2022\/06\/grafik-8.png\" alt=\"\" class=\"wp-image-8505\" srcset=\"https:\/\/www.leaplytics.de\/wp-content\/uploads\/2022\/06\/grafik-8.png 797w, https:\/\/www.leaplytics.de\/wp-content\/uploads\/2022\/06\/grafik-8-300x238.png 300w, https:\/\/www.leaplytics.de\/wp-content\/uploads\/2022\/06\/grafik-8-768x608.png 768w, https:\/\/www.leaplytics.de\/wp-content\/uploads\/2022\/06\/grafik-8-76x60.png 76w\" sizes=\"auto, (max-width: 797px) 100vw, 797px\" \/><\/figure>\n<\/div>\n\n\n\n<div class=\"wp-block-column is-layout-flow wp-block-column-is-layout-flow\" style=\"flex-basis:33.33%\">\n<p>Neredeyse haz\u0131r! \u015eimdi her bir \u00fcst gruba \u00e7ift t\u0131klayarak ve de\u011ferleri ekleyerek 1'den 10'a kadar olan de\u011ferleri on de\u011fere atay\u0131n. Son olarak \"Tamam \"a t\u0131kl\u0131yorsunuz.<\/p>\n<\/div>\n<\/div>\n\n\n\n<div class=\"wp-block-columns is-layout-flex wp-container-core-columns-is-layout-6 wp-block-columns-is-layout-flex\">\n<div class=\"wp-block-column is-layout-flow wp-block-column-is-layout-flow\" style=\"flex-basis:33.33%\">\n<p>Tamamland\u0131! Verileri d\u00f6n\u00fc\u015ft\u00fcrd\u00fcn\u00fcz ve art\u0131k Risk Matrisimizdeki bir eksene s\u00fcr\u00fckleyebilirsiniz.<\/p>\n<\/div>\n\n\n\n<div class=\"wp-block-column is-layout-flow wp-block-column-is-layout-flow\" style=\"flex-basis:66.66%\">\n<figure class=\"wp-block-image size-full\"><img loading=\"lazy\" decoding=\"async\" width=\"416\" height=\"634\" src=\"https:\/\/www.leaplytics.de\/wp-content\/uploads\/2022\/06\/grafik-9.png\" alt=\"\" class=\"wp-image-8506\" srcset=\"https:\/\/www.leaplytics.de\/wp-content\/uploads\/2022\/06\/grafik-9.png 416w, https:\/\/www.leaplytics.de\/wp-content\/uploads\/2022\/06\/grafik-9-197x300.png 197w, https:\/\/www.leaplytics.de\/wp-content\/uploads\/2022\/06\/grafik-9-39x60.png 39w\" sizes=\"auto, (max-width: 416px) 100vw, 416px\" \/><\/figure>\n<\/div>\n<\/div>\n\n\n\n<h2 class=\"wp-block-heading\" id=\"quintiles\">Quintiles<\/h2>\n\n\n\n<div class=\"wp-block-columns is-layout-flex wp-container-core-columns-is-layout-7 wp-block-columns-is-layout-flex\">\n<div class=\"wp-block-column is-layout-flow wp-block-column-is-layout-flow\" style=\"flex-basis:66.66%\">\n<figure class=\"wp-block-image size-full\"><img loading=\"lazy\" decoding=\"async\" width=\"393\" height=\"677\" src=\"https:\/\/www.leaplytics.de\/wp-content\/uploads\/2022\/06\/grafik-11.png\" alt=\"\" class=\"wp-image-8541\" srcset=\"https:\/\/www.leaplytics.de\/wp-content\/uploads\/2022\/06\/grafik-11.png 393w, https:\/\/www.leaplytics.de\/wp-content\/uploads\/2022\/06\/grafik-11-174x300.png 174w, https:\/\/www.leaplytics.de\/wp-content\/uploads\/2022\/06\/grafik-11-35x60.png 35w\" sizes=\"auto, (max-width: 393px) 100vw, 393px\" \/><\/figure>\n<\/div>\n\n\n\n<div class=\"wp-block-column is-layout-flow wp-block-column-is-layout-flow\" style=\"flex-basis:33.33%\">\n<p>\u00d6nce ayr\u0131kla\u015ft\u0131rmak istedi\u011fimiz alana tekrar sa\u011f t\u0131kl\u0131yoruz. Bizim \u00f6rne\u011fimizde bu alan \"Etki \u00d6rne\u011fi\". Ard\u0131ndan \"Yeni hesaplama \"y\u0131 se\u00e7iyoruz. DAX D\u00fczenleyici g\u00f6sterge tablosunun \u00fczerinde a\u00e7\u0131l\u0131r.<\/p>\n<\/div>\n<\/div>\n\n\n\n<p>\u015eimdi veri k\u00fcmenizdeki tabloya ve istenen s\u00fctuna g\u00f6re \u00f6zelle\u015ftirilmi\u015f a\u015fa\u011f\u0131daki kodu ekliyoruz. \u00d6nemli - bu be\u015fte birlik dilimler i\u00e7in bir \u00f6rnektir. Gerekirse bunu y\u00fczdelik dilimlere uyarlayabilirsiniz:<\/p>\n\n\n\n<pre class=\"wp-block-code\"><code>Kuantil =\nvar FirstQuantile = CALCULATE(PERCENTILE.INC(Table[Column], .2), ALL(Table[Column]))\nvar SecondQuantile = CALCULATE(PERCENTILE.INC(Table[Column], .4), ALL(Table[Column]))\nvar ThirdQuantile = CALCULATE(PERCENTILE.INC(Table[Column], .6), ALL(Table[Column]))\nvar FourthQuantile = CALCULATE(PERCENTILE.INC(Table[Column], .8), ALL(Table[Column]))\nvar BuVal = Min(Tablo[S\u00fctun])\nd\u00f6n\u00fc\u015f\nIF(HASONEVALUE(Tablo[S\u00fctun]),\n\t\tIF(ThisVal  FirstQuantile &amp;&amp; ThisVal  SecondQuantile &amp;&amp; ThisVal  ThirdQuantile &amp;&amp; ThisVal &lt;= FourthQuantile, 4,\n\t\t\t\t5)\n\t\t\t)\n\t\t)\n) )<\/code><\/pre>\n\n\n\n<div class=\"wp-block-columns is-layout-flex wp-container-core-columns-is-layout-8 wp-block-columns-is-layout-flex\">\n<div class=\"wp-block-column is-layout-flow wp-block-column-is-layout-flow\" style=\"flex-basis:33.33%\">\n<p>Haz\u0131r! B\u00f6ylece 1'den 5'e kadar olan de\u011ferleri ayr\u0131kla\u015ft\u0131rd\u0131k ve elde ettik. Art\u0131k bu alan\u0131 Risk Matrisimiz i\u00e7in kullanabiliriz!<\/p>\n<\/div>\n\n\n\n<div class=\"wp-block-column is-layout-flow wp-block-column-is-layout-flow\" style=\"flex-basis:66.66%\">\n<figure class=\"wp-block-image size-full\"><img loading=\"lazy\" decoding=\"async\" width=\"244\" height=\"493\" src=\"https:\/\/www.leaplytics.de\/wp-content\/uploads\/2022\/06\/grafik-12.png\" alt=\"\" class=\"wp-image-8542\" srcset=\"https:\/\/www.leaplytics.de\/wp-content\/uploads\/2022\/06\/grafik-12.png 244w, https:\/\/www.leaplytics.de\/wp-content\/uploads\/2022\/06\/grafik-12-148x300.png 148w, https:\/\/www.leaplytics.de\/wp-content\/uploads\/2022\/06\/grafik-12-30x60.png 30w\" sizes=\"auto, (max-width: 244px) 100vw, 244px\" \/><\/figure>\n<\/div>\n<\/div>\n\n\n\n<h2 class=\"wp-block-heading\" id=\"custom-thresholds\">\u00d6zel E\u015fikler<\/h2>\n\n\n\n<div class=\"wp-block-columns is-layout-flex wp-container-core-columns-is-layout-9 wp-block-columns-is-layout-flex\">\n<div class=\"wp-block-column is-layout-flow wp-block-column-is-layout-flow\" style=\"flex-basis:66.66%\">\n<figure class=\"wp-block-image size-full\"><img loading=\"lazy\" decoding=\"async\" width=\"393\" height=\"677\" src=\"https:\/\/www.leaplytics.de\/wp-content\/uploads\/2022\/06\/grafik-11.png\" alt=\"\" class=\"wp-image-8541\" srcset=\"https:\/\/www.leaplytics.de\/wp-content\/uploads\/2022\/06\/grafik-11.png 393w, https:\/\/www.leaplytics.de\/wp-content\/uploads\/2022\/06\/grafik-11-174x300.png 174w, https:\/\/www.leaplytics.de\/wp-content\/uploads\/2022\/06\/grafik-11-35x60.png 35w\" sizes=\"auto, (max-width: 393px) 100vw, 393px\" \/><\/figure>\n<\/div>\n\n\n\n<div class=\"wp-block-column is-layout-flow wp-block-column-is-layout-flow\" style=\"flex-basis:33.33%\">\n<p>\u00d6nce ayr\u0131kla\u015ft\u0131rmak istedi\u011fimiz alana tekrar sa\u011f t\u0131kl\u0131yoruz. Bizim \u00f6rne\u011fimizde bu alan \"Etki \u00d6rne\u011fi\". Ard\u0131ndan \"Yeni hesaplama \"y\u0131 se\u00e7iyoruz. DAX D\u00fczenleyici g\u00f6sterge tablosunun \u00fczerinde a\u00e7\u0131l\u0131r.<\/p>\n<\/div>\n<\/div>\n\n\n\n<p>\u015eimdi veri k\u00fcmenizdeki tabloya ve istenen s\u00fctuna g\u00f6re \u00f6zelle\u015ftirilmi\u015f a\u015fa\u011f\u0131daki kodu ekliyoruz:<\/p>\n\n\n\n<pre class=\"wp-block-code\"><code>Custom_Thresholds =\nvar FirstThreshold = your_first_threshold_value_here\nvar SecondThreshold = your_second_threshold_value_here\nvar ThirdThreshold = your_third_threshold_value_here\nvar FourthThreshold = your_fourth_threshold_value_here\nvar BuVal = Min(Tablo[S\u00fctun])\nd\u00f6n\u00fc\u015f\nIF(HASONEVALUE(Tablo[S\u00fctun]),\n\t\tIF(ThisVal  FirstThreshold &amp;&amp; ThisVal  SecondThreshold &amp;&amp; ThisVal  ThirdThreshold &amp;&amp; ThisVal &lt;= FourthThreshold, 4,\n\t\t\t\t5)\n\t\t\t)\n\t\t)\n) )<\/code><\/pre>\n\n\n\n<h2 class=\"wp-block-heading\" id=\"words-to-numbers\">Kelimelerden Say\u0131lara<\/h2>\n\n\n\n<div class=\"wp-block-columns is-layout-flex wp-container-core-columns-is-layout-10 wp-block-columns-is-layout-flex\">\n<div class=\"wp-block-column is-layout-flow wp-block-column-is-layout-flow\" style=\"flex-basis:66.66%\">\n<figure class=\"wp-block-image size-full\"><img loading=\"lazy\" decoding=\"async\" width=\"627\" height=\"439\" src=\"https:\/\/www.leaplytics.de\/wp-content\/uploads\/2022\/06\/grafik-17.png\" alt=\"\" class=\"wp-image-8963\" srcset=\"https:\/\/www.leaplytics.de\/wp-content\/uploads\/2022\/06\/grafik-17.png 627w, https:\/\/www.leaplytics.de\/wp-content\/uploads\/2022\/06\/grafik-17-300x210.png 300w, https:\/\/www.leaplytics.de\/wp-content\/uploads\/2022\/06\/grafik-17-86x60.png 86w\" sizes=\"auto, (max-width: 627px) 100vw, 627px\" \/><\/figure>\n<\/div>\n\n\n\n<div class=\"wp-block-column is-layout-flow wp-block-column-is-layout-flow\" style=\"flex-basis:33.33%\">\n<p>\u00d6nce men\u00fcdeki \"Verileri d\u00f6n\u00fc\u015ft\u00fcr\" se\u00e7ene\u011fine t\u0131klay\u0131n. Bu, Power Query Editor'\u00fc a\u00e7ar.<\/p>\n<\/div>\n<\/div>\n\n\n\n<div class=\"wp-block-columns is-layout-flex wp-container-core-columns-is-layout-11 wp-block-columns-is-layout-flex\">\n<div class=\"wp-block-column is-layout-flow wp-block-column-is-layout-flow\" style=\"flex-basis:33.33%\">\n<p>D\u00f6n\u00fc\u015ft\u00fcrmek istedi\u011finiz s\u00fctunu se\u00e7ersiniz. Bu \u00f6rnekte bu s\u00fctun \"Olas\u0131l\u0131k Metni\" s\u00fctunudur. Ard\u0131ndan sol \u00fcst k\u00f6\u015fedeki \"\u00d6rneklerden S\u00fctun \"a t\u0131klay\u0131n ve \"Se\u00e7imden\" se\u00e7ene\u011fini se\u00e7in.<\/p>\n<\/div>\n\n\n\n<div class=\"wp-block-column is-layout-flow wp-block-column-is-layout-flow\" style=\"flex-basis:66.66%\">\n<figure class=\"wp-block-image size-full\"><img loading=\"lazy\" decoding=\"async\" width=\"627\" height=\"268\" src=\"https:\/\/www.leaplytics.de\/wp-content\/uploads\/2022\/06\/grafik-18.png\" alt=\"\" class=\"wp-image-8964\" srcset=\"https:\/\/www.leaplytics.de\/wp-content\/uploads\/2022\/06\/grafik-18.png 627w, https:\/\/www.leaplytics.de\/wp-content\/uploads\/2022\/06\/grafik-18-300x128.png 300w, https:\/\/www.leaplytics.de\/wp-content\/uploads\/2022\/06\/grafik-18-140x60.png 140w\" sizes=\"auto, (max-width: 627px) 100vw, 627px\" \/><\/figure>\n<\/div>\n<\/div>\n\n\n\n<div class=\"wp-block-columns is-layout-flex wp-container-core-columns-is-layout-12 wp-block-columns-is-layout-flex\">\n<div class=\"wp-block-column is-layout-flow wp-block-column-is-layout-flow\" style=\"flex-basis:66.66%\">\n<figure class=\"wp-block-image size-full\"><img loading=\"lazy\" decoding=\"async\" width=\"627\" height=\"268\" src=\"https:\/\/www.leaplytics.de\/wp-content\/uploads\/2022\/06\/grafik-19.png\" alt=\"\" class=\"wp-image-8965\" srcset=\"https:\/\/www.leaplytics.de\/wp-content\/uploads\/2022\/06\/grafik-19.png 627w, https:\/\/www.leaplytics.de\/wp-content\/uploads\/2022\/06\/grafik-19-300x128.png 300w, https:\/\/www.leaplytics.de\/wp-content\/uploads\/2022\/06\/grafik-19-140x60.png 140w\" sizes=\"auto, (max-width: 627px) 100vw, 627px\" \/><\/figure>\n<\/div>\n\n\n\n<div class=\"wp-block-column is-layout-flow wp-block-column-is-layout-flow\" style=\"flex-basis:33.33%\">\n<p>Yeni bir s\u00fctun eklenir. Yeni s\u00fctunun ilk h\u00fccresine t\u0131klars\u0131n\u0131z ve istedi\u011finiz say\u0131sal de\u011feri girersiniz. \u00d6rne\u011fimizde, \"Remote\" (en d\u00fc\u015f\u00fck ifade) \"1\" de\u011ferine kar\u015f\u0131l\u0131k gelir.&nbsp; <em><strong>T\u00fcm de\u011ferleri tek tek de\u011fi\u015ftirmeniz gerekmez. Power BI, say\u0131lar\u0131 tan\u0131r ve bunlar\u0131 a\u015fa\u011f\u0131dakilere g\u00f6re otomatik olarak e\u015fler <\/strong><\/em><strong>iki<\/strong><em><strong> Senin \u00f6rneklerinden.<\/strong><\/em><\/p>\n<\/div>\n<\/div>\n\n\n\n<div class=\"wp-block-columns is-layout-flex wp-container-core-columns-is-layout-13 wp-block-columns-is-layout-flex\">\n<div class=\"wp-block-column is-layout-flow wp-block-column-is-layout-flow\" style=\"flex-basis:33.33%\">\n<p>Bunu veri setinizdeki her ifade i\u00e7in tekrarlars\u0131n\u0131z ...<\/p>\n<\/div>\n\n\n\n<div class=\"wp-block-column is-layout-flow wp-block-column-is-layout-flow\" style=\"flex-basis:66.66%\">\n<figure class=\"wp-block-image size-full\"><img loading=\"lazy\" decoding=\"async\" width=\"627\" height=\"317\" src=\"https:\/\/www.leaplytics.de\/wp-content\/uploads\/2022\/06\/grafik-20.png\" alt=\"\" class=\"wp-image-8966\" srcset=\"https:\/\/www.leaplytics.de\/wp-content\/uploads\/2022\/06\/grafik-20.png 627w, https:\/\/www.leaplytics.de\/wp-content\/uploads\/2022\/06\/grafik-20-300x152.png 300w, https:\/\/www.leaplytics.de\/wp-content\/uploads\/2022\/06\/grafik-20-119x60.png 119w\" sizes=\"auto, (max-width: 627px) 100vw, 627px\" \/><\/figure>\n<\/div>\n<\/div>\n\n\n\n<div class=\"wp-block-columns is-layout-flex wp-container-core-columns-is-layout-14 wp-block-columns-is-layout-flex\">\n<div class=\"wp-block-column is-layout-flow wp-block-column-is-layout-flow\" style=\"flex-basis:66.66%\">\n<figure class=\"wp-block-image size-full\"><img loading=\"lazy\" decoding=\"async\" width=\"627\" height=\"315\" src=\"https:\/\/www.leaplytics.de\/wp-content\/uploads\/2022\/06\/grafik-21.png\" alt=\"\" class=\"wp-image-8969\" srcset=\"https:\/\/www.leaplytics.de\/wp-content\/uploads\/2022\/06\/grafik-21.png 627w, https:\/\/www.leaplytics.de\/wp-content\/uploads\/2022\/06\/grafik-21-300x151.png 300w, https:\/\/www.leaplytics.de\/wp-content\/uploads\/2022\/06\/grafik-21-119x60.png 119w\" sizes=\"auto, (max-width: 627px) 100vw, 627px\" \/><\/figure>\n<\/div>\n\n\n\n<div class=\"wp-block-column is-layout-flow wp-block-column-is-layout-flow\" style=\"flex-basis:33.33%\">\n<p>Son ifadenizi e\u015fle\u015ftirdikten sonra, son olarak \"Tamam \"a t\u0131klay\u0131n. \u0130\u015fte oldu: \"Olas\u0131l\u0131k\" i\u00e7in d\u00f6n\u00fc\u015ft\u00fcr\u00fclm\u00fc\u015f bir s\u00fctun. Bunu \"Etki\" ile tekrarlad\u0131\u011f\u0131n\u0131zda gerekli veri format\u0131na sahip olursunuz. Bu 1'den 10'a kadar olan mant\u0131\u011f\u0131 se\u00e7tik, \u00e7\u00fcnk\u00fc herkesin be\u015f kategori i\u00e7in farkl\u0131 bir ifadesi var.<\/p>\n<\/div>\n<\/div>","protected":false},"excerpt":{"rendered":"<p>Our Risk Heatmap \/ Matrix requires 1 to 10 as values, but what to do if your data is continuous and not in this interval? Or if the expressions of your risks consist of words? Below are four solutions with binning, quintiles, custom thresholds and words to numbers mapping. Binning In this solution approach, all &hellip; <\/p>","protected":false},"author":2,"featured_media":0,"parent":0,"menu_order":0,"comment_status":"closed","ping_status":"closed","template":"","meta":{"footnotes":""},"class_list":["post-8499","page","type-page","status-publish","hentry","latest_post"],"_links":{"self":[{"href":"https:\/\/www.leaplytics.de\/tr\/wp-json\/wp\/v2\/pages\/8499","targetHints":{"allow":["GET"]}}],"collection":[{"href":"https:\/\/www.leaplytics.de\/tr\/wp-json\/wp\/v2\/pages"}],"about":[{"href":"https:\/\/www.leaplytics.de\/tr\/wp-json\/wp\/v2\/types\/page"}],"author":[{"embeddable":true,"href":"https:\/\/www.leaplytics.de\/tr\/wp-json\/wp\/v2\/users\/2"}],"replies":[{"embeddable":true,"href":"https:\/\/www.leaplytics.de\/tr\/wp-json\/wp\/v2\/comments?post=8499"}],"version-history":[{"count":2,"href":"https:\/\/www.leaplytics.de\/tr\/wp-json\/wp\/v2\/pages\/8499\/revisions"}],"predecessor-version":[{"id":13647,"href":"https:\/\/www.leaplytics.de\/tr\/wp-json\/wp\/v2\/pages\/8499\/revisions\/13647"}],"wp:attachment":[{"href":"https:\/\/www.leaplytics.de\/tr\/wp-json\/wp\/v2\/media?parent=8499"}],"curies":[{"name":"wp","href":"https:\/\/api.w.org\/{rel}","templated":true}]}}