{"id":8873,"date":"2022-06-25T15:01:05","date_gmt":"2022-06-25T13:01:05","guid":{"rendered":"https:\/\/www.leaplytics.de\/?page_id=8873"},"modified":"2024-09-13T15:22:46","modified_gmt":"2024-09-13T13:22:46","slug":"risk-isi-haritasi-matrisi-power-bi-icin-ozel-renkler","status":"publish","type":"page","link":"https:\/\/www.leaplytics.de\/tr\/risk-isi-haritasi-matrisi-power-bi-icin-ozel-renkler\/","title":{"rendered":"\u00d6zel Renkler ve Eksen Etiketleri"},"content":{"rendered":"<p>Risk Is\u0131 Haritan\u0131z\u0131 \/ Matrisinizi farkl\u0131 renkler ve eksen etiketleri ile tasarlamak ister misiniz? D\u00fczen Tasar\u0131mc\u0131m\u0131z gerekli t\u00fcm unsurlar\u0131 \u00f6zelle\u015ftirmenizde size yard\u0131mc\u0131 olacakt\u0131r!<\/p>\n\n\n\n<div class=\"wp-block-buttons is-content-justification-center is-layout-flex wp-container-core-buttons-is-layout-1 wp-block-buttons-is-layout-flex\">\n<div class=\"wp-block-button\"><a class=\"wp-block-button__link has-text-align-center wp-element-button\" href=\"https:\/\/www.leaplytics.de\/tr\/custom-colors\/\">D\u00fczen Tasar\u0131mc\u0131s\u0131na Git<\/a><\/div>\n<\/div>","protected":false},"excerpt":{"rendered":"<p>Risk Is\u0131 Haritan\u0131z\u0131 \/ Matrisinizi farkl\u0131 renkler ve eksen etiketleri ile tasarlamak ister misiniz? D\u00fczen Tasar\u0131mc\u0131m\u0131z gerekli t\u00fcm unsurlar\u0131 \u00f6zelle\u015ftirmenizde size yard\u0131mc\u0131 olacakt\u0131r!<\/p>","protected":false},"author":2,"featured_media":0,"parent":0,"menu_order":0,"comment_status":"closed","ping_status":"closed","template":"","meta":{"footnotes":""},"class_list":["post-8873","page","type-page","status-publish","hentry","latest_post"],"_links":{"self":[{"href":"https:\/\/www.leaplytics.de\/tr\/wp-json\/wp\/v2\/pages\/8873","targetHints":{"allow":["GET"]}}],"collection":[{"href":"https:\/\/www.leaplytics.de\/tr\/wp-json\/wp\/v2\/pages"}],"about":[{"href":"https:\/\/www.leaplytics.de\/tr\/wp-json\/wp\/v2\/types\/page"}],"author":[{"embeddable":true,"href":"https:\/\/www.leaplytics.de\/tr\/wp-json\/wp\/v2\/users\/2"}],"replies":[{"embeddable":true,"href":"https:\/\/www.leaplytics.de\/tr\/wp-json\/wp\/v2\/comments?post=8873"}],"version-history":[{"count":5,"href":"https:\/\/www.leaplytics.de\/tr\/wp-json\/wp\/v2\/pages\/8873\/revisions"}],"predecessor-version":[{"id":13562,"href":"https:\/\/www.leaplytics.de\/tr\/wp-json\/wp\/v2\/pages\/8873\/revisions\/13562"}],"wp:attachment":[{"href":"https:\/\/www.leaplytics.de\/tr\/wp-json\/wp\/v2\/media?parent=8873"}],"curies":[{"name":"wp","href":"https:\/\/api.w.org\/{rel}","templated":true}]}}