{"id":9141,"date":"2022-07-21T14:51:23","date_gmt":"2022-07-21T12:51:23","guid":{"rendered":"https:\/\/www.leaplytics.de\/?page_id=9141"},"modified":"2022-07-21T14:51:24","modified_gmt":"2022-07-21T12:51:24","slug":"risk-isi-haritasi-matrisi-guc-bi-icin-ortusen-metin","status":"publish","type":"page","link":"https:\/\/www.leaplytics.de\/tr\/risk-isi-haritasi-matrisi-guc-bi-icin-ortusen-metin\/","title":{"rendered":"\u00dcst \u00fcste binen metin"},"content":{"rendered":"<p>Risklerin metinleri uzun ve g\u00f6rselle\u015ftirmede \u00e7ak\u0131\u015f\u0131yor mu? Sizin i\u00e7in baz\u0131 \u00e7\u00f6z\u00fcmler derledik.<\/p>\n\n\n\n<h3 class=\"wp-block-heading\">Karakter say\u0131s\u0131n\u0131n s\u0131n\u0131rland\u0131r\u0131lmas\u0131<\/h3>\n\n\n\n<p>Ayr\u0131ca, bir boyut veya s\u00fctundaki karakter say\u0131s\u0131n\u0131 s\u0131n\u0131rlamak m\u00fcmk\u00fcnd\u00fcr. Bu, riskin hala okunabilir olmas\u0131 i\u00e7in dizenin uzunlu\u011funu ayr\u0131 ayr\u0131 tan\u0131mlaman\u0131za olanak tan\u0131r.<\/p>\n\n\n\n<div class=\"wp-block-columns is-layout-flex wp-container-core-columns-is-layout-1 wp-block-columns-is-layout-flex\">\n<div class=\"wp-block-column is-layout-flow wp-block-column-is-layout-flow\" style=\"flex-basis:66.66%\">\n<figure class=\"wp-block-image size-full\"><img loading=\"lazy\" decoding=\"async\" width=\"604\" height=\"446\" src=\"https:\/\/www.leaplytics.de\/wp-content\/uploads\/2022\/07\/grafik-8.png\" alt=\"\" class=\"wp-image-9159\" srcset=\"https:\/\/www.leaplytics.de\/wp-content\/uploads\/2022\/07\/grafik-8.png 604w, https:\/\/www.leaplytics.de\/wp-content\/uploads\/2022\/07\/grafik-8-300x222.png 300w, https:\/\/www.leaplytics.de\/wp-content\/uploads\/2022\/07\/grafik-8-570x420.png 570w, https:\/\/www.leaplytics.de\/wp-content\/uploads\/2022\/07\/grafik-8-81x60.png 81w\" sizes=\"auto, (max-width: 604px) 100vw, 604px\" \/><\/figure>\n<\/div>\n\n\n\n<div class=\"wp-block-column is-layout-flow wp-block-column-is-layout-flow\" style=\"flex-basis:33.33%\">\n<p>Burada riskin a\u00e7\u0131klamas\u0131n\u0131 ilk sekiz karakterle s\u0131n\u0131rland\u0131rd\u0131k ve daha iyi okunabilirlik i\u00e7in \u00fc\u00e7 nokta ekledik. Fareyle \u00fczerine geldi\u011finizde ayr\u0131nt\u0131l\u0131 a\u00e7\u0131klamay\u0131 g\u00f6rmeye devam edebilirsiniz.<\/p>\n<\/div>\n<\/div>\n\n\n\n<div class=\"wp-block-columns is-layout-flex wp-container-core-columns-is-layout-2 wp-block-columns-is-layout-flex\">\n<div class=\"wp-block-column is-layout-flow wp-block-column-is-layout-flow\" style=\"flex-basis:33.33%\">\n<p>Bunu yapmak i\u00e7in \u00f6nce Power BI'daki \"Modelleme\" sekmesine ve ard\u0131ndan \"Yeni S\u00fctun \"a t\u0131kl\u0131yoruz.<\/p>\n\n\n\n<p>DAX D\u00fczenleyici a\u00e7\u0131l\u0131r.<\/p>\n<\/div>\n\n\n\n<div class=\"wp-block-column is-layout-flow wp-block-column-is-layout-flow\" style=\"flex-basis:66.66%\">\n<figure class=\"wp-block-image size-full\"><img loading=\"lazy\" decoding=\"async\" width=\"709\" height=\"616\" src=\"https:\/\/www.leaplytics.de\/wp-content\/uploads\/2022\/07\/grafik-9.png\" alt=\"\" class=\"wp-image-9160\" srcset=\"https:\/\/www.leaplytics.de\/wp-content\/uploads\/2022\/07\/grafik-9.png 709w, https:\/\/www.leaplytics.de\/wp-content\/uploads\/2022\/07\/grafik-9-300x261.png 300w, https:\/\/www.leaplytics.de\/wp-content\/uploads\/2022\/07\/grafik-9-69x60.png 69w\" sizes=\"auto, (max-width: 709px) 100vw, 709px\" \/><\/figure>\n<\/div>\n<\/div>\n\n\n\n<p>\u00d6rne\u011fimizde \"A\u00e7\u0131klama Uzun\" s\u00fctunu k\u0131saltmak istedi\u011fimiz metni i\u00e7eriyor. Kodu a\u00e7\u0131klamas\u0131na g\u00f6re ayarlaman\u0131z gerekiyor. \u0130\u015fte \u015fimdi bu \u00f6rne\u011fe a\u015fa\u011f\u0131daki kodu ekliyoruz:<\/p>\n\n\n\n<pre class=\"wp-block-code\"><code>A\u00e7\u0131klama K\u0131sa = CONCATENATE(LEFT([A\u00e7\u0131klama Uzun], 8),\"...\")<\/code><\/pre>\n\n\n\n<div class=\"wp-block-columns is-layout-flex wp-container-core-columns-is-layout-3 wp-block-columns-is-layout-flex\">\n<div class=\"wp-block-column is-layout-flow wp-block-column-is-layout-flow\" style=\"flex-basis:66.66%\">\n<figure class=\"wp-block-image size-full\"><img loading=\"lazy\" decoding=\"async\" width=\"634\" height=\"459\" src=\"https:\/\/www.leaplytics.de\/wp-content\/uploads\/2022\/07\/grafik-10.png\" alt=\"\" class=\"wp-image-9161\" srcset=\"https:\/\/www.leaplytics.de\/wp-content\/uploads\/2022\/07\/grafik-10.png 634w, https:\/\/www.leaplytics.de\/wp-content\/uploads\/2022\/07\/grafik-10-300x217.png 300w, https:\/\/www.leaplytics.de\/wp-content\/uploads\/2022\/07\/grafik-10-83x60.png 83w\" sizes=\"auto, (max-width: 634px) 100vw, 634px\" \/><\/figure>\n<\/div>\n\n\n\n<div class=\"wp-block-column is-layout-flow wp-block-column-is-layout-flow\" style=\"flex-basis:33.33%\">\n<p>LEFT i\u00e7 fonksiyonu, boyutu ba\u015flang\u0131\u00e7tan itibaren ilk sekiz harfe kadar k\u0131salt\u0131r. CONCATENATE fonksiyonu ile k\u0131salt\u0131lm\u0131\u015f dize ve \u00fc\u00e7 noktal\u0131 '...' ba\u011flan\u0131r.<\/p>\n<\/div>\n<\/div>\n\n\n\n<div class=\"wp-block-columns is-layout-flex wp-container-core-columns-is-layout-4 wp-block-columns-is-layout-flex\">\n<div class=\"wp-block-column is-layout-flow wp-block-column-is-layout-flow\" style=\"flex-basis:33.33%\">\n<p>\u015eimdi \"Description Short\" s\u00fctununu kullan\u0131yoruz ve bunu g\u00f6rselle\u015ftirmenin \"Risk ID\" alan\u0131na at\u0131yoruz.<\/p>\n<\/div>\n\n\n\n<div class=\"wp-block-column is-layout-flow wp-block-column-is-layout-flow\" style=\"flex-basis:66.66%\">\n<figure class=\"wp-block-image size-full\"><img loading=\"lazy\" decoding=\"async\" width=\"560\" height=\"639\" src=\"https:\/\/www.leaplytics.de\/wp-content\/uploads\/2022\/07\/grafik-11.png\" alt=\"\" class=\"wp-image-9162\" srcset=\"https:\/\/www.leaplytics.de\/wp-content\/uploads\/2022\/07\/grafik-11.png 560w, https:\/\/www.leaplytics.de\/wp-content\/uploads\/2022\/07\/grafik-11-263x300.png 263w, https:\/\/www.leaplytics.de\/wp-content\/uploads\/2022\/07\/grafik-11-53x60.png 53w\" sizes=\"auto, (max-width: 560px) 100vw, 560px\" \/><\/figure>\n<\/div>\n<\/div>\n\n\n\n<h3 class=\"wp-block-heading\">Sistemin dahili Risk Kimli\u011finin kullan\u0131m\u0131<\/h3>\n\n\n\n<div class=\"wp-block-columns is-layout-flex wp-container-core-columns-is-layout-5 wp-block-columns-is-layout-flex\">\n<div class=\"wp-block-column is-layout-flow wp-block-column-is-layout-flow\" style=\"flex-basis:66.66%\">\n<figure class=\"wp-block-image size-full\"><img loading=\"lazy\" decoding=\"async\" width=\"701\" height=\"510\" src=\"https:\/\/www.leaplytics.de\/wp-content\/uploads\/2022\/07\/grafik-1.png\" alt=\"\" class=\"wp-image-9145\" srcset=\"https:\/\/www.leaplytics.de\/wp-content\/uploads\/2022\/07\/grafik-1.png 701w, https:\/\/www.leaplytics.de\/wp-content\/uploads\/2022\/07\/grafik-1-300x218.png 300w, https:\/\/www.leaplytics.de\/wp-content\/uploads\/2022\/07\/grafik-1-82x60.png 82w\" sizes=\"auto, (max-width: 701px) 100vw, 701px\" \/><\/figure>\n<\/div>\n\n\n\n<div class=\"wp-block-column is-layout-flow wp-block-column-is-layout-flow\" style=\"flex-basis:33.33%\">\n<p>Risklerinizi \"Risk Kimli\u011fi\" alan\u0131na y\u00fckledi\u011finizi varsayal\u0131m. \u015eimdi metinler \u00e7ak\u0131\u015f\u0131yor. \u0130lk olas\u0131l\u0131k, riskin daha uzun a\u00e7\u0131klamas\u0131 yerine sistemin riskinin dahili bir kimli\u011fini - m\u00fcmk\u00fcnse - kullanmakt\u0131r. Bu genellikle daha az karaktere sahiptir.<\/p>\n<\/div>\n<\/div>\n\n\n\n<div class=\"wp-block-columns is-layout-flex wp-container-core-columns-is-layout-6 wp-block-columns-is-layout-flex\">\n<div class=\"wp-block-column is-layout-flow wp-block-column-is-layout-flow\" style=\"flex-basis:33.33%\">\n<p>Uzun a\u00e7\u0131klama yerine burada ID kullan\u0131l\u0131r. Bu, karakter say\u0131s\u0131n\u0131 azalt\u0131r ve daha net hale getirir. Riskin a\u00e7\u0131klamas\u0131 art\u0131k balonun \u00fczerine fare ile gelindi\u011finde g\u00f6r\u00fcnt\u00fclenebilir.<\/p>\n<\/div>\n\n\n\n<div class=\"wp-block-column is-layout-flow wp-block-column-is-layout-flow\" style=\"flex-basis:66.66%\">\n<figure class=\"wp-block-image size-full\"><img loading=\"lazy\" decoding=\"async\" width=\"684\" height=\"519\" src=\"https:\/\/www.leaplytics.de\/wp-content\/uploads\/2022\/07\/grafik-3.png\" alt=\"\" class=\"wp-image-9147\" srcset=\"https:\/\/www.leaplytics.de\/wp-content\/uploads\/2022\/07\/grafik-3.png 684w, https:\/\/www.leaplytics.de\/wp-content\/uploads\/2022\/07\/grafik-3-300x228.png 300w, https:\/\/www.leaplytics.de\/wp-content\/uploads\/2022\/07\/grafik-3-370x280.png 370w, https:\/\/www.leaplytics.de\/wp-content\/uploads\/2022\/07\/grafik-3-79x60.png 79w\" sizes=\"auto, (max-width: 684px) 100vw, 684px\" \/><\/figure>\n<\/div>\n<\/div>\n\n\n\n<div class=\"wp-block-columns is-layout-flex wp-container-core-columns-is-layout-7 wp-block-columns-is-layout-flex\">\n<div class=\"wp-block-column is-layout-flow wp-block-column-is-layout-flow\" style=\"flex-basis:50%\">\n<figure class=\"wp-block-image size-full\"><img loading=\"lazy\" decoding=\"async\" width=\"562\" height=\"616\" src=\"https:\/\/www.leaplytics.de\/wp-content\/uploads\/2022\/07\/grafik-5.png\" alt=\"\" class=\"wp-image-9154\" srcset=\"https:\/\/www.leaplytics.de\/wp-content\/uploads\/2022\/07\/grafik-5.png 562w, https:\/\/www.leaplytics.de\/wp-content\/uploads\/2022\/07\/grafik-5-274x300.png 274w, https:\/\/www.leaplytics.de\/wp-content\/uploads\/2022\/07\/grafik-5-55x60.png 55w\" sizes=\"auto, (max-width: 562px) 100vw, 562px\" \/><\/figure>\n<\/div>\n\n\n\n<div class=\"wp-block-column is-layout-flow wp-block-column-is-layout-flow\" style=\"flex-basis:33.33%\">\n<p>Bunu yapmak i\u00e7in, daha uzun metin i\u00e7eren s\u00fctunu veya boyutu \"Ara\u00e7 \u0130pucu (iste\u011fe ba\u011fl\u0131)\" alan\u0131na ve sistemdeki risk tan\u0131mlay\u0131c\u0131s\u0131n\u0131 \"Risk Kimli\u011fi\" alan\u0131na ta\u015f\u0131y\u0131n.<\/p>\n<\/div>\n<\/div>\n\n\n\n<h3 class=\"wp-block-heading\">Karo ba\u015f\u0131na g\u00f6r\u00fcnt\u00fclenen risk say\u0131s\u0131n\u0131 en aza indirin<\/h3>\n\n\n\n<div class=\"wp-block-columns is-layout-flex wp-container-core-columns-is-layout-8 wp-block-columns-is-layout-flex\">\n<div class=\"wp-block-column is-layout-flow wp-block-column-is-layout-flow\" style=\"flex-basis:66.66%\">\n<figure class=\"wp-block-image size-full\"><img loading=\"lazy\" decoding=\"async\" width=\"708\" height=\"512\" src=\"https:\/\/www.leaplytics.de\/wp-content\/uploads\/2022\/07\/grafik-6.png\" alt=\"\" class=\"wp-image-9157\" srcset=\"https:\/\/www.leaplytics.de\/wp-content\/uploads\/2022\/07\/grafik-6.png 708w, https:\/\/www.leaplytics.de\/wp-content\/uploads\/2022\/07\/grafik-6-300x217.png 300w, https:\/\/www.leaplytics.de\/wp-content\/uploads\/2022\/07\/grafik-6-83x60.png 83w\" sizes=\"auto, (max-width: 708px) 100vw, 708px\" \/><\/figure>\n<\/div>\n\n\n\n<div class=\"wp-block-column is-layout-flow wp-block-column-is-layout-flow\" style=\"flex-basis:33.33%\">\n<p>Ba\u015fka bir se\u00e7enek de g\u00f6r\u00fcnt\u00fclenen risk say\u0131s\u0131n\u0131 en aza indirmek olabilir. Ba\u015flang\u0131\u00e7ta bunu, kullan\u0131c\u0131n\u0131n karo ba\u015f\u0131na risk say\u0131s\u0131n\u0131 azaltmas\u0131na izin vermek i\u00e7in uygulad\u0131k. Bunun \u00fczerindeki her \u015fey, \u00f6n\u00fcnde elmas bulunan risklerin toplam\u0131 olarak g\u00f6r\u00fcnt\u00fclenecektir.<\/p>\n<\/div>\n<\/div>\n\n\n\n<div class=\"wp-block-columns is-layout-flex wp-container-core-columns-is-layout-9 wp-block-columns-is-layout-flex\">\n<div class=\"wp-block-column is-layout-flow wp-block-column-is-layout-flow\" style=\"flex-basis:33.33%\">\n<p>Bu \u00f6rnekte, g\u00f6r\u00fcnt\u00fclenen risk say\u0131s\u0131n\u0131 1 de\u011ferine ayarlad\u0131k. Dolay\u0131s\u0131yla, buradaki kutucu\u011fa birden fazla risk atan\u0131rsa, bir toplam olu\u015fturulur ve g\u00f6r\u00fcnt\u00fclenir.<\/p>\n<\/div>\n\n\n\n<div class=\"wp-block-column is-layout-flow wp-block-column-is-layout-flow\" style=\"flex-basis:66.66%\">\n<figure class=\"wp-block-image size-full\"><img loading=\"lazy\" decoding=\"async\" width=\"559\" height=\"615\" src=\"https:\/\/www.leaplytics.de\/wp-content\/uploads\/2022\/07\/grafik-7.png\" alt=\"\" class=\"wp-image-9158\" srcset=\"https:\/\/www.leaplytics.de\/wp-content\/uploads\/2022\/07\/grafik-7.png 559w, https:\/\/www.leaplytics.de\/wp-content\/uploads\/2022\/07\/grafik-7-273x300.png 273w, https:\/\/www.leaplytics.de\/wp-content\/uploads\/2022\/07\/grafik-7-55x60.png 55w\" sizes=\"auto, (max-width: 559px) 100vw, 559px\" \/><\/figure>\n<\/div>\n<\/div>","protected":false},"excerpt":{"rendered":"<p>Risklerin metinleri uzun ve g\u00f6rselle\u015ftirmede \u00e7ak\u0131\u015f\u0131yor mu? Sizin i\u00e7in baz\u0131 \u00e7\u00f6z\u00fcmler derledik. Karakter say\u0131s\u0131n\u0131n s\u0131n\u0131rland\u0131r\u0131lmas\u0131 Ayr\u0131ca, bir boyut veya s\u00fctundaki karakter say\u0131s\u0131n\u0131 s\u0131n\u0131rland\u0131rmak da m\u00fcmk\u00fcnd\u00fcr. Bu, dizenin uzunlu\u011funu ayr\u0131 ayr\u0131 tan\u0131mlaman\u0131za olanak tan\u0131r, b\u00f6ylece risk ... <\/p>","protected":false},"author":2,"featured_media":0,"parent":0,"menu_order":0,"comment_status":"closed","ping_status":"closed","template":"","meta":{"footnotes":""},"class_list":["post-9141","page","type-page","status-publish","hentry","latest_post"],"_links":{"self":[{"href":"https:\/\/www.leaplytics.de\/tr\/wp-json\/wp\/v2\/pages\/9141","targetHints":{"allow":["GET"]}}],"collection":[{"href":"https:\/\/www.leaplytics.de\/tr\/wp-json\/wp\/v2\/pages"}],"about":[{"href":"https:\/\/www.leaplytics.de\/tr\/wp-json\/wp\/v2\/types\/page"}],"author":[{"embeddable":true,"href":"https:\/\/www.leaplytics.de\/tr\/wp-json\/wp\/v2\/users\/2"}],"replies":[{"embeddable":true,"href":"https:\/\/www.leaplytics.de\/tr\/wp-json\/wp\/v2\/comments?post=9141"}],"version-history":[{"count":0,"href":"https:\/\/www.leaplytics.de\/tr\/wp-json\/wp\/v2\/pages\/9141\/revisions"}],"wp:attachment":[{"href":"https:\/\/www.leaplytics.de\/tr\/wp-json\/wp\/v2\/media?parent=9141"}],"curies":[{"name":"wp","href":"https:\/\/api.w.org\/{rel}","templated":true}]}}