{"id":9171,"date":"2022-07-25T14:37:58","date_gmt":"2022-07-25T12:37:58","guid":{"rendered":"https:\/\/www.leaplytics.de\/?page_id=9171"},"modified":"2025-12-11T17:22:50","modified_gmt":"2025-12-11T16:22:50","slug":"baslarken-ri%cc%87sk-isi-hari%cc%87tasi-matri%cc%87si%cc%87-power-bi","status":"publish","type":"page","link":"https:\/\/www.leaplytics.de\/tr\/baslarken-ri%cc%87sk-isi-hari%cc%87tasi-matri%cc%87si%cc%87-power-bi\/","title":{"rendered":"Ba\u015flarken - Risk Matrisi \/ Is\u0131 Haritas\u0131"},"content":{"rendered":"<h3 class=\"wp-block-heading\">Ba\u015far\u0131ya giden en h\u0131zl\u0131 yol<\/h3>\n\n\n\n<p>\u00c7ok kolay. Risk Matrisimizle ilgileniyor musunuz? Burada, m\u00fcmk\u00fcn oldu\u011funca \u00e7abuk ba\u015flamak i\u00e7in ihtiyac\u0131n\u0131z olan her \u015feyi sizinle payla\u015f\u0131yoruz. \u0130lk olarak, verilerdeki gereksinimleri \u00f6\u011freneceksiniz. Bunu, k\u0131sa YouTube videolar\u0131 ile Risk Matrisinin t\u00fcm i\u015flevlerine genel bir bak\u0131\u015f izliyor.<\/p>\n\n\n\n<h3 class=\"wp-block-heading\">Verilerinizi nas\u0131l haz\u0131rlars\u0131n\u0131z<\/h3>\n\n\n\n<div class=\"wp-block-columns is-layout-flex wp-container-core-columns-is-layout-1 wp-block-columns-is-layout-flex\">\n<div class=\"wp-block-column is-layout-flow wp-block-column-is-layout-flow\" style=\"flex-basis:66.66%\">\n<figure class=\"wp-block-image size-large\"><img loading=\"lazy\" decoding=\"async\" width=\"1024\" height=\"434\" src=\"https:\/\/www.leaplytics.de\/wp-content\/uploads\/2022\/07\/grafik-12-1024x434.png\" alt=\"\" class=\"wp-image-9172\" srcset=\"https:\/\/www.leaplytics.de\/wp-content\/uploads\/2022\/07\/grafik-12-1024x434.png 1024w, https:\/\/www.leaplytics.de\/wp-content\/uploads\/2022\/07\/grafik-12-300x127.png 300w, https:\/\/www.leaplytics.de\/wp-content\/uploads\/2022\/07\/grafik-12-768x325.png 768w, https:\/\/www.leaplytics.de\/wp-content\/uploads\/2022\/07\/grafik-12-142x60.png 142w, https:\/\/www.leaplytics.de\/wp-content\/uploads\/2022\/07\/grafik-12.png 1074w\" sizes=\"auto, (max-width: 1024px) 100vw, 1024px\" \/><\/figure>\n<\/div>\n\n\n\n<div class=\"wp-block-column is-layout-flow wp-block-column-is-layout-flow\" style=\"flex-basis:33.33%\">\n<p>Risk Matrisimiz, iki olas\u0131 boyut i\u00e7in 1 ila 10 aral\u0131\u011f\u0131nda tam say\u0131lar gerektirir.<\/p>\n\n\n\n<p>Verilerinizde bu durum s\u00f6z konusu de\u011filse, bir <a href=\"https:\/\/www.leaplytics.de\/tr\/risk-isi-haritasi-matris-gucu-bi-icin-ayriklastirma\/\">dizeleri ve di\u011fer say\u0131sal de\u011ferleri d\u00f6n\u00fc\u015ft\u00fcrmek i\u00e7in talimatlar i\u00e7eren alt sayfa<\/a>.<\/p>\n\n\n\n<figure class=\"wp-block-embed is-type-wp-embed is-provider-leaplytics wp-block-embed-leaplytics\"><div class=\"wp-block-embed__wrapper\">\n<blockquote class=\"wp-embedded-content\" data-secret=\"7mXanV1i1h\"><a href=\"https:\/\/www.leaplytics.de\/tr\/risk-isi-haritasi-matris-gucu-bi-icin-ayriklastirma\/\">Ayr\u0131kla\u015ft\u0131rma ve D\u00f6n\u00fc\u015f\u00fcm<\/a><\/blockquote><iframe loading=\"lazy\" class=\"wp-embedded-content\" sandbox=\"allow-scripts\" security=\"restricted\" style=\"position: absolute; visibility: hidden;\" title=\"&quot;Ayr\u0131kla\u015ft\u0131rma ve D\u00f6n\u00fc\u015f\u00fcm&quot; - LeapLytics\" src=\"https:\/\/www.leaplytics.de\/discretization-for-risk-heatmap-matrix-power-bi\/embed\/#?secret=kmJhx9MjAJ#?secret=7mXanV1i1h\" data-secret=\"7mXanV1i1h\" width=\"600\" height=\"338\" frameborder=\"0\" marginwidth=\"0\" marginheight=\"0\" scrolling=\"no\"><\/iframe>\n<\/div><\/figure>\n<\/div>\n<\/div>\n\n\n\n<h3 class=\"wp-block-heading has-text-align-left\">G\u00f6rsel \u0130ndir<\/h3>\n\n\n\n<figure class=\"wp-block-embed is-type-video is-provider-youtube wp-block-embed-youtube wp-embed-aspect-16-9 wp-has-aspect-ratio\"><div class=\"wp-block-embed__wrapper\">\n<iframe loading=\"lazy\" title=\"\u00d6\u011freticiyi \u0130ndirin - Power BI i\u00e7in LeapLytics Risk Matrisi\" width=\"770\" height=\"433\" src=\"https:\/\/www.youtube.com\/embed\/_n9x8k2_gMY?feature=oembed\" frameborder=\"0\" allow=\"accelerometer; autoplay; clipboard-write; encrypted-media; gyroscope; picture-in-picture; web-share\" referrerpolicy=\"strict-origin-when-cross-origin\" allowfullscreen><\/iframe>\n<\/div><figcaption class=\"wp-element-caption\">Bu k\u0131sa videoda, raporlaman\u0131z i\u00e7in Microsoft AppSource'tan g\u00f6rselle\u015ftirmeyi nas\u0131l indirece\u011finizi g\u00f6steriyoruz.<\/figcaption><\/figure>\n\n\n\n<h3 class=\"wp-block-heading has-text-align-left\">Veri ve Lisans Y\u00fckleme<\/h3>\n\n\n\n<figure class=\"wp-block-embed aligncenter is-type-video is-provider-youtube wp-block-embed-youtube wp-embed-aspect-16-9 wp-has-aspect-ratio\"><div class=\"wp-block-embed__wrapper\">\n<iframe loading=\"lazy\" title=\"Verileri \u0130\u00e7e Aktarma ve Lisans\u0131 Etkinle\u015ftirme - Power BI i\u00e7in LeapLytics Risk Matrisi\" width=\"770\" height=\"433\" src=\"https:\/\/www.youtube.com\/embed\/nK7rkWzEH74?start=26&#038;feature=oembed\" frameborder=\"0\" allow=\"accelerometer; autoplay; clipboard-write; encrypted-media; gyroscope; picture-in-picture; web-share\" referrerpolicy=\"strict-origin-when-cross-origin\" allowfullscreen><\/iframe>\n<\/div><\/figure>\n\n\n<div class=\"wp-block-image\">\n<figure class=\"aligncenter size-full\"><img loading=\"lazy\" decoding=\"async\" width=\"1024\" height=\"453\" src=\"https:\/\/www.leaplytics.de\/wp-content\/uploads\/2025\/12\/grafik.png\" alt=\"\" class=\"wp-image-14315\" srcset=\"https:\/\/www.leaplytics.de\/wp-content\/uploads\/2025\/12\/grafik.png 1024w, https:\/\/www.leaplytics.de\/wp-content\/uploads\/2025\/12\/grafik-300x133.png 300w, https:\/\/www.leaplytics.de\/wp-content\/uploads\/2025\/12\/grafik-768x340.png 768w, https:\/\/www.leaplytics.de\/wp-content\/uploads\/2025\/12\/grafik-18x8.png 18w, https:\/\/www.leaplytics.de\/wp-content\/uploads\/2025\/12\/grafik-136x60.png 136w\" sizes=\"auto, (max-width: 1024px) 100vw, 1024px\" \/><\/figure><\/div>\n\n\n<div class=\"wp-block-columns is-layout-flex wp-container-core-columns-is-layout-2 wp-block-columns-is-layout-flex\">\n<div class=\"wp-block-column is-layout-flow wp-block-column-is-layout-flow\" style=\"flex-basis:33.33%\">\n<p>Verilerinizi haz\u0131rlad\u0131ktan ve risklerin ifadesini 1 ila 10 de\u011fer aral\u0131\u011f\u0131na d\u00f6n\u00fc\u015ft\u00fcrd\u00fckten sonra, art\u0131k verileri g\u00f6rselle\u015ftirme ile ili\u015fkilendirebilirsiniz.<\/p>\n\n\n\n<p>Ba\u015flang\u0131\u00e7ta \u00fc\u00e7 alan gereklidir:<\/p>\n\n\n\n<ul class=\"wp-block-list\">\n<li>Risk Kimli\u011fi (Riskinizin matris \u00fczerinde ald\u0131\u011f\u0131 etiket)<\/li>\n\n\n\n<li>Yatay Eksen (Yatay eksende \u00e7izilecek boyut)<\/li>\n\n\n\n<li>Dikey Eksen (Dikey boyut)<\/li>\n<\/ul>\n\n\n\n<p>Eksenler i\u00e7in \"Say\u0131m\", \"Say\u0131m (farkl\u0131)\", \"Standart sapma\", \"Varyans\" ve \"Medyan\" toplamalar\u0131ndan ka\u00e7\u0131n\u0131n, \u00e7\u00fcnk\u00fc bunlar yaln\u0131zca toplam bir anahtar rakam olu\u015fturur!<\/p>\n<\/div>\n\n\n\n<div class=\"wp-block-column is-layout-flow wp-block-column-is-layout-flow\" style=\"flex-basis:66.66%\"><div class=\"wp-block-image\">\n<figure class=\"aligncenter size-full\"><img loading=\"lazy\" decoding=\"async\" width=\"185\" height=\"529\" src=\"https:\/\/www.leaplytics.de\/wp-content\/uploads\/2022\/08\/grafik-13.png\" alt=\"\" class=\"wp-image-9406\" srcset=\"https:\/\/www.leaplytics.de\/wp-content\/uploads\/2022\/08\/grafik-13.png 185w, https:\/\/www.leaplytics.de\/wp-content\/uploads\/2022\/08\/grafik-13-105x300.png 105w, https:\/\/www.leaplytics.de\/wp-content\/uploads\/2022\/08\/grafik-13-21x60.png 21w\" sizes=\"auto, (max-width: 185px) 100vw, 185px\" \/><\/figure><\/div><\/div>\n<\/div>\n\n\n\n<h4 class=\"wp-block-heading\">\u00d6zel Renkler<\/h4>\n\n\n\n<p>Windows'ta, sadece <strong>ALT<\/strong> tu\u015funa bas\u0131n ve bir kutucu\u011fa sol t\u0131klay\u0131n. Bunu yapt\u0131\u011f\u0131n\u0131zda, renk d\u00fczenleme modu g\u00f6r\u00fcnecektir.<\/p>\n\n\n\n<figure class=\"wp-block-image size-full\"><img loading=\"lazy\" decoding=\"async\" width=\"383\" height=\"328\" src=\"https:\/\/www.leaplytics.de\/wp-content\/uploads\/2025\/10\/grafik-1.png\" alt=\"\" class=\"wp-image-14039\" srcset=\"https:\/\/www.leaplytics.de\/wp-content\/uploads\/2025\/10\/grafik-1.png 383w, https:\/\/www.leaplytics.de\/wp-content\/uploads\/2025\/10\/grafik-1-300x257.png 300w, https:\/\/www.leaplytics.de\/wp-content\/uploads\/2025\/10\/grafik-1-14x12.png 14w, https:\/\/www.leaplytics.de\/wp-content\/uploads\/2025\/10\/grafik-1-70x60.png 70w\" sizes=\"auto, (max-width: 383px) 100vw, 383px\" \/><\/figure>\n\n\n\n<p> Renkli dikd\u00f6rtgene t\u0131klay\u0131n ve tercih etti\u011finiz rengi se\u00e7in. Se\u00e7tikten sonra, t\u0131klay\u0131n <strong>\"Ba\u015fvur.\"<\/strong><\/p>\n\n\n\n<div style=\"height:27px\" aria-hidden=\"true\" class=\"wp-block-spacer\"><\/div>\n\n\n\n<h4 class=\"wp-block-heading\">Izgara Ayarlar\u0131<\/h4>\n\n\n\n<figure class=\"wp-block-embed is-type-video is-provider-youtube wp-block-embed-youtube wp-embed-aspect-16-9 wp-has-aspect-ratio\"><div class=\"wp-block-embed__wrapper\">\n<iframe loading=\"lazy\" title=\"Izgara Ayarlar\u0131 - Power BI i\u00e7in LeapLytics Risk Matrisi\" width=\"770\" height=\"433\" src=\"https:\/\/www.youtube.com\/embed\/oqx7gLN2kMs?feature=oembed\" frameborder=\"0\" allow=\"accelerometer; autoplay; clipboard-write; encrypted-media; gyroscope; picture-in-picture; web-share\" referrerpolicy=\"strict-origin-when-cross-origin\" allowfullscreen><\/iframe>\n<\/div><figcaption class=\"wp-element-caption\">Bu, \u0131zgara ayarlar\u0131n\u0131 ihtiya\u00e7lar\u0131n\u0131za g\u00f6re \u00f6zelle\u015ftirmeye y\u00f6nelik e\u011fitici videomuzdur.<\/figcaption><\/figure>\n\n\n\n<h4 class=\"wp-block-heading\">Eksen Ayarlar\u0131<\/h4>\n\n\n\n<figure class=\"wp-block-embed is-type-video is-provider-youtube wp-block-embed-youtube wp-embed-aspect-16-9 wp-has-aspect-ratio\"><div class=\"wp-block-embed__wrapper\">\n<iframe loading=\"lazy\" title=\"Eksen Ayarlar\u0131 - Power BI i\u00e7in LeapLytics Risk Matrisi\" width=\"770\" height=\"433\" src=\"https:\/\/www.youtube.com\/embed\/0-rcR5c84_k?feature=oembed\" frameborder=\"0\" allow=\"accelerometer; autoplay; clipboard-write; encrypted-media; gyroscope; picture-in-picture; web-share\" referrerpolicy=\"strict-origin-when-cross-origin\" allowfullscreen><\/iframe>\n<\/div><figcaption class=\"wp-element-caption\">Bu k\u0131sa videoda farkl\u0131 eksen ayarlar\u0131n\u0131 inceliyoruz.<\/figcaption><\/figure>\n\n\n\n<div style=\"height:27px\" aria-hidden=\"true\" class=\"wp-block-spacer\"><\/div>\n\n\n\n<h4 class=\"wp-block-heading\">G\u00f6sterge Ayarlar\u0131<\/h4>\n\n\n\n<figure class=\"wp-block-embed is-type-video is-provider-youtube wp-block-embed-youtube wp-embed-aspect-16-9 wp-has-aspect-ratio\"><div class=\"wp-block-embed__wrapper\">\n<iframe loading=\"lazy\" title=\"G\u00f6sterge Ayarlar\u0131 - Power BI i\u00e7in LeapLytics Risk Matrisi\" width=\"770\" height=\"433\" src=\"https:\/\/www.youtube.com\/embed\/pv5HGyIsiK0?feature=oembed\" frameborder=\"0\" allow=\"accelerometer; autoplay; clipboard-write; encrypted-media; gyroscope; picture-in-picture; web-share\" referrerpolicy=\"strict-origin-when-cross-origin\" allowfullscreen><\/iframe>\n<\/div><figcaption class=\"wp-element-caption\">\u00c7e\u015fitli g\u00f6sterge ayarlar\u0131m\u0131zla ilgili olas\u0131l\u0131klar\u0131 merak m\u0131 ediyorsunuz? Daha fazlas\u0131n\u0131 \u00f6\u011frenmek i\u00e7in videomuza g\u00f6z at\u0131n.<\/figcaption><\/figure>\n\n\n\n<div style=\"height:27px\" aria-hidden=\"true\" class=\"wp-block-spacer\"><\/div>\n\n\n\n<h4 class=\"wp-block-heading\">Ko\u015fullu Bi\u00e7imlendirme<\/h4>\n\n\n\n<figure class=\"wp-block-embed is-type-video is-provider-youtube wp-block-embed-youtube wp-embed-aspect-16-9 wp-has-aspect-ratio\"><div class=\"wp-block-embed__wrapper\">\n<iframe loading=\"lazy\" title=\"G\u00f6stergelerin Ko\u015fullu Bi\u00e7imlendirilmesi - Power BI i\u00e7in LeapLytics Risk Matrisi\" width=\"770\" height=\"433\" src=\"https:\/\/www.youtube.com\/embed\/2MNtkeeb6ZI?feature=oembed\" frameborder=\"0\" allow=\"accelerometer; autoplay; clipboard-write; encrypted-media; gyroscope; picture-in-picture; web-share\" referrerpolicy=\"strict-origin-when-cross-origin\" allowfullscreen><\/iframe>\n<\/div><figcaption class=\"wp-element-caption\">Risk matrisinize ekstra bir boyut eklemek ister misiniz? O zaman bu video tam size g\u00f6re!<\/figcaption><\/figure>\n\n\n\n<div style=\"height:27px\" aria-hidden=\"true\" class=\"wp-block-spacer\"><\/div>\n\n\n\n<h4 class=\"wp-block-heading\">Ara\u00e7 \u0130pu\u00e7lar\u0131<\/h4>\n\n\n\n<figure class=\"wp-block-embed is-type-video is-provider-youtube wp-block-embed-youtube wp-embed-aspect-16-9 wp-has-aspect-ratio\"><div class=\"wp-block-embed__wrapper\">\n<iframe loading=\"lazy\" title=\"Ara\u00e7 \u0130pucu Se\u00e7ene\u011fi - Power BI i\u00e7in LeapLytics Risk Matrisi\" width=\"770\" height=\"433\" src=\"https:\/\/www.youtube.com\/embed\/HsGGM3QmWuU?feature=oembed\" frameborder=\"0\" allow=\"accelerometer; autoplay; clipboard-write; encrypted-media; gyroscope; picture-in-picture; web-share\" referrerpolicy=\"strict-origin-when-cross-origin\" allowfullscreen><\/iframe>\n<\/div><figcaption class=\"wp-element-caption\">Bu videoda, hem standart ara\u00e7 ipu\u00e7lar\u0131n\u0131n hem de tuval ara\u00e7 ipu\u00e7lar\u0131n\u0131n nas\u0131l kullan\u0131laca\u011f\u0131n\u0131 g\u00f6steriyoruz. Bu, fareyle \u00fczerine gelindi\u011finde riskiniz hakk\u0131nda daha fazla bilgi sa\u011flar.<\/figcaption><\/figure>\n\n\n\n<div style=\"height:27px\" aria-hidden=\"true\" class=\"wp-block-spacer\"><\/div>\n\n\n\n<h4 class=\"wp-block-heading\">Delme<\/h4>\n\n\n\n<figure class=\"wp-block-embed is-type-video is-provider-youtube wp-block-embed-youtube wp-embed-aspect-16-9 wp-has-aspect-ratio\"><div class=\"wp-block-embed__wrapper\">\n<iframe loading=\"lazy\" title=\"Drillthrough Se\u00e7ene\u011fi - Power BI i\u00e7in LeapLytics Risk Matrisi\" width=\"770\" height=\"433\" src=\"https:\/\/www.youtube.com\/embed\/0Kp7p_2AuSI?list=PLILJBdWmJP3Jegh_31AsIIaf5Y7mxjq4H\" frameborder=\"0\" allow=\"accelerometer; autoplay; clipboard-write; encrypted-media; gyroscope; picture-in-picture; web-share\" referrerpolicy=\"strict-origin-when-cross-origin\" allowfullscreen><\/iframe>\n<\/div><figcaption class=\"wp-element-caption\">Risk matrisi arac\u0131l\u0131\u011f\u0131yla belirli bir riske dalmak istiyorsan\u0131z, bu tam size g\u00f6re.<\/figcaption><\/figure>\n\n\n\n<div style=\"height:27px\" aria-hidden=\"true\" class=\"wp-block-spacer\"><\/div>\n\n\n\n<h4 class=\"wp-block-heading\">Ge\u00e7mi\u015f veya Do\u011fal\/Resid\u00fcel risk<\/h4>\n\n\n\n<figure class=\"wp-block-embed is-type-video is-provider-youtube wp-block-embed-youtube wp-embed-aspect-16-9 wp-has-aspect-ratio\"><div class=\"wp-block-embed__wrapper\">\n<iframe loading=\"lazy\" title=\"Risk \u0130lerlemesi - Power BI i\u00e7in LeapLytics Risk Matrisi\" width=\"770\" height=\"433\" src=\"https:\/\/www.youtube.com\/embed\/LrpK0XZtXrM?feature=oembed\" frameborder=\"0\" allow=\"accelerometer; autoplay; clipboard-write; encrypted-media; gyroscope; picture-in-picture; web-share\" referrerpolicy=\"strict-origin-when-cross-origin\" allowfullscreen><\/iframe>\n<\/div><figcaption class=\"wp-element-caption\">Sonunda sizi risk matrisimizdeki ge\u00e7mi\u015f i\u015fleviyle tan\u0131\u015ft\u0131r\u0131yoruz!<\/figcaption><\/figure>\n\n\n\n<div style=\"height:27px\" aria-hidden=\"true\" class=\"wp-block-spacer\"><\/div>\n\n\n\n<p>Art\u0131k Risk Is\u0131 Haritam\u0131z\u0131 kullanmaya ve raporlaman\u0131z\u0131 geli\u015ftirmeye haz\u0131rs\u0131n\u0131z! A\u015fa\u011f\u0131da, t\u00fcm di\u011fer \u00f6zelle\u015ftirmeler i\u00e7in daha ayr\u0131nt\u0131l\u0131 talimatlar listeledik:<\/p>\n\n\n\n<figure class=\"wp-block-embed is-type-wp-embed is-provider-leaplytics wp-block-embed-leaplytics\"><div class=\"wp-block-embed__wrapper\">\n<blockquote class=\"wp-embedded-content\" data-secret=\"pgdTKCl3D2\"><a href=\"https:\/\/www.leaplytics.de\/tr\/risk-isi-haritasi-matrisi-guc-bi-icin-ortusen-metin\/\">\u00dcst \u00fcste binen metin<\/a><\/blockquote><iframe loading=\"lazy\" class=\"wp-embedded-content\" sandbox=\"allow-scripts\" security=\"restricted\" style=\"position: absolute; visibility: hidden;\" title=\"&quot;\u00d6rt\u00fc\u015fen metin&quot; - LeapLytics\" src=\"https:\/\/www.leaplytics.de\/overlapping-text-for-risk-heatmap-matrix-power-bi\/embed\/#?secret=MOdhCvhh48#?secret=pgdTKCl3D2\" data-secret=\"pgdTKCl3D2\" width=\"600\" height=\"338\" frameborder=\"0\" marginwidth=\"0\" marginheight=\"0\" scrolling=\"no\"><\/iframe>\n<\/div><\/figure>\n\n\n\n<figure class=\"wp-block-embed is-type-wp-embed is-provider-leaplytics wp-block-embed-leaplytics\"><div class=\"wp-block-embed__wrapper\">\n<blockquote class=\"wp-embedded-content\" data-secret=\"K6ho5QUDYx\"><a href=\"https:\/\/www.leaplytics.de\/tr\/microsoft-power-bi-lisansi-nasil-etkinlestirilir\/\">Nas\u0131l Yap\u0131l\u0131r: Microsoft Power BI'da Lisans\u0131 Etkinle\u015ftirme<\/a><\/blockquote><iframe loading=\"lazy\" class=\"wp-embedded-content\" sandbox=\"allow-scripts\" security=\"restricted\" style=\"position: absolute; visibility: hidden;\" title=\"&quot;Nas\u0131l Yap\u0131l\u0131r: Microsoft Power BI&#039;da Lisans\u0131 Etkinle\u015ftirme&quot; - LeapLytics\" src=\"https:\/\/www.leaplytics.de\/how-to-activate-license-microsoft-power-bi\/embed\/#?secret=7RloTinAc5#?secret=K6ho5QUDYx\" data-secret=\"K6ho5QUDYx\" width=\"600\" height=\"338\" frameborder=\"0\" marginwidth=\"0\" marginheight=\"0\" scrolling=\"no\"><\/iframe>\n<\/div><\/figure>\n\n\n\n<p><\/p>","protected":false},"excerpt":{"rendered":"<p>Ba\u015far\u0131ya giden en h\u0131zl\u0131 yol \u00c7ok kolay. Risk Matrisimizle ilgileniyor musunuz? Burada, m\u00fcmk\u00fcn oldu\u011funca \u00e7abuk ba\u015flamak i\u00e7in ihtiyac\u0131n\u0131z olan her \u015feyi sizinle payla\u015f\u0131yoruz. \u0130lk olarak, verilerdeki gereksinimleri \u00f6\u011freneceksiniz. Bunu, k\u0131sa YouTube ile Risk Matrisinin t\u00fcm i\u015flevlerine genel bir bak\u0131\u015f izliyor ... <\/p>","protected":false},"author":2,"featured_media":0,"parent":0,"menu_order":0,"comment_status":"closed","ping_status":"closed","template":"","meta":{"footnotes":""},"class_list":["post-9171","page","type-page","status-publish","hentry","latest_post"],"_links":{"self":[{"href":"https:\/\/www.leaplytics.de\/tr\/wp-json\/wp\/v2\/pages\/9171","targetHints":{"allow":["GET"]}}],"collection":[{"href":"https:\/\/www.leaplytics.de\/tr\/wp-json\/wp\/v2\/pages"}],"about":[{"href":"https:\/\/www.leaplytics.de\/tr\/wp-json\/wp\/v2\/types\/page"}],"author":[{"embeddable":true,"href":"https:\/\/www.leaplytics.de\/tr\/wp-json\/wp\/v2\/users\/2"}],"replies":[{"embeddable":true,"href":"https:\/\/www.leaplytics.de\/tr\/wp-json\/wp\/v2\/comments?post=9171"}],"version-history":[{"count":33,"href":"https:\/\/www.leaplytics.de\/tr\/wp-json\/wp\/v2\/pages\/9171\/revisions"}],"predecessor-version":[{"id":14317,"href":"https:\/\/www.leaplytics.de\/tr\/wp-json\/wp\/v2\/pages\/9171\/revisions\/14317"}],"wp:attachment":[{"href":"https:\/\/www.leaplytics.de\/tr\/wp-json\/wp\/v2\/media?parent=9171"}],"curies":[{"name":"wp","href":"https:\/\/api.w.org\/{rel}","templated":true}]}}