{"id":9336,"date":"2022-08-01T20:19:06","date_gmt":"2022-08-01T18:19:06","guid":{"rendered":"https:\/\/www.leaplytics.de\/?page_id=9336"},"modified":"2022-08-01T20:19:06","modified_gmt":"2022-08-01T18:19:06","slug":"format-secenekleri-trafik-isigi-guc-bi","status":"publish","type":"page","link":"https:\/\/www.leaplytics.de\/tr\/format-secenekleri-trafik-isigi-guc-bi\/","title":{"rendered":"Bi\u00e7im se\u00e7enekleri - Trafik I\u015f\u0131\u011f\u0131"},"content":{"rendered":"<h3 class=\"wp-block-heading\">1. Zaman format\u0131<\/h3>\n\n\n<div class=\"wp-block-image\">\n<figure class=\"alignleft size-full\"><img loading=\"lazy\" decoding=\"async\" width=\"197\" height=\"238\" src=\"https:\/\/www.leaplytics.de\/wp-content\/uploads\/2022\/08\/grafik-7.png\" alt=\"\" class=\"wp-image-9337\" srcset=\"https:\/\/www.leaplytics.de\/wp-content\/uploads\/2022\/08\/grafik-7.png 197w, https:\/\/www.leaplytics.de\/wp-content\/uploads\/2022\/08\/grafik-7-50x60.png 50w\" sizes=\"auto, (max-width: 197px) 100vw, 197px\" \/><\/figure><\/div>\n\n\n<p>\"Zaman Bi\u00e7imi\" b\u00f6l\u00fcm\u00fc iste\u011fe ba\u011fl\u0131 bir b\u00f6l\u00fcmd\u00fcr. Bu b\u00f6l\u00fcmde, aral\u0131klar\u0131 ve trafik \u0131\u015f\u0131\u011f\u0131 sembol\u00fcn\u00fcn yan\u0131ndaki \u00e7\u0131kt\u0131 metnini hesaplamak i\u00e7in kullan\u0131lan bir zaman veya aral\u0131k format\u0131 se\u00e7ebilirsiniz. L\u00fctfen zaman format\u0131n\u0131 aral\u0131k giri\u015f alanlar\u0131na uygun olarak se\u00e7ti\u011finizden emin olun.<\/p>\n\n\n\n<div style=\"height:16px\" aria-hidden=\"true\" class=\"wp-block-spacer\"><\/div>\n\n\n\n<h3 class=\"wp-block-heading\">2. I\u015f\u0131k Sistemi<\/h3>\n\n\n<div class=\"wp-block-image\">\n<figure class=\"alignleft size-full\"><img loading=\"lazy\" decoding=\"async\" width=\"199\" height=\"187\" src=\"https:\/\/www.leaplytics.de\/wp-content\/uploads\/2022\/08\/grafik-8.png\" alt=\"\" class=\"wp-image-9338\" srcset=\"https:\/\/www.leaplytics.de\/wp-content\/uploads\/2022\/08\/grafik-8.png 199w, https:\/\/www.leaplytics.de\/wp-content\/uploads\/2022\/08\/grafik-8-64x60.png 64w\" sizes=\"auto, (max-width: 199px) 100vw, 199px\" \/><\/figure><\/div>\n\n\n<p>\"I\u015f\u0131k Sistemi\" b\u00f6l\u00fcm\u00fcnde, bir, iki ve \u00fc\u00e7 \u0131\u015f\u0131kl\u0131 sistemler aras\u0131nda se\u00e7im yapabilirsiniz.<\/p>\n\n\n\n<p><strong>\u00dc\u00e7 I\u015f\u0131k Sistemi:<\/strong> Ye\u015fil, sar\u0131 ve k\u0131rm\u0131z\u0131n\u0131n her birinin kendi dairesi vard\u0131r.<\/p>\n\n\n\n<p><strong>\u0130ki I\u015f\u0131k Sistemi:<\/strong> Ye\u015fil ve k\u0131rm\u0131z\u0131n\u0131n her birinin kendi dairesi vard\u0131r. Sar\u0131 \u0131\u015f\u0131k desteklenmez.<\/p>\n\n\n\n<p><strong>Tek I\u015f\u0131k Sistemi:<\/strong> Ye\u015fil, sar\u0131 ve k\u0131rm\u0131z\u0131 ayn\u0131 \u00e7embere sahiptir.<\/p>\n\n\n\n<div style=\"height:0px\" aria-hidden=\"true\" class=\"wp-block-spacer\"><\/div>\n\n\n\n<h3 class=\"wp-block-heading\">3. Hizalama<\/h3>\n\n\n<div class=\"wp-block-image\">\n<figure class=\"alignleft size-full\"><img loading=\"lazy\" decoding=\"async\" width=\"198\" height=\"167\" src=\"https:\/\/www.leaplytics.de\/wp-content\/uploads\/2022\/08\/grafik-9.png\" alt=\"\" class=\"wp-image-9339\" srcset=\"https:\/\/www.leaplytics.de\/wp-content\/uploads\/2022\/08\/grafik-9.png 198w, https:\/\/www.leaplytics.de\/wp-content\/uploads\/2022\/08\/grafik-9-71x60.png 71w\" sizes=\"auto, (max-width: 198px) 100vw, 198px\" \/><\/figure><\/div>\n\n\n<p>\"Hizalama\" b\u00f6l\u00fcm\u00fcnde, trafik \u0131\u015f\u0131\u011f\u0131 g\u00f6rseliniz i\u00e7in dikey ve yatay hizalama aras\u0131nda se\u00e7im yapabilirsiniz. Mevcut t\u00fcm ayarlar her iki hizalama i\u00e7in de kullan\u0131labilir.<\/p>\n\n\n\n<div style=\"height:0px\" aria-hidden=\"true\" class=\"wp-block-spacer\"><\/div>\n\n\n\n<h3 class=\"wp-block-heading\">4. S\u0131n\u0131r Ayarlar\u0131<\/h3>\n\n\n<div class=\"wp-block-image\">\n<figure class=\"alignleft size-full\"><img loading=\"lazy\" decoding=\"async\" width=\"198\" height=\"211\" src=\"https:\/\/www.leaplytics.de\/wp-content\/uploads\/2022\/08\/grafik-10.png\" alt=\"\" class=\"wp-image-9344\" srcset=\"https:\/\/www.leaplytics.de\/wp-content\/uploads\/2022\/08\/grafik-10.png 198w, https:\/\/www.leaplytics.de\/wp-content\/uploads\/2022\/08\/grafik-10-56x60.png 56w\" sizes=\"auto, (max-width: 198px) 100vw, 198px\" \/><\/figure><\/div>\n\n\n<p>\"Kenarl\u0131k Ayarlar\u0131\" b\u00f6l\u00fcm\u00fcnde, d\u0131\u015f trafik \u0131\u015f\u0131\u011f\u0131 kenarl\u0131\u011f\u0131n\u0131n yan\u0131 s\u0131ra i\u00e7 \u0131\u015f\u0131k tonlar\u0131n\u0131n g\u00f6r\u00fcn\u00fcrl\u00fc\u011f\u00fcn\u00fc de de\u011fi\u015ftirebilirsiniz.<\/p>\n\n\n\n<div style=\"height:0px\" aria-hidden=\"true\" class=\"wp-block-spacer\"><\/div>\n\n\n\n<h3 class=\"wp-block-heading\">5. Metin Ayarlar\u0131<\/h3>\n\n\n<div class=\"wp-block-image\">\n<figure class=\"alignleft size-full\"><img loading=\"lazy\" decoding=\"async\" width=\"196\" height=\"403\" src=\"https:\/\/www.leaplytics.de\/wp-content\/uploads\/2022\/08\/grafik-11.png\" alt=\"\" class=\"wp-image-9346\" srcset=\"https:\/\/www.leaplytics.de\/wp-content\/uploads\/2022\/08\/grafik-11.png 196w, https:\/\/www.leaplytics.de\/wp-content\/uploads\/2022\/08\/grafik-11-146x300.png 146w, https:\/\/www.leaplytics.de\/wp-content\/uploads\/2022\/08\/grafik-11-29x60.png 29w\" sizes=\"auto, (max-width: 196px) 100vw, 196px\" \/><\/figure><\/div>\n\n\n<p>Bu trafik \u0131\u015f\u0131\u011f\u0131 g\u00f6rseli \u00e7ok \u00e7e\u015fitli metin ayarlar\u0131 sunar. Trafik \u0131\u015f\u0131\u011f\u0131 ile ayn\u0131 pencerede g\u00f6sterilen bir metin \u00f6\u011fesini a\u00e7\u0131p kapatabilirsiniz. Metin g\u00f6r\u00fcn\u00fcr oldu\u011funda, metin stilini, metin boyutunu, metin konumunu ve yaz\u0131 tipi ailesini ki\u015fisel ihtiya\u00e7lar\u0131n\u0131za g\u00f6re de\u011fi\u015ftirebilirsiniz<\/p>\n\n\n\n<div style=\"height:0px\" aria-hidden=\"true\" class=\"wp-block-spacer\"><\/div>\n\n\n\n<h3 class=\"wp-block-heading\">6. Renk Ayarlar\u0131<\/h3>\n\n\n<div class=\"wp-block-image\">\n<figure class=\"alignleft size-full\"><img loading=\"lazy\" decoding=\"async\" width=\"198\" height=\"482\" src=\"https:\/\/www.leaplytics.de\/wp-content\/uploads\/2022\/08\/grafik-12.png\" alt=\"\" class=\"wp-image-9349\" srcset=\"https:\/\/www.leaplytics.de\/wp-content\/uploads\/2022\/08\/grafik-12.png 198w, https:\/\/www.leaplytics.de\/wp-content\/uploads\/2022\/08\/grafik-12-123x300.png 123w, https:\/\/www.leaplytics.de\/wp-content\/uploads\/2022\/08\/grafik-12-25x60.png 25w\" sizes=\"auto, (max-width: 198px) 100vw, 198px\" \/><\/figure><\/div>\n\n\n<p>\"Renk Ayar\u0131\" b\u00f6l\u00fcm\u00fcnde, bu g\u00f6rselin her par\u00e7as\u0131n\u0131n rengini de\u011fi\u015ftirebilirsiniz. Basit\u00e7e a\u00e7\u0131l\u0131r men\u00fcye t\u0131klay\u0131n ve \u00f6nceden tan\u0131mlanm\u0131\u015f tema renklerinden bir renk se\u00e7in veya rengi kendi ba\u015f\u0131n\u0131za tan\u0131mlamak i\u00e7in rgb ve hex kodlar\u0131n\u0131 kullan\u0131n<\/p>","protected":false},"excerpt":{"rendered":"<p>1. Zaman format\u0131 \"Zaman Format\u0131\" b\u00f6l\u00fcm\u00fc iste\u011fe ba\u011fl\u0131 bir b\u00f6l\u00fcmd\u00fcr. Bu b\u00f6l\u00fcmde, aral\u0131klar\u0131 ve trafik \u0131\u015f\u0131\u011f\u0131 sembol\u00fcn\u00fcn yan\u0131ndaki \u00e7\u0131kt\u0131 metnini hesaplamak i\u00e7in kullan\u0131lan bir zaman veya aral\u0131k format\u0131 se\u00e7ebilirsiniz. L\u00fctfen zaman format\u0131n\u0131 aral\u0131k giri\u015f alanlar\u0131na uygun olarak se\u00e7ti\u011finizden emin olun. 2. I\u015f\u0131k ... <\/p>","protected":false},"author":2,"featured_media":0,"parent":0,"menu_order":0,"comment_status":"closed","ping_status":"closed","template":"","meta":{"footnotes":""},"class_list":["post-9336","page","type-page","status-publish","hentry","latest_post"],"_links":{"self":[{"href":"https:\/\/www.leaplytics.de\/tr\/wp-json\/wp\/v2\/pages\/9336","targetHints":{"allow":["GET"]}}],"collection":[{"href":"https:\/\/www.leaplytics.de\/tr\/wp-json\/wp\/v2\/pages"}],"about":[{"href":"https:\/\/www.leaplytics.de\/tr\/wp-json\/wp\/v2\/types\/page"}],"author":[{"embeddable":true,"href":"https:\/\/www.leaplytics.de\/tr\/wp-json\/wp\/v2\/users\/2"}],"replies":[{"embeddable":true,"href":"https:\/\/www.leaplytics.de\/tr\/wp-json\/wp\/v2\/comments?post=9336"}],"version-history":[{"count":0,"href":"https:\/\/www.leaplytics.de\/tr\/wp-json\/wp\/v2\/pages\/9336\/revisions"}],"wp:attachment":[{"href":"https:\/\/www.leaplytics.de\/tr\/wp-json\/wp\/v2\/media?parent=9336"}],"curies":[{"name":"wp","href":"https:\/\/api.w.org\/{rel}","templated":true}]}}