{"id":9526,"date":"2022-09-08T20:29:04","date_gmt":"2022-09-08T18:29:04","guid":{"rendered":"https:\/\/www.leaplytics.de\/?page_id=9526"},"modified":"2024-05-21T13:00:58","modified_gmt":"2024-05-21T11:00:58","slug":"risk-matrisi-isi-haritasi-guc-bi-denemesi","status":"publish","type":"page","link":"https:\/\/www.leaplytics.de\/tr\/risk-matrisi-isi-haritasi-guc-bi-denemesi\/","title":{"rendered":"Power BI Risk Matrisi \/ Is\u0131 Haritas\u0131 - \u015eimdi deneyin!"},"content":{"rendered":"<h3 class=\"wp-block-heading\">Risk y\u00f6netiminiz i\u00e7in eksik yapboz par\u00e7as\u0131<\/h3>\n\n\n\n<figure class=\"wp-block-image size-full\"><img loading=\"lazy\" decoding=\"async\" width=\"152\" height=\"37\" src=\"https:\/\/www.leaplytics.de\/wp-content\/uploads\/2022\/05\/PBI-Certified.png\" alt=\"\" class=\"wp-image-8358\" srcset=\"https:\/\/www.leaplytics.de\/wp-content\/uploads\/2022\/05\/PBI-Certified.png 152w, https:\/\/www.leaplytics.de\/wp-content\/uploads\/2022\/05\/PBI-Certified-150x37.png 150w\" sizes=\"auto, (max-width: 152px) 100vw, 152px\" \/><\/figure>\n\n\n\n<p>\u00c7ok kolay: a\u015fa\u011f\u0131daki formu doldurun, size d\u00f6rt haftal\u0131k \u00fccretsiz deneme lisans\u0131 g\u00f6nderelim.<\/p>\n\n\n<div class=\"wpforms-container wpforms-container-full\" id=\"wpforms-10592\"><form id=\"wpforms-form-10592\" class=\"wpforms-validate wpforms-form wpforms-ajax-form\" data-formid=\"10592\" method=\"post\" enctype=\"multipart\/form-data\" action=\"\/tr\/wp-json\/wp\/v2\/pages\/9526\" data-token=\"93e31137e329d7940839fcaafb5f94cb\" data-token-time=\"1776963662\" data-trp-original-action=\"\/tr\/wp-json\/wp\/v2\/pages\/9526\"><noscript class=\"wpforms-error-noscript\">Bu formu bitirebilmek i\u00e7in taray\u0131c\u0131n\u0131zda JavaScript'i etkinle\u015ftirin.<\/noscript><div class=\"wpforms-field-container\"><div id=\"wpforms-10592-field_0-container\" class=\"wpforms-field wpforms-field-name\" data-field-id=\"0\"><label class=\"wpforms-field-label\">\u0130sim <span class=\"wpforms-required-label\">*<\/span><\/label><div class=\"wpforms-field-row wpforms-field-medium\"><div class=\"wpforms-field-row-block wpforms-first wpforms-one-half\"><input type=\"text\" id=\"wpforms-10592-field_0\" class=\"wpforms-field-name-first wpforms-field-required\" name=\"wpforms[fields][0][first]\" required><label for=\"wpforms-10592-field_0\" class=\"wpforms-field-sublabel after\">Reklam<\/label><\/div><div class=\"wpforms-field-row-block wpforms-one-half\"><input type=\"text\" id=\"wpforms-10592-field_0-last\" class=\"wpforms-field-name-last wpforms-field-required\" name=\"wpforms[fields][0][last]\" required><label for=\"wpforms-10592-field_0-last\" class=\"wpforms-field-sublabel after\">Soyad<\/label><\/div><\/div><\/div><div id=\"wpforms-10592-field_1-container\" class=\"wpforms-field wpforms-field-email\" data-field-id=\"1\"><label class=\"wpforms-field-label\" for=\"wpforms-10592-field_1\">\u0130\u015f E-postas\u0131 <span class=\"wpforms-required-label\">*<\/span><\/label><input type=\"email\" id=\"wpforms-10592-field_1\" class=\"wpforms-field-medium wpforms-field-required\" data-rule-restricted-email=\"1\" name=\"wpforms[fields][1]\" spellcheck=\"false\" required><\/div><div id=\"wpforms-10592-field_4-container\" class=\"wpforms-field wpforms-field-text\" data-field-id=\"4\"><label class=\"wpforms-field-label\" for=\"wpforms-10592-field_4\">\u015eirket <span class=\"wpforms-required-label\">*<\/span><\/label><input type=\"text\" id=\"wpforms-10592-field_4\" class=\"wpforms-field-medium wpforms-field-required\" name=\"wpforms[fields][4]\" required><\/div><div id=\"wpforms-10592-field_3-container\" class=\"wpforms-field wpforms-field-gdpr-checkbox\" data-field-id=\"3\"><label class=\"wpforms-field-label\">GDPR S\u00f6zle\u015fmesi <span class=\"wpforms-required-label\">*<\/span><\/label><ul id=\"wpforms-10592-field_3\" class=\"wpforms-field-required\"><li class=\"choice-1\"><input type=\"checkbox\" id=\"wpforms-10592-field_3_1\" name=\"wpforms[fields][3][]\" value=\"I consent to having this website store my submitted information so they can respond to my inquiry.\" required><label class=\"wpforms-field-label-inline\" for=\"wpforms-10592-field_3_1\">Bu web sitesinin, talebime yan\u0131t verebilmesi i\u00e7in g\u00f6nderdi\u011fim bilgileri saklamas\u0131na izin veriyorum.<\/label><\/li><\/ul><\/div><\/div><!-- .wpforms-field-container --><div class=\"wpforms-recaptcha-container wpforms-is-recaptcha wpforms-is-recaptcha-type-v3\" ><input type=\"hidden\" name=\"wpforms[recaptcha]\" value=\"\"><\/div><div class=\"wpforms-submit-container\" ><input type=\"hidden\" name=\"wpforms[id]\" value=\"10592\"><input type=\"hidden\" name=\"page_title\" value=\"\"><input type=\"hidden\" name=\"page_url\" value=\"https:\/\/www.leaplytics.de\/tr\/wp-json\/wp\/v2\/pages\/9526\"><input type=\"hidden\" name=\"url_referer\" value=\"\"><button type=\"submit\" name=\"wpforms[submit]\" id=\"wpforms-submit-10592\" class=\"wpforms-submit\" data-alt-text=\"Sending...\" data-submit-text=\"Submit\" aria-live=\"assertive\" value=\"wpforms-submit\">G\u00f6nder<\/button><img loading=\"lazy\" decoding=\"async\" src=\"https:\/\/www.leaplytics.de\/wp-content\/plugins\/wpforms-lite\/assets\/images\/submit-spin.svg\" class=\"wpforms-submit-spinner\" style=\"display: none;\" width=\"26\" height=\"26\" alt=\"Y\u00fckleniyor\"><\/div><input type=\"hidden\" name=\"trp-form-language\" value=\"tr\"\/><\/form><\/div>  <!-- .wpforms-container -->\n\n\n\n<div style=\"height:27px\" aria-hidden=\"true\" class=\"wp-block-spacer\"><\/div>\n\n\n\n<h3 class=\"wp-block-heading\">G\u00fcvenilir:<\/h3>\n\n\n<div class=\"wp-block-image\">\n<figure class=\"aligncenter size-medium is-resized\"><a href=\"https:\/\/www.railbaltica.org\/\" target=\"_blank\" rel=\"noreferrer noopener nofollow\"><img loading=\"lazy\" decoding=\"async\" width=\"300\" height=\"225\" src=\"https:\/\/www.leaplytics.de\/wp-content\/uploads\/2024\/05\/rb-logo-300x225.png\" alt=\"\" class=\"wp-image-13461\" style=\"width:300px\" srcset=\"https:\/\/www.leaplytics.de\/wp-content\/uploads\/2024\/05\/rb-logo-300x225.png 300w, https:\/\/www.leaplytics.de\/wp-content\/uploads\/2024\/05\/rb-logo-1024x768.png 1024w, https:\/\/www.leaplytics.de\/wp-content\/uploads\/2024\/05\/rb-logo-768x576.png 768w, https:\/\/www.leaplytics.de\/wp-content\/uploads\/2024\/05\/rb-logo-80x60.png 80w, https:\/\/www.leaplytics.de\/wp-content\/uploads\/2024\/05\/rb-logo.png 1200w\" sizes=\"auto, (max-width: 300px) 100vw, 300px\" \/><\/a><\/figure><\/div>\n\n\n<p><em>\"Risk portf\u00f6y\u00fcn\u00fc g\u00f6rselle\u015ftirmek ve b\u00fct\u00fcnsel bir genel bak\u0131\u015f sa\u011flamak i\u00e7in m\u00fckemmel bir ara\u00e7. Renkleri, e\u015fikleri ve risk matrisini \u00f6zelle\u015ftirme imkan\u0131 idealdir; kurulumu kolayd\u0131r ve \u00e7\u00f6z\u00fcm\u00fc farkl\u0131 risk seviyeleri (kurumsal, proje, program vb.) i\u00e7in kullanma f\u0131rsat\u0131 sa\u011flar. Bireysel risk pozisyonlar\u0131ndaki de\u011fi\u015fimin \u0131s\u0131 haritas\u0131 \u00fczerinde g\u00f6rselle\u015ftirilmesine y\u00f6nelik yeni \u00f6zellik, olas\u0131l\u0131k veya etkideki kesin de\u011fi\u015fimin risk y\u00f6netiminde profesyonel olmayanlar i\u00e7in bile a\u00e7\u0131k\u00e7a anla\u015f\u0131labilir olmas\u0131 ve de\u011fi\u015fiklikleri takip etmelerine olanak sa\u011flamas\u0131 nedeniyle raporlama i\u00e7in m\u00fckemmeldir.\"<\/em> <a href=\"https:\/\/www.railbaltica.org\/\" target=\"_blank\" rel=\"noreferrer noopener nofollow\">Rail Baltica<\/a><\/p>\n\n\n\n<h3 class=\"wp-block-heading\">CEO'dan Mektup<\/h3>\n\n\n\n<blockquote class=\"wp-block-quote is-layout-flow wp-block-quote-is-layout-flow\">\n<div class=\"wp-block-columns is-layout-flex wp-container-core-columns-is-layout-1 wp-block-columns-is-layout-flex\">\n<div class=\"wp-block-column is-layout-flow wp-block-column-is-layout-flow\" style=\"flex-basis:100%\">\n<h3 class=\"wp-block-heading has-text-align-left\"><img loading=\"lazy\" decoding=\"async\" width=\"150\" height=\"150\" class=\"wp-image-10452\" style=\"width: 150px;\" src=\"https:\/\/www.leaplytics.de\/wp-content\/uploads\/2023\/01\/stefan-profile.png\" alt=\"\" srcset=\"https:\/\/www.leaplytics.de\/wp-content\/uploads\/2023\/01\/stefan-profile.png 612w, https:\/\/www.leaplytics.de\/wp-content\/uploads\/2023\/01\/stefan-profile-300x300.png 300w, https:\/\/www.leaplytics.de\/wp-content\/uploads\/2023\/01\/stefan-profile-150x150.png 150w, https:\/\/www.leaplytics.de\/wp-content\/uploads\/2023\/01\/stefan-profile-370x370.png 370w, https:\/\/www.leaplytics.de\/wp-content\/uploads\/2023\/01\/stefan-profile-60x60.png 60w\" sizes=\"auto, (max-width: 150px) 100vw, 150px\" \/>Profesyoneller i\u00e7in \u00c7\u00f6z\u00fcm\u00fcm\u00fcz<\/h3>\n<\/div>\n<\/div>\n\n\n\n<p class=\"has-text-align-left\">Herkese selam.<br><br>Ben Stefan, LeapLytics'in CEO'suyum.<br><br>Bu, her zaman kendimiz i\u00e7in arad\u0131\u011f\u0131m\u0131z risk matrisidir. Ve \u015fimdi bunu sizinle payla\u015fmak istiyoruz.<br><br>Tehditleri ve f\u0131rsatlar\u0131 anlaman\u0131za yard\u0131mc\u0131 olan bir risk matrisine sahip olmak harika bir duygu. \u00c7\u00fcnk\u00fc daha \u00f6nce, g\u00f6rmedi\u011finiz kaynaklardan beklemedi\u011finiz riskler g\u00f6rmeye ba\u015flad\u0131n\u0131z. Risk ortam\u0131n\u0131z\u0131 anlama \u00fczerindeki kontrol\u00fcn\u00fcz\u00fc kaybettiniz. \u00c7\u0131\u011f gibi b\u00fcy\u00fcyen veriler her \u015feyi darmada\u011f\u0131n ediyordu.<\/p>\n\n\n\n<p class=\"has-text-align-left\"><br>\u0130\u015fte bu noktada size yard\u0131mc\u0131 olabiliriz. Risk Matrisini geli\u015ftirmeye 2020 y\u0131l\u0131nda ba\u015flad\u0131k. O zamandan beri bir\u00e7ok yeni \u00f6zellik ekledik. Bunu yaparken de kullan\u0131c\u0131lara odakland\u0131k. Ko\u015fullu bi\u00e7imlendirme bir \u0130talyan \u015firketinin fikriydi. Risklerin zamana dayal\u0131 olarak sunulmas\u0131 talebi ise Avustralya'daki bir m\u00fc\u015fterimizden geldi. M\u00fc\u015fteri toplulu\u011fumuz gurur duydu\u011fumuz bir \u015fey. Ayn\u0131 zamanda bizi risk matrisimizi geli\u015ftirmeye iten \u015feydir.<br><br>Risk matrisi bir y\u00fck gibi hissettirmemelidir. Geride kald\u0131\u011f\u0131n\u0131z bir \u015fey. De\u011fer verdi\u011finiz de\u011fil, temizledi\u011finiz bir \u015fey. Ondan zevk almak yerine onunla u\u011fra\u015f\u0131rs\u0131n\u0131z. Bunun yerine, g\u00fcvenilir olmal\u0131d\u0131rlar. Ve bilgilendirici. Sizin ve ekiplerinizin eylemlerini uyumlu hale getirmenizi kolayla\u015ft\u0131rmal\u0131d\u0131rlar. Ba\u015far\u0131l\u0131 olman\u0131z i\u00e7in.<br><br>\u0130yi haber, sihir hala orada. Ge\u00e7ici \u00e7\u00f6z\u00fcmler ve tatmin edici olmayan \u00e7\u00f6z\u00fcmler karma\u015fas\u0131 alt\u0131nda gizlenmi\u015f durumda. G\u00f6sterge paneliniz tozdan ar\u0131nd\u0131r\u0131lmay\u0131 hak ediyor. Yenilenmeyi. Bug\u00fcn riskleri y\u00f6netme \u015feklimiz i\u00e7in modernize edildi. Risk Matrisi \u00e7\u00f6z\u00fcm\u00fcm\u00fczle biz bunu yapt\u0131k. Bu bir yeniden yapma, yeniden d\u00fc\u015f\u00fcnme, risk y\u00f6netiminin basitle\u015ftirilmi\u015f, g\u00fc\u00e7l\u00fc bir \u015fekilde yeniden tan\u0131t\u0131lmas\u0131d\u0131r.<br><br>Yeni bir ba\u015flang\u0131\u00e7, olmas\u0131 gerekti\u011fi gibi.<\/p>\n\n\n\n<p><br>\u0130yi g\u00fcnler dilerim,<br>Stefan<br><br>Kurucu Ortak ve CEO, LeapLytics GmbH<\/p>\n<\/blockquote>\n\n\n<div class=\"wp-block-image\">\n<figure class=\"aligncenter size-large\"><img loading=\"lazy\" decoding=\"async\" width=\"1024\" height=\"576\" src=\"https:\/\/www.leaplytics.de\/wp-content\/uploads\/2022\/04\/First_Slice_Risk_Map_PowerBI-1024x576.png\" alt=\"\" class=\"wp-image-6585\" srcset=\"https:\/\/www.leaplytics.de\/wp-content\/uploads\/2022\/04\/First_Slice_Risk_Map_PowerBI-1024x576.png 1024w, https:\/\/www.leaplytics.de\/wp-content\/uploads\/2022\/04\/First_Slice_Risk_Map_PowerBI-300x169.png 300w, https:\/\/www.leaplytics.de\/wp-content\/uploads\/2022\/04\/First_Slice_Risk_Map_PowerBI-768x432.png 768w, https:\/\/www.leaplytics.de\/wp-content\/uploads\/2022\/04\/First_Slice_Risk_Map_PowerBI-107x60.png 107w, https:\/\/www.leaplytics.de\/wp-content\/uploads\/2022\/04\/First_Slice_Risk_Map_PowerBI.png 1140w\" sizes=\"auto, (max-width: 1024px) 100vw, 1024px\" \/><\/figure><\/div>\n\n\n<div style=\"height:29px\" aria-hidden=\"true\" class=\"wp-block-spacer\"><\/div>\n\n\n\n<blockquote class=\"wp-block-quote has-text-align-left is-layout-flow wp-block-quote-is-layout-flow\">\n<p>Kesinlikle buna de\u011fer<\/p>\n<cite>\"Bir risk matrisi ile elde etmek istedi\u011fimiz her \u015feyi bu g\u00f6rselle\u015ftirme ile uygulayabildik. Kesinlikle buna de\u011fdi.\" - <a href=\"https:\/\/appsource.microsoft.com\/en-us\/product\/power-bi-visuals\/leaplyticsgmbh1633373694058.leaplytics_risk_heatmap?tab=Reviews\" target=\"_blank\" rel=\"noreferrer noopener\">Microsoft AppSource \u0130nceleme De\u011ferlendirmesi: <img loading=\"lazy\" decoding=\"async\" width=\"89\" height=\"14\" class=\"wp-image-13274\" style=\"width: 89px;\" src=\"https:\/\/www.leaplytics.de\/wp-content\/uploads\/2024\/04\/stars.png\" alt=\"\"><\/a><\/cite><\/blockquote>\n\n\n\n<h3 class=\"wp-block-heading\">Ne alaca\u011f\u0131m?<\/h3>\n\n\n\n<i class=\"fa-solid fa-key\"><\/i> D\u00f6rt Haftal\u0131k Deneme <b>Lisans Anahtar\u0131<\/b>\n<br><br>\n<i class=\"fa-solid fa-eye\"><\/i> G\u00f6rsel Kurulum <b>\u00d6\u011fretici<\/b>\n<br><br>\n<i class=\"fas fa-directions\"><\/i> <b>'Nas\u0131l Yap\u0131l\u0131r'<\/b> YouTube'daki K\u0131lavuzlar\n<br><br>\n<i class=\"fa-solid fa-question\"><\/i> S\u0131k\u00e7a Sorulan Sorular (<b>SSS<\/b>)\n\n\n\n<div style=\"height:29px\" aria-hidden=\"true\" class=\"wp-block-spacer\"><\/div>\n\n\n\n<h3 class=\"wp-block-heading\">G\u00f6rselinizi neden test etmeliyim?<\/h3>\n\n\n\n<p>LeapLytics Risk Matrisimiz <strong>sadece<\/strong> Her bir riski ayr\u0131 bir varl\u0131k olarak g\u00f6r\u00fcnt\u00fcleyebilen risk matrisi. T\u0131klanabilir i\u015flevsellik sunar ve bir ara\u00e7 ipucu arac\u0131l\u0131\u011f\u0131yla ayr\u0131nt\u0131l\u0131 inceleme g\u00f6rmenizi sa\u011flar. Ayr\u0131ca, Power BI'da kullan\u0131c\u0131lar\u0131n belirli bir risk \u00fczerinde basit bir detaya inerek derinlemesine risk bilgilerine eri\u015fmelerini sa\u011flayan tek g\u00f6rsel unsurdur.<\/p>\n\n\n\n<ul class=\"wp-block-list\">\n<li><strong>Abonelik Yok<\/strong>: Sadece s\u00fcresinin dolmas\u0131na izin verin. <strong>Sizden hi\u00e7bir \u00fccret talep etmeyece\u011fiz.<\/strong><\/li>\n<\/ul>\n\n\n\n<figure class=\"wp-block-embed is-type-video is-provider-youtube wp-block-embed-youtube wp-embed-aspect-16-9 wp-has-aspect-ratio\"><div class=\"wp-block-embed__wrapper\" align=\"center\">\n<iframe loading=\"lazy\" title=\"Power BI Risk Matrisi \/ Is\u0131 Haritas\u0131 LeapLytics G\u00f6rsel\" width=\"770\" height=\"433\" src=\"https:\/\/www.youtube.com\/embed\/SsN0lgNJX6A?feature=oembed\" frameborder=\"0\" allow=\"accelerometer; autoplay; clipboard-write; encrypted-media; gyroscope; picture-in-picture; web-share\" referrerpolicy=\"strict-origin-when-cross-origin\" allowfullscreen><\/iframe>\n<\/div><\/figure>\n\n\n\n<div style=\"height:55px\" aria-hidden=\"true\" class=\"wp-block-spacer\"><\/div>\n\n\n\n<blockquote class=\"wp-block-quote is-layout-flow wp-block-quote-is-layout-flow\">\n<p>Tam olarak beklendi\u011fi ve reklam\u0131 yap\u0131ld\u0131\u011f\u0131 gibi \u00e7al\u0131\u015f\u0131yor.<\/p>\n\n\n\n<h3 class=\"wp-block-heading\"><\/h3>\n<cite>\"Yakla\u015f\u0131k 9 ay \u00f6nce bu uygulama i\u00e7in bir lisans sat\u0131n ald\u0131m, d\u00fcnya \u00e7ap\u0131nda y\u00fczlerce ki\u015fi taraf\u0131ndan kullan\u0131lan \u00e7e\u015fitli raporlara y\u00fckledim ve kullan\u0131c\u0131lardan yaln\u0131zca olumlu geri bildirimler ald\u0131m.\" - <a href=\"https:\/\/appsource.microsoft.com\/en-us\/product\/power-bi-visuals\/leaplyticsgmbh1633373694058.leaplytics_risk_heatmap?tab=Reviews\" target=\"_blank\" rel=\"noreferrer noopener\">Microsoft AppSource \u0130nceleme De\u011ferlendirmesi: <img loading=\"lazy\" decoding=\"async\" width=\"89\" height=\"14\" class=\"wp-image-13274\" style=\"width: 89px;\" src=\"https:\/\/www.leaplytics.de\/wp-content\/uploads\/2024\/04\/stars.png\" alt=\"\"><\/a><\/cite><\/blockquote>\n\n\n\n<p>\u0130lginizi \u00e7ekti mi? Be\u015f dakika i\u00e7inde d\u00f6rt haftal\u0131k ki\u015fisel deneme lisans\u0131n\u0131z\u0131 i\u00e7eren bir e-posta alacaks\u0131n\u0131z.<\/p>\n\n\n<div class=\"wpforms-container wpforms-container-full\" id=\"wpforms-10592\"><form id=\"wpforms-form-10592\" class=\"wpforms-validate wpforms-form wpforms-ajax-form\" data-formid=\"10592\" method=\"post\" enctype=\"multipart\/form-data\" action=\"\/tr\/wp-json\/wp\/v2\/pages\/9526\" data-token=\"93e31137e329d7940839fcaafb5f94cb\" data-token-time=\"1776963662\" data-trp-original-action=\"\/tr\/wp-json\/wp\/v2\/pages\/9526\"><noscript class=\"wpforms-error-noscript\">Bu formu bitirebilmek i\u00e7in taray\u0131c\u0131n\u0131zda JavaScript'i etkinle\u015ftirin.<\/noscript><div class=\"wpforms-field-container\"><div id=\"wpforms-10592-field_0-container\" class=\"wpforms-field wpforms-field-name\" data-field-id=\"0\"><label class=\"wpforms-field-label\">\u0130sim <span class=\"wpforms-required-label\">*<\/span><\/label><div class=\"wpforms-field-row wpforms-field-medium\"><div class=\"wpforms-field-row-block wpforms-first wpforms-one-half\"><input type=\"text\" id=\"wpforms-10592-field_0\" class=\"wpforms-field-name-first wpforms-field-required\" name=\"wpforms[fields][0][first]\" required><label for=\"wpforms-10592-field_0\" class=\"wpforms-field-sublabel after\">Reklam<\/label><\/div><div class=\"wpforms-field-row-block wpforms-one-half\"><input type=\"text\" id=\"wpforms-10592-field_0-last\" class=\"wpforms-field-name-last wpforms-field-required\" name=\"wpforms[fields][0][last]\" required><label for=\"wpforms-10592-field_0-last\" class=\"wpforms-field-sublabel after\">Soyad<\/label><\/div><\/div><\/div><div id=\"wpforms-10592-field_1-container\" class=\"wpforms-field wpforms-field-email\" data-field-id=\"1\"><label class=\"wpforms-field-label\" for=\"wpforms-10592-field_1\">\u0130\u015f E-postas\u0131 <span class=\"wpforms-required-label\">*<\/span><\/label><input type=\"email\" id=\"wpforms-10592-field_1\" class=\"wpforms-field-medium wpforms-field-required\" data-rule-restricted-email=\"1\" name=\"wpforms[fields][1]\" spellcheck=\"false\" required><\/div><div id=\"wpforms-10592-field_4-container\" class=\"wpforms-field wpforms-field-text\" data-field-id=\"4\"><label class=\"wpforms-field-label\" for=\"wpforms-10592-field_4\">\u015eirket <span class=\"wpforms-required-label\">*<\/span><\/label><input type=\"text\" id=\"wpforms-10592-field_4\" class=\"wpforms-field-medium wpforms-field-required\" name=\"wpforms[fields][4]\" required><\/div><div id=\"wpforms-10592-field_3-container\" class=\"wpforms-field wpforms-field-gdpr-checkbox\" data-field-id=\"3\"><label class=\"wpforms-field-label\">GDPR S\u00f6zle\u015fmesi <span class=\"wpforms-required-label\">*<\/span><\/label><ul id=\"wpforms-10592-field_3\" class=\"wpforms-field-required\"><li class=\"choice-1\"><input type=\"checkbox\" id=\"wpforms-10592-field_3_1\" name=\"wpforms[fields][3][]\" value=\"I consent to having this website store my submitted information so they can respond to my inquiry.\" required><label class=\"wpforms-field-label-inline\" for=\"wpforms-10592-field_3_1\">Bu web sitesinin, talebime yan\u0131t verebilmesi i\u00e7in g\u00f6nderdi\u011fim bilgileri saklamas\u0131na izin veriyorum.<\/label><\/li><\/ul><\/div><\/div><!-- .wpforms-field-container --><div class=\"wpforms-recaptcha-container wpforms-is-recaptcha wpforms-is-recaptcha-type-v3\" ><input type=\"hidden\" name=\"wpforms[recaptcha]\" value=\"\"><\/div><div class=\"wpforms-submit-container\" ><input type=\"hidden\" name=\"wpforms[id]\" value=\"10592\"><input type=\"hidden\" name=\"page_title\" value=\"\"><input type=\"hidden\" name=\"page_url\" value=\"https:\/\/www.leaplytics.de\/tr\/wp-json\/wp\/v2\/pages\/9526\"><input type=\"hidden\" name=\"url_referer\" value=\"\"><button type=\"submit\" name=\"wpforms[submit]\" id=\"wpforms-submit-10592\" class=\"wpforms-submit\" data-alt-text=\"Sending...\" data-submit-text=\"Submit\" aria-live=\"assertive\" value=\"wpforms-submit\">G\u00f6nder<\/button><img loading=\"lazy\" decoding=\"async\" src=\"https:\/\/www.leaplytics.de\/wp-content\/plugins\/wpforms-lite\/assets\/images\/submit-spin.svg\" class=\"wpforms-submit-spinner\" style=\"display: none;\" width=\"26\" height=\"26\" alt=\"Y\u00fckleniyor\"><\/div><input type=\"hidden\" name=\"trp-form-language\" value=\"tr\"\/><\/form><\/div>  <!-- .wpforms-container -->","protected":false},"excerpt":{"rendered":"<p>The missing puzzle piece for your risk management It&#8217;s easy: fill out the form below, and we&#8217;ll send you a free four-week trial license. Trusted By: &#8220;An excellent tool to visualize and ensure a holistic overview of the risk portfolio. The possibility to customize colors, thresholds, and the risk matrix is ideal\u2014easy to set up &hellip; <\/p>","protected":false},"author":2,"featured_media":0,"parent":0,"menu_order":0,"comment_status":"closed","ping_status":"closed","template":"","meta":{"footnotes":""},"class_list":["post-9526","page","type-page","status-publish","hentry","latest_post"],"_links":{"self":[{"href":"https:\/\/www.leaplytics.de\/tr\/wp-json\/wp\/v2\/pages\/9526","targetHints":{"allow":["GET"]}}],"collection":[{"href":"https:\/\/www.leaplytics.de\/tr\/wp-json\/wp\/v2\/pages"}],"about":[{"href":"https:\/\/www.leaplytics.de\/tr\/wp-json\/wp\/v2\/types\/page"}],"author":[{"embeddable":true,"href":"https:\/\/www.leaplytics.de\/tr\/wp-json\/wp\/v2\/users\/2"}],"replies":[{"embeddable":true,"href":"https:\/\/www.leaplytics.de\/tr\/wp-json\/wp\/v2\/comments?post=9526"}],"version-history":[{"count":51,"href":"https:\/\/www.leaplytics.de\/tr\/wp-json\/wp\/v2\/pages\/9526\/revisions"}],"predecessor-version":[{"id":13475,"href":"https:\/\/www.leaplytics.de\/tr\/wp-json\/wp\/v2\/pages\/9526\/revisions\/13475"}],"wp:attachment":[{"href":"https:\/\/www.leaplytics.de\/tr\/wp-json\/wp\/v2\/media?parent=9526"}],"curies":[{"name":"wp","href":"https:\/\/api.w.org\/{rel}","templated":true}]}}